{"id":20,"date":"2026-02-04T13:59:54","date_gmt":"2026-02-04T13:59:54","guid":{"rendered":"https:\/\/alispharmacy.com\/?page_id=20"},"modified":"2026-02-11T14:17:08","modified_gmt":"2026-02-11T14:17:08","slug":"informacion-legal","status":"publish","type":"page","link":"https:\/\/alispharmacy.com\/es\/informacion-legal\/","title":{"rendered":"Aviso legal"},"content":{"rendered":"<div data-elementor-type=\"wp-page\" data-elementor-id=\"20\" class=\"elementor elementor-20\" data-elementor-post-type=\"page\">\n\t\t\t\t<div class=\"elementor-element elementor-element-5910aa0 e-flex e-con-boxed e-con e-parent\" data-id=\"5910aa0\" data-element_type=\"container\" data-e-type=\"container\">\n\t\t\t\t\t<div class=\"e-con-inner\">\n\t\t\t\t<div class=\"elementor-element elementor-element-ecbd561 elementor-widget elementor-widget-heading\" data-id=\"ecbd561\" data-element_type=\"widget\" data-e-type=\"widget\" data-widget_type=\"heading.default\">\n\t\t\t\t\t<h1 class=\"elementor-heading-title elementor-size-default\">Informaci\u00f3n jur\u00eddica<\/h1>\t\t\t\t<\/div>\n\t\t\t\t<div class=\"elementor-element elementor-element-3a0ae67 elementor-widget elementor-widget-text-editor\" data-id=\"3a0ae67\" data-element_type=\"widget\" data-e-type=\"widget\" data-widget_type=\"text-editor.default\">\n\t\t\t\t\t\t\t\t\t<p><span style=\"font-size: medium;\"><strong><span style=\"color: #000000;\"><span style=\"font-family: Roboto, sans-serif;\"><span style=\"font-size: small;\"><b>Identificaci\u00f3n<\/b><\/span><\/span><\/span><\/strong><span style=\"font-family: Roboto, sans-serif;\"><span style=\"font-size: small;\"><br \/><span style=\"color: #000000;\">Nombre del sitio web: AlisPharmacy<\/span><br \/><span style=\"color: #000000;\">URL del sitio: https:\/\/Alispharmacy.com<\/span><\/span><\/span><span style=\"color: #000000;\"><span style=\"font-family: Roboto, sans-serif;\"><span style=\"font-size: small;\"><br \/>Propietario y director de la publicaci\u00f3n: AlisPharmacy<\/span><\/span><\/span><span style=\"color: #000000;\"><span style=\"font-family: Roboto, sans-serif;\"><span style=\"font-size: small;\"><br \/>Alojamiento: Hostinger, \u0160vitrigailos g. 32, 03111 Vilnius, Lituania<\/span><\/span><\/span><\/span><b><\/b><\/p><p><strong><span style=\"color: #000000;\"><span style=\"font-family: Roboto, sans-serif;\"><span style=\"font-size: small;\"><b>Condiciones de uso<\/b><\/span><\/span><\/span><\/strong><span style=\"color: #000000;\"><span style=\"font-family: Roboto, sans-serif;\"><span style=\"font-size: small;\"><br \/>La consulta de AlisPharmacy.fr est\u00e1 sujeta al cumplimiento de las condiciones de uso descritas en la p\u00e1gina Condiciones Generales de Uso (CGU), con las que estas notas legales son coherentes y no presentan ninguna redundancia.<\/span><\/span><\/span><\/p><p><strong><span style=\"color: #000000;\"><span style=\"font-family: Roboto, sans-serif;\"><span style=\"font-size: small;\">Enlaces afiliados<\/span><\/span><\/span><\/strong><\/p><p><span style=\"color: #000000;\"><span style=\"font-family: Roboto, sans-serif;\"><span style=\"font-size: small;\">Este sitio puede contener enlaces de afiliaci\u00f3n a socios comerciales. Esto significa que podemos recibir una comisi\u00f3n si realiza una compra a trav\u00e9s de estos enlaces, sin coste adicional para usted. <\/span><\/span><\/span><\/p><p><strong><span style=\"color: #000000;\"><span style=\"font-family: Roboto, sans-serif;\"><span style=\"font-size: small;\"><b>Propiedad intelectual<\/b><\/span><\/span><\/span><\/strong><span style=\"color: #000000;\"><span style=\"font-family: Roboto, sans-serif;\"><span style=\"font-size: small;\"><br \/>Todos los contenidos publicados en AlisPharmacy.fr, incluidos textos, im\u00e1genes, gr\u00e1ficos y logotipos, est\u00e1n protegidos por derechos de autor. Cualquier uso no autorizado puede dar lugar a acciones legales.<\/span><\/span><\/span><\/p><p><strong><span style=\"color: #000000;\"><span style=\"font-family: Roboto, sans-serif;\"><span style=\"font-size: small;\"><b>Limitaci\u00f3n de responsabilidad<\/b><\/span><\/span><\/span><\/strong><span style=\"color: #000000;\"><span style=\"font-family: Roboto, sans-serif;\"><span style=\"font-size: small;\"><br \/>AlisPharmacy se esfuerza por mantener la informaci\u00f3n del sitio actualizada, pero pueden producirse imprecisiones u omisiones.<\/span><\/span><\/span><\/p><h4 class=\"western\"><span style=\"color: #000000;\"><span style=\"font-family: Roboto, sans-serif;\"><b>Pol\u00edtica de privacidad<\/b><\/span><\/span><\/h4><p><strong><span style=\"color: #000000;\"><span style=\"font-family: Roboto, sans-serif;\"><span style=\"font-size: small;\"><b>Recogida y uso de datos personales<\/b><\/span><\/span><\/span><\/strong><span style=\"color: #000000;\"><span style=\"font-family: Roboto, sans-serif;\"><span style=\"font-size: small;\"><br \/>Los datos personales recogidos en AlisPharmacy.fr est\u00e1n destinados exclusivamente al uso interno de AlisPharmacy. De acuerdo con nuestra pol\u00edtica de no reventa de informaci\u00f3n, estos datos no se transmiten a terceros.<\/span><\/span><\/span><\/p><p><strong><span style=\"color: #000000;\"><span style=\"font-family: Roboto, sans-serif;\"><span style=\"font-size: small;\"><b>Derechos de los usuarios<\/b><\/span><\/span><\/span><\/strong><span style=\"color: #000000;\"><span style=\"font-family: Roboto, sans-serif;\"><span style=\"font-size: small;\"><br \/>De conformidad con la normativa, usted tiene derecho a acceder, rectificar y suprimir los datos que le conciernen. Estos derechos pueden ejercerse poni\u00e9ndose en contacto con AlisPharmacy en la direcci\u00f3n de correo electr\u00f3nico indicada anteriormente.<\/span><\/span><\/span><\/p><p><strong><span style=\"color: #000000;\"><span style=\"font-family: Roboto, sans-serif;\"><span style=\"font-size: small;\"><b>Cookies<\/b><\/span><\/span><\/span><\/strong><span style=\"color: #000000;\"><span style=\"font-family: Roboto, sans-serif;\"><span style=\"font-size: small;\"><br \/>La pol\u00edtica relativa a las cookies se detalla en las Condiciones Generales de Uso (CGU) de AlisPharmacy.fr. Utilizamos cookies para mejorar su experiencia de usuario sin vender informaci\u00f3n.<\/span><\/span><\/span><\/p><p><strong><span style=\"color: #000000;\"><span style=\"font-family: Roboto, sans-serif;\"><span style=\"font-size: small;\"><b>Enlaces de hipertexto y legislaci\u00f3n aplicable<\/b><\/span><\/span><\/span><\/strong><span style=\"color: #000000;\"><span style=\"font-family: Roboto, sans-serif;\"><span style=\"font-size: small;\"><br \/>AlisPharmacy no se hace responsable del contenido de otros sitios web vinculados a este sitio.<\/span><\/span><\/span><\/p><p><strong><span style=\"color: #000000;\"><span style=\"font-family: Roboto, sans-serif;\"><span style=\"font-size: small;\"><b>P\u00f3ngase en contacto con<\/b><\/span><\/span><\/span><\/strong><span style=\"color: #000000;\"><span style=\"font-family: Roboto, sans-serif;\"><span style=\"font-size: small;\"><br \/>Si tiene alguna pregunta sobre estos avisos o la pol\u00edtica de privacidad, o para ejercer sus derechos en relaci\u00f3n con sus datos personales, p\u00f3ngase en contacto con AlisPharmacy a trav\u00e9s de <\/span><\/span><\/span><span style=\"color: #000000;\"><span style=\"font-family: Roboto, sans-serif;\"><span style=\"font-size: small;\">contact@AlisPharmacy.com<\/span><\/span><\/span><\/p>\t\t\t\t\t\t\t\t<\/div>\n\t\t\t\t\t<\/div>\n\t\t\t\t<\/div>\n\t\t\t\t<\/div>","protected":false},"excerpt":{"rendered":"<p>Aviso legal Identificaci\u00f3nNombre del sitio web: AlisPharmacyURL del sitio web: https:\/\/Alispharmacy.comPropri\u00e9taire y gestor de la publicaci\u00f3n: AlisPharmacyHosting: Hostinger, \u0160vitrigailos g. 32, 03111 Vilnius, Lituania Condiciones de uso La consulta de AlisPharmacy.fr est\u00e1 sujeta al cumplimiento de las condiciones de uso descritas en las Condiciones Generales de Uso (CGU), a las que se ajusta el presente aviso legal [...].<\/p>","protected":false},"author":1,"featured_media":0,"parent":0,"menu_order":0,"comment_status":"closed","ping_status":"closed","template":"","meta":{"footnotes":""},"class_list":["post-20","page","type-page","status-publish","hentry"],"_hostinger_reach_plugin_has_subscription_block":false,"_hostinger_reach_plugin_is_elementor":false,"_links":{"self":[{"href":"https:\/\/alispharmacy.com\/es\/wp-json\/wp\/v2\/pages\/20","targetHints":{"allow":["GET"]}}],"collection":[{"href":"https:\/\/alispharmacy.com\/es\/wp-json\/wp\/v2\/pages"}],"about":[{"href":"https:\/\/alispharmacy.com\/es\/wp-json\/wp\/v2\/types\/page"}],"author":[{"embeddable":true,"href":"https:\/\/alispharmacy.com\/es\/wp-json\/wp\/v2\/users\/1"}],"replies":[{"embeddable":true,"href":"https:\/\/alispharmacy.com\/es\/wp-json\/wp\/v2\/comments?post=20"}],"version-history":[{"count":10,"href":"https:\/\/alispharmacy.com\/es\/wp-json\/wp\/v2\/pages\/20\/revisions"}],"predecessor-version":[{"id":416,"href":"https:\/\/alispharmacy.com\/es\/wp-json\/wp\/v2\/pages\/20\/revisions\/416"}],"wp:attachment":[{"href":"https:\/\/alispharmacy.com\/es\/wp-json\/wp\/v2\/media?parent=20"}],"curies":[{"name":"wp","href":"https:\/\/api.w.org\/{rel}","templated":true}]}}