{"id":117,"date":"2026-02-05T22:56:13","date_gmt":"2026-02-05T22:56:13","guid":{"rendered":"https:\/\/alispharmacy.com\/?post_type=product&#038;p=117"},"modified":"2026-02-16T21:34:58","modified_gmt":"2026-02-16T21:34:58","slug":"citrusburn","status":"publish","type":"product","link":"https:\/\/alispharmacy.com\/es\/product\/citrusburn\/","title":{"rendered":"CitrusBurn"},"content":{"rendered":"<div data-elementor-type=\"product-post\" data-elementor-id=\"117\" class=\"elementor elementor-117\" data-elementor-post-type=\"product\">\n\t\t\t\t<div class=\"elementor-element elementor-element-2ea98f1d e-flex e-con-boxed e-con e-parent\" data-id=\"2ea98f1d\" data-element_type=\"container\" data-e-type=\"container\">\n\t\t\t\t\t<div class=\"e-con-inner\">\n\t\t\t\t<div class=\"elementor-element elementor-element-3d56bad6 elementor-widget elementor-widget-text-editor\" data-id=\"3d56bad6\" data-element_type=\"widget\" data-e-type=\"widget\" data-widget_type=\"text-editor.default\">\n\t\t\t\t\t\t\t\t\t<h2 data-start=\"565\" data-end=\"605\">\u00bfQu\u00e9 es la dieta CitrusBurn?<\/h2><p data-start=\"607\" data-end=\"1031\"><strong>CitrusBurn<\/strong> es un complemento alimenticio natural dise\u00f1ado para apoyar el metabolismo, <strong>ayudan a quemar grasa<\/strong> y <strong>ayudan a controlar el peso de forma suave y sostenible<\/strong>. A diferencia de los potentes quemadores de grasa que se basan en estimulantes agresivos, CitrusBurn se basa en una f\u00f3rmula a base de plantas, <strong>100 % natural<\/strong>, <strong>Sin OMG<\/strong> y <strong>sin gluten<\/strong>, producidos en instalaciones de Estados Unidos con certificaci\u00f3n GMP.<\/p><p data-start=\"1033\" data-end=\"1317\">Este suplemento est\u00e1 destinado a los adultos que desean <strong>mejorar su metabolismo<\/strong>, reducir los antojos, mantener un nivel de energ\u00eda estable y mejorar su estado de \u00e1nimo. <strong>optimizar la combusti\u00f3n de calor\u00edas<\/strong> como parte de un estilo de vida sano que incluya una dieta equilibrada y ejercicio regular.<\/p><h2 data-start=\"1324\" data-end=\"1367\">Posolog\u00eda y uso diario<\/h2><p data-start=\"1369\" data-end=\"1461\">Para obtener los mejores resultados, le recomendamos que siga estas sencillas instrucciones:<\/p><ul data-start=\"1463\" data-end=\"1841\"><li data-start=\"1463\" data-end=\"1518\"><p data-start=\"1465\" data-end=\"1518\">Toma <strong>1 c\u00e1psula al d\u00eda<\/strong> con un gran vaso de agua.<\/p><\/li><li data-start=\"1519\" data-end=\"1631\"><p data-start=\"1521\" data-end=\"1631\"><strong>El momento perfecto<\/strong> Por la ma\u00f1ana, preferiblemente antes del desayuno, para favorecer el metabolismo a lo largo del d\u00eda.<\/p><\/li><li data-start=\"1632\" data-end=\"1708\"><p data-start=\"1634\" data-end=\"1708\">Utilizaci\u00f3n <strong>diario y regular<\/strong>r para una eficacia \u00f3ptima.<\/p><\/li><li data-start=\"1709\" data-end=\"1802\"><p data-start=\"1711\" data-end=\"1802\">Incorporarse a una rutina de estilo de vida equilibrado (actividad f\u00edsica, alimentaci\u00f3n nutritiva).<\/p><\/li><li data-start=\"1803\" data-end=\"1841\"><p data-start=\"1805\" data-end=\"1841\"><strong>No lo haga<\/strong> <strong>no superar la dosis recomendada<\/strong>.<\/p><\/li><\/ul><p data-start=\"1843\" data-end=\"2054\"><strong>Nota<\/strong> AlisPharmacy no proporciona asesoramiento m\u00e9dico personalizado. Si tiene alguna duda sobre su salud o el uso de este suplemento, consulte siempre a un profesional sanitario cualificado.<\/p><h2 data-start=\"2061\" data-end=\"2107\">Composici\u00f3n - Ingredientes naturales clave<\/h2><p data-start=\"2109\" data-end=\"2251\">CitrusBurn est\u00e1 formulado con una mezcla bot\u00e1nica cuidadosamente seleccionada para favorecer el metabolismo, la energ\u00eda y el control de los antojos:<\/p><div class=\"TyagGW_tableContainer\"><div class=\"group TyagGW_tableWrapper flex flex-col-reverse w-fit\" tabindex=\"-1\"><table class=\"w-fit min-w-(--thread-content-width)\" data-start=\"2253\" data-end=\"3022\"><thead data-start=\"2253\" data-end=\"2297\"><tr data-start=\"2253\" data-end=\"2297\"><th class=\"\" data-start=\"2253\" data-end=\"2270\" data-col-size=\"md\"><strong data-start=\"2255\" data-end=\"2269\">Ingrediente<\/strong><\/th><th class=\"\" data-start=\"2270\" data-end=\"2297\" data-col-size=\"md\"><strong data-start=\"2272\" data-end=\"2295\">Funci\u00f3n principal<\/strong><\/th><\/tr><\/thead><tbody data-start=\"2344\" data-end=\"3022\"><tr data-start=\"2344\" data-end=\"2464\"><td data-start=\"2344\" data-end=\"2390\" data-col-size=\"md\">C\u00e1scara de naranja sevillana (<em data-start=\"2374\" data-end=\"2388\">p-sinefrina<\/em>)<\/td><td data-start=\"2390\" data-end=\"2464\" data-col-size=\"md\">Ayuda a activar la termog\u00e9nesis natural y la quema de grasas<\/td><\/tr><tr data-start=\"2465\" data-end=\"2572\"><td data-start=\"2465\" data-end=\"2500\" data-col-size=\"md\">Vinagre espa\u00f1ol de manzana roja<\/td><td data-start=\"2500\" data-end=\"2572\" data-col-size=\"md\">Favorece la sensaci\u00f3n de saciedad y equilibra los niveles de glucosa<\/td><\/tr><tr data-start=\"2573\" data-end=\"2662\"><td data-start=\"2573\" data-end=\"2611\" data-col-size=\"md\">Guindilla andaluza (<em data-start=\"2597\" data-end=\"2609\">capsaicina<\/em>)<\/td><td data-start=\"2611\" data-end=\"2662\" data-col-size=\"md\">Aumenta el gasto energ\u00e9tico despu\u00e9s de las comidas<\/td><\/tr><tr data-start=\"2663\" data-end=\"2756\"><td data-start=\"2663\" data-end=\"2703\" data-col-size=\"md\">Jengibre de monta\u00f1a del Himalaya<\/td><td data-start=\"2703\" data-end=\"2756\" data-col-size=\"md\">Favorece la digesti\u00f3n y reduce la hinchaz\u00f3n<\/td><\/tr><tr data-start=\"2757\" data-end=\"2839\"><td data-start=\"2757\" data-end=\"2779\" data-col-size=\"md\">T\u00e9 verde ceremonial<\/td><td data-start=\"2779\" data-end=\"2839\" data-col-size=\"md\">Favorece la oxidaci\u00f3n de las grasas y la energ\u00eda sin picos<\/td><\/tr><tr data-start=\"2840\" data-end=\"2916\"><td data-start=\"2840\" data-end=\"2852\" data-col-size=\"md\">Berberina<\/td><td data-start=\"2852\" data-end=\"2916\" data-col-size=\"md\">Ayuda a mantener el equilibrio metab\u00f3lico y a controlar los niveles de az\u00facar en sangre<\/td><\/tr><tr data-start=\"2917\" data-end=\"3022\"><td data-start=\"2917\" data-end=\"2940\" data-col-size=\"md\">Ginseng rojo coreano<\/td><td data-start=\"2940\" data-end=\"3022\" data-col-size=\"md\">Favorece la energ\u00eda, la capacidad de adaptaci\u00f3n al estr\u00e9s y el equilibrio hormonal<\/td><\/tr><\/tbody><\/table><\/div><\/div><p data-start=\"3024\" data-end=\"3183\">Cada ingrediente bot\u00e1nico se incluye por sus reconocidas propiedades en el control natural del peso, <strong data-start=\"3129\" data-end=\"3182\">sin estimulantes agresivos ni riesgo de adicci\u00f3n<\/strong>.<\/p><h2 data-start=\"3190\" data-end=\"3226\"><img fetchpriority=\"high\" decoding=\"async\" class=\"aligncenter wp-image-121 size-large\" title=\"Citrusburn \" src=\"https:\/\/alispharmacy.com\/wp-content\/uploads\/2026\/02\/citrus-3-1024x220.jpg\" alt=\"Citrusburn \" width=\"800\" height=\"172\" srcset=\"https:\/\/alispharmacy.com\/wp-content\/uploads\/2026\/02\/citrus-3-1024x220.jpg 1024w, https:\/\/alispharmacy.com\/wp-content\/uploads\/2026\/02\/citrus-3-300x64.jpg 300w, https:\/\/alispharmacy.com\/wp-content\/uploads\/2026\/02\/citrus-3-768x165.jpg 768w, https:\/\/alispharmacy.com\/wp-content\/uploads\/2026\/02\/citrus-3-1536x330.jpg 1536w, https:\/\/alispharmacy.com\/wp-content\/uploads\/2026\/02\/citrus-3-2048x440.jpg 2048w, https:\/\/alispharmacy.com\/wp-content\/uploads\/2026\/02\/citrus-3-600x129.jpg 600w\" sizes=\"(max-width: 800px) 100vw, 800px\" \/><img decoding=\"async\" class=\"aligncenter wp-image-120 size-large\" title=\"Citrusburn \" src=\"https:\/\/alispharmacy.com\/wp-content\/uploads\/2026\/02\/citrus-4-1024x222.jpg\" alt=\"Citrusburn \" width=\"800\" height=\"173\" srcset=\"https:\/\/alispharmacy.com\/wp-content\/uploads\/2026\/02\/citrus-4-1024x222.jpg 1024w, https:\/\/alispharmacy.com\/wp-content\/uploads\/2026\/02\/citrus-4-300x65.jpg 300w, https:\/\/alispharmacy.com\/wp-content\/uploads\/2026\/02\/citrus-4-768x167.jpg 768w, https:\/\/alispharmacy.com\/wp-content\/uploads\/2026\/02\/citrus-4-1536x334.jpg 1536w, https:\/\/alispharmacy.com\/wp-content\/uploads\/2026\/02\/citrus-4-2048x445.jpg 2048w, https:\/\/alispharmacy.com\/wp-content\/uploads\/2026\/02\/citrus-4-600x130.jpg 600w\" sizes=\"(max-width: 800px) 100vw, 800px\" \/><\/h2><h2 data-start=\"3190\" data-end=\"3226\">C\u00f3mo funciona CitrusBurn<\/h2><p data-start=\"3228\" data-end=\"3329\">CitrusBurn act\u00faa sobre varios procesos corporales clave para <strong>favorecen un mejor control del peso<\/strong> :<\/p><p data-start=\"54\" data-end=\"208\">\ud83d\udd25 <strong data-start=\"57\" data-end=\"83\">Termog\u00e9nesis natural<\/strong><br data-start=\"83\" data-end=\"86\" \/>El organismo aumenta su producci\u00f3n interna de calor, favoreciendo la utilizaci\u00f3n de la grasa almacenada como fuente de energ\u00eda.<\/p><p data-start=\"210\" data-end=\"389\">\ud83c\udf4e <strong data-start=\"213\" data-end=\"252\">Control del apetito y los antojos<\/strong><br data-start=\"252\" data-end=\"255\" \/>Ingredientes como el vinagre de manzana y el jengibre ayudan a inducir una sensaci\u00f3n de saciedad, reduciendo los antojos impulsivos.<\/p><p data-start=\"391\" data-end=\"586\">\u26a1 <strong data-start=\"393\" data-end=\"437\">Energ\u00eda estable sin estimulantes agresivos<\/strong><br data-start=\"437\" data-end=\"440\" \/>La f\u00f3rmula proporciona energ\u00eda sostenida sin efectos secundarios tales como temblores o ca\u00eddas a menudo asociados con otros quemadores de grasa.<\/p><h2 data-start=\"3870\" data-end=\"3905\">Posibles efectos secundarios<\/h2><p data-start=\"3907\" data-end=\"4068\">En general, se considera que CitrusBurn se tolera bien cuando se utiliza seg\u00fan las indicaciones, ya que est\u00e1 elaborado con ingredientes naturales y no contiene estimulantes fuertes.<\/p><p data-start=\"4070\" data-end=\"4174\">Sin embargo, como ocurre con cualquier suplemento, pueden producirse ciertos efectos en personas sensibles:<\/p><ul data-start=\"4176\" data-end=\"4331\"><li data-start=\"4176\" data-end=\"4230\"><p data-start=\"4178\" data-end=\"4230\">Sensibilidad digestiva leve o malestar temporal<\/p><\/li><li data-start=\"4231\" data-end=\"4282\"><p data-start=\"4233\" data-end=\"4282\">Reacciones individuales a extractos concentrados<\/p><\/li><li data-start=\"4283\" data-end=\"4331\"><p data-start=\"4285\" data-end=\"4331\">Posible interacci\u00f3n con determinados medicamentos<\/p><\/li><\/ul><p data-start=\"4333\" data-end=\"4495\">Si est\u00e1 embarazada, en per\u00edodo de lactancia, tomando medicaci\u00f3n o padece alguna enfermedad espec\u00edfica, <strong data-start=\"4435\" data-end=\"4494\">consulte a un profesional sanitario antes de usar<\/strong>.<\/p><h2 data-start=\"4502\" data-end=\"4528\">Precauciones de uso<\/h2><p data-start=\"4530\" data-end=\"4611\">Antes de empezar a utilizar CitrusBurn, tenga en cuenta estas recomendaciones:<\/p><ul data-start=\"4613\" data-end=\"4995\"><li data-start=\"4613\" data-end=\"4645\"><p data-start=\"4615\" data-end=\"4645\">Siga la dosis recomendada.<\/p><\/li><li data-start=\"4646\" data-end=\"4684\"><p data-start=\"4648\" data-end=\"4684\">Beber con un gran vaso de agua.<\/p><\/li><li data-start=\"4685\" data-end=\"4754\"><p data-start=\"4687\" data-end=\"4754\">No sustituye a una dieta equilibrada ni al ejercicio f\u00edsico.<\/p><\/li><li data-start=\"4755\" data-end=\"4791\"><p data-start=\"4757\" data-end=\"4791\">Mantener fuera del alcance de los ni\u00f1os.<\/p><\/li><li data-start=\"4792\" data-end=\"4856\"><p data-start=\"4794\" data-end=\"4856\">Suspenda su uso si siente alguna molestia inusual.<\/p><\/li><li data-start=\"4857\" data-end=\"4995\"><p data-start=\"4859\" data-end=\"4995\">Consulte a un profesional sanitario si tiene problemas m\u00e9dicos subyacentes, en particular diabetes o trastornos metab\u00f3licos.<\/p><\/li><\/ul><h2 data-start=\"5002\" data-end=\"5041\">Beneficios y posibles resultados<\/h2><p data-start=\"5043\" data-end=\"5124\">CitrusBurn ofrece una serie de beneficios potenciales para los usuarios habituales:<\/p><p data-start=\"54\" data-end=\"138\">\ud83d\udd25 <strong data-start=\"57\" data-end=\"83\">Apoyo metab\u00f3lico<\/strong><br data-start=\"83\" data-end=\"86\" \/>Promueve un metabolismo m\u00e1s eficiente, incluso en reposo.<\/p><p data-start=\"140\" data-end=\"256\">\ud83c\udf7d\ufe0f <strong data-start=\"144\" data-end=\"183\">Control del apetito y los antojos<\/strong><br data-start=\"183\" data-end=\"186\" \/>Ayuda a reducir los antojos y a controlar mejor las porciones.<\/p><p data-start=\"258\" data-end=\"380\">\u26a1 <strong data-start=\"260\" data-end=\"283\">Energ\u00eda m\u00e1s estable<\/strong><br data-start=\"283\" data-end=\"286\" \/>Mantiene constantes los niveles de energ\u00eda sin los picos o ca\u00eddas causados por otros estimulantes.<\/p><p data-start=\"382\" data-end=\"504\">\ud83e\udde0 <strong data-start=\"385\" data-end=\"426\">Mayor concentraci\u00f3n y motivaci\u00f3n<\/strong><br data-start=\"426\" data-end=\"429\" \/>La energ\u00eda limpia puede ayudarte a concentrarte mejor cada d\u00eda.<\/p><p data-start=\"506\" data-end=\"616\">\ud83c\udf3f <strong data-start=\"509\" data-end=\"540\">F\u00f3rmula suave y no adictiva<\/strong><br data-start=\"540\" data-end=\"543\" \/>Puede incorporarse a una rutina a largo plazo sin crear tolerancia.<\/p><h2 data-start=\"5690\" data-end=\"5729\">Opiniones de clientes: testimonios reales<\/h2><p data-start=\"5733\" data-end=\"5813\">Muchos usuarios afirman <strong>experiencias positivas<\/strong> con CitrusBurn :<\/p><p data-start=\"5815\" data-end=\"6005\">\u2b50 <em data-start=\"5817\" data-end=\"5827\">Tasha M.<\/em> \u201cHe probado muchos suplementos, pero CitrusBurn me ha ayudado a tener una energ\u00eda estable durante todo el d\u00eda y a controlar mejor mi apetito, sin efectos secundarios.\u201d<\/p><p data-start=\"6009\" data-end=\"6121\">\u2b50 John<em data-start=\"5817\" data-end=\"5827\">\u00a0N<\/em>\u00a0Menos antojos por la noche y m\u00e1s energ\u00eda por la ma\u00f1ana. Me siento m\u00e1s ligero y concentrado.\u201c<\/p><p data-start=\"6125\" data-end=\"6313\">Opini\u00f3n general: CitrusBurn recibe una valoraci\u00f3n media alta (casi 4,8\/5 estrellas seg\u00fan varias opiniones), destacando su f\u00f3rmula natural y el hecho de que no te pone nervioso.<\/p><h2 data-start=\"6320\" data-end=\"6353\">FAQ - Preguntas m\u00e1s frecuentes<\/h2><p data-start=\"6355\" data-end=\"6388\"><strong data-start=\"6359\" data-end=\"6386\">\u00bfEs seguro CitrusBurn?<\/strong><\/p><p data-start=\"6389\" data-end=\"6564\">S\u00ed, est\u00e1 formulado con ingredientes naturales producidos en instalaciones certificadas por la FDA y GMP. Sin embargo, consulte a un m\u00e9dico si usted tiene alguna condici\u00f3n m\u00e9dica.<\/p><p data-start=\"6566\" data-end=\"6626\"><strong data-start=\"6570\" data-end=\"6624\">\u00bfCu\u00e1nto tiempo se tarda en ver resultados?<\/strong><\/p><p data-start=\"6627\" data-end=\"6764\">Los efectos var\u00edan de una persona a otra, pero algunos usuarios notan cambios a las pocas semanas de uso regular.<\/p><p data-start=\"6766\" data-end=\"6830\"><strong data-start=\"6770\" data-end=\"6828\">\u00bfSe puede utilizar con dieta y ejercicio?<\/strong><\/p><p data-start=\"6831\" data-end=\"6954\">S\u00ed, CitrusBurn est\u00e1 dise\u00f1ado para complementar una dieta equilibrada y la actividad f\u00edsica para obtener mejores resultados.<\/p><p data-start=\"6956\" data-end=\"6999\"><strong data-start=\"6960\" data-end=\"6997\">\u00bfNecesito receta m\u00e9dica?<\/strong><\/p><p data-start=\"7000\" data-end=\"7129\">No, es un suplemento diet\u00e9tico. Consulte a un profesional si est\u00e1 tomando medicaci\u00f3n o padece alguna enfermedad.<\/p><h2 data-start=\"7136\" data-end=\"7185\">\u00bfPor qu\u00e9 elegir CitrusBurn?<\/h2><p data-start=\"7187\" data-end=\"7564\">CitrusBurn es una f\u00f3rmula metab\u00f3lica natural, sin estimulantes, dise\u00f1ada para las personas que desean potenciar su metabolismo, reducir los antojos, aumentar la energ\u00eda y favorecer una p\u00e9rdida de peso sostenible sin potentes efectos secundarios. Su combinaci\u00f3n de ingredientes bot\u00e1nicos y su enfoque suave lo convierten en una opci\u00f3n fiable para un suplemento diario eficaz.<\/p>\t\t\t\t\t\t\t\t<\/div>\n\t\t\t\t<div class=\"elementor-element elementor-element-3061399 elementor-arrows-yes elementor-pagination-type-bullets elementor-review--has-separator elementor--star-style-star_fontawesome elementor-widget elementor-widget-reviews\" data-id=\"3061399\" data-element_type=\"widget\" data-e-type=\"widget\" data-settings=\"{&quot;slides_per_view&quot;:&quot;3&quot;,&quot;slides_to_scroll&quot;:&quot;1&quot;,&quot;show_arrows&quot;:&quot;yes&quot;,&quot;pagination&quot;:&quot;bullets&quot;,&quot;speed&quot;:500,&quot;autoplay&quot;:&quot;yes&quot;,&quot;autoplay_speed&quot;:5000,&quot;loop&quot;:&quot;yes&quot;,&quot;pause_on_hover&quot;:&quot;yes&quot;,&quot;pause_on_interaction&quot;:&quot;yes&quot;,&quot;space_between&quot;:{&quot;unit&quot;:&quot;px&quot;,&quot;size&quot;:10,&quot;sizes&quot;:[]},&quot;space_between_tablet&quot;:{&quot;unit&quot;:&quot;px&quot;,&quot;size&quot;:10,&quot;sizes&quot;:[]},&quot;space_between_mobile&quot;:{&quot;unit&quot;:&quot;px&quot;,&quot;size&quot;:10,&quot;sizes&quot;:[]}}\" data-widget_type=\"reviews.default\">\n\t\t\t\t\t\t\t\t\t\t<div class=\"elementor-main-swiper swiper\" role=\"region\" aria-roledescription=\"carousel\" aria-label=\"Diapositivas\">\n\t\t\t\t<div class=\"swiper-wrapper\">\n\t\t\t\t\t\t\t\t\t\t\t<div class=\"swiper-slide\" role=\"group\" aria-roledescription=\"slide\">\n\t\t\t\t\t\t\t\t\t<div class=\"elementor-testimonial elementor-repeater-item-dfff9b0\">\n\t\t\t\t\t\t\t<div class=\"elementor-testimonial__header\">\n\t\t\t\t\t\t\t\t\t\t\t<div class=\"elementor-testimonial__image\">\n\t\t\t\t\t\t\t<img decoding=\"async\" src=\"https:\/\/alispharmacy.com\/wp-content\/uploads\/2026\/02\/Tasha-M.png\" alt=\"Tasha M\">\n\t\t\t\t\t\t\t\t\t\t\t\t\t<\/div>\n\t\t\t\t\t\t\t\t\t\t<cite class=\"elementor-testimonial__cite\"><span class=\"elementor-testimonial__name\">Tasha M<\/span><div class=\"elementor-star-rating\"><i class=\"elementor-star-full\">\ue934<\/i><i class=\"elementor-star-full\">\ue934<\/i><i class=\"elementor-star-full\">\ue934<\/i><i class=\"elementor-star-full\">\ue934<\/i><i class=\"elementor-star-full\">\ue934<\/i><\/div><\/cite>\t\t\t\t\t<div class=\"elementor-testimonial__icon elementor-icon elementor-icon-\" aria-label=\"Seguir leyendo\"><\/div>\t\t\t\t<\/div>\n\t\t\t\t\t\t\t\t\t\t<div class=\"elementor-testimonial__content\">\n\t\t\t\t\t<div class=\"elementor-testimonial__text\">\n\t\t\t\t\t\tCompr\u00e9 CitrusBurn\u2122 por capricho. Ya hab\u00eda probado polvos, batidos de prote\u00ednas y todas las \u00faltimas tendencias, pero no esperaba gran cosa. Al cabo de una semana, not\u00e9 que los vaqueros me quedaban m\u00e1s holgados y que mi energ\u00eda era constante durante todo el d\u00eda. Se acabaron los nervios y las sensaciones extra\u00f1as. S\u00f3lo progresos tranquilos y constantes. He perdido 10 kilos y me siento en control de mi vida por primera vez en a\u00f1os.\t\t\t\t\t<\/div>\n\t\t\t\t<\/div>\n\t\t\t\t\t<\/div>\n\t\t\t\t\t\t\t\t<\/div>\n\t\t\t\t\t\t\t\t\t\t\t<div class=\"swiper-slide\" role=\"group\" aria-roledescription=\"slide\">\n\t\t\t\t\t\t\t\t\t<div class=\"elementor-testimonial elementor-repeater-item-cab4446\">\n\t\t\t\t\t\t\t<div class=\"elementor-testimonial__header\">\n\t\t\t\t\t\t\t\t\t\t\t<div class=\"elementor-testimonial__image\">\n\t\t\t\t\t\t\t<img decoding=\"async\" src=\"https:\/\/alispharmacy.com\/wp-content\/uploads\/2026\/02\/Neil-C.png\" alt=\"Neil C\">\n\t\t\t\t\t\t\t\t\t\t\t\t\t<\/div>\n\t\t\t\t\t\t\t\t\t\t<cite class=\"elementor-testimonial__cite\"><span class=\"elementor-testimonial__name\">Neil C<\/span><div class=\"elementor-star-rating\"><i class=\"elementor-star-full\">\ue934<\/i><i class=\"elementor-star-full\">\ue934<\/i><i class=\"elementor-star-full\">\ue934<\/i><i class=\"elementor-star-full\">\ue934<\/i><i class=\"elementor-star-full\">\ue934<\/i><\/div><\/cite>\t\t\t\t\t<div class=\"elementor-testimonial__icon elementor-icon elementor-icon-\" aria-label=\"Seguir leyendo\"><\/div>\t\t\t\t<\/div>\n\t\t\t\t\t\t\t\t\t\t<div class=\"elementor-testimonial__content\">\n\t\t\t\t\t<div class=\"elementor-testimonial__text\">\n\t\t\t\t\t\tEl picoteo nocturno me estaba consumiendo. CitrusBurn\u2122 hizo maravillas casi al instante. Ya no pienso constantemente en la comida. He perdido 8 kilos, mi m\u00e9dico ha notado una notable mejora en mi salud general y ya no me duermo en mi escritorio antes de las 3 de la tarde. Es sutil, pero poderoso. Me siento m\u00e1s joven que hace diez a\u00f1os.\t\t\t\t\t<\/div>\n\t\t\t\t<\/div>\n\t\t\t\t\t<\/div>\n\t\t\t\t\t\t\t\t<\/div>\n\t\t\t\t\t\t\t\t\t\t\t<div class=\"swiper-slide\" role=\"group\" aria-roledescription=\"slide\">\n\t\t\t\t\t\t\t\t\t<div class=\"elementor-testimonial elementor-repeater-item-4e7958c\">\n\t\t\t\t\t\t\t<div class=\"elementor-testimonial__header\">\n\t\t\t\t\t\t\t\t\t\t\t<div class=\"elementor-testimonial__image\">\n\t\t\t\t\t\t\t<img decoding=\"async\" src=\"https:\/\/alispharmacy.com\/wp-content\/uploads\/2026\/02\/Elizabeth-V.png\" alt=\"Isabel V\">\n\t\t\t\t\t\t\t\t\t\t\t\t\t<\/div>\n\t\t\t\t\t\t\t\t\t\t<cite class=\"elementor-testimonial__cite\"><span class=\"elementor-testimonial__name\">Isabel V<\/span><div class=\"elementor-star-rating\"><i class=\"elementor-star-full\">\ue934<\/i><i class=\"elementor-star-full\">\ue934<\/i><i class=\"elementor-star-full\">\ue934<\/i><i class=\"elementor-star-full\">\ue934<\/i><i class=\"elementor-star-full\">\ue934<\/i><\/div><\/cite>\t\t\t\t\t<div class=\"elementor-testimonial__icon elementor-icon elementor-icon-\" aria-label=\"Seguir leyendo\"><\/div>\t\t\t\t<\/div>\n\t\t\t\t\t\t\t\t\t\t<div class=\"elementor-testimonial__content\">\n\t\t\t\t\t<div class=\"elementor-testimonial__text\">\n\t\t\t\t\t\tAntes me despertaba perezosa, hinchada e incapaz de empezar el d\u00eda. Ahora tomo CitrusBurn\u2122 con agua al levantarme y en 30 minutos estoy llena de energ\u00eda. He perdido 6 kilos, pero lo m\u00e1s importante es que he vuelto a ser la persona que realmente quiero.\t\t\t\t\t<\/div>\n\t\t\t\t<\/div>\n\t\t\t\t\t<\/div>\n\t\t\t\t\t\t\t\t<\/div>\n\t\t\t\t\t\t\t\t\t<\/div>\n\t\t\t\t\t\t\t\t\t\t\t\t\t\t\t<div class=\"elementor-swiper-button elementor-swiper-button-prev\" role=\"button\" tabindex=\"0\" aria-label=\"Anterior\">\n\t\t\t\t\t\t\t<svg aria-hidden=\"true\" class=\"e-font-icon-svg e-eicon-chevron-left\" viewbox=\"0 0 1000 1000\" xmlns=\"http:\/\/www.w3.org\/2000\/svg\"><path d=\"M646 125C629 125 613 133 604 142L308 442C296 454 292 471 292 487 292 504 296 521 308 533L604 854C617 867 629 875 646 875 663 875 679 871 692 858 704 846 713 829 713 812 713 796 708 779 692 767L438 487 692 225C700 217 708 204 708 187 708 171 704 154 692 142 675 129 663 125 646 125Z\"><\/path><\/svg>\t\t\t\t\t\t<\/div>\n\t\t\t\t\t\t<div class=\"elementor-swiper-button elementor-swiper-button-next\" role=\"button\" tabindex=\"0\" aria-label=\"Siguiente\">\n\t\t\t\t\t\t\t<svg aria-hidden=\"true\" class=\"e-font-icon-svg e-eicon-chevron-right\" viewbox=\"0 0 1000 1000\" xmlns=\"http:\/\/www.w3.org\/2000\/svg\"><path d=\"M696 533C708 521 713 504 713 487 713 471 708 454 696 446L400 146C388 133 375 125 354 125 338 125 325 129 313 142 300 154 292 171 292 187 292 204 296 221 308 233L563 492 304 771C292 783 288 800 288 817 288 833 296 850 308 863 321 871 338 875 354 875 371 875 388 867 400 854L696 533Z\"><\/path><\/svg>\t\t\t\t\t\t<\/div>\n\t\t\t\t\t\t\t\t\t\t\t\t\t\t\t\t<div class=\"swiper-pagination\"><\/div>\n\t\t\t\t\t\t\t\t\t\t\t\t<\/div>\n\t\t\t\t\t\t\t\t<\/div>\n\t\t\t\t\t<\/div>\n\t\t\t\t<\/div>\n\t\t\t\t<\/div>","protected":false},"excerpt":{"rendered":"<p><strong data-start=\"100\" data-end=\"114\">CitrusBurn<\/strong> es un complemento alimenticio natural formulado para favorecer el metabolismo, promover la quema de grasas y ayudar a controlar el apetito.<\/p>\n<p data-start=\"223\" data-end=\"371\">\u2728 Promueve la quema de grasa de forma natural<br data-start=\"274\" data-end=\"277\" \/>\ud83c\udf4a Controla el apetito y los antojos<br data-start=\"312\" data-end=\"315\" \/>\u26a1 Proporciona energ\u00eda estable sin estimulantes agresivos.<\/p>\n<p data-start=\"373\" data-end=\"416\" data-is-last-node=\"\" data-is-only-node=\"\">\ud83c\udff7\ufe0f <strong>\u00a1Consigue hasta 75 % de descuento!<\/strong><\/p>","protected":false},"featured_media":118,"template":"","meta":[],"product_brand":[],"product_cat":[19,17],"product_tag":[],"class_list":{"0":"post-117","1":"product","2":"type-product","3":"status-publish","4":"has-post-thumbnail","6":"product_cat-perte-de-poids","7":"product_cat-sante","9":"first","10":"instock","11":"sale","12":"shipping-taxable","13":"product-type-external"},"_links":{"self":[{"href":"https:\/\/alispharmacy.com\/es\/wp-json\/wp\/v2\/product\/117","targetHints":{"allow":["GET"]}}],"collection":[{"href":"https:\/\/alispharmacy.com\/es\/wp-json\/wp\/v2\/product"}],"about":[{"href":"https:\/\/alispharmacy.com\/es\/wp-json\/wp\/v2\/types\/product"}],"version-history":[{"count":9,"href":"https:\/\/alispharmacy.com\/es\/wp-json\/wp\/v2\/product\/117\/revisions"}],"predecessor-version":[{"id":427,"href":"https:\/\/alispharmacy.com\/es\/wp-json\/wp\/v2\/product\/117\/revisions\/427"}],"wp:featuredmedia":[{"embeddable":true,"href":"https:\/\/alispharmacy.com\/es\/wp-json\/wp\/v2\/media\/118"}],"wp:attachment":[{"href":"https:\/\/alispharmacy.com\/es\/wp-json\/wp\/v2\/media?parent=117"}],"wp:term":[{"taxonomy":"product_brand","embeddable":true,"href":"https:\/\/alispharmacy.com\/es\/wp-json\/wp\/v2\/product_brand?post=117"},{"taxonomy":"product_cat","embeddable":true,"href":"https:\/\/alispharmacy.com\/es\/wp-json\/wp\/v2\/product_cat?post=117"},{"taxonomy":"product_tag","embeddable":true,"href":"https:\/\/alispharmacy.com\/es\/wp-json\/wp\/v2\/product_tag?post=117"}],"curies":[{"name":"wp","href":"https:\/\/api.w.org\/{rel}","templated":true}]}}