{"id":137,"date":"2026-02-05T23:43:50","date_gmt":"2026-02-05T23:43:50","guid":{"rendered":"https:\/\/alispharmacy.com\/?post_type=product&#038;p=137"},"modified":"2026-02-07T19:02:53","modified_gmt":"2026-02-07T19:02:53","slug":"balsamo-neuro-therawolf","status":"publish","type":"product","link":"https:\/\/alispharmacy.com\/es\/product\/balsamo-neuro-therawolf\/","title":{"rendered":"TheraWolf"},"content":{"rendered":"<div data-elementor-type=\"product-post\" data-elementor-id=\"137\" class=\"elementor elementor-137\" data-elementor-post-type=\"product\">\n\t\t\t\t<div class=\"elementor-element elementor-element-779dfa8f e-flex e-con-boxed e-con e-parent\" data-id=\"779dfa8f\" data-element_type=\"container\" data-e-type=\"container\">\n\t\t\t\t\t<div class=\"e-con-inner\">\n\t\t\t\t<div class=\"elementor-element elementor-element-259602d5 elementor-widget elementor-widget-text-editor\" data-id=\"259602d5\" data-element_type=\"widget\" data-e-type=\"widget\" data-widget_type=\"text-editor.default\">\n\t\t\t\t\t\t\t\t\t<h2 data-start=\"718\" data-end=\"757\">\u00bfQu\u00e9 es el b\u00e1lsamo TheraWolf Neuro?<\/h2><p data-start=\"759\" data-end=\"1364\"><strong>B\u00e1lsamo TheraWolf Neuro<\/strong> (tambi\u00e9n conocido simplemente como crema o b\u00e1lsamo TheraWolf) es un innovador <strong>crema t\u00f3pica natural<\/strong> creado para ofrecer un <strong>alivio localizado del dolor<\/strong>, Ayuda a aliviar el dolor, las molestias nerviosas, la tensi\u00f3n muscular y la rigidez articular, todo ello sin la sensaci\u00f3n grasienta y el fuerte olor medicinal de muchos ung\u00fcentos tradicionales. <br \/><br \/>Est\u00e1 formulado para personas activas, ancianos, deportistas y personas que sufren molestias cr\u00f3nicas y buscan <strong>un enfoque natural y suave<\/strong> sentirse m\u00e1s a gusto en su vida cotidiana.<\/p><p data-start=\"1366\" data-end=\"1699\">A diferencia de las cremas gen\u00e9ricas o los productos con componentes qu\u00edmicos agresivos, TheraWolf combina hierbas tradicionales con compuestos basados en pruebas para actuar tanto sobre la sensaci\u00f3n de dolor como sobre la fuente de tensi\u00f3n, promoviendo una experiencia de alivio m\u00e1s completa.<\/p><h2 data-start=\"1701\" data-end=\"1745\">Composici\u00f3n, ingredientes y su funci\u00f3n<\/h2><p data-start=\"1747\" data-end=\"1948\">En <strong>B\u00e1lsamo TheraWolf Neuro<\/strong> se compone de una mezcla de <strong>de ingredientes naturales<\/strong> y <strong>extractos bot\u00e1nicos<\/strong> que act\u00faan sin\u00e9rgicamente para aliviar las molestias superficiales y favorecer el confort.<\/p><h3 data-start=\"94\" data-end=\"121\">Principales principios activos<\/h3><ul><li data-start=\"123\" data-end=\"250\"><p data-start=\"86\" data-end=\"211\">\ud83c\udf3f Mentol (aceite de menta): sensaci\u00f3n de frescor y alivio inmediato al activar los receptores de fr\u00edo de la piel.<\/p><\/li><li data-start=\"123\" data-end=\"250\"><p data-start=\"86\" data-end=\"211\">\u2744\ufe0f Alcanfor azul: un agente refrescante que calma las zonas tensas en pocos minutos.<\/p><\/li><li data-start=\"123\" data-end=\"250\"><p data-start=\"86\" data-end=\"211\">\ud83c\udf3c Aceite de \u00e1rnica: utilizado tradicionalmente para reducir la inflamaci\u00f3n y apoyar el tejido irritado.<\/p><\/li><li data-start=\"123\" data-end=\"250\"><p data-start=\"86\" data-end=\"211\">\ud83c\udf38 Extracto de manzanilla: aporta antioxidantes y suaviza la piel sensible.<\/p><\/li><li data-start=\"123\" data-end=\"250\"><p data-start=\"86\" data-end=\"211\">\ud83d\udca7 Cloruro de magnesio: puede contribuir a la relajaci\u00f3n muscular y al soporte nervioso.<\/p><\/li><li data-start=\"123\" data-end=\"250\"><p data-start=\"86\" data-end=\"211\">\ud83e\uddec MSM (metilsulfonilmetano): compuesto que ayuda a la flexibilidad y al tejido conectivo.<\/p><\/li><li data-start=\"123\" data-end=\"250\"><p data-start=\"86\" data-end=\"211\">\ud83e\udde0 Vitamina B6 (piridoxina): favorece la funci\u00f3n nerviosa.<\/p><\/li><\/ul><h3 data-start=\"819\" data-end=\"860\">Base nutritiva y apoyo cut\u00e1neo<\/h3><ul data-start=\"862\" data-end=\"1145\"><li data-start=\"862\" data-end=\"953\"><p data-start=\"864\" data-end=\"953\">Manteca de karit\u00e9 y aceite de jojoba: <strong>hidratar<\/strong> y <strong>suavizar<\/strong> sin dejar residuos grasos.<\/p><\/li><li data-start=\"955\" data-end=\"1062\"><p data-start=\"957\" data-end=\"1062\">\ud83d\udc1d Cera de abejas: ayuda a que los ingredientes activos permanezcan en la superficie durante m\u00e1s tiempo para una absorci\u00f3n prolongada.<\/p><\/li><li data-start=\"1064\" data-end=\"1145\"><p data-start=\"1066\" data-end=\"1145\">\ud83c\udf4a Extracto de espino amarillo y c\u00e1rtamo : <strong>antioxidantes<\/strong> beneficiosos para la piel.<\/p><\/li><\/ul><h2 data-start=\"2956\" data-end=\"3003\"><img fetchpriority=\"high\" decoding=\"async\" class=\"aligncenter wp-image-142 size-large\" title=\"Therawolf\" src=\"https:\/\/alispharmacy.com\/wp-content\/uploads\/2026\/02\/Therawolf-2-1024x501.jpg\" alt=\"Therawolf\" width=\"800\" height=\"391\" srcset=\"https:\/\/alispharmacy.com\/wp-content\/uploads\/2026\/02\/Therawolf-2-1024x501.jpg 1024w, https:\/\/alispharmacy.com\/wp-content\/uploads\/2026\/02\/Therawolf-2-300x147.jpg 300w, https:\/\/alispharmacy.com\/wp-content\/uploads\/2026\/02\/Therawolf-2-768x375.jpg 768w, https:\/\/alispharmacy.com\/wp-content\/uploads\/2026\/02\/Therawolf-2-1536x751.jpg 1536w, https:\/\/alispharmacy.com\/wp-content\/uploads\/2026\/02\/Therawolf-2-2048x1001.jpg 2048w, https:\/\/alispharmacy.com\/wp-content\/uploads\/2026\/02\/Therawolf-2-600x293.jpg 600w\" sizes=\"(max-width: 800px) 100vw, 800px\" \/><\/h2><h2 data-start=\"2956\" data-end=\"3003\">C\u00f3mo act\u00faa TheraWolf - Modo de acci\u00f3n<\/h2><p data-start=\"3005\" data-end=\"3045\">El b\u00e1lsamo neurol\u00f3gico TheraWolf combina varios mecanismos:<\/p><ol data-start=\"3047\" data-end=\"3566\"><li data-start=\"3047\" data-end=\"3235\"><p data-start=\"3050\" data-end=\"3235\">Efecto potenciador de la sensibilidad: ingredientes como el mentol y el alcanfor generan una sensaci\u00f3n de frescor y alivio inmediato para desviar la atenci\u00f3n del dolor.<\/p><\/li><li data-start=\"3236\" data-end=\"3393\"><p data-start=\"3239\" data-end=\"3393\">Apoyo antiinflamatorio y calmante: los extractos de plantas y compuestos como el MSM y el magnesio ayudan a reducir la inflamaci\u00f3n superficial.<\/p><\/li><li data-start=\"3394\" data-end=\"3566\"><p data-start=\"3397\" data-end=\"3566\">Nutrici\u00f3n y r\u00e1pida absorci\u00f3n: la base rica en emolientes permite que los ingredientes penetren sin dejar sensaci\u00f3n grasa, ideal para el uso diario.<\/p><\/li><\/ol><h2 data-start=\"3568\" data-end=\"3602\">Beneficios y resultados esperados<\/h2><p data-start=\"3604\" data-end=\"3710\">TheraWolf Neuro Balm ofrece una serie de ventajas que lo distinguen de las cremas t\u00f3picas tradicionales:<\/p><h3 data-start=\"3712\" data-end=\"3736\">Principales ventajas<\/h3><ul data-start=\"3738\" data-end=\"4158\"><li data-start=\"3738\" data-end=\"3846\"><p data-start=\"3740\" data-end=\"3846\"><strong>Alivio r\u00e1pido<\/strong> dolor y tensi\u00f3n en las articulaciones, el cuello, la espalda y los m\u00fasculos.<\/p><\/li><li data-start=\"3847\" data-end=\"3910\"><p data-start=\"3849\" data-end=\"3910\">Una sensaci\u00f3n refrescante y calmante en pocos minutos.<\/p><\/li><li data-start=\"3911\" data-end=\"3978\"><p data-start=\"3913\" data-end=\"3978\">F\u00e1cil de usar a diario sin dejar residuos grasos.<\/p><\/li><li data-start=\"3979\" data-end=\"4075\"><p data-start=\"3981\" data-end=\"4075\">Indicado para diversos tipos de dolor: nervioso, inflamatorio o causado por el esfuerzo f\u00edsico.<\/p><\/li><li data-start=\"4076\" data-end=\"4158\"><p data-start=\"4078\" data-end=\"4158\"><strong>F\u00f3rmula natural<\/strong> sin productos qu\u00edmicos agresivos, con un suave aroma herbal.<\/p><\/li><\/ul><h3 data-start=\"4160\" data-end=\"4203\">Resultados con el uso continuado<\/h3><ul data-start=\"4205\" data-end=\"4513\"><li data-start=\"4205\" data-end=\"4332\"><p data-start=\"4207\" data-end=\"4332\">Los usuarios informan de un <strong>mejorar la movilidad<\/strong> y un <strong>rigidez reducida<\/strong> con aplicaciones regulares.<\/p><\/li><li data-start=\"4333\" data-end=\"4434\"><p data-start=\"4335\" data-end=\"4434\">Muchas personas sienten alivio <strong>desde el principio<\/strong> uso diario.<\/p><\/li><li data-start=\"4435\" data-end=\"4513\"><p data-start=\"4437\" data-end=\"4513\">Sensaci\u00f3n general de confort, incluso tras una actividad f\u00edsica prolongada.<\/p><\/li><\/ul><h2 data-start=\"4515\" data-end=\"4542\"><img decoding=\"async\" class=\"aligncenter wp-image-141 size-large\" title=\"Therawolf\" src=\"https:\/\/alispharmacy.com\/wp-content\/uploads\/2026\/02\/Therawolf-1-1024x449.jpg\" alt=\"Therawolf\" width=\"800\" height=\"351\" srcset=\"https:\/\/alispharmacy.com\/wp-content\/uploads\/2026\/02\/Therawolf-1-1024x449.jpg 1024w, https:\/\/alispharmacy.com\/wp-content\/uploads\/2026\/02\/Therawolf-1-300x132.jpg 300w, https:\/\/alispharmacy.com\/wp-content\/uploads\/2026\/02\/Therawolf-1-768x337.jpg 768w, https:\/\/alispharmacy.com\/wp-content\/uploads\/2026\/02\/Therawolf-1-1536x673.jpg 1536w, https:\/\/alispharmacy.com\/wp-content\/uploads\/2026\/02\/Therawolf-1-2048x898.jpg 2048w, https:\/\/alispharmacy.com\/wp-content\/uploads\/2026\/02\/Therawolf-1-600x263.jpg 600w\" sizes=\"(max-width: 800px) 100vw, 800px\" \/><\/h2><h2 data-start=\"4515\" data-end=\"4542\">Instrucciones de uso recomendadas<\/h2><ol data-start=\"4544\" data-end=\"4822\"><li data-start=\"4544\" data-end=\"4609\"><p data-start=\"4547\" data-end=\"4609\">Zona limpia y seca: aseg\u00farese de que la piel est\u00e1 limpia.<\/p><\/li><li data-start=\"4610\" data-end=\"4666\"><p data-start=\"4613\" data-end=\"4666\">Aplicaci\u00f3n localizada: tomar una peque\u00f1a cantidad.<\/p><\/li><li data-start=\"4667\" data-end=\"4768\"><p data-start=\"4670\" data-end=\"4768\">Masaje suave: masajear con movimientos circulares durante 30-45 segundos hasta que se absorba.<\/p><\/li><li data-start=\"4769\" data-end=\"4822\"><p data-start=\"4772\" data-end=\"4822\">Repetir hasta 3 veces al d\u00eda seg\u00fan sea necesario.<\/p><\/li><\/ol><blockquote data-start=\"4824\" data-end=\"4977\"><p data-start=\"4826\" data-end=\"4977\">Consejo: en caso de s\u00edntomas cr\u00f3nicos, se recomienda una aplicaci\u00f3n constante durante varias semanas para observar cambios profundos.<\/p><\/blockquote><h2 data-start=\"4979\" data-end=\"5011\">Precauciones y advertencias<\/h2><p data-start=\"5013\" data-end=\"5120\">Aunque TheraWolf est\u00e1 formulado con ingredientes naturales, es importante tener en cuenta lo siguiente:<\/p><ul data-start=\"5122\" data-end=\"5424\"><li data-start=\"5122\" data-end=\"5211\"><p data-start=\"5124\" data-end=\"5211\">Prueba de alergia: haz una peque\u00f1a prueba en la mu\u00f1eca si tienes la piel sensible.<\/p><\/li><li data-start=\"5212\" data-end=\"5263\"><p data-start=\"5214\" data-end=\"5263\">No aplicar sobre piel lesionada o abierta.<\/p><\/li><li data-start=\"5264\" data-end=\"5372\"><p data-start=\"5266\" data-end=\"5372\">Consulte a un m\u00e9dico si padece alguna enfermedad grave o est\u00e1 utilizando medicaci\u00f3n t\u00f3pica.<\/p><\/li><li data-start=\"5373\" data-end=\"5424\"><p data-start=\"5375\" data-end=\"5424\">Evitar el contacto con los ojos o las mucosas.<\/p><\/li><\/ul><h2 data-start=\"5426\" data-end=\"5463\">Opiniones de clientes: testimonios reales<\/h2><p data-start=\"5465\" data-end=\"6018\">\u2b50 Margaret T. - \u00abTen\u00eda neuropat\u00eda diab\u00e9tica y el dolor a la hora de dormir era constante. Despu\u00e9s de una semana sent\u00ed alivio y poco a poco dorm\u00ed mejor\u00bb.\u00bb<br \/>\u2b50 Robert K. - \u00abLa f\u00f3rmula no grasa se absorbe r\u00e1pidamente y me ha ayudado con el dolor de rodilla y mi movilidad.\u00bb<br data-start=\"5766\" data-end=\"5769\" \/>\u2b50 James D. - \u00abMi s\u00edndrome del t\u00fanel carpiano ha mejorado con el uso diario. Puedo escribir m\u00e1s tiempo sin dolor\u00bb.\u00bb<br data-start=\"5909\" data-end=\"5912\" \/>\u2b50 Linda S. - \u00abLa sensaci\u00f3n de fr\u00edo tras la aplicaci\u00f3n es reconfortante y calma mucho la ci\u00e1tica\u00bb.\u00bb<\/p>\t\t\t\t\t\t\t\t<\/div>\n\t\t\t\t<div class=\"elementor-element elementor-element-9317916 elementor-arrows-yes elementor-pagination-type-bullets elementor-review--has-separator elementor--star-style-star_fontawesome elementor-widget elementor-widget-reviews\" data-id=\"9317916\" data-element_type=\"widget\" data-e-type=\"widget\" data-settings=\"{&quot;slides_per_view&quot;:&quot;3&quot;,&quot;slides_to_scroll&quot;:&quot;1&quot;,&quot;show_arrows&quot;:&quot;yes&quot;,&quot;pagination&quot;:&quot;bullets&quot;,&quot;speed&quot;:500,&quot;autoplay&quot;:&quot;yes&quot;,&quot;autoplay_speed&quot;:5000,&quot;loop&quot;:&quot;yes&quot;,&quot;pause_on_hover&quot;:&quot;yes&quot;,&quot;pause_on_interaction&quot;:&quot;yes&quot;,&quot;space_between&quot;:{&quot;unit&quot;:&quot;px&quot;,&quot;size&quot;:10,&quot;sizes&quot;:[]},&quot;space_between_tablet&quot;:{&quot;unit&quot;:&quot;px&quot;,&quot;size&quot;:10,&quot;sizes&quot;:[]},&quot;space_between_mobile&quot;:{&quot;unit&quot;:&quot;px&quot;,&quot;size&quot;:10,&quot;sizes&quot;:[]}}\" data-widget_type=\"reviews.default\">\n\t\t\t\t\t\t\t\t\t\t<div class=\"elementor-main-swiper swiper\" role=\"region\" aria-roledescription=\"carousel\" aria-label=\"Diapositivas\">\n\t\t\t\t<div class=\"swiper-wrapper\">\n\t\t\t\t\t\t\t\t\t\t\t<div class=\"swiper-slide\" role=\"group\" aria-roledescription=\"slide\">\n\t\t\t\t\t\t\t\t\t<div class=\"elementor-testimonial elementor-repeater-item-dfff9b0\">\n\t\t\t\t\t\t\t<div class=\"elementor-testimonial__header\">\n\t\t\t\t\t\t\t\t\t\t\t<div class=\"elementor-testimonial__image\">\n\t\t\t\t\t\t\t<img decoding=\"async\" src=\"https:\/\/alispharmacy.com\/wp-content\/uploads\/2026\/02\/Thera2.avif\" alt=\"Angela D\">\n\t\t\t\t\t\t\t\t\t\t\t\t\t<\/div>\n\t\t\t\t\t\t\t\t\t\t<cite class=\"elementor-testimonial__cite\"><span class=\"elementor-testimonial__name\">Angela D<\/span><div class=\"elementor-star-rating\"><i class=\"elementor-star-full\">\ue934<\/i><i class=\"elementor-star-full\">\ue934<\/i><i class=\"elementor-star-full\">\ue934<\/i><i class=\"elementor-star-full\">\ue934<\/i><i class=\"elementor-star-full\">\ue934<\/i><\/div><\/cite>\t\t\t\t\t<div class=\"elementor-testimonial__icon elementor-icon elementor-icon-\" aria-label=\"Seguir leyendo\"><\/div>\t\t\t\t<\/div>\n\t\t\t\t\t\t\t\t\t\t<div class=\"elementor-testimonial__content\">\n\t\t\t\t\t<div class=\"elementor-testimonial__text\">\n\t\t\t\t\t\tNada me proporcionaba el alivio que esperaba hasta que encontr\u00e9 Therawolf. He probado innumerables cremas naturales para la neuropat\u00eda, pero \u00e9sta es la \u00fanica que hace desaparecer el ardor y el hormigueo de mis pies en cuesti\u00f3n de minutos. Por fin puedo dormir sin que me despierte el dolor de los nervios y volver a vivir mi vida con normalidad.\t\t\t\t\t<\/div>\n\t\t\t\t<\/div>\n\t\t\t\t\t<\/div>\n\t\t\t\t\t\t\t\t<\/div>\n\t\t\t\t\t\t\t\t\t\t\t<div class=\"swiper-slide\" role=\"group\" aria-roledescription=\"slide\">\n\t\t\t\t\t\t\t\t\t<div class=\"elementor-testimonial elementor-repeater-item-cab4446\">\n\t\t\t\t\t\t\t<div class=\"elementor-testimonial__header\">\n\t\t\t\t\t\t\t\t\t\t\t<div class=\"elementor-testimonial__image\">\n\t\t\t\t\t\t\t<img decoding=\"async\" src=\"https:\/\/alispharmacy.com\/wp-content\/uploads\/2026\/02\/Therawolf-A1.avif\" alt=\"Charles L\">\n\t\t\t\t\t\t\t\t\t\t\t\t\t<\/div>\n\t\t\t\t\t\t\t\t\t\t<cite class=\"elementor-testimonial__cite\"><span class=\"elementor-testimonial__name\">Charles L<\/span><div class=\"elementor-star-rating\"><i class=\"elementor-star-full\">\ue934<\/i><i class=\"elementor-star-full\">\ue934<\/i><i class=\"elementor-star-full\">\ue934<\/i><i class=\"elementor-star-full\">\ue934<\/i><i class=\"elementor-star-full\">\ue934<\/i><\/div><\/cite>\t\t\t\t\t<div class=\"elementor-testimonial__icon elementor-icon elementor-icon-\" aria-label=\"Seguir leyendo\"><\/div>\t\t\t\t<\/div>\n\t\t\t\t\t\t\t\t\t\t<div class=\"elementor-testimonial__content\">\n\t\t\t\t\t<div class=\"elementor-testimonial__text\">\n\t\t\t\t\t\tSent\u00eda los dedos de los pies como si estuvieran ardiendo, sobre todo despu\u00e9s de caminar o estar de pie demasiado tiempo. Este b\u00e1lsamo enfr\u00eda la quemadura casi al instante. No pica y tampoco es grasiento. Nunca pens\u00e9 que encontrar\u00eda algo tan sencillo que realmente funcionara.\t\t\t\t\t<\/div>\n\t\t\t\t<\/div>\n\t\t\t\t\t<\/div>\n\t\t\t\t\t\t\t\t<\/div>\n\t\t\t\t\t\t\t\t\t\t\t<div class=\"swiper-slide\" role=\"group\" aria-roledescription=\"slide\">\n\t\t\t\t\t\t\t\t\t<div class=\"elementor-testimonial elementor-repeater-item-4e7958c\">\n\t\t\t\t\t\t\t<div class=\"elementor-testimonial__header\">\n\t\t\t\t\t\t\t\t\t\t\t<div class=\"elementor-testimonial__image\">\n\t\t\t\t\t\t\t<img decoding=\"async\" src=\"https:\/\/alispharmacy.com\/wp-content\/uploads\/2026\/02\/Thea2.avif\" alt=\"Frances J\">\n\t\t\t\t\t\t\t\t\t\t\t\t\t<\/div>\n\t\t\t\t\t\t\t\t\t\t<cite class=\"elementor-testimonial__cite\"><span class=\"elementor-testimonial__name\">Frances J<\/span><div class=\"elementor-star-rating\"><i class=\"elementor-star-full\">\ue934<\/i><i class=\"elementor-star-full\">\ue934<\/i><i class=\"elementor-star-full\">\ue934<\/i><i class=\"elementor-star-full\">\ue934<\/i><i class=\"elementor-star-full\">\ue934<\/i><\/div><\/cite>\t\t\t\t\t<div class=\"elementor-testimonial__icon elementor-icon elementor-icon-\" aria-label=\"Seguir leyendo\"><\/div>\t\t\t\t<\/div>\n\t\t\t\t\t\t\t\t\t\t<div class=\"elementor-testimonial__content\">\n\t\t\t\t\t<div class=\"elementor-testimonial__text\">\n\t\t\t\t\t\tMi ci\u00e1tica aparece de forma aleatoria y siento descargas el\u00e9ctricas en la pierna. No quer\u00eda vivir a base de analg\u00e9sicos, as\u00ed que prob\u00e9 TheraWolf. Me lo froto en la parte baja de la espalda y en la pierna y, en 10 minutos, el fuego desaparece. Ning\u00fan medicamento que me haya recetado mi m\u00e9dico ha sido tan eficaz.\t\t\t\t\t<\/div>\n\t\t\t\t<\/div>\n\t\t\t\t\t<\/div>\n\t\t\t\t\t\t\t\t<\/div>\n\t\t\t\t\t\t\t\t\t\t\t<div class=\"swiper-slide\" role=\"group\" aria-roledescription=\"slide\">\n\t\t\t\t\t\t\t\t\t<div class=\"elementor-testimonial elementor-repeater-item-7172849\">\n\t\t\t\t\t\t\t<div class=\"elementor-testimonial__header\">\n\t\t\t\t\t\t\t\t\t\t\t<div class=\"elementor-testimonial__image\">\n\t\t\t\t\t\t\t<img decoding=\"async\" src=\"https:\/\/alispharmacy.com\/wp-content\/uploads\/2026\/02\/Thera-91.avif\" alt=\"Jessie R\">\n\t\t\t\t\t\t\t\t\t\t\t\t\t<\/div>\n\t\t\t\t\t\t\t\t\t\t<cite class=\"elementor-testimonial__cite\"><span class=\"elementor-testimonial__name\">Jessie R<\/span><div class=\"elementor-star-rating\"><i class=\"elementor-star-full\">\ue934<\/i><i class=\"elementor-star-full\">\ue934<\/i><i class=\"elementor-star-full\">\ue934<\/i><i class=\"elementor-star-full\">\ue934<\/i><i class=\"elementor-star-full\">\ue934<\/i><\/div><\/cite>\t\t\t\t\t<div class=\"elementor-testimonial__icon elementor-icon elementor-icon-\" aria-label=\"Seguir leyendo\"><\/div>\t\t\t\t<\/div>\n\t\t\t\t\t\t\t\t\t\t<div class=\"elementor-testimonial__content\">\n\t\t\t\t\t<div class=\"elementor-testimonial__text\">\n\t\t\t\t\t\tSiempre he tenido hormigueo y entumecimiento en los dedos y el m\u00e9dico s\u00f3lo dice que son mis nervios y ya est\u00e1, que tome cremas anest\u00e9sicas y viva con ello. Es decir, perd\u00eda la sensibilidad a mitad de hacer cualquier cosa con las manos, \u00a1\u00a1\u00a1c\u00f3mo voy a vivir con ello!!! \u00a1\u00a1\u00a1Empec\u00e9 a usar este b\u00e1lsamo dos veces al d\u00eda y mis manos han vuelto a la normalidad!!!\t\t\t\t\t<\/div>\n\t\t\t\t<\/div>\n\t\t\t\t\t<\/div>\n\t\t\t\t\t\t\t\t<\/div>\n\t\t\t\t\t\t\t\t\t<\/div>\n\t\t\t\t\t\t\t\t\t\t\t\t\t\t\t<div class=\"elementor-swiper-button elementor-swiper-button-prev\" role=\"button\" tabindex=\"0\" aria-label=\"Anterior\">\n\t\t\t\t\t\t\t<svg aria-hidden=\"true\" class=\"e-font-icon-svg e-eicon-chevron-left\" viewbox=\"0 0 1000 1000\" xmlns=\"http:\/\/www.w3.org\/2000\/svg\"><path d=\"M646 125C629 125 613 133 604 142L308 442C296 454 292 471 292 487 292 504 296 521 308 533L604 854C617 867 629 875 646 875 663 875 679 871 692 858 704 846 713 829 713 812 713 796 708 779 692 767L438 487 692 225C700 217 708 204 708 187 708 171 704 154 692 142 675 129 663 125 646 125Z\"><\/path><\/svg>\t\t\t\t\t\t<\/div>\n\t\t\t\t\t\t<div class=\"elementor-swiper-button elementor-swiper-button-next\" role=\"button\" tabindex=\"0\" aria-label=\"Siguiente\">\n\t\t\t\t\t\t\t<svg aria-hidden=\"true\" class=\"e-font-icon-svg e-eicon-chevron-right\" viewbox=\"0 0 1000 1000\" xmlns=\"http:\/\/www.w3.org\/2000\/svg\"><path d=\"M696 533C708 521 713 504 713 487 713 471 708 454 696 446L400 146C388 133 375 125 354 125 338 125 325 129 313 142 300 154 292 171 292 187 292 204 296 221 308 233L563 492 304 771C292 783 288 800 288 817 288 833 296 850 308 863 321 871 338 875 354 875 371 875 388 867 400 854L696 533Z\"><\/path><\/svg>\t\t\t\t\t\t<\/div>\n\t\t\t\t\t\t\t\t\t\t\t\t\t\t\t\t<div class=\"swiper-pagination\"><\/div>\n\t\t\t\t\t\t\t\t\t\t\t\t<\/div>\n\t\t\t\t\t\t\t\t<\/div>\n\t\t\t\t\t<\/div>\n\t\t\t\t<\/div>\n\t\t\t\t<\/div>","protected":false},"excerpt":{"rendered":"<p><strong>B\u00e1lsamo TheraWolf Neuro<\/strong>, crema calmante <strong>100% natural<\/strong> para un alivio r\u00e1pido de los dolores musculares, articulares y nerviosos. Su f\u00f3rmula \u00fanica combina mentol, alcanfor, \u00e1rnica y magnesio para un efecto refrescante inmediato y un confort duradero.<\/p>\n<p>Alivio r\u00e1pido en minutos<\/p>\n<p>F\u00f3rmula de r\u00e1pida absorci\u00f3n y no grasa<\/p>\n<p>\u2705 100% ingredientes naturales (\u00e1rnica, MSM, vitamina B6)<\/p>\n<p>\u2705 Ideal para el dolor cr\u00f3nico, la tensi\u00f3n muscular y la rigidez<\/p>\n<p>\u2705 Sin olor medicinal fuerte<\/p>\n<p><strong>\u00a1Consigue hasta 70% de descuento ahora en TheraWolf!<\/strong><\/p>","protected":false},"featured_media":144,"template":"","meta":[],"product_brand":[],"product_cat":[18,17],"product_tag":[],"class_list":{"0":"post-137","1":"product","2":"type-product","3":"status-publish","4":"has-post-thumbnail","6":"product_cat-beaute-et-bien-etre","7":"product_cat-sante","9":"first","10":"instock","11":"sale","12":"shipping-taxable","13":"product-type-external"},"_links":{"self":[{"href":"https:\/\/alispharmacy.com\/es\/wp-json\/wp\/v2\/product\/137","targetHints":{"allow":["GET"]}}],"collection":[{"href":"https:\/\/alispharmacy.com\/es\/wp-json\/wp\/v2\/product"}],"about":[{"href":"https:\/\/alispharmacy.com\/es\/wp-json\/wp\/v2\/types\/product"}],"version-history":[{"count":14,"href":"https:\/\/alispharmacy.com\/es\/wp-json\/wp\/v2\/product\/137\/revisions"}],"predecessor-version":[{"id":326,"href":"https:\/\/alispharmacy.com\/es\/wp-json\/wp\/v2\/product\/137\/revisions\/326"}],"wp:featuredmedia":[{"embeddable":true,"href":"https:\/\/alispharmacy.com\/es\/wp-json\/wp\/v2\/media\/144"}],"wp:attachment":[{"href":"https:\/\/alispharmacy.com\/es\/wp-json\/wp\/v2\/media?parent=137"}],"wp:term":[{"taxonomy":"product_brand","embeddable":true,"href":"https:\/\/alispharmacy.com\/es\/wp-json\/wp\/v2\/product_brand?post=137"},{"taxonomy":"product_cat","embeddable":true,"href":"https:\/\/alispharmacy.com\/es\/wp-json\/wp\/v2\/product_cat?post=137"},{"taxonomy":"product_tag","embeddable":true,"href":"https:\/\/alispharmacy.com\/es\/wp-json\/wp\/v2\/product_tag?post=137"}],"curies":[{"name":"wp","href":"https:\/\/api.w.org\/{rel}","templated":true}]}}