{"id":199,"date":"2026-02-06T12:35:37","date_gmt":"2026-02-06T12:35:37","guid":{"rendered":"https:\/\/alispharmacy.com\/?post_type=product&#038;p=199"},"modified":"2026-03-08T16:26:01","modified_gmt":"2026-03-08T16:26:01","slug":"desinfectante-uv-clairlite","status":"publish","type":"product","link":"https:\/\/alispharmacy.com\/es\/product\/desinfectante-uv-clairlite\/","title":{"rendered":"Desinfectante UV Clairlite"},"content":{"rendered":"<div data-elementor-type=\"product-post\" data-elementor-id=\"199\" class=\"elementor elementor-199\" data-elementor-post-type=\"product\">\n\t\t\t\t<div class=\"elementor-element elementor-element-354f192f e-flex e-con-boxed e-con e-parent\" data-id=\"354f192f\" data-element_type=\"container\" data-e-type=\"container\">\n\t\t\t\t\t<div class=\"e-con-inner\">\n\t\t\t\t<div class=\"elementor-element elementor-element-5c302df1 elementor-widget elementor-widget-text-editor\" data-id=\"5c302df1\" data-element_type=\"widget\" data-e-type=\"widget\" data-widget_type=\"text-editor.default\">\n\t\t\t\t\t\t\t\t\t<h2 data-start=\"398\" data-end=\"423\">\u00bfQu\u00e9 es el desinfectante UV Clairlite?<\/h2><p data-start=\"425\" data-end=\"1036\">Le <strong data-start=\"428\" data-end=\"456\">Desinfectante ClairLite UV-C<\/strong> es un aparato de desinfecci\u00f3n dom\u00e9stico dise\u00f1ado para <strong data-start=\"511\" data-end=\"573\">limpie el aire y las superficies de su hogar sin esfuerzo<\/strong> no se utilizan productos qu\u00edmicos. Utiliza <strong data-start=\"642\" data-end=\"678\">luz UV-C de calidad hospitalaria<\/strong> capaz de neutralizar hasta <strong data-start=\"710\" data-end=\"776\">99,99 % g\u00e9rmenes, bacterias, virus, alergias y mohos<\/strong> en un espacio cerrado. A diferencia de los sprays desinfectantes convencionales, que s\u00f3lo afectan a las zonas que se limpian, ClairLite difunde los rayos UV-C por toda la superficie expuesta para una <strong data-start=\"961\" data-end=\"997\">desinfecci\u00f3n global y profunda<\/strong>.<\/p><p data-start=\"1038\" data-end=\"1293\">Esta soluci\u00f3n est\u00e1 dirigida a los hogares que desean mantener un entorno saludable. <strong data-start=\"1116\" data-end=\"1163\">m\u00e1s limpio, sano y libre de g\u00e9rmenes<\/strong>, Ya sea en dormitorios, salones, cocinas o incluso espacios profesionales.<\/p><h2 data-start=\"1295\" data-end=\"1326\">C\u00f3mo funciona ClairLite<\/h2><p data-start=\"1328\" data-end=\"1770\">ClairLite utiliza <strong data-start=\"1350\" data-end=\"1378\">potentes luces UV-C<\/strong>, similares a los utilizados en contextos m\u00e9dicos, para <strong data-start=\"1444\" data-end=\"1493\">alterar el ADN y el ARN de los microorganismos<\/strong>, Esto impide que se reproduzcan o infecten. La l\u00e1mpara emite rayos que se propagan por una zona determinada, proporcionando una luz clara y brillante. <strong data-start=\"1622\" data-end=\"1643\">Cobertura de 360<\/strong> y llegar a zonas que los m\u00e9todos de limpieza tradicionales suelen pasar por alto.<\/p><p data-start=\"1772\" data-end=\"1994\">El dispositivo tiene un <strong data-start=\"1796\" data-end=\"1883\">control remoto de los ciclos de desinfecci\u00f3n programables (15, 30 o 60 minutos)<\/strong> y un sistema de desconexi\u00f3n autom\u00e1tica para mayor comodidad y seguridad.<\/p><h2 data-start=\"1996\" data-end=\"2025\">Composici\u00f3n<\/h2><p data-start=\"2027\" data-end=\"2418\">A diferencia de los desinfectantes convencionales, <strong data-start=\"2080\" data-end=\"2151\">ClairLite no contiene ingredientes qu\u00edmicos ni soluciones l\u00edquidas<\/strong>. Su tecnolog\u00eda se basa \u00fanicamente en una l\u00e1mpara UV-C integrada en una caja electr\u00f3nica. Esto significa que no hay <strong data-start=\"2267\" data-end=\"2306\">sin consumibles que a\u00f1adir<\/strong>, Sin humos, sin residuos y sin productos qu\u00edmicos irritantes.<\/p><h2 data-start=\"2420\" data-end=\"2453\">C\u00f3mo utilizarlo<\/h2><ol data-start=\"2455\" data-end=\"3020\"><li data-start=\"2455\" data-end=\"2556\"><p data-start=\"2458\" data-end=\"2556\"><strong data-start=\"2458\" data-end=\"2506\">Coloque ClairLite en la habitaci\u00f3n a desinfectar<\/strong> asegur\u00e1ndose de que la zona est\u00e1 despejada.<\/p><\/li><li data-start=\"2557\" data-end=\"2668\"><p data-start=\"2560\" data-end=\"2668\"><strong data-start=\"2560\" data-end=\"2598\">Aseg\u00farese de que la habitaci\u00f3n est\u00e1 vac\u00eda<\/strong> personas, animales o plantas sensibles a la luz UV-C.<\/p><\/li><li data-start=\"2669\" data-end=\"2790\"><p data-start=\"2672\" data-end=\"2790\">Utilizaci\u00f3n de la <strong data-start=\"2687\" data-end=\"2703\">mando a distancia<\/strong>, Seleccione la duraci\u00f3n deseada (15, 30 o 60 minutos) en funci\u00f3n del tama\u00f1o de la sala.<\/p><\/li><li data-start=\"2791\" data-end=\"2836\"><p data-start=\"2794\" data-end=\"2836\"><strong data-start=\"2794\" data-end=\"2813\">Iniciar el ciclo<\/strong> y salir de la habitaci\u00f3n.<\/p><\/li><li data-start=\"2837\" data-end=\"2905\"><p data-start=\"2840\" data-end=\"2905\">Una vez finalizado el ciclo, el aparato se detiene autom\u00e1ticamente.<\/p><\/li><li data-start=\"2906\" data-end=\"3020\"><p data-start=\"2909\" data-end=\"3020\"><strong data-start=\"2909\" data-end=\"2943\">Ventile la habitaci\u00f3n de 30 a 40 minutos<\/strong> despu\u00e9s del tratamiento antes de volver a \u00e9l.<\/p><\/li><\/ol><p>Dise\u00f1ado para ser accesible a todos, ClairLite le ofrece desinfecci\u00f3n <strong>completo y fiable<\/strong>, Con unos sencillos gestos, podr\u00e1s hacerlo todo, sin limitaciones ni conocimientos especiales.<\/p><h2 data-start=\"3022\" data-end=\"3050\">Indicaciones de uso<\/h2><p data-start=\"3052\" data-end=\"3333\">ClairLite est\u00e1 dise\u00f1ado para su uso <strong data-start=\"3086\" data-end=\"3115\">dom\u00e9sticos y no m\u00e9dicos<\/strong>. No pretende diagnosticar, tratar o prevenir una enfermedad espec\u00edfica, sino ayudar a <strong data-start=\"3212\" data-end=\"3294\">mantener un entorno dom\u00e9stico m\u00e1s limpio y potencialmente m\u00e1s sano<\/strong>.<\/p><p data-start=\"3335\" data-end=\"3364\">Puede utilizarlo en :<\/p><ul data-start=\"3365\" data-end=\"3543\"><li data-start=\"3365\" data-end=\"3387\"><p data-start=\"3367\" data-end=\"3387\">dormitorios y salones<\/p><\/li><li data-start=\"3388\" data-end=\"3419\"><p data-start=\"3390\" data-end=\"3419\">cocinas y ba\u00f1os<\/p><\/li><li data-start=\"3420\" data-end=\"3453\"><p data-start=\"3422\" data-end=\"3453\">oficinas y espacios de trabajo<\/p><\/li><li data-start=\"3454\" data-end=\"3489\"><p data-start=\"3456\" data-end=\"3489\">dormitorios infantiles y guarder\u00edas<\/p><\/li><li data-start=\"3490\" data-end=\"3543\"><p data-start=\"3492\" data-end=\"3543\">superficies sensibles como pantallas, textiles, juguetes<\/p><\/li><\/ul><h2 data-start=\"3545\" data-end=\"3559\"><img fetchpriority=\"high\" decoding=\"async\" class=\"aligncenter wp-image-202 size-large\" title=\"Desinfectante UV Clairlite\" src=\"https:\/\/alispharmacy.com\/wp-content\/uploads\/2026\/02\/Capture-decran-2026-02-06-132316-1024x309.jpg\" alt=\"Desinfectante UV Clairlite\" width=\"800\" height=\"241\" srcset=\"https:\/\/alispharmacy.com\/wp-content\/uploads\/2026\/02\/Capture-decran-2026-02-06-132316-1024x309.jpg 1024w, https:\/\/alispharmacy.com\/wp-content\/uploads\/2026\/02\/Capture-decran-2026-02-06-132316-300x90.jpg 300w, https:\/\/alispharmacy.com\/wp-content\/uploads\/2026\/02\/Capture-decran-2026-02-06-132316-768x231.jpg 768w, https:\/\/alispharmacy.com\/wp-content\/uploads\/2026\/02\/Capture-decran-2026-02-06-132316-600x181.jpg 600w, https:\/\/alispharmacy.com\/wp-content\/uploads\/2026\/02\/Capture-decran-2026-02-06-132316.jpg 1291w\" sizes=\"(max-width: 800px) 100vw, 800px\" \/><\/h2><h2 data-start=\"3545\" data-end=\"3559\">Precauciones<\/h2><p data-start=\"3561\" data-end=\"3696\">La luz UV-C puede ser peligrosa para la piel y los ojos si se utiliza incorrectamente. Antes de utilizar el producto:<\/p><ul data-start=\"3697\" data-end=\"4045\"><li data-start=\"3697\" data-end=\"3756\"><p data-start=\"3699\" data-end=\"3756\"><strong data-start=\"3699\" data-end=\"3754\">No permanezca en la sala durante el funcionamiento.<\/strong><\/p><\/li><li data-start=\"3757\" data-end=\"3812\"><p data-start=\"3759\" data-end=\"3812\"><strong data-start=\"3759\" data-end=\"3810\">Nunca mire directamente a la luz UV-C.<\/strong><\/p><\/li><li data-start=\"3813\" data-end=\"3886\"><p data-start=\"3815\" data-end=\"3886\">Aseg\u00farate de que los animales y las plantas se retiran del espacio.<\/p><\/li><li data-start=\"3887\" data-end=\"3941\"><p data-start=\"3889\" data-end=\"3941\">Siga los tiempos de aireaci\u00f3n despu\u00e9s de cada ciclo.<\/p><\/li><li data-start=\"3942\" data-end=\"4045\"><p data-start=\"3944\" data-end=\"4045\">Mantenga el aparato fuera del alcance de los ni\u00f1os sin vigilancia.<\/p><\/li><\/ul><h2 data-start=\"4047\" data-end=\"4078\">Posibles efectos secundarios<\/h2><p data-start=\"4080\" data-end=\"4429\">Si se utiliza seg\u00fan las indicaciones, ClairLite no causar\u00e1 normalmente <strong data-start=\"4154\" data-end=\"4189\">sin efectos secundarios qu\u00edmicos<\/strong> porque no contiene sustancias qu\u00edmicas. Sin embargo, hay varias razones para ello, <strong data-start=\"4240\" data-end=\"4331\">la exposici\u00f3n directa a la luz UV-C puede irritar o da\u00f1ar la piel y los ojos<\/strong>. Por ello, la sala debe estar vac\u00eda durante los ciclos.<\/p><h2 data-start=\"4431\" data-end=\"4462\">Posibles beneficios esperados<\/h2><p data-start=\"4464\" data-end=\"4530\">El uso regular de ClairLite puede ofrecer una serie de beneficios:<\/p><ul data-start=\"4531\" data-end=\"5114\"><li data-start=\"4531\" data-end=\"4670\"><p data-start=\"134\" data-end=\"232\">\ud83c\udf1f <strong>Reducci\u00f3n significativa<\/strong> g\u00e9rmenes invisibles en las superficies y en el aire, <strong>hasta 99,99 %<\/strong>.<\/p><\/li><li data-start=\"4531\" data-end=\"4670\"><p data-start=\"134\" data-end=\"232\">\ud83e\uddf4 Menor dependencia de los productos qu\u00edmicos y desinfectantes tradicionales.<\/p><\/li><li data-start=\"4531\" data-end=\"4670\"><p data-start=\"134\" data-end=\"232\">\ud83c\udf2c\ufe0f <strong>Aire interior m\u00e1s fresco<\/strong> sin olores qu\u00edmicos.<\/p><\/li><li data-start=\"4531\" data-end=\"4670\"><p data-start=\"134\" data-end=\"232\">\ud83c\udf3f Potencial <strong>ayuda<\/strong> para personas sensibles a los al\u00e9rgenos.<\/p><\/li><li data-start=\"4531\" data-end=\"4670\"><p data-start=\"134\" data-end=\"232\">\u23f1\ufe0f Ahorra tiempo mientras el aparato funciona <strong>sin esfuerzo manual<\/strong>.<\/p><\/li><\/ul><h2 data-start=\"5116\" data-end=\"5130\">Comentarios de los clientes<\/h2><p data-start=\"5132\" data-end=\"5530\">Muchos usuarios afirman que <strong data-start=\"5172\" data-end=\"5254\">sensaci\u00f3n de aire m\u00e1s limpio y reducci\u00f3n de los g\u00e9rmenes visibles e invisibles<\/strong> despu\u00e9s de su uso. Numerosos testimonios indican que el aparato ha facilitado la limpieza semanal del hogar, ha reducido los s\u00edntomas al\u00e9rgicos en algunas personas y ha proporcionado tranquilidad frente a los g\u00e9rmenes dom\u00e9sticos.<\/p><p data-start=\"5532\" data-end=\"5666\">Las rese\u00f1as muestran una puntuaci\u00f3n media alta y muchas recomendaciones personales.<\/p><h2 data-start=\"113\" data-end=\"134\">Precios y promociones<\/h2><p data-start=\"136\" data-end=\"645\">Le <strong data-start=\"139\" data-end=\"167\">Desinfectante ClairLite UV-C<\/strong> est\u00e1 disponible a un precio muy atractivo para cualquiera que desee asegurar su hogar de forma eficaz. Ahora mismo, puede beneficiarse de un <strong data-start=\"315\" data-end=\"366\">oferta especial de hasta 70 % de descuento<\/strong> para la compra de <strong data-start=\"383\" data-end=\"395\">4 l\u00e1mparas<\/strong>.<br \/>Este <strong>promoci\u00f3n por tiempo limitado <\/strong>est\u00e1 disponible en<a href=\"https:\/\/clairlite-uv.fr\/\" target=\"_blank\" rel=\"noopener\"><strong> Sitio web oficial de Clairlite <\/strong><\/a>o a trav\u00e9s de<strong> nuestro sitio web, <\/strong>y le permite beneficiarse de un precio ventajoso al tiempo que garantiza un entorno m\u00e1s sano y desinfectado en su hogar.<\/p><h2 data-start=\"5668\" data-end=\"5674\">PREGUNTAS FRECUENTES<\/h2><p data-start=\"5676\" data-end=\"5909\"><strong data-start=\"5676\" data-end=\"5724\">\u2753 \u00bfClairLite mata realmente los g\u00e9rmenes?<\/strong><br data-start=\"5724\" data-end=\"5727\" \/>Dependiendo de la tecnolog\u00eda UV-C utilizada, puede eliminar hasta <strong data-start=\"5794\" data-end=\"5847\">99,99 % de microorganismos expuestos a la luz<\/strong> en un espacio cerrado.<\/p><p data-start=\"5911\" data-end=\"6148\"><strong data-start=\"5911\" data-end=\"5954\">\u2753\u00bfEs peligroso para el ser humano?<\/strong><br data-start=\"5954\" data-end=\"5957\" \/>La luz UV-C no debe verse directamente. El aparato debe utilizarse con la habitaci\u00f3n vac\u00eda y respetando las recomendaciones de seguridad.<\/p><p data-start=\"6150\" data-end=\"6379\"><strong data-start=\"6150\" data-end=\"6196\">\u2753\u00bfA\u00fan tengo que limpiar las superficies?<\/strong><br data-start=\"6196\" data-end=\"6199\" \/>S\u00ed, ClairLite <strong data-start=\"6218\" data-end=\"6260\">no sustituye a la limpieza convencional<\/strong> superficies visibles y no elimina la suciedad f\u00edsica (polvo, manchas).<\/p><p data-start=\"6381\" data-end=\"6612\"><strong data-start=\"6381\" data-end=\"6435\">\u2753\u00bfPuede utilizarse en todo tipo de objetos?<\/strong><br data-start=\"6435\" data-end=\"6438\" \/>S\u00ed, es seguro para textiles delicados, aparatos electr\u00f3nicos y juguetes, siempre que se respete la exposici\u00f3n directa.<\/p>\t\t\t\t\t\t\t\t<\/div>\n\t\t\t\t<div class=\"elementor-element elementor-element-cd24415 elementor-arrows-yes elementor-pagination-type-bullets elementor-review--has-separator elementor--star-style-star_fontawesome elementor-widget elementor-widget-reviews\" data-id=\"cd24415\" data-element_type=\"widget\" data-e-type=\"widget\" data-settings=\"{&quot;slides_per_view&quot;:&quot;3&quot;,&quot;slides_to_scroll&quot;:&quot;1&quot;,&quot;show_arrows&quot;:&quot;yes&quot;,&quot;pagination&quot;:&quot;bullets&quot;,&quot;speed&quot;:500,&quot;autoplay&quot;:&quot;yes&quot;,&quot;autoplay_speed&quot;:5000,&quot;loop&quot;:&quot;yes&quot;,&quot;pause_on_hover&quot;:&quot;yes&quot;,&quot;pause_on_interaction&quot;:&quot;yes&quot;,&quot;space_between&quot;:{&quot;unit&quot;:&quot;px&quot;,&quot;size&quot;:10,&quot;sizes&quot;:[]},&quot;space_between_tablet&quot;:{&quot;unit&quot;:&quot;px&quot;,&quot;size&quot;:10,&quot;sizes&quot;:[]},&quot;space_between_mobile&quot;:{&quot;unit&quot;:&quot;px&quot;,&quot;size&quot;:10,&quot;sizes&quot;:[]}}\" data-widget_type=\"reviews.default\">\n\t\t\t\t\t\t\t\t\t\t<div class=\"elementor-main-swiper swiper\" role=\"region\" aria-roledescription=\"carousel\" aria-label=\"Diapositivas\">\n\t\t\t\t<div class=\"swiper-wrapper\">\n\t\t\t\t\t\t\t\t\t\t\t<div class=\"swiper-slide\" role=\"group\" aria-roledescription=\"slide\">\n\t\t\t\t\t\t\t\t\t<div class=\"elementor-testimonial elementor-repeater-item-dfff9b0\">\n\t\t\t\t\t\t\t<div class=\"elementor-testimonial__header\">\n\t\t\t\t\t\t\t\t\t\t\t<div class=\"elementor-testimonial__image\">\n\t\t\t\t\t\t\t<img decoding=\"async\" src=\"https:\/\/alispharmacy.com\/wp-content\/uploads\/2026\/02\/Kristie.jpg\" alt=\"Kristie\">\n\t\t\t\t\t\t\t\t\t\t\t\t\t<\/div>\n\t\t\t\t\t\t\t\t\t\t<cite class=\"elementor-testimonial__cite\"><span class=\"elementor-testimonial__name\">Kristie<\/span><div class=\"elementor-star-rating\"><i class=\"elementor-star-full\">\ue934<\/i><i class=\"elementor-star-full\">\ue934<\/i><i class=\"elementor-star-full\">\ue934<\/i><i class=\"elementor-star-full\">\ue934<\/i><i class=\"elementor-star-full\">\ue934<\/i><\/div><\/cite>\t\t\t\t\t<div class=\"elementor-testimonial__icon elementor-icon elementor-icon-\" aria-label=\"Seguir leyendo\" data-no-translation-aria-label=\"\"><\/div>\t\t\t\t<\/div>\n\t\t\t\t\t\t\t\t\t\t<div class=\"elementor-testimonial__content\">\n\t\t\t\t\t<div class=\"elementor-testimonial__text\">\n\t\t\t\t\t\tSoy muy al\u00e9rgica a los \u00e1caros del polvo y, a pesar de todos mis esfuerzos por limpiar, no pod\u00eda dejar de estornudar. En ese momento llegu\u00e9 a preguntarme si los \u00e1caros del polvo eran la \u00fanica causa de mis dificultades respiratorias. As\u00ed que prob\u00e9 ClairLite por capricho y me qued\u00e9 asombrada: \u00a1mis alergias desaparecieron en un d\u00eda! Me levanto con la cabeza despejada y la nariz completamente limpia.\t\t\t\t\t<\/div>\n\t\t\t\t<\/div>\n\t\t\t\t\t<\/div>\n\t\t\t\t\t\t\t\t<\/div>\n\t\t\t\t\t\t\t\t\t\t\t<div class=\"swiper-slide\" role=\"group\" aria-roledescription=\"slide\">\n\t\t\t\t\t\t\t\t\t<div class=\"elementor-testimonial elementor-repeater-item-cab4446\">\n\t\t\t\t\t\t\t<div class=\"elementor-testimonial__header\">\n\t\t\t\t\t\t\t\t\t\t\t<div class=\"elementor-testimonial__image\">\n\t\t\t\t\t\t\t<img decoding=\"async\" src=\"https:\/\/alispharmacy.com\/wp-content\/uploads\/2026\/02\/Sarah.webp\" alt=\"Sarah\">\n\t\t\t\t\t\t\t\t\t\t\t\t\t<\/div>\n\t\t\t\t\t\t\t\t\t\t<cite class=\"elementor-testimonial__cite\"><span class=\"elementor-testimonial__name\">Sarah<\/span><div class=\"elementor-star-rating\"><i class=\"elementor-star-full\">\ue934<\/i><i class=\"elementor-star-full\">\ue934<\/i><i class=\"elementor-star-full\">\ue934<\/i><i class=\"elementor-star-full\">\ue934<\/i><i class=\"elementor-star-full\">\ue934<\/i><\/div><\/cite>\t\t\t\t\t<div class=\"elementor-testimonial__icon elementor-icon elementor-icon-\" aria-label=\"Seguir leyendo\" data-no-translation-aria-label=\"\"><\/div>\t\t\t\t<\/div>\n\t\t\t\t\t\t\t\t\t\t<div class=\"elementor-testimonial__content\">\n\t\t\t\t\t<div class=\"elementor-testimonial__text\">\n\t\t\t\t\t\tAntes de Clairlite, \u00a1estaba realmente obsesionada con los g\u00e9rmenes! Tengo dos peque\u00f1os que lo tocan todo, as\u00ed que mantener la casa limpia era casi imposible. No tengo tiempo para desinfectarlo todo todos los d\u00edas. Pero ahora, con Clairlite, s\u00f3lo tengo que encenderlo y dejar que haga su trabajo, \u00a1y mi casa est\u00e1 mucho m\u00e1s limpia!\t\t\t\t\t<\/div>\n\t\t\t\t<\/div>\n\t\t\t\t\t<\/div>\n\t\t\t\t\t\t\t\t<\/div>\n\t\t\t\t\t\t\t\t\t\t\t<div class=\"swiper-slide\" role=\"group\" aria-roledescription=\"slide\">\n\t\t\t\t\t\t\t\t\t<div class=\"elementor-testimonial elementor-repeater-item-4e7958c\">\n\t\t\t\t\t\t\t<div class=\"elementor-testimonial__header\">\n\t\t\t\t\t\t\t\t\t\t\t<div class=\"elementor-testimonial__image\">\n\t\t\t\t\t\t\t<img decoding=\"async\" src=\"https:\/\/alispharmacy.com\/wp-content\/uploads\/2026\/02\/Melissa-K.webp\" alt=\"Melissa K\">\n\t\t\t\t\t\t\t\t\t\t\t\t\t<\/div>\n\t\t\t\t\t\t\t\t\t\t<cite class=\"elementor-testimonial__cite\"><span class=\"elementor-testimonial__name\">Melissa K<\/span><div class=\"elementor-star-rating\"><i class=\"elementor-star-full\">\ue934<\/i><i class=\"elementor-star-full\">\ue934<\/i><i class=\"elementor-star-full\">\ue934<\/i><i class=\"elementor-star-full\">\ue934<\/i><i class=\"elementor-star-full\">\ue934<\/i><\/div><\/cite>\t\t\t\t\t<div class=\"elementor-testimonial__icon elementor-icon elementor-icon-\" aria-label=\"Seguir leyendo\" data-no-translation-aria-label=\"\"><\/div>\t\t\t\t<\/div>\n\t\t\t\t\t\t\t\t\t\t<div class=\"elementor-testimonial__content\">\n\t\t\t\t\t<div class=\"elementor-testimonial__text\">\n\t\t\t\t\t\tEs tan agradable saber que nuestra casa est\u00e1 realmente desinfectada sin el uso de productos qu\u00edmicos... no m\u00e1s humos malolientes y l\u00edquidos desinfectantes pegajosos... y lo que es m\u00e1s, no tengo que hacerlo yo misma... tanto tiempo para relajarse....\t\t\t\t\t<\/div>\n\t\t\t\t<\/div>\n\t\t\t\t\t<\/div>\n\t\t\t\t\t\t\t\t<\/div>\n\t\t\t\t\t\t\t\t\t\t\t<div class=\"swiper-slide\" role=\"group\" aria-roledescription=\"slide\">\n\t\t\t\t\t\t\t\t\t<div class=\"elementor-testimonial elementor-repeater-item-faae768\">\n\t\t\t\t\t\t\t<div class=\"elementor-testimonial__header\">\n\t\t\t\t\t\t\t\t\t\t\t<div class=\"elementor-testimonial__image\">\n\t\t\t\t\t\t\t<img decoding=\"async\" src=\"https:\/\/alispharmacy.com\/wp-content\/uploads\/2026\/02\/James-P.webp\" alt=\"James P\">\n\t\t\t\t\t\t\t\t\t\t\t\t\t<\/div>\n\t\t\t\t\t\t\t\t\t\t<cite class=\"elementor-testimonial__cite\"><span class=\"elementor-testimonial__name\">James P<\/span><div class=\"elementor-star-rating\"><i class=\"elementor-star-full\">\ue934<\/i><i class=\"elementor-star-full\">\ue934<\/i><i class=\"elementor-star-full\">\ue934<\/i><i class=\"elementor-star-full\">\ue934<\/i><i class=\"elementor-star-full\">\ue934<\/i><\/div><\/cite>\t\t\t\t\t<div class=\"elementor-testimonial__icon elementor-icon elementor-icon-\" aria-label=\"Seguir leyendo\" data-no-translation-aria-label=\"\"><\/div>\t\t\t\t<\/div>\n\t\t\t\t\t\t\t\t\t\t<div class=\"elementor-testimonial__content\">\n\t\t\t\t\t<div class=\"elementor-testimonial__text\">\n\t\t\t\t\t\tSol\u00eda levantarme cada ma\u00f1ana con la nariz taponada y estornudando, incluso despu\u00e9s de una gran limpieza. Con ClairLite, he notado una gran diferencia. Hay mucho menos polvo (lo que significa menos al\u00e9rgenos) y no estornudo todo el tiempo. Ahora lo uso dos veces por semana, \u00a1y es genial!\t\t\t\t\t<\/div>\n\t\t\t\t<\/div>\n\t\t\t\t\t<\/div>\n\t\t\t\t\t\t\t\t<\/div>\n\t\t\t\t\t\t\t\t\t<\/div>\n\t\t\t\t\t\t\t\t\t\t\t\t\t\t\t<div class=\"elementor-swiper-button elementor-swiper-button-prev\" role=\"button\" tabindex=\"0\" aria-label=\"Anterior\" data-no-translation-aria-label=\"\">\n\t\t\t\t\t\t\t<svg aria-hidden=\"true\" class=\"e-font-icon-svg e-eicon-chevron-left\" viewbox=\"0 0 1000 1000\" xmlns=\"http:\/\/www.w3.org\/2000\/svg\"><path d=\"M646 125C629 125 613 133 604 142L308 442C296 454 292 471 292 487 292 504 296 521 308 533L604 854C617 867 629 875 646 875 663 875 679 871 692 858 704 846 713 829 713 812 713 796 708 779 692 767L438 487 692 225C700 217 708 204 708 187 708 171 704 154 692 142 675 129 663 125 646 125Z\"><\/path><\/svg>\t\t\t\t\t\t<\/div>\n\t\t\t\t\t\t<div class=\"elementor-swiper-button elementor-swiper-button-next\" role=\"button\" tabindex=\"0\" aria-label=\"Siguiente\" data-no-translation-aria-label=\"\">\n\t\t\t\t\t\t\t<svg aria-hidden=\"true\" class=\"e-font-icon-svg e-eicon-chevron-right\" viewbox=\"0 0 1000 1000\" xmlns=\"http:\/\/www.w3.org\/2000\/svg\"><path d=\"M696 533C708 521 713 504 713 487 713 471 708 454 696 446L400 146C388 133 375 125 354 125 338 125 325 129 313 142 300 154 292 171 292 187 292 204 296 221 308 233L563 492 304 771C292 783 288 800 288 817 288 833 296 850 308 863 321 871 338 875 354 875 371 875 388 867 400 854L696 533Z\"><\/path><\/svg>\t\t\t\t\t\t<\/div>\n\t\t\t\t\t\t\t\t\t\t\t\t\t\t\t\t<div class=\"swiper-pagination\"><\/div>\n\t\t\t\t\t\t\t\t\t\t\t\t<\/div>\n\t\t\t\t\t\t\t\t<\/div>\n\t\t\t\t\t<\/div>\n\t\t\t\t<\/div>\n\t\t\t\t<\/div>","protected":false},"excerpt":{"rendered":"<p class=\"font-claude-response-body break-words whitespace-normal leading-[1.7]\">Desinfecte su hogar sin productos qu\u00edmicos gracias a <strong>Desinfectante ClairLite UV-C<\/strong>. Esta l\u00e1mpara UV-C profesional elimina <strong>hasta 99,99 %<\/strong> g\u00e9rmenes, bacterias y virus en las superficies y en el aire.<\/p>\n<p data-start=\"98\" data-end=\"153\">\u2705 Tecnolog\u00eda UV-C hospitalaria: desinfecci\u00f3n a 360<\/p>\n<p data-start=\"155\" data-end=\"219\">\u2705 Mando a distancia incluido - 3 ciclos programables (15\/30\/60 min)<\/p>\n<p data-start=\"221\" data-end=\"271\">\u2705 Sin productos qu\u00edmicos: sin residuos t\u00f3xicos<\/p>\n<p data-start=\"273\" data-end=\"324\">\u2705 F\u00e1cil de usar: parada autom\u00e1tica segura<\/p>\n<p data-start=\"326\" data-end=\"378\">\u2705 Vers\u00e1til: dormitorios, cocinas, oficinas, juguetes<\/p>\n<p data-start=\"326\" data-end=\"378\"><strong>\ud83c\udff7\ufe0fProfitez<\/strong> <strong data-start=\"315\" data-end=\"366\">\u00a1hasta 70 % de descuento!<\/strong><\/p>","protected":false},"featured_media":203,"template":"","meta":[],"product_brand":[],"product_cat":[17],"product_tag":[],"class_list":{"0":"post-199","1":"product","2":"type-product","3":"status-publish","4":"has-post-thumbnail","6":"product_cat-sante","8":"first","9":"instock","10":"sale","11":"shipping-taxable","12":"product-type-external"},"_links":{"self":[{"href":"https:\/\/alispharmacy.com\/es\/wp-json\/wp\/v2\/product\/199","targetHints":{"allow":["GET"]}}],"collection":[{"href":"https:\/\/alispharmacy.com\/es\/wp-json\/wp\/v2\/product"}],"about":[{"href":"https:\/\/alispharmacy.com\/es\/wp-json\/wp\/v2\/types\/product"}],"version-history":[{"count":17,"href":"https:\/\/alispharmacy.com\/es\/wp-json\/wp\/v2\/product\/199\/revisions"}],"predecessor-version":[{"id":585,"href":"https:\/\/alispharmacy.com\/es\/wp-json\/wp\/v2\/product\/199\/revisions\/585"}],"wp:featuredmedia":[{"embeddable":true,"href":"https:\/\/alispharmacy.com\/es\/wp-json\/wp\/v2\/media\/203"}],"wp:attachment":[{"href":"https:\/\/alispharmacy.com\/es\/wp-json\/wp\/v2\/media?parent=199"}],"wp:term":[{"taxonomy":"product_brand","embeddable":true,"href":"https:\/\/alispharmacy.com\/es\/wp-json\/wp\/v2\/product_brand?post=199"},{"taxonomy":"product_cat","embeddable":true,"href":"https:\/\/alispharmacy.com\/es\/wp-json\/wp\/v2\/product_cat?post=199"},{"taxonomy":"product_tag","embeddable":true,"href":"https:\/\/alispharmacy.com\/es\/wp-json\/wp\/v2\/product_tag?post=199"}],"curies":[{"name":"wp","href":"https:\/\/api.w.org\/{rel}","templated":true}]}}