{"id":215,"date":"2026-02-06T13:22:46","date_gmt":"2026-02-06T13:22:46","guid":{"rendered":"https:\/\/alispharmacy.com\/?post_type=product&#038;p=215"},"modified":"2026-02-06T13:22:46","modified_gmt":"2026-02-06T13:22:46","slug":"boveda-mental","status":"publish","type":"product","link":"https:\/\/alispharmacy.com\/es\/product\/boveda-mental\/","title":{"rendered":"Mindvault"},"content":{"rendered":"<div data-elementor-type=\"product-post\" data-elementor-id=\"215\" class=\"elementor elementor-215\" data-elementor-post-type=\"product\">\n\t\t\t\t<div class=\"elementor-element elementor-element-32b4bc18 e-flex e-con-boxed e-con e-parent\" data-id=\"32b4bc18\" data-element_type=\"container\" data-e-type=\"container\">\n\t\t\t\t\t<div class=\"e-con-inner\">\n\t\t\t\t<div class=\"elementor-element elementor-element-48733e46 elementor-widget elementor-widget-text-editor\" data-id=\"48733e46\" data-element_type=\"widget\" data-e-type=\"widget\" data-widget_type=\"text-editor.default\">\n\t\t\t\t\t\t\t\t\t<h2 data-start=\"293\" data-end=\"379\">Mind Vault, apoyo cognitivo natural para la memoria, la concentraci\u00f3n y la claridad mental<\/h2>\r\n<p data-start=\"381\" data-end=\"859\">Descubra <strong>B\u00f3veda mental<\/strong>, a <strong data-start=\"408\" data-end=\"452\">suplemento nootr\u00f3pico natural avanzado<\/strong> formulado para apoyar la funci\u00f3n cerebral, mejorar la memoria y potenciar la concentraci\u00f3n a diario. Este producto combina ingredientes cuidadosamente seleccionados por sus propiedades cient\u00edficas en el campo de la salud cognitiva, ofreciendo una soluci\u00f3n completa para quienes desean <strong data-start=\"758\" data-end=\"809\">preservar y optimizar sus capacidades mentales<\/strong> con la edad.<\/p>\r\n\r\n<h2 data-start=\"866\" data-end=\"891\">\u00bfPara qu\u00e9 sirve Mind Vault?<\/h2>\r\n<p data-start=\"893\" data-end=\"1436\"><strong>B\u00f3veda mental<\/strong> est\u00e1 dise\u00f1ado para <strong data-start=\"919\" data-end=\"951\">apoyar la salud cerebral<\/strong> y ayudar a mantener una memoria clara, una mayor concentraci\u00f3n y una mejora de la agudeza mental. Est\u00e1 destinado principalmente a los adultos que se enfrentan a una disminuci\u00f3n del rendimiento cognitivo vinculada a la edad o al estr\u00e9s cotidiano. Gracias a su formulaci\u00f3n, este complemento pretende reducir <em data-start=\"1236\" data-end=\"1257\">\u00abniebla mental\u00bb<\/em>, Ayuda a facilitar el aprendizaje, mejorar el recuerdo y aumentar la energ\u00eda mental, al tiempo que favorece una claridad cognitiva duradera.<\/p>\r\n\r\n<h2 data-start=\"1443\" data-end=\"1470\">Indicaciones de uso<\/h2>\r\n<p data-start=\"1472\" data-end=\"1505\">Este producto es <strong data-start=\"1487\" data-end=\"1503\">adecuado para<\/strong> :<\/p>\r\n\r\n<ul data-start=\"1507\" data-end=\"1954\">\r\n \t<li data-start=\"1507\" data-end=\"1633\">\r\n<p data-start=\"1509\" data-end=\"1633\">Adultos que desean mejorar o mantener su memoria y concentraci\u00f3n.<\/p>\r\n<\/li>\r\n \t<li data-start=\"1634\" data-end=\"1798\">\r\n<p data-start=\"1636\" data-end=\"1798\">Personas que sufren fluctuaciones de la atenci\u00f3n o dificultad para mantener la concentraci\u00f3n durante periodos prolongados.<\/p>\r\n<\/li>\r\n \t<li data-start=\"1799\" data-end=\"1954\">\r\n<p data-start=\"1801\" data-end=\"1954\">Cualquier persona que desee mantener la salud de su cerebro a largo plazo frente a los signos naturales del envejecimiento.<\/p>\r\n<\/li>\r\n<\/ul>\r\n<p data-start=\"1956\" data-end=\"2113\">\u2139\ufe0f <strong data-start=\"3029\" data-end=\"3044\">Informaci\u00f3n importante:<\/strong> AlisPharmacy no proporciona asesoramiento m\u00e9dico. Este producto no es un sustituto del tratamiento m\u00e9dico y no est\u00e1 destinado a diagnosticar, tratar o prevenir ninguna enfermedad. No sustituye el consejo m\u00e9dico profesional.<\/p>\r\n\r\n<h2 data-start=\"2120\" data-end=\"2147\">Ingredientes y dosis<\/h2>\r\n<h3 data-start=\"2149\" data-end=\"2164\">Composici\u00f3n<\/h3>\r\n<p data-start=\"2166\" data-end=\"2350\">Mind Vault contiene un <strong data-start=\"2190\" data-end=\"2231\">f\u00f3rmula rica en ingredientes naturales<\/strong> conocidos por su acci\u00f3n cognitiva. Los ingredientes principales incluyen :<\/p>\r\n\r\n<table class=\"w-fit min-w-(--thread-content-width)\" data-start=\"104\" data-end=\"760\">\r\n<thead data-start=\"104\" data-end=\"132\">\r\n<tr data-start=\"104\" data-end=\"132\">\r\n<th class=\"\" data-start=\"104\" data-end=\"117\" data-col-size=\"sm\">Ingrediente<\/th>\r\n<th class=\"\" data-start=\"117\" data-end=\"132\" data-col-size=\"md\">Descripci\u00f3n<\/th>\r\n<\/tr>\r\n<\/thead>\r\n<tbody data-start=\"162\" data-end=\"760\">\r\n<tr data-start=\"162\" data-end=\"256\">\r\n<td data-start=\"162\" data-end=\"177\" data-col-size=\"sm\">\ud83e\udde0 Alfa GPC<\/td>\r\n<td data-col-size=\"md\" data-start=\"177\" data-end=\"256\">Precursor de la acetilcolina, un neurotransmisor esencial para la memoria.<\/td>\r\n<\/tr>\r\n<tr data-start=\"257\" data-end=\"351\">\r\n<td data-start=\"257\" data-end=\"278\" data-col-size=\"sm\">\ud83c\udf3f Bacopa Monnieri<\/td>\r\n<td data-col-size=\"md\" data-start=\"278\" data-end=\"351\">Planta ayurv\u00e9dica que favorece la memoria y el procesamiento cognitivo.<\/td>\r\n<\/tr>\r\n<tr data-start=\"352\" data-end=\"436\">\r\n<td data-start=\"352\" data-end=\"376\" data-col-size=\"sm\">\ud83d\udd17 Fosfatidilserina<\/td>\r\n<td data-col-size=\"md\" data-start=\"376\" data-end=\"436\">Favorece la comunicaci\u00f3n entre las c\u00e9lulas cerebrales.<\/td>\r\n<\/tr>\r\n<tr data-start=\"437\" data-end=\"513\">\r\n<td data-start=\"437\" data-end=\"455\" data-col-size=\"sm\">\ud83d\udee1\ufe0f Huperzina A<\/td>\r\n<td data-col-size=\"md\" data-start=\"455\" data-end=\"513\">Ayuda a proteger la acetilcolina de la degradaci\u00f3n.<\/td>\r\n<\/tr>\r\n<tr data-start=\"514\" data-end=\"616\">\r\n<td data-start=\"514\" data-end=\"545\" data-col-size=\"sm\">\ud83d\udc8a Vitaminas del grupo B (B6, Niacina)<\/td>\r\n<td data-col-size=\"md\" data-start=\"545\" data-end=\"616\">Importante para la producci\u00f3n de energ\u00eda y neurotransmisores.<\/td>\r\n<\/tr>\r\n<tr data-start=\"617\" data-end=\"702\">\r\n<td data-start=\"617\" data-end=\"641\" data-col-size=\"sm\">\ud83c\udf75 L-teanina y GABA<\/td>\r\n<td data-col-size=\"md\" data-start=\"641\" data-end=\"702\">Favorece la concentraci\u00f3n y reduce el estr\u00e9s.<\/td>\r\n<\/tr>\r\n<tr data-start=\"703\" data-end=\"760\">\r\n<td data-start=\"703\" data-end=\"718\" data-col-size=\"sm\">\u26a1 L-Tirosina<\/td>\r\n<td data-col-size=\"md\" data-start=\"718\" data-end=\"760\">Apoyo mental en situaciones de estr\u00e9s.<\/td>\r\n<\/tr>\r\n<\/tbody>\r\n<\/table>\r\n<h3 data-start=\"3233\" data-end=\"3258\">Dosis recomendada por el fabricante<\/h3>\r\n<p data-start=\"3260\" data-end=\"3633\">La dosis t\u00edpica recomendada es <strong data-start=\"3295\" data-end=\"3322\">1 a 2 c\u00e1psulas al d\u00eda<\/strong>, Debe tomarse con un gran vaso de agua, preferiblemente por la ma\u00f1ana o antes de actividades cognitivamente exigentes. Siga siempre la dosis recomendada y consulte a un profesional de la salud si es necesario, especialmente si est\u00e1 tomando medicaci\u00f3n o padece alguna enfermedad especial.<\/p>\r\n\r\n<h2 data-start=\"3640\" data-end=\"3672\">C\u00f3mo funciona Mind Vault<\/h2>\r\n<p data-start=\"3674\" data-end=\"3747\">Mind Vault trabaja en varios frentes para optimizar la funci\u00f3n cerebral:<\/p>\r\n\r\n<ul data-start=\"3749\" data-end=\"4389\">\r\n \t<li data-start=\"3749\" data-end=\"3918\">\r\n<p data-start=\"3751\" data-end=\"3918\"><strong data-start=\"3751\" data-end=\"3797\">Mejora de la comunicaci\u00f3n neuronal<\/strong> favoreciendo la s\u00edntesis de neurotransmisores clave como la acetilcolina.<\/p>\r\n<\/li>\r\n \t<li data-start=\"3919\" data-end=\"4097\">\r\n<p data-start=\"3921\" data-end=\"4097\"><strong data-start=\"3921\" data-end=\"3969\">Favorece la circulaci\u00f3n sangu\u00ednea cerebral<\/strong>, Esto puede ayudar a suministrar m\u00e1s ox\u00edgeno y nutrientes a las c\u00e9lulas cerebrales.<\/p>\r\n<\/li>\r\n \t<li data-start=\"4098\" data-end=\"4239\">\r\n<p data-start=\"4100\" data-end=\"4239\"><strong data-start=\"4100\" data-end=\"4130\">Reducci\u00f3n del estr\u00e9s mental<\/strong> gracias a compuestos adapt\u00f3genos y relajantes como la L-teanina.<\/p>\r\n<\/li>\r\n \t<li data-start=\"4240\" data-end=\"4389\">\r\n<p data-start=\"4242\" data-end=\"4389\"><strong data-start=\"4242\" data-end=\"4269\">Proteger las neuronas<\/strong> contra el estr\u00e9s oxidativo, uno de los principales factores del deterioro cognitivo relacionado con la edad.<\/p>\r\n<\/li>\r\n<\/ul>\r\n<p data-start=\"4391\" data-end=\"4544\">Este enfoque polifac\u00e9tico pretende proporcionar un apoyo cerebral duradero, sin recurrir a estimulantes artificiales.<\/p>\r\n\r\n<h2 data-start=\"4551\" data-end=\"4574\">Precauciones de uso<\/h2>\r\n<p data-start=\"4576\" data-end=\"4662\">Antes de empezar a utilizar Mind Vault, tenga en cuenta las siguientes precauciones:<\/p>\r\n\r\n<ul data-start=\"4664\" data-end=\"5207\">\r\n \t<li data-start=\"4664\" data-end=\"4847\">\r\n<p data-start=\"4666\" data-end=\"4847\">Consulte a un profesional sanitario si est\u00e1 embarazada, en periodo de lactancia, tomando medicaci\u00f3n o padece alguna enfermedad preexistente.<\/p>\r\n<\/li>\r\n \t<li data-start=\"4848\" data-end=\"4937\">\r\n<p data-start=\"4850\" data-end=\"4937\">Este producto <strong data-start=\"4861\" data-end=\"4894\">no est\u00e1 destinado a los ni\u00f1os<\/strong>.<\/p>\r\n<\/li>\r\n \t<li data-start=\"4938\" data-end=\"5052\">\r\n<p data-start=\"4940\" data-end=\"5052\">Siga la dosis recomendada y no la supere sin consejo m\u00e9dico.<\/p>\r\n<\/li>\r\n \t<li data-start=\"5053\" data-end=\"5207\">\r\n<p data-start=\"5055\" data-end=\"5207\">En caso de reacci\u00f3n adversa persistente, <strong data-start=\"5099\" data-end=\"5138\">deje de usarlo inmediatamente<\/strong> y consulte a un especialista.<\/p>\r\n<\/li>\r\n<\/ul>\r\n<h2 data-start=\"5214\" data-end=\"5245\">Posibles efectos secundarios<\/h2>\r\n<p data-start=\"5247\" data-end=\"5332\">Mind Vault es generalmente bien tolerado, pero algunas personas pueden experimentar :<\/p>\r\n\r\n<ul data-start=\"5334\" data-end=\"5640\">\r\n \t<li data-start=\"5334\" data-end=\"5434\">\r\n<p data-start=\"5336\" data-end=\"5434\">Leve <strong data-start=\"5344\" data-end=\"5366\">problemas digestivos<\/strong> (n\u00e1useas, distensi\u00f3n abdominal).<\/p>\r\n<\/li>\r\n \t<li data-start=\"5435\" data-end=\"5533\">\r\n<p data-start=\"5437\" data-end=\"5533\"><strong data-start=\"5437\" data-end=\"5456\">Insomnio leve<\/strong> si se toma demasiado tarde.<\/p>\r\n<\/li>\r\n \t<li data-start=\"5534\" data-end=\"5640\">\r\n<p data-start=\"5536\" data-end=\"5640\">Dolores de cabeza o nerviosismo leve en algunos usuarios.<\/p>\r\n<\/li>\r\n<\/ul>\r\n<p data-start=\"5642\" data-end=\"5837\">Estos efectos son raros y a menudo temporales, pero si los s\u00edntomas persisten o empeoran, interrumpa su uso y consulte a un profesional sanitario.<\/p>\r\n\r\n<h2 data-start=\"5844\" data-end=\"5875\">Posibles beneficios esperados<\/h2>\r\n<p data-start=\"5877\" data-end=\"6006\">Cuando se utiliza regularmente y seg\u00fan las recomendaciones, Mind Vault puede ayudar a :<\/p>\r\n\r\n<ul>\r\n \t<li data-start=\"101\" data-end=\"154\">\r\n<p data-start=\"103\" data-end=\"154\">\ud83e\udde0 Mejora la memoria y el recuerdo.<\/p>\r\n<\/li>\r\n \t<li data-start=\"156\" data-end=\"210\">\r\n<p data-start=\"158\" data-end=\"210\">\u26a1 Aumentar la concentraci\u00f3n y la claridad mental.<\/p>\r\n<\/li>\r\n \t<li data-start=\"212\" data-end=\"278\">\r\n<p data-start=\"214\" data-end=\"278\">\ud83c\udf2b\ufe0f Reducir la niebla mental y los periodos de confusi\u00f3n.<\/p>\r\n<\/li>\r\n \t<li data-start=\"280\" data-end=\"344\">\r\n<p data-start=\"282\" data-end=\"344\">\ud83d\udee1\ufe0f Proporcionar apoyo a largo plazo para la salud cognitiva.<\/p>\r\n<\/li>\r\n<\/ul>\r\n<p data-start=\"6411\" data-end=\"6536\">Los resultados pueden variar en funci\u00f3n de la edad, el metabolismo y el estilo de vida.<\/p>\r\n\r\n<h2 data-start=\"6543\" data-end=\"6558\">Comentarios de los clientes<\/h2>\r\n<p data-start=\"6560\" data-end=\"7035\">\u00abDespu\u00e9s de un mes, mi concentraci\u00f3n ha mejorado claramente y puedo permanecer atento durante m\u00e1s tiempo. - Usuario de mediana edad. <br data-start=\"6727\" data-end=\"6730\" \/>\u00abMe siento m\u00e1s alerta y recuerdo mejor los detalles en el trabajo. - Profesional activo. <br data-start=\"6864\" data-end=\"6867\" \/>Los comentarios var\u00edan de un usuario a otro, pero muchos informan de mejoras graduales con el uso regular.<\/p>\r\n\r\n<h2 data-start=\"7042\" data-end=\"7070\">FAQ (Preguntas m\u00e1s frecuentes)<\/h2>\r\n<p data-start=\"7072\" data-end=\"7361\"><strong data-start=\"7072\" data-end=\"7126\">\u00bfCu\u00e1nto tardar\u00e9 en ver resultados?<\/strong><br data-start=\"7126\" data-end=\"7129\" \/>Algunos usuarios notan efectos sobre la claridad mental en 2 o 3 semanas, pero los beneficios m\u00e1s significativos suelen aparecer tras varios meses de uso regular.<\/p>\r\n<p data-start=\"7363\" data-end=\"7607\"><strong data-start=\"7363\" data-end=\"7394\">\u2753 \u00bfEs Mind Vault seguro?<\/strong><br data-start=\"7394\" data-end=\"7397\" \/>S\u00ed, est\u00e1 formulado con ingredientes naturales y suele tolerarse bien. Sin embargo, es aconsejable consultar a un profesional de la salud en caso de duda.<\/p>\r\n<p data-start=\"7609\" data-end=\"7811\"><strong data-start=\"7609\" data-end=\"7649\">\u2753\u00bfPuedo comprarlo en farmacias?<\/strong><br data-start=\"7649\" data-end=\"7652\" \/>Mind Vault se vende principalmente en sitios web oficiales y no siempre est\u00e1 disponible en tiendas f\u00edsicas.<\/p>\r\n<p data-start=\"7813\" data-end=\"8050\"><strong data-start=\"7813\" data-end=\"7855\">\u2753\u00bfEs adecuado para j\u00f3venes adultos?<\/strong><br data-start=\"7855\" data-end=\"7858\" \/>Aunque est\u00e1 optimizado para personas mayores de 45 a\u00f1os, los adultos m\u00e1s j\u00f3venes pueden utilizarlo si desean reforzar su funci\u00f3n cognitiva.<\/p>\t\t\t\t\t\t\t\t<\/div>\n\t\t\t\t<div class=\"elementor-element elementor-element-654b776 elementor-arrows-yes elementor-pagination-type-bullets elementor-review--has-separator elementor--star-style-star_fontawesome elementor-widget elementor-widget-reviews\" data-id=\"654b776\" data-element_type=\"widget\" data-e-type=\"widget\" data-settings=\"{&quot;slides_per_view&quot;:&quot;3&quot;,&quot;slides_to_scroll&quot;:&quot;1&quot;,&quot;show_arrows&quot;:&quot;yes&quot;,&quot;pagination&quot;:&quot;bullets&quot;,&quot;speed&quot;:500,&quot;autoplay&quot;:&quot;yes&quot;,&quot;autoplay_speed&quot;:5000,&quot;loop&quot;:&quot;yes&quot;,&quot;pause_on_hover&quot;:&quot;yes&quot;,&quot;pause_on_interaction&quot;:&quot;yes&quot;,&quot;space_between&quot;:{&quot;unit&quot;:&quot;px&quot;,&quot;size&quot;:10,&quot;sizes&quot;:[]},&quot;space_between_tablet&quot;:{&quot;unit&quot;:&quot;px&quot;,&quot;size&quot;:10,&quot;sizes&quot;:[]},&quot;space_between_mobile&quot;:{&quot;unit&quot;:&quot;px&quot;,&quot;size&quot;:10,&quot;sizes&quot;:[]}}\" data-widget_type=\"reviews.default\">\n\t\t\t\t\t\t\t\t\t\t<div class=\"elementor-main-swiper swiper\" role=\"region\" aria-roledescription=\"carousel\" aria-label=\"Diapositivas\">\n\t\t\t\t<div class=\"swiper-wrapper\">\n\t\t\t\t\t\t\t\t\t\t\t<div class=\"swiper-slide\" role=\"group\" aria-roledescription=\"slide\">\n\t\t\t\t\t\t\t\t\t<div class=\"elementor-testimonial elementor-repeater-item-dfff9b0\">\n\t\t\t\t\t\t\t<div class=\"elementor-testimonial__header\">\n\t\t\t\t\t\t\t\t\t\t\t<div class=\"elementor-testimonial__image\">\n\t\t\t\t\t\t\t<img decoding=\"async\" src=\"https:\/\/alispharmacy.com\/wp-content\/uploads\/2026\/02\/Mindvault-3.jpg\" alt=\"Robert\">\n\t\t\t\t\t\t\t\t\t\t\t\t\t<\/div>\n\t\t\t\t\t\t\t\t\t\t<cite class=\"elementor-testimonial__cite\"><span class=\"elementor-testimonial__name\">Robert<\/span><div class=\"elementor-star-rating\"><i class=\"elementor-star-full\">\ue934<\/i><i class=\"elementor-star-full\">\ue934<\/i><i class=\"elementor-star-full\">\ue934<\/i><i class=\"elementor-star-full\">\ue934<\/i><i class=\"elementor-star-full\">\ue934<\/i><\/div><\/cite>\t\t\t\t\t<div class=\"elementor-testimonial__icon elementor-icon elementor-icon-\" aria-label=\"Read More\" data-no-translation-aria-label=\"\"><\/div>\t\t\t\t<\/div>\n\t\t\t\t\t\t\t\t\t\t<div class=\"elementor-testimonial__content\">\n\t\t\t\t\t<div class=\"elementor-testimonial__text\">\n\t\t\t\t\t\tHe probado otros suplementos diet\u00e9ticos, pero ninguno ha sido tan eficaz como Mind Vault. A los 81 a\u00c3\u00b1os, a\u00c3\u00ban pertenezco a un club de lectura y necesito recordar detalles de la trama. Mind Vault me ha ayudado a mantener la mente \u00e1gil y a participar plenamente en nuestros debates.\t\t\t\t\t<\/div>\n\t\t\t\t<\/div>\n\t\t\t\t\t<\/div>\n\t\t\t\t\t\t\t\t<\/div>\n\t\t\t\t\t\t\t\t\t\t\t<div class=\"swiper-slide\" role=\"group\" aria-roledescription=\"slide\">\n\t\t\t\t\t\t\t\t\t<div class=\"elementor-testimonial elementor-repeater-item-cab4446\">\n\t\t\t\t\t\t\t<div class=\"elementor-testimonial__header\">\n\t\t\t\t\t\t\t\t\t\t\t<div class=\"elementor-testimonial__image\">\n\t\t\t\t\t\t\t<img decoding=\"async\" src=\"https:\/\/alispharmacy.com\/wp-content\/uploads\/2026\/02\/mindvault-2.jpg\" alt=\"Margaret\">\n\t\t\t\t\t\t\t\t\t\t\t\t\t<\/div>\n\t\t\t\t\t\t\t\t\t\t<cite class=\"elementor-testimonial__cite\"><span class=\"elementor-testimonial__name\">Margaret<\/span><div class=\"elementor-star-rating\"><i class=\"elementor-star-full\">\ue934<\/i><i class=\"elementor-star-full\">\ue934<\/i><i class=\"elementor-star-full\">\ue934<\/i><i class=\"elementor-star-full\">\ue934<\/i><i class=\"elementor-star-full\">\ue934<\/i><\/div><\/cite>\t\t\t\t\t<div class=\"elementor-testimonial__icon elementor-icon elementor-icon-\" aria-label=\"Read More\" data-no-translation-aria-label=\"\"><\/div>\t\t\t\t<\/div>\n\t\t\t\t\t\t\t\t\t\t<div class=\"elementor-testimonial__content\">\n\t\t\t\t\t<div class=\"elementor-testimonial__text\">\n\t\t\t\t\t\t A mis 73 a\u00f1os, empezaba a tener problemas para recordar nombres y citas. Despu\u00e9s de s\u00f3lo un mes de utilizar Mind Vault, he notado una notable mejor\u00eda. Me siento m\u00e1s c\u00f3modo y participo m\u00e1s en las conversaciones con mis nietos porque puedo recordar los detalles con m\u00e1s facilidad.\t\t\t\t\t<\/div>\n\t\t\t\t<\/div>\n\t\t\t\t\t<\/div>\n\t\t\t\t\t\t\t\t<\/div>\n\t\t\t\t\t\t\t\t\t\t\t<div class=\"swiper-slide\" role=\"group\" aria-roledescription=\"slide\">\n\t\t\t\t\t\t\t\t\t<div class=\"elementor-testimonial elementor-repeater-item-4e7958c\">\n\t\t\t\t\t\t\t<div class=\"elementor-testimonial__header\">\n\t\t\t\t\t\t\t\t\t\t\t<div class=\"elementor-testimonial__image\">\n\t\t\t\t\t\t\t<img decoding=\"async\" src=\"https:\/\/alispharmacy.com\/wp-content\/uploads\/2026\/02\/Mindvault-5.jpg\" alt=\"Barbara\">\n\t\t\t\t\t\t\t\t\t\t\t\t\t<\/div>\n\t\t\t\t\t\t\t\t\t\t<cite class=\"elementor-testimonial__cite\"><span class=\"elementor-testimonial__name\">Barbara<\/span><div class=\"elementor-star-rating\"><i class=\"elementor-star-full\">\ue934<\/i><i class=\"elementor-star-full\">\ue934<\/i><i class=\"elementor-star-full\">\ue934<\/i><i class=\"elementor-star-full\">\ue934<\/i><i class=\"elementor-star-full\">\ue934<\/i><\/div><\/cite>\t\t\t\t\t<div class=\"elementor-testimonial__icon elementor-icon elementor-icon-\" aria-label=\"Read More\" data-no-translation-aria-label=\"\"><\/div>\t\t\t\t<\/div>\n\t\t\t\t\t\t\t\t\t\t<div class=\"elementor-testimonial__content\">\n\t\t\t\t\t<div class=\"elementor-testimonial__text\">\n\t\t\t\t\t\tMi marido y yo utilizamos Mind Vault. Hemos notado que somos m\u00e1s r\u00e1pidos encontrando palabras en los crucigramas y que recordamos acontecimientos de semanas atr\u00e1s con mucha m\u00e1s claridad. Nos ha ayudado a mantener nuestro estilo de vida independiente.\t\t\t\t\t<\/div>\n\t\t\t\t<\/div>\n\t\t\t\t\t<\/div>\n\t\t\t\t\t\t\t\t<\/div>\n\t\t\t\t\t\t\t\t\t<\/div>\n\t\t\t\t\t\t\t\t\t\t\t\t\t\t\t<div class=\"elementor-swiper-button elementor-swiper-button-prev\" role=\"button\" tabindex=\"0\" aria-label=\"Previous\" data-no-translation-aria-label=\"\">\n\t\t\t\t\t\t\t<svg aria-hidden=\"true\" class=\"e-font-icon-svg e-eicon-chevron-left\" viewbox=\"0 0 1000 1000\" xmlns=\"http:\/\/www.w3.org\/2000\/svg\"><path d=\"M646 125C629 125 613 133 604 142L308 442C296 454 292 471 292 487 292 504 296 521 308 533L604 854C617 867 629 875 646 875 663 875 679 871 692 858 704 846 713 829 713 812 713 796 708 779 692 767L438 487 692 225C700 217 708 204 708 187 708 171 704 154 692 142 675 129 663 125 646 125Z\"><\/path><\/svg>\t\t\t\t\t\t<\/div>\n\t\t\t\t\t\t<div class=\"elementor-swiper-button elementor-swiper-button-next\" role=\"button\" tabindex=\"0\" aria-label=\"Next\" data-no-translation-aria-label=\"\">\n\t\t\t\t\t\t\t<svg aria-hidden=\"true\" class=\"e-font-icon-svg e-eicon-chevron-right\" viewbox=\"0 0 1000 1000\" xmlns=\"http:\/\/www.w3.org\/2000\/svg\"><path d=\"M696 533C708 521 713 504 713 487 713 471 708 454 696 446L400 146C388 133 375 125 354 125 338 125 325 129 313 142 300 154 292 171 292 187 292 204 296 221 308 233L563 492 304 771C292 783 288 800 288 817 288 833 296 850 308 863 321 871 338 875 354 875 371 875 388 867 400 854L696 533Z\"><\/path><\/svg>\t\t\t\t\t\t<\/div>\n\t\t\t\t\t\t\t\t\t\t\t\t\t\t\t\t<div class=\"swiper-pagination\"><\/div>\n\t\t\t\t\t\t\t\t\t\t\t\t<\/div>\n\t\t\t\t\t\t\t\t<\/div>\n\t\t\t\t\t<\/div>\n\t\t\t\t<\/div>\n\t\t\t\t<\/div>","protected":false},"excerpt":{"rendered":"<p><strong>B\u00f3veda mental<\/strong> es un suplemento natural dise\u00f1ado para favorecer la memoria, la concentraci\u00f3n y la claridad mental. Ayuda a combatir la niebla mental y optimiza tus funciones cognitivas a diario.<\/p>\n<p data-start=\"95\" data-end=\"144\">\ud83e\udde0 Mejora la memoria y la capacidad de recordar<\/p>\n<p data-start=\"148\" data-end=\"201\">\u26a1 Mejora la concentraci\u00f3n y la agudeza mental.<\/p>\n<p data-start=\"205\" data-end=\"254\">\ud83c\udf2b\ufe0f Reduce la niebla mental y la confusi\u00f3n<\/p>\n<p data-start=\"258\" data-end=\"325\">\ud83c\udf3f F\u00f3rmula natural 100% (Bacopa, Alfa GPC, Fosfatidilserina)<\/p>\n<p data-start=\"329\" data-end=\"398\">\ud83d\udee1\ufe0f Apoyo cognitivo a largo plazo contra el envejecimiento cerebral<\/p>\n<p data-start=\"329\" data-end=\"398\">\ud83c\udff7\ufe0f\u00a0<strong>\u00a1Consigue hasta 60 % de descuento!<\/strong><\/p>","protected":false},"featured_media":218,"template":"","meta":[],"product_brand":[],"product_cat":[17],"product_tag":[],"class_list":{"0":"post-215","1":"product","2":"type-product","3":"status-publish","4":"has-post-thumbnail","6":"product_cat-sante","8":"first","9":"instock","10":"sale","11":"shipping-taxable","12":"product-type-external"},"_links":{"self":[{"href":"https:\/\/alispharmacy.com\/es\/wp-json\/wp\/v2\/product\/215","targetHints":{"allow":["GET"]}}],"collection":[{"href":"https:\/\/alispharmacy.com\/es\/wp-json\/wp\/v2\/product"}],"about":[{"href":"https:\/\/alispharmacy.com\/es\/wp-json\/wp\/v2\/types\/product"}],"version-history":[{"count":7,"href":"https:\/\/alispharmacy.com\/es\/wp-json\/wp\/v2\/product\/215\/revisions"}],"predecessor-version":[{"id":226,"href":"https:\/\/alispharmacy.com\/es\/wp-json\/wp\/v2\/product\/215\/revisions\/226"}],"wp:featuredmedia":[{"embeddable":true,"href":"https:\/\/alispharmacy.com\/es\/wp-json\/wp\/v2\/media\/218"}],"wp:attachment":[{"href":"https:\/\/alispharmacy.com\/es\/wp-json\/wp\/v2\/media?parent=215"}],"wp:term":[{"taxonomy":"product_brand","embeddable":true,"href":"https:\/\/alispharmacy.com\/es\/wp-json\/wp\/v2\/product_brand?post=215"},{"taxonomy":"product_cat","embeddable":true,"href":"https:\/\/alispharmacy.com\/es\/wp-json\/wp\/v2\/product_cat?post=215"},{"taxonomy":"product_tag","embeddable":true,"href":"https:\/\/alispharmacy.com\/es\/wp-json\/wp\/v2\/product_tag?post=215"}],"curies":[{"name":"wp","href":"https:\/\/api.w.org\/{rel}","templated":true}]}}