{"id":249,"date":"2026-02-06T16:07:24","date_gmt":"2026-02-06T16:07:24","guid":{"rendered":"https:\/\/alispharmacy.com\/?post_type=product&#038;p=249"},"modified":"2026-02-06T16:07:24","modified_gmt":"2026-02-06T16:07:24","slug":"polen-de-abeja-real","status":"publish","type":"product","link":"https:\/\/alispharmacy.com\/es\/product\/polen-de-abeja-real\/","title":{"rendered":"Polen de abeja real"},"content":{"rendered":"<div data-elementor-type=\"product-post\" data-elementor-id=\"249\" class=\"elementor elementor-249\" data-elementor-post-type=\"product\">\n\t\t\t\t<div class=\"elementor-element elementor-element-2efbe245 e-flex e-con-boxed e-con e-parent\" data-id=\"2efbe245\" data-element_type=\"container\" data-e-type=\"container\">\n\t\t\t\t\t<div class=\"e-con-inner\">\n\t\t\t\t<div class=\"elementor-element elementor-element-5f227fe7 elementor-widget elementor-widget-text-editor\" data-id=\"5f227fe7\" data-element_type=\"widget\" data-e-type=\"widget\" data-widget_type=\"text-editor.default\">\n\t\t\t\t\t\t\t\t\t<p data-start=\"1037\" data-end=\"1064\"><strong data-start=\"308\" data-end=\"344\">Polen real de abeja <\/strong>es un complemento alimenticio natural que combina dos superalimentos excepcionales: el <strong data-start=\"433\" data-end=\"453\">polen de abeja<\/strong> y el <strong data-start=\"460\" data-end=\"476\">jalea real<\/strong>. Este producto est\u00e1 dise\u00f1ado para apoyar la energ\u00eda, fortalecer el sistema inmunol\u00f3gico, promover el equilibrio hormonal y mejorar el sistema inmunol\u00f3gico. <strong data-start=\"592\" data-end=\"616\">sublimar la feminidad<\/strong>, con un <strong data-start=\"626\" data-end=\"666\">efecto natural sobre el volumen mamario<\/strong>.<\/p>\r\n\r\n<h2 data-start=\"1037\" data-end=\"1064\">\u00bfQu\u00e9 es Royal Bee?<\/h2>\r\n<p data-start=\"1066\" data-end=\"1424\"><strong>Polen real de abeja<\/strong> est\u00e1 dise\u00f1ado para mujeres que desean <strong data-start=\"1137\" data-end=\"1191\">aumentar naturalmente el tama\u00f1o de sus pechos<\/strong>, Ayuda a mantener las defensas naturales del organismo, mejora la vitalidad diaria y favorece el equilibrio hormonal. Ayuda a sostener las defensas naturales, mejorar la vitalidad diaria y promover el equilibrio hormonal, ofreciendo un efecto global sobre el cuerpo y la feminidad.<\/p>\r\n<p data-start=\"1426\" data-end=\"1589\">Este suplemento es especialmente apreciado por quienes buscan una soluci\u00f3n <strong data-start=\"1508\" data-end=\"1586\">para realzar su figura y aumentar la confianza en s\u00ed mismas<\/strong>.<\/p>\r\n\r\n<h2 data-start=\"1591\" data-end=\"1620\">Ingredientes y composici\u00f3n<\/h2>\r\n<p data-start=\"1622\" data-end=\"1758\">Los ingredientes de <strong>Polen real de abeja<\/strong> han sido elegidos por su <strong data-start=\"1701\" data-end=\"1754\">beneficios sin\u00e9rgicos para la salud y la feminidad<\/strong> :<\/p>\r\n\r\n<div class=\"TyagGW_tableContainer\">\r\n<h3 data-start=\"1288\" data-end=\"1304\">Jalea real<\/h3>\r\n<p data-start=\"1306\" data-end=\"1416\">La jalea real es una sustancia producida por las abejas obreras para alimentar a la reina. Contiene :<\/p>\r\n\r\n<ul data-start=\"1418\" data-end=\"1578\">\r\n \t<li data-start=\"1418\" data-end=\"1466\">\r\n<p data-start=\"1420\" data-end=\"1466\">Vitaminas del grupo B para el metabolismo energ\u00e9tico.<\/p>\r\n<\/li>\r\n \t<li data-start=\"1467\" data-end=\"1536\">\r\n<p data-start=\"1469\" data-end=\"1536\">Amino\u00e1cidos esenciales para el funcionamiento \u00f3ptimo del organismo.<\/p>\r\n<\/li>\r\n \t<li data-start=\"1537\" data-end=\"1578\">\r\n<p data-start=\"1539\" data-end=\"1578\">Antioxidantes y \u00e1cidos grasos naturales.<\/p>\r\n<\/li>\r\n<\/ul>\r\n<p data-start=\"1580\" data-end=\"1707\">Gracias a estos ingredientes, la jalea real <strong data-start=\"1620\" data-end=\"1653\">favorece el equilibrio hormonal<\/strong>, esencial para el desarrollo natural de los senos.<\/p>\r\n\r\n<h3 data-start=\"1709\" data-end=\"1729\">Polen de abeja<\/h3>\r\n<p data-start=\"1731\" data-end=\"1783\">El polen de abeja es un superalimento rico en :<\/p>\r\n\r\n<ul data-start=\"1785\" data-end=\"1979\">\r\n \t<li data-start=\"1785\" data-end=\"1834\">\r\n<p data-start=\"1787\" data-end=\"1834\">Prote\u00ednas completas y nutrientes esenciales.<\/p>\r\n<\/li>\r\n \t<li data-start=\"1835\" data-end=\"1875\">\r\n<p data-start=\"1837\" data-end=\"1875\">Vitaminas, minerales y antioxidantes.<\/p>\r\n<\/li>\r\n \t<li data-start=\"1876\" data-end=\"1979\">\r\n<p data-start=\"1878\" data-end=\"1979\">Fitoestr\u00f3genos naturales, que estimulan <strong data-start=\"1917\" data-end=\"1952\">el crecimiento del tejido mamario<\/strong> y la armon\u00eda hormonal.<\/p>\r\n<\/li>\r\n<\/ul>\r\n<p data-start=\"1981\" data-end=\"2137\">La combinaci\u00f3n de estos dos ingredientes ofrece <strong data-start=\"2026\" data-end=\"2082\">soporte natural para aumentar el volumen mamario<\/strong>, al tiempo que mejora la salud en general. Estos ingredientes act\u00faan en sinergia para <strong data-start=\"2276\" data-end=\"2337\">favorecen la vitalidad, el equilibrio hormonal y la feminidad<\/strong>, Un efecto natural sobre el volumen de los senos.<\/p>\r\n\r\n<\/div>\r\n<h2 data-start=\"2400\" data-end=\"2424\">Dosis recomendada<\/h2>\r\n<p data-start=\"2426\" data-end=\"2628\">Para obtener resultados \u00f3ptimos, es importante seguir la dosis recomendada. <strong data-start=\"2516\" data-end=\"2563\">El uso regular es esencial<\/strong> para sentir los efectos en el volumen y la energ\u00eda de los senos.<\/p>\r\n\r\n<ul data-start=\"2630\" data-end=\"2865\">\r\n \t<li data-start=\"2630\" data-end=\"2718\">\r\n<p data-start=\"2632\" data-end=\"2718\">Toma <strong data-start=\"2640\" data-end=\"2663\">2 c\u00e1psulas al d\u00eda<\/strong>, preferiblemente durante una comida con un vaso de agua.<\/p>\r\n<\/li>\r\n \t<li data-start=\"2719\" data-end=\"2865\">\r\n<p data-start=\"2721\" data-end=\"2865\">Los efectos, sobre todo en el tama\u00f1o de los senos y la vitalidad, suelen apreciarse despu\u00e9s de <strong data-start=\"2816\" data-end=\"2862\">varias semanas de uso regular<\/strong>.<\/p>\r\n<\/li>\r\n<\/ul>\r\n<h2 data-start=\"2867\" data-end=\"2895\">Indicaciones de uso<\/h2>\r\n<p data-start=\"2897\" data-end=\"3162\"><strong>Polen real de abeja<\/strong> est\u00e1 dise\u00f1ado para mujeres que desean <strong data-start=\"2967\" data-end=\"3034\">mejorar su silueta y su vitalidad de forma natural<\/strong>. Antes de incorporar este suplemento a su rutina, conviene saber en qu\u00e9 casos resulta especialmente beneficioso.<\/p>\r\n\r\n<ul data-start=\"3164\" data-end=\"3468\">\r\n \t<li data-start=\"3164\" data-end=\"3248\">\r\n<p data-start=\"3166\" data-end=\"3248\">Para quienes deseen <strong data-start=\"3193\" data-end=\"3245\">aumentar naturalmente el tama\u00f1o de sus pechos<\/strong>.<\/p>\r\n<\/li>\r\n \t<li data-start=\"3249\" data-end=\"3331\">\r\n<p data-start=\"3251\" data-end=\"3331\">Para quienes deseen <strong data-start=\"3275\" data-end=\"3316\">aumentar su energ\u00eda y vitalidad<\/strong> diario.<\/p>\r\n<\/li>\r\n \t<li data-start=\"3332\" data-end=\"3398\">\r\n<p data-start=\"3334\" data-end=\"3398\">Para las mujeres que quieren apoyar a sus <strong data-start=\"3373\" data-end=\"3395\">equilibrio hormonal<\/strong>.<\/p>\r\n<\/li>\r\n \t<li data-start=\"3399\" data-end=\"3468\">\r\n<p data-start=\"3401\" data-end=\"3468\">Para los que buscan un <strong data-start=\"3433\" data-end=\"3465\">una piel m\u00e1s sana y luminosa<\/strong>.<\/p>\r\n<\/li>\r\n<\/ul>\r\n<p data-start=\"3470\" data-end=\"3604\">Este suplemento puede integrarse f\u00e1cilmente en un <strong data-start=\"3514\" data-end=\"3543\">rutina diaria saludable<\/strong>, Con una dieta equilibrada y un estilo de vida activo.<\/p>\r\n\r\n<h2 data-start=\"3606\" data-end=\"3628\">Precauciones de uso<\/h2>\r\n<p data-start=\"3630\" data-end=\"3821\">Aunque <strong>Polen real de abeja<\/strong> es un producto natural, es importante <strong data-start=\"3717\" data-end=\"3762\">tome ciertas precauciones antes de utilizarlo<\/strong> para garantizar su seguridad y optimizar los resultados.<\/p>\r\n\r\n<ul data-start=\"3823\" data-end=\"4325\">\r\n \t<li data-start=\"3823\" data-end=\"3968\">\r\n<p data-start=\"3825\" data-end=\"3968\">Las mujeres <strong data-start=\"3836\" data-end=\"3864\">embarazada o en per\u00edodo de lactancia<\/strong> deben consultar a un m\u00e9dico antes de utilizarlo para proteger su salud y la de su beb\u00e9.<\/p>\r\n<\/li>\r\n \t<li data-start=\"3969\" data-end=\"4151\">\r\n<p data-start=\"3971\" data-end=\"4151\">El pueblo <strong data-start=\"3985\" data-end=\"4025\">al\u00e9rgico a los productos de la colmena<\/strong> debe consultar a un profesional sanitario antes de empezar a tomar el suplemento, ya que es posible que se produzcan reacciones al\u00e9rgicas.<\/p>\r\n<\/li>\r\n \t<li data-start=\"4152\" data-end=\"4325\">\r\n<p data-start=\"4154\" data-end=\"4325\">Si est\u00e1 en tratamiento m\u00e9dico o padece alguna enfermedad, <strong data-start=\"4233\" data-end=\"4269\">pida consejo a su m\u00e9dico<\/strong> para evitar riesgos o interacciones indeseables.<\/p>\r\n<\/li>\r\n<\/ul>\r\n<h2 data-start=\"4327\" data-end=\"4358\">Posibles efectos secundarios<\/h2>\r\n<p data-start=\"4360\" data-end=\"4602\">La mayor\u00eda de los usuarios toleran muy bien este producto, pero es importante ser consciente de los posibles efectos secundarios. <strong data-start=\"4490\" data-end=\"4564\">Algunos usuarios sensibles pueden experimentar ligeras molestias<\/strong>, que suelen ser temporales.<\/p>\r\n\r\n<ul data-start=\"4604\" data-end=\"4750\">\r\n \t<li data-start=\"4604\" data-end=\"4640\">\r\n<p data-start=\"4606\" data-end=\"4640\">Leve <strong data-start=\"4613\" data-end=\"4637\">molestias digestivas<\/strong>.<\/p>\r\n<\/li>\r\n \t<li data-start=\"4641\" data-end=\"4680\">\r\n<p data-start=\"4643\" data-end=\"4680\">N\u00e1useas o hinchaz\u00f3n temporal.<\/p>\r\n<\/li>\r\n \t<li data-start=\"4681\" data-end=\"4750\">\r\n<p data-start=\"4683\" data-end=\"4750\">Reacciones al\u00e9rgicas poco frecuentes, especialmente cut\u00e1neas o respiratorias.<\/p>\r\n<\/li>\r\n<\/ul>\r\n<p data-start=\"4752\" data-end=\"4873\">Si persiste una reacci\u00f3n adversa, se recomienda <strong data-start=\"4807\" data-end=\"4870\">suspender su uso y consultar a un profesional sanitario<\/strong>.<\/p>\r\n\r\n<h2 data-start=\"4875\" data-end=\"4906\">Posibles beneficios esperados<\/h2>\r\n<p data-start=\"4908\" data-end=\"5061\">Con un uso regular, el Polen Real de Abeja puede proporcionar numerosos beneficios, <strong data-start=\"5010\" data-end=\"5057\">tanto para el cuerpo como para la feminidad<\/strong> :<\/p>\r\n\r\n<ul>\r\n \t<li data-start=\"113\" data-end=\"234\">\r\n<p data-start=\"101\" data-end=\"218\">\ud83d\udc96 <strong>Aumento natural del pecho<\/strong>, Gracias a los fitoestr\u00f3genos que contienen el polen y la jalea real.<\/p>\r\n<\/li>\r\n \t<li data-start=\"113\" data-end=\"234\">\r\n<p data-start=\"101\" data-end=\"218\">\u26a1 <strong>Energ\u00eda y vitalidad<\/strong> para aprovechar al m\u00e1ximo cada d\u00eda.<\/p>\r\n<\/li>\r\n \t<li data-start=\"113\" data-end=\"234\">\r\n<p data-start=\"101\" data-end=\"218\">\ud83d\udee1\ufe0f Refuerzo del sistema inmunitario, para afrontar mejor las agresiones externas.<\/p>\r\n<\/li>\r\n \t<li data-start=\"113\" data-end=\"234\">\r\n<p data-start=\"101\" data-end=\"218\">\u2728 Piel m\u00e1s luminosa y radiante, que ayuda a <strong>un efecto de belleza global<\/strong>.<\/p>\r\n<\/li>\r\n \t<li data-start=\"113\" data-end=\"234\">\r\n<p data-start=\"101\" data-end=\"218\">\ud83c\udf38 Soporte para <strong>equilibrio hormonal femenino<\/strong>, promover un bienestar general duradero.<\/p>\r\n<\/li>\r\n<\/ul>\r\n<h2 data-start=\"5524\" data-end=\"5538\">Comentarios de los clientes<\/h2>\r\n<p data-start=\"5540\" data-end=\"5924\">\u00abEmpec\u00e9 a tomar <strong data-start=\"5566\" data-end=\"5602\">Polen real de abeja<\/strong> hace unas semanas y estoy alucinada. No s\u00f3lo me siento con mucha m\u00e1s energ\u00eda, sino que tambi\u00e9n he notado que mis pechos parecen m\u00e1s firmes y ligeramente m\u00e1s llenos. Es un verdadero suplemento natural que recomiendo a todas las mujeres que quieran combinar vitalidad y feminidad. - Clara, 32 a\u00f1os<\/p>\r\n<p data-start=\"5926\" data-end=\"6219\">\u00abAl principio era esc\u00e9ptica, pero despu\u00e9s de un mes de uso he notado una diferencia real. Mis pechos parecen m\u00e1s llenos y redondos, y me siento menos cansada durante el d\u00eda. Aprecio el hecho de que este producto sea completamente natural y no contenga hormonas artificiales.\u00bb - Sophie, 28 a\u00f1os<\/p>\r\n<p data-start=\"6221\" data-end=\"6561\">\u00abEl Polen de Abeja Real ha transformado mi rutina de bienestar. Hab\u00eda o\u00eddo hablar de su efecto sobre el volumen de los senos y tengo que decir que los resultados son visibles, aunque al principio fueran sutiles. Adem\u00e1s, mi piel est\u00e1 m\u00e1s luminosa y me siento m\u00e1s segura de m\u00ed misma. Es un verdadero est\u00edmulo para mi cuerpo y mi moral. - Am\u00e9lie, 35 a\u00f1os<\/p>\r\n\r\n<h2 data-start=\"6563\" data-end=\"6569\">PREGUNTAS FRECUENTES<\/h2>\r\n<p data-start=\"6571\" data-end=\"6678\">Antes de utilizar este suplemento, conviene aclarar una serie de preguntas frecuentes.<\/p>\r\n<p data-start=\"6680\" data-end=\"6933\"><strong data-start=\"6680\" data-end=\"6707\">\u00bfEs seguro el producto?<\/strong><br data-start=\"6707\" data-end=\"6710\" \/>S\u00ed, se elabora con ingredientes <strong>100 % natural<\/strong> y no contiene aditivos qu\u00edmicos. Las personas al\u00e9rgicas a los productos de la colmena deben consultar a un profesional sanitario antes de utilizarlo.<\/p>\r\n<p data-start=\"6935\" data-end=\"7152\"><strong data-start=\"6935\" data-end=\"6981\">\u2753\u00bfCu\u00e1ndo notar\u00e9 efecto en mis pechos?<\/strong><br data-start=\"6981\" data-end=\"6984\" \/>Los resultados suelen ser visibles tras varias semanas de uso regular. Los progresos var\u00edan en funci\u00f3n de la sensibilidad individual y del metabolismo hormonal.<\/p>\r\n<p data-start=\"7154\" data-end=\"7338\"><strong data-start=\"7154\" data-end=\"7204\">\u2753\u00bfPuedo utilizarlo con otros suplementos?<\/strong><br data-start=\"7204\" data-end=\"7207\" \/>S\u00ed, pero es aconsejable consultar a su m\u00e9dico si est\u00e1 siguiendo un tratamiento o padece alguna enfermedad espec\u00edfica.<\/p>\t\t\t\t\t\t\t\t<\/div>\n\t\t\t\t<div class=\"elementor-element elementor-element-1ed2615 elementor-arrows-yes elementor-pagination-type-bullets elementor-review--has-separator elementor--star-style-star_fontawesome elementor-widget elementor-widget-reviews\" data-id=\"1ed2615\" data-element_type=\"widget\" data-e-type=\"widget\" data-settings=\"{&quot;slides_per_view&quot;:&quot;3&quot;,&quot;slides_to_scroll&quot;:&quot;1&quot;,&quot;show_arrows&quot;:&quot;yes&quot;,&quot;pagination&quot;:&quot;bullets&quot;,&quot;speed&quot;:500,&quot;autoplay&quot;:&quot;yes&quot;,&quot;autoplay_speed&quot;:5000,&quot;loop&quot;:&quot;yes&quot;,&quot;pause_on_hover&quot;:&quot;yes&quot;,&quot;pause_on_interaction&quot;:&quot;yes&quot;,&quot;space_between&quot;:{&quot;unit&quot;:&quot;px&quot;,&quot;size&quot;:10,&quot;sizes&quot;:[]},&quot;space_between_tablet&quot;:{&quot;unit&quot;:&quot;px&quot;,&quot;size&quot;:10,&quot;sizes&quot;:[]},&quot;space_between_mobile&quot;:{&quot;unit&quot;:&quot;px&quot;,&quot;size&quot;:10,&quot;sizes&quot;:[]}}\" data-widget_type=\"reviews.default\">\n\t\t\t\t\t\t\t\t\t\t<div class=\"elementor-main-swiper swiper\" role=\"region\" aria-roledescription=\"carousel\" aria-label=\"Diapositivas\">\n\t\t\t\t<div class=\"swiper-wrapper\">\n\t\t\t\t\t\t\t\t\t\t\t<div class=\"swiper-slide\" role=\"group\" aria-roledescription=\"slide\">\n\t\t\t\t\t\t\t\t\t<div class=\"elementor-testimonial elementor-repeater-item-dfff9b0\">\n\t\t\t\t\t\t\t<div class=\"elementor-testimonial__header\">\n\t\t\t\t\t\t\t\t\t\t\t<div class=\"elementor-testimonial__image\">\n\t\t\t\t\t\t\t<img decoding=\"async\" src=\"https:\/\/alispharmacy.com\/wp-content\/uploads\/2026\/02\/RB-10.png\" alt=\"Sara L\">\n\t\t\t\t\t\t\t\t\t\t\t\t\t<\/div>\n\t\t\t\t\t\t\t\t\t\t<cite class=\"elementor-testimonial__cite\"><span class=\"elementor-testimonial__name\">Sara L<\/span><div class=\"elementor-star-rating\"><i class=\"elementor-star-full\">\ue934<\/i><i class=\"elementor-star-full\">\ue934<\/i><i class=\"elementor-star-full\">\ue934<\/i><i class=\"elementor-star-full\">\ue934<\/i><i class=\"elementor-star-full\">\ue934<\/i><\/div><\/cite>\t\t\t\t\t<div class=\"elementor-testimonial__icon elementor-icon elementor-icon-\" aria-label=\"Seguir leyendo\"><\/div>\t\t\t\t<\/div>\n\t\t\t\t\t\t\t\t\t\t<div class=\"elementor-testimonial__content\">\n\t\t\t\t\t<div class=\"elementor-testimonial__text\">\n\t\t\t\t\t\tCompr\u00e9 estos suplementos por primera vez hace casi 4 meses. Los he estado tomando todos los d\u00edas siguiendo las instrucciones. Al principio ten\u00eda 34C y ahora tengo 34DD. Soy influencer en TikTok y he recibido much\u00edsimos comentarios positivos desde que tomo estos suplementos \ud83d\ude09. A mi novio tambi\u00e9n le encantan los resultados.\t\t\t\t\t<\/div>\n\t\t\t\t<\/div>\n\t\t\t\t\t<\/div>\n\t\t\t\t\t\t\t\t<\/div>\n\t\t\t\t\t\t\t\t\t\t\t<div class=\"swiper-slide\" role=\"group\" aria-roledescription=\"slide\">\n\t\t\t\t\t\t\t\t\t<div class=\"elementor-testimonial elementor-repeater-item-cab4446\">\n\t\t\t\t\t\t\t<div class=\"elementor-testimonial__header\">\n\t\t\t\t\t\t\t\t\t\t\t<div class=\"elementor-testimonial__image\">\n\t\t\t\t\t\t\t<img decoding=\"async\" src=\"https:\/\/alispharmacy.com\/wp-content\/uploads\/2026\/02\/rb-11.png\" alt=\"Lauren F\">\n\t\t\t\t\t\t\t\t\t\t\t\t\t<\/div>\n\t\t\t\t\t\t\t\t\t\t<cite class=\"elementor-testimonial__cite\"><span class=\"elementor-testimonial__name\">Lauren F<\/span><div class=\"elementor-star-rating\"><i class=\"elementor-star-full\">\ue934<\/i><i class=\"elementor-star-full\">\ue934<\/i><i class=\"elementor-star-full\">\ue934<\/i><i class=\"elementor-star-full\">\ue934<\/i><i class=\"elementor-star-full\">\ue934<\/i><\/div><\/cite>\t\t\t\t\t<div class=\"elementor-testimonial__icon elementor-icon elementor-icon-\" aria-label=\"Seguir leyendo\"><\/div>\t\t\t\t<\/div>\n\t\t\t\t\t\t\t\t\t\t<div class=\"elementor-testimonial__content\">\n\t\t\t\t\t<div class=\"elementor-testimonial__text\">\n\t\t\t\t\t\tSoy una mujer negra fuerte e independiente, \u00a1y desde luego no necesito a ning\u00fan hombre! Quer\u00eda desarrollar mis pechos simplemente para sentirme m\u00e1s poderosa y segura de m\u00ed misma, y estos suplementos forman parte de mi rutina. Me encantan las miradas que recibo en el ascensor cuando los hombres me devoran con los ojos. \u00bfLo quieres? \u00a1Pues no puedes tenerlo!\t\t\t\t\t<\/div>\n\t\t\t\t<\/div>\n\t\t\t\t\t<\/div>\n\t\t\t\t\t\t\t\t<\/div>\n\t\t\t\t\t\t\t\t\t\t\t<div class=\"swiper-slide\" role=\"group\" aria-roledescription=\"slide\">\n\t\t\t\t\t\t\t\t\t<div class=\"elementor-testimonial elementor-repeater-item-4e7958c\">\n\t\t\t\t\t\t\t<div class=\"elementor-testimonial__header\">\n\t\t\t\t\t\t\t\t\t\t\t<div class=\"elementor-testimonial__image\">\n\t\t\t\t\t\t\t<img decoding=\"async\" src=\"https:\/\/alispharmacy.com\/wp-content\/uploads\/2026\/02\/rb-13.png\" alt=\"Christina M\">\n\t\t\t\t\t\t\t\t\t\t\t\t\t<\/div>\n\t\t\t\t\t\t\t\t\t\t<cite class=\"elementor-testimonial__cite\"><span class=\"elementor-testimonial__name\">Christina M<\/span><div class=\"elementor-star-rating\"><i class=\"elementor-star-full\">\ue934<\/i><i class=\"elementor-star-full\">\ue934<\/i><i class=\"elementor-star-full\">\ue934<\/i><i class=\"elementor-star-full\">\ue934<\/i><i class=\"elementor-star-full\">\ue934<\/i><\/div><\/cite>\t\t\t\t\t<div class=\"elementor-testimonial__icon elementor-icon elementor-icon-\" aria-label=\"Seguir leyendo\"><\/div>\t\t\t\t<\/div>\n\t\t\t\t\t\t\t\t\t\t<div class=\"elementor-testimonial__content\">\n\t\t\t\t\t<div class=\"elementor-testimonial__text\">\n\t\t\t\t\t\tAhora tengo cincuenta a\u00f1os. Hab\u00eda pensado en ponerme implantes para el 50 cumplea\u00f1os de mi marido, pero siempre me ha dado miedo la cirug\u00eda y estar en la mesa de operaciones. Este suplemento ha hecho maravillas con mis pechos. \u00bfPor qu\u00e9 gastarse decenas de miles de euros? Mi marido no se cansa de probarlo.\t\t\t\t\t<\/div>\n\t\t\t\t<\/div>\n\t\t\t\t\t<\/div>\n\t\t\t\t\t\t\t\t<\/div>\n\t\t\t\t\t\t\t\t\t<\/div>\n\t\t\t\t\t\t\t\t\t\t\t\t\t\t\t<div class=\"elementor-swiper-button elementor-swiper-button-prev\" role=\"button\" tabindex=\"0\" aria-label=\"Anterior\">\n\t\t\t\t\t\t\t<svg aria-hidden=\"true\" class=\"e-font-icon-svg e-eicon-chevron-left\" viewbox=\"0 0 1000 1000\" xmlns=\"http:\/\/www.w3.org\/2000\/svg\"><path d=\"M646 125C629 125 613 133 604 142L308 442C296 454 292 471 292 487 292 504 296 521 308 533L604 854C617 867 629 875 646 875 663 875 679 871 692 858 704 846 713 829 713 812 713 796 708 779 692 767L438 487 692 225C700 217 708 204 708 187 708 171 704 154 692 142 675 129 663 125 646 125Z\"><\/path><\/svg>\t\t\t\t\t\t<\/div>\n\t\t\t\t\t\t<div class=\"elementor-swiper-button elementor-swiper-button-next\" role=\"button\" tabindex=\"0\" aria-label=\"Siguiente\">\n\t\t\t\t\t\t\t<svg aria-hidden=\"true\" class=\"e-font-icon-svg e-eicon-chevron-right\" viewbox=\"0 0 1000 1000\" xmlns=\"http:\/\/www.w3.org\/2000\/svg\"><path d=\"M696 533C708 521 713 504 713 487 713 471 708 454 696 446L400 146C388 133 375 125 354 125 338 125 325 129 313 142 300 154 292 171 292 187 292 204 296 221 308 233L563 492 304 771C292 783 288 800 288 817 288 833 296 850 308 863 321 871 338 875 354 875 371 875 388 867 400 854L696 533Z\"><\/path><\/svg>\t\t\t\t\t\t<\/div>\n\t\t\t\t\t\t\t\t\t\t\t\t\t\t\t\t<div class=\"swiper-pagination\"><\/div>\n\t\t\t\t\t\t\t\t\t\t\t\t<\/div>\n\t\t\t\t\t\t\t\t<\/div>\n\t\t\t\t\t<\/div>\n\t\t\t\t<\/div>\n\t\t\t\t<\/div>","protected":false},"excerpt":{"rendered":"<p><strong>Polen real de abeja<\/strong> es un complemento alimenticio <strong>100% natural<\/strong> que combina polen de abeja y jalea real para realzar tu feminidad. Gracias a los fitoestr\u00f3genos naturales, ayuda a aumentar el volumen de los senos a la vez que potencia tu energ\u00eda, inmunidad y equilibrio hormonal.<\/p>\n<p data-start=\"95\" data-end=\"147\">\u2705Naturalmente aumenta el volumen del busto<\/p>\n<p data-start=\"149\" data-end=\"196\">\u2705 Aumenta la energ\u00eda y la vitalidad diarias<\/p>\n<p data-start=\"198\" data-end=\"240\">\u2705 Favorece el equilibrio hormonal femenino<\/p>\n<p data-start=\"242\" data-end=\"279\">\u2705 Refuerza el sistema inmunitario<\/p>\n<p data-start=\"281\" data-end=\"324\">\u2705 Mejora la luminosidad y la salud de la piel<\/p>\n<p data-start=\"326\" data-end=\"353\">\u2705 F\u00f3rmula 100% natural<\/p>\n<p data-start=\"326\" data-end=\"353\">\ud83c\udff7\ufe0f\u00a0<strong>\u00a1Consigue hasta 58% de descuento ahora!<\/strong><\/p>","protected":false},"featured_media":250,"template":"","meta":[],"product_brand":[],"product_cat":[18],"product_tag":[],"class_list":{"0":"post-249","1":"product","2":"type-product","3":"status-publish","4":"has-post-thumbnail","6":"product_cat-beaute-et-bien-etre","8":"first","9":"instock","10":"sale","11":"shipping-taxable","12":"product-type-external"},"_links":{"self":[{"href":"https:\/\/alispharmacy.com\/es\/wp-json\/wp\/v2\/product\/249","targetHints":{"allow":["GET"]}}],"collection":[{"href":"https:\/\/alispharmacy.com\/es\/wp-json\/wp\/v2\/product"}],"about":[{"href":"https:\/\/alispharmacy.com\/es\/wp-json\/wp\/v2\/types\/product"}],"version-history":[{"count":5,"href":"https:\/\/alispharmacy.com\/es\/wp-json\/wp\/v2\/product\/249\/revisions"}],"predecessor-version":[{"id":259,"href":"https:\/\/alispharmacy.com\/es\/wp-json\/wp\/v2\/product\/249\/revisions\/259"}],"wp:featuredmedia":[{"embeddable":true,"href":"https:\/\/alispharmacy.com\/es\/wp-json\/wp\/v2\/media\/250"}],"wp:attachment":[{"href":"https:\/\/alispharmacy.com\/es\/wp-json\/wp\/v2\/media?parent=249"}],"wp:term":[{"taxonomy":"product_brand","embeddable":true,"href":"https:\/\/alispharmacy.com\/es\/wp-json\/wp\/v2\/product_brand?post=249"},{"taxonomy":"product_cat","embeddable":true,"href":"https:\/\/alispharmacy.com\/es\/wp-json\/wp\/v2\/product_cat?post=249"},{"taxonomy":"product_tag","embeddable":true,"href":"https:\/\/alispharmacy.com\/es\/wp-json\/wp\/v2\/product_tag?post=249"}],"curies":[{"name":"wp","href":"https:\/\/api.w.org\/{rel}","templated":true}]}}