{"id":260,"date":"2026-02-06T17:08:28","date_gmt":"2026-02-06T17:08:28","guid":{"rendered":"https:\/\/alispharmacy.com\/?post_type=product&#038;p=260"},"modified":"2026-02-06T17:11:44","modified_gmt":"2026-02-06T17:11:44","slug":"revanail","status":"publish","type":"product","link":"https:\/\/alispharmacy.com\/es\/product\/revanail\/","title":{"rendered":"Revanail"},"content":{"rendered":"<div data-elementor-type=\"product-post\" data-elementor-id=\"260\" class=\"elementor elementor-260\" data-elementor-post-type=\"product\">\n\t\t\t\t<div class=\"elementor-element elementor-element-5fa516dc e-flex e-con-boxed e-con e-parent\" data-id=\"5fa516dc\" data-element_type=\"container\" data-e-type=\"container\">\n\t\t\t\t\t<div class=\"e-con-inner\">\n\t\t\t\t<div class=\"elementor-element elementor-element-5f07508a elementor-widget elementor-widget-text-editor\" data-id=\"5f07508a\" data-element_type=\"widget\" data-e-type=\"widget\" data-widget_type=\"text-editor.default\">\n\t\t\t\t\t\t\t\t\t<p data-start=\"395\" data-end=\"893\">RevaNail es una <strong data-start=\"411\" data-end=\"535\">suplemento natural avanzado dise\u00f1ado para fortalecer las u\u00f1as, favorecer su crecimiento y mejorar su aspecto general<\/strong>, RevaNail act\u00faa desde el interior para ayudar a restaurar la estructura de las u\u00f1as y prevenir problemas comunes como la fragilidad, la decoloraci\u00f3n y la p\u00e9rdida de color. A diferencia de los tratamientos superficiales como los esmaltes o las cremas qu\u00edmicas, RevaNail act\u00faa desde el interior para ayudar a restaurar la estructura de las u\u00f1as y prevenir problemas comunes como la fragilidad, la decoloraci\u00f3n o los desequilibrios f\u00fangicos.<\/p>\r\n\r\n<h2 data-start=\"900\" data-end=\"925\">Para qu\u00e9 se utiliza el producto<\/h2>\r\n<p data-start=\"927\" data-end=\"1053\">RevaNail se utiliza principalmente para <strong data-start=\"958\" data-end=\"1022\">nutre y revitaliza las u\u00f1as desde el interior del cuerpo<\/strong>, lo que lo hace \u00fatil para :<\/p>\r\n\r\n<ul data-start=\"1054\" data-end=\"1408\">\r\n \t<li data-start=\"1054\" data-end=\"1100\">\r\n<p data-start=\"1056\" data-end=\"1100\">fortalecer las u\u00f1as quebradizas o fr\u00e1giles<\/p>\r\n<\/li>\r\n \t<li data-start=\"1101\" data-end=\"1153\">\r\n<p data-start=\"1103\" data-end=\"1153\">estimular un crecimiento m\u00e1s r\u00e1pido y uniforme<\/p>\r\n<\/li>\r\n \t<li data-start=\"1154\" data-end=\"1209\">\r\n<p data-start=\"1156\" data-end=\"1209\">mejorar la resistencia y elasticidad de las u\u00f1as<\/p>\r\n<\/li>\r\n \t<li data-start=\"1210\" data-end=\"1261\">\r\n<p data-start=\"1212\" data-end=\"1261\">favorecen la salud de la piel que rodea las u\u00f1as<\/p>\r\n<\/li>\r\n \t<li data-start=\"1262\" data-end=\"1408\">\r\n<p data-start=\"1264\" data-end=\"1408\">ayudan a proteger contra los desequilibrios f\u00fangicos que pueden causar decoloraci\u00f3n, olor o molestias.<\/p>\r\n<\/li>\r\n<\/ul>\r\n<p data-start=\"1410\" data-end=\"1585\">Este producto est\u00e1 destinado a las personas que desean unas u\u00f1as m\u00e1s fuertes y sanas sin recurrir a soluciones externas o qu\u00edmicas.<\/p>\r\n\r\n<h2 data-start=\"1592\" data-end=\"1621\">Ingredientes y composici\u00f3n<\/h2>\r\n<p data-start=\"1623\" data-end=\"1840\">La f\u00f3rmula de RevaNail se basa en una mezcla de <strong data-start=\"1668\" data-end=\"1726\">vitaminas, minerales, antioxidantes y extractos de plantas<\/strong> cuidadosamente seleccionados por sus efectos beneficiosos sobre las u\u00f1as y la piel.<\/p>\r\n<p data-start=\"1842\" data-end=\"1919\">Los principales ingredientes son :<\/p>\r\n\r\n<table class=\"w-fit min-w-(--thread-content-width)\" data-start=\"135\" data-end=\"1448\">\r\n<thead data-start=\"135\" data-end=\"194\">\r\n<tr data-start=\"135\" data-end=\"194\">\r\n<th class=\"\" data-start=\"135\" data-end=\"148\" data-col-size=\"md\">Ingrediente<\/th>\r\n<th class=\"\" data-start=\"148\" data-end=\"165\" data-col-size=\"sm\">Papel principal<\/th>\r\n<th class=\"\" data-start=\"165\" data-end=\"194\" data-col-size=\"md\">Beneficios para las u\u00f1as<\/th>\r\n<\/tr>\r\n<\/thead>\r\n<tbody data-start=\"255\" data-end=\"1448\">\r\n<tr data-start=\"255\" data-end=\"411\">\r\n<td data-start=\"255\" data-end=\"283\" data-col-size=\"md\"><strong data-start=\"257\" data-end=\"282\">Biotina (vitamina B7)<\/strong><\/td>\r\n<td data-col-size=\"sm\" data-start=\"283\" data-end=\"319\">Estimula la producci\u00f3n de queratina<\/td>\r\n<td data-col-size=\"md\" data-start=\"319\" data-end=\"411\">Refuerza la estructura de las u\u00f1as, reduce las roturas y favorece un crecimiento m\u00e1s r\u00e1pido<\/td>\r\n<\/tr>\r\n<tr data-start=\"412\" data-end=\"543\">\r\n<td data-start=\"412\" data-end=\"423\" data-col-size=\"md\"><strong data-start=\"414\" data-end=\"422\">Zinc<\/strong><\/td>\r\n<td data-col-size=\"sm\" data-start=\"423\" data-end=\"459\">Favorece la reparaci\u00f3n celular<\/td>\r\n<td data-col-size=\"md\" data-start=\"459\" data-end=\"543\">Mejora la resistencia, reduce la fragilidad y ayuda a la regeneraci\u00f3n de los tejidos<\/td>\r\n<\/tr>\r\n<tr data-start=\"544\" data-end=\"680\">\r\n<td data-start=\"544\" data-end=\"593\" data-col-size=\"md\"><strong data-start=\"546\" data-end=\"592\">Extracto de cola de caballo (cola de caballo \/ s\u00edlice)<\/strong><\/td>\r\n<td data-col-size=\"sm\" data-start=\"593\" data-end=\"620\">Aportaci\u00f3n de s\u00edlice natural<\/td>\r\n<td data-col-size=\"md\" data-start=\"620\" data-end=\"680\">Refuerza la estructura de la u\u00f1a y mejora su resistencia<\/td>\r\n<\/tr>\r\n<tr data-start=\"681\" data-end=\"802\">\r\n<td data-start=\"681\" data-end=\"701\" data-col-size=\"md\"><strong data-start=\"683\" data-end=\"700\">Extracto de ajo<\/strong><\/td>\r\n<td data-col-size=\"sm\" data-start=\"701\" data-end=\"739\">Propiedades antif\u00fangicas naturales<\/td>\r\n<td data-col-size=\"md\" data-start=\"739\" data-end=\"802\">Ayuda a proteger contra los hongos y las infecciones de las u\u00f1as<\/td>\r\n<\/tr>\r\n<tr data-start=\"803\" data-end=\"923\">\r\n<td data-start=\"803\" data-end=\"820\" data-col-size=\"md\"><strong data-start=\"805\" data-end=\"819\">Vitamina C<\/strong><\/td>\r\n<td data-col-size=\"sm\" data-start=\"820\" data-end=\"857\">Estimula la producci\u00f3n de col\u00e1geno<\/td>\r\n<td data-col-size=\"md\" data-start=\"857\" data-end=\"923\">Favorece la salud de los tejidos y fortalece las u\u00f1as<\/td>\r\n<\/tr>\r\n<tr data-start=\"924\" data-end=\"1075\">\r\n<td data-start=\"924\" data-end=\"959\" data-col-size=\"md\"><strong data-start=\"926\" data-end=\"958\">Extracto de hoja de olivo<\/strong><\/td>\r\n<td data-col-size=\"sm\" data-start=\"959\" data-end=\"996\">Acci\u00f3n protectora antimicrobiana<\/td>\r\n<td data-col-size=\"md\" data-start=\"996\" data-end=\"1075\">Ayuda a prevenir infecciones y favorece la salud general de las u\u00f1as<\/td>\r\n<\/tr>\r\n<tr data-start=\"1076\" data-end=\"1201\">\r\n<td data-start=\"1076\" data-end=\"1093\" data-col-size=\"md\"><strong data-start=\"1078\" data-end=\"1092\">Vitamina E<\/strong><\/td>\r\n<td data-col-size=\"sm\" data-start=\"1093\" data-end=\"1116\">Potente antioxidante<\/td>\r\n<td data-col-size=\"md\" data-start=\"1116\" data-end=\"1201\">Protege las c\u00e9lulas contra el estr\u00e9s oxidativo y mejora el aspecto de las u\u00f1as<\/td>\r\n<\/tr>\r\n<tr data-start=\"1202\" data-end=\"1328\">\r\n<td data-start=\"1202\" data-end=\"1217\" data-col-size=\"md\"><strong data-start=\"1204\" data-end=\"1216\">Selenio<\/strong><\/td>\r\n<td data-col-size=\"sm\" data-start=\"1217\" data-end=\"1254\">Apoyo inmunitario y antioxidante<\/td>\r\n<td data-col-size=\"md\" data-start=\"1254\" data-end=\"1328\">Refuerza la protecci\u00f3n celular y ayuda a mantener unas u\u00f1as sanas<\/td>\r\n<\/tr>\r\n<tr data-start=\"1329\" data-end=\"1448\">\r\n<td data-start=\"1329\" data-end=\"1353\" data-col-size=\"md\"><strong data-start=\"1331\" data-end=\"1352\">Cola de caballo<\/strong><\/td>\r\n<td data-col-size=\"sm\" data-start=\"1353\" data-end=\"1384\">Rico en minerales esenciales<\/td>\r\n<td data-col-size=\"md\" data-start=\"1384\" data-end=\"1448\">Favorece la integridad, densidad y resistencia de las u\u00f1as<\/td>\r\n<\/tr>\r\n<\/tbody>\r\n<\/table>\r\n<p data-start=\"2659\" data-end=\"2828\">Cada ingrediente desempe\u00f1a un papel \u00fanico en la <strong data-start=\"2705\" data-end=\"2752\">refuerzo, nutrici\u00f3n y protecci\u00f3n<\/strong> las u\u00f1as y la piel circundante.<\/p>\r\n\r\n<h2 data-start=\"2835\" data-end=\"2859\">Dosis recomendada<\/h2>\r\n<p data-start=\"2861\" data-end=\"3259\"><strong>RevaNail<\/strong> est\u00e1 formulado para integrarse f\u00e1cilmente en su rutina diaria de bienestar. En general, se recomienda <strong data-start=\"2984\" data-end=\"3019\">tomar de 1 a 2 c\u00e1psulas al d\u00eda<\/strong>, Es mejor tomarlo con una comida para una mejor absorci\u00f3n. Los resultados pueden aparecer gradualmente a lo largo de las semanas a medida que las u\u00f1as se regeneran desde la base hasta la punta.<\/p>\r\n\r\n<h2 data-start=\"3266\" data-end=\"3294\">Indicaciones de uso<\/h2>\r\n<p data-start=\"3296\" data-end=\"3341\">RevaNail est\u00e1 indicado para adultos que :<\/p>\r\n\r\n<ul data-start=\"3342\" data-end=\"3693\">\r\n \t<li data-start=\"3342\" data-end=\"3418\">\r\n<p data-start=\"3344\" data-end=\"3418\">desear <strong data-start=\"3355\" data-end=\"3415\">reforzar la fuerza y el crecimiento de las u\u00f1as<\/strong><\/p>\r\n<\/li>\r\n \t<li data-start=\"3419\" data-end=\"3493\">\r\n<p data-start=\"3421\" data-end=\"3493\">sufren <strong data-start=\"3434\" data-end=\"3479\">fragilidad, grietas o decoloraci\u00f3n<\/strong> u\u00f1as<\/p>\r\n<\/li>\r\n \t<li data-start=\"3494\" data-end=\"3569\">\r\n<p data-start=\"3496\" data-end=\"3569\">desea <strong data-start=\"3504\" data-end=\"3566\">mejorar la salud general de las u\u00f1as y la piel circundante<\/strong><\/p>\r\n<\/li>\r\n \t<li data-start=\"3494\" data-end=\"3569\">\r\n<p data-start=\"3496\" data-end=\"3569\">buscan un <strong data-start=\"3588\" data-end=\"3655\">soluci\u00f3n natural en lugar de tratamientos qu\u00edmicos temporales<\/strong><\/p>\r\n<\/li>\r\n<\/ul>\r\n<p data-start=\"3695\" data-end=\"3899\">Este suplemento se adapta perfectamente a la rutina diaria y puede ser utilizado por cualquier persona que desee mejorar la salud de sus u\u00f1as desde el interior.<\/p>\r\n\r\n<h2 data-start=\"3906\" data-end=\"3920\">Precauciones<\/h2>\r\n<p data-start=\"3922\" data-end=\"4065\">Aunque <strong>RevaNail<\/strong> est\u00e1 formulado con ingredientes naturales, se recomiendan ciertas precauciones:<\/p>\r\n\r\n<ul data-start=\"4066\" data-end=\"4555\">\r\n \t<li data-start=\"4066\" data-end=\"4204\">\r\n<p data-start=\"4068\" data-end=\"4204\">consulte a un profesional sanitario antes de usarlo si <strong data-start=\"4135\" data-end=\"4201\">estar embarazada, en periodo de lactancia o padecer una enfermedad preexistente<\/strong><\/p>\r\n<\/li>\r\n \t<li data-start=\"4205\" data-end=\"4280\">\r\n<p data-start=\"4207\" data-end=\"4280\">siga la posolog\u00eda indicada y no supere la dosis recomendada<\/p>\r\n<\/li>\r\n \t<li data-start=\"4281\" data-end=\"4402\">\r\n<p data-start=\"4283\" data-end=\"4402\">este producto es un <strong data-start=\"4301\" data-end=\"4327\">complemento alimenticio<\/strong>, No sustituye a una dieta variada ni al asesoramiento de un m\u00e9dico cualificado.<\/p>\r\n<\/li>\r\n \t<li data-start=\"4403\" data-end=\"4555\">\r\n<p data-start=\"4405\" data-end=\"4555\">interrumpa su uso si nota una reacci\u00f3n adversa significativa y consulte a un m\u00e9dico si es necesario<\/p>\r\n<\/li>\r\n<\/ul>\r\n<h2 data-start=\"4562\" data-end=\"4593\">Posibles efectos secundarios<\/h2>\r\n<p data-start=\"4595\" data-end=\"4827\">La mayor\u00eda de los usuarios toleran R<strong>evaNail<\/strong> debido a su composici\u00f3n natural. Sin embargo, algunas personas pueden <strong data-start=\"4725\" data-end=\"4772\">experimentar efectos secundarios leves<\/strong>, incluyendo :<\/p>\r\n\r\n<ul data-start=\"4828\" data-end=\"5019\">\r\n \t<li data-start=\"4828\" data-end=\"4859\">\r\n<p data-start=\"4830\" data-end=\"4859\">ligero <strong data-start=\"4838\" data-end=\"4856\">molestias digestivas<\/strong><\/p>\r\n<\/li>\r\n \t<li data-start=\"4860\" data-end=\"4913\">\r\n<p data-start=\"4862\" data-end=\"4913\">sensaci\u00f3n de hinchaz\u00f3n o malestar abdominal<\/p>\r\n<\/li>\r\n \t<li data-start=\"4914\" data-end=\"5019\">\r\n<p data-start=\"4916\" data-end=\"5019\">raras reacciones al\u00e9rgicas relacionadas con ingredientes espec\u00edficos<\/p>\r\n<\/li>\r\n<\/ul>\r\n<p data-start=\"5021\" data-end=\"5242\">Si tiene alguna alergia conocida a determinados ingredientes, lea atentamente la lista de ingredientes antes de utilizarlo. En caso de duda, consulte a un profesional sanitario.<\/p>\r\n\r\n<h2 data-start=\"5249\" data-end=\"5280\">Posibles beneficios esperados<\/h2>\r\n<p data-start=\"5282\" data-end=\"5418\">Con <strong data-start=\"5287\" data-end=\"5335\">uso regular de acuerdo con la dosis<\/strong>, los usuarios pueden esperar ver :<\/p>\r\n\r\n<ul data-start=\"5419\" data-end=\"5736\">\r\n \t<li data-start=\"5419\" data-end=\"5467\">\r\n<p data-start=\"115\" data-end=\"160\">\ud83d\udcaa u\u00f1as m\u00e1s fuertes y menos quebradizas.<\/p>\r\n<\/li>\r\n \t<li data-start=\"5419\" data-end=\"5467\">\r\n<p data-start=\"115\" data-end=\"160\">\ud83d\ude80 crecimiento uniforme y m\u00e1s r\u00e1pido<\/p>\r\n<\/li>\r\n \t<li data-start=\"5419\" data-end=\"5467\">\r\n<p data-start=\"115\" data-end=\"160\">\u2728 una mejora del color y del aspecto general de las u\u00f1as<\/p>\r\n<\/li>\r\n \t<li data-start=\"5419\" data-end=\"5467\">\r\n<p data-start=\"115\" data-end=\"160\">\ud83c\udf3f Piel m\u00e1s sana alrededor de las u\u00f1as,<\/p>\r\n<\/li>\r\n \t<li data-start=\"5419\" data-end=\"5467\">\r\n<p data-start=\"115\" data-end=\"160\">\ud83d\udee1\ufe0f mejor apoyo general a la salud de las u\u00f1as<\/p>\r\n<\/li>\r\n<\/ul>\r\n<p data-start=\"5738\" data-end=\"5926\">Estos beneficios no est\u00e1n garantizados para todo el mundo, ya que los resultados pueden variar en funci\u00f3n del estado inicial de las u\u00f1as y de la regularidad de uso.<\/p>\r\n\r\n<h2 data-start=\"5933\" data-end=\"5947\">Comentarios de los clientes<\/h2>\r\n<p data-start=\"5949\" data-end=\"6355\">Muchas usuarias que han incorporado RevaNail a su rutina informan de mejoras visibles tras unas pocas semanas de uso, como u\u00f1as m\u00e1s fuertes y sanas. Los comentarios mencionan a menudo un <strong data-start=\"6169\" data-end=\"6220\">reducci\u00f3n de la fragilidad y la decoloraci\u00f3n<\/strong>, as\u00ed como un <strong data-start=\"6235\" data-end=\"6274\">mayor confianza en s\u00ed mismo<\/strong> gracias a la mejora del aspecto de las u\u00f1as.<\/p>\r\n\r\n<h2 data-start=\"6362\" data-end=\"6368\">PREGUNTAS FRECUENTES<\/h2>\r\n<p data-start=\"6370\" data-end=\"6601\"><strong data-start=\"6370\" data-end=\"6424\">\u00bfCu\u00e1nto tardar\u00e1 en ver resultados?<\/strong><br data-start=\"6424\" data-end=\"6427\" \/>Los efectos var\u00edan de un individuo a otro, pero muchos observan mejoras tras varias semanas de uso regular.<\/p>\r\n<p data-start=\"6603\" data-end=\"6834\"><strong data-start=\"6603\" data-end=\"6673\">\u2753\u00bfPuedo parar cuando mis u\u00f1as parezcan haber mejorado?<\/strong><br data-start=\"6673\" data-end=\"6676\" \/>Puede ajustar su rutina en funci\u00f3n de los resultados, pero sigue siendo recomendable consultar a un profesional sanitario.<\/p>\r\n<p data-start=\"6836\" data-end=\"7018\"><strong data-start=\"6836\" data-end=\"6887\">\u2753 \u00bfRevaNail es adecuado para todos los adultos?<\/strong><br data-start=\"6887\" data-end=\"6890\" \/>\u00a0S\u00ed, salvo en caso de contraindicaci\u00f3n m\u00e9dica o alergia a determinados ingredientes.<\/p>\r\n<p data-start=\"7020\" data-end=\"7220\"><strong data-start=\"7020\" data-end=\"7051\">\u2753 \u00bfHay garant\u00eda?<\/strong><br data-start=\"7051\" data-end=\"7054\" \/>Algunos vendedores ofrecen una garant\u00eda de devoluci\u00f3n del dinero, normalmente en 60 d\u00edas, seg\u00fan los t\u00e9rminos y condiciones del sitio web oficial.<\/p>\t\t\t\t\t\t\t\t<\/div>\n\t\t\t\t<div class=\"elementor-element elementor-element-05898e2 elementor-arrows-yes elementor-pagination-type-bullets elementor-review--has-separator elementor--star-style-star_fontawesome elementor-widget elementor-widget-reviews\" data-id=\"05898e2\" data-element_type=\"widget\" data-e-type=\"widget\" data-settings=\"{&quot;slides_per_view&quot;:&quot;3&quot;,&quot;slides_to_scroll&quot;:&quot;1&quot;,&quot;show_arrows&quot;:&quot;yes&quot;,&quot;pagination&quot;:&quot;bullets&quot;,&quot;speed&quot;:500,&quot;autoplay&quot;:&quot;yes&quot;,&quot;autoplay_speed&quot;:5000,&quot;loop&quot;:&quot;yes&quot;,&quot;pause_on_hover&quot;:&quot;yes&quot;,&quot;pause_on_interaction&quot;:&quot;yes&quot;,&quot;space_between&quot;:{&quot;unit&quot;:&quot;px&quot;,&quot;size&quot;:10,&quot;sizes&quot;:[]},&quot;space_between_tablet&quot;:{&quot;unit&quot;:&quot;px&quot;,&quot;size&quot;:10,&quot;sizes&quot;:[]},&quot;space_between_mobile&quot;:{&quot;unit&quot;:&quot;px&quot;,&quot;size&quot;:10,&quot;sizes&quot;:[]}}\" data-widget_type=\"reviews.default\">\n\t\t\t\t\t\t\t\t\t\t<div class=\"elementor-main-swiper swiper\" role=\"region\" aria-roledescription=\"carousel\" aria-label=\"Diapositivas\">\n\t\t\t\t<div class=\"swiper-wrapper\">\n\t\t\t\t\t\t\t\t\t\t\t<div class=\"swiper-slide\" role=\"group\" aria-roledescription=\"slide\">\n\t\t\t\t\t\t\t\t\t<div class=\"elementor-testimonial elementor-repeater-item-dfff9b0\">\n\t\t\t\t\t\t\t<div class=\"elementor-testimonial__header\">\n\t\t\t\t\t\t\t\t\t\t\t<div class=\"elementor-testimonial__image\">\n\t\t\t\t\t\t\t<img decoding=\"async\" src=\"https:\/\/alispharmacy.com\/wp-content\/uploads\/2026\/02\/Capture-decran-2026-02-06-180121.jpg\" alt=\"Linda L\">\n\t\t\t\t\t\t\t\t\t\t\t\t\t<\/div>\n\t\t\t\t\t\t\t\t\t\t<cite class=\"elementor-testimonial__cite\"><span class=\"elementor-testimonial__name\">Linda L<\/span><div class=\"elementor-star-rating\"><i class=\"elementor-star-full\">\ue934<\/i><i class=\"elementor-star-full\">\ue934<\/i><i class=\"elementor-star-full\">\ue934<\/i><i class=\"elementor-star-full\">\ue934<\/i><i class=\"elementor-star-full\">\ue934<\/i><\/div><\/cite>\t\t\t\t\t<div class=\"elementor-testimonial__icon elementor-icon elementor-icon-\" aria-label=\"Seguir leyendo\"><\/div>\t\t\t\t<\/div>\n\t\t\t\t\t\t\t\t\t\t<div class=\"elementor-testimonial__content\">\n\t\t\t\t\t<div class=\"elementor-testimonial__text\">\n\t\t\t\t\t\tEvitaba todo, piscinas, citas, incluso dormir en casa de amigos, solo para que nadie me viera los pies. Me daba mucha verg\u00fcenza. Pero Revanail cambi\u00f3 todo eso. Mis u\u00f1as han vuelto a la normalidad, mis pies est\u00e1n sanos y, por primera vez en a\u00f1os, ya no tengo miedo de que me vean... Disfruto plenamente de mi vida. Much\u00edsimas gracias.\t\t\t\t\t<\/div>\n\t\t\t\t<\/div>\n\t\t\t\t\t<\/div>\n\t\t\t\t\t\t\t\t<\/div>\n\t\t\t\t\t\t\t\t\t\t\t<div class=\"swiper-slide\" role=\"group\" aria-roledescription=\"slide\">\n\t\t\t\t\t\t\t\t\t<div class=\"elementor-testimonial elementor-repeater-item-cab4446\">\n\t\t\t\t\t\t\t<div class=\"elementor-testimonial__header\">\n\t\t\t\t\t\t\t\t\t\t\t<div class=\"elementor-testimonial__image\">\n\t\t\t\t\t\t\t<img decoding=\"async\" src=\"https:\/\/alispharmacy.com\/wp-content\/uploads\/2026\/02\/Capture-decran-2026-02-06-180414.jpg\" alt=\"Lucas L\">\n\t\t\t\t\t\t\t\t\t\t\t\t\t<\/div>\n\t\t\t\t\t\t\t\t\t\t<cite class=\"elementor-testimonial__cite\"><span class=\"elementor-testimonial__name\">Lucas L<\/span><div class=\"elementor-star-rating\"><i class=\"elementor-star-full\">\ue934<\/i><i class=\"elementor-star-full\">\ue934<\/i><i class=\"elementor-star-full\">\ue934<\/i><i class=\"elementor-star-full\">\ue934<\/i><i class=\"elementor-star-full\">\ue934<\/i><\/div><\/cite>\t\t\t\t\t<div class=\"elementor-testimonial__icon elementor-icon elementor-icon-\" aria-label=\"Seguir leyendo\"><\/div>\t\t\t\t<\/div>\n\t\t\t\t\t\t\t\t\t\t<div class=\"elementor-testimonial__content\">\n\t\t\t\t\t<div class=\"elementor-testimonial__text\">\n\t\t\t\t\t\tMe sent\u00eda avergonzada todo el tiempo. Me rascaba los pies debajo del escritorio, ocultando el olor, y apenas pod\u00eda pensar debido a los dolores de cabeza. Revanail cambi\u00f3 todo eso r\u00e1pidamente. Se acabaron los picores y la verg\u00fcenza. Recuper\u00e9 la concentraci\u00f3n y la confianza en m\u00ed misma. \t\t\t\t\t<\/div>\n\t\t\t\t<\/div>\n\t\t\t\t\t<\/div>\n\t\t\t\t\t\t\t\t<\/div>\n\t\t\t\t\t\t\t\t\t\t\t<div class=\"swiper-slide\" role=\"group\" aria-roledescription=\"slide\">\n\t\t\t\t\t\t\t\t\t<div class=\"elementor-testimonial elementor-repeater-item-4e7958c\">\n\t\t\t\t\t\t\t<div class=\"elementor-testimonial__header\">\n\t\t\t\t\t\t\t\t\t\t\t<div class=\"elementor-testimonial__image\">\n\t\t\t\t\t\t\t<img decoding=\"async\" src=\"https:\/\/alispharmacy.com\/wp-content\/uploads\/2026\/02\/Capture-decran-2026-02-06-180212.jpg\" alt=\"Debbie\">\n\t\t\t\t\t\t\t\t\t\t\t\t\t<\/div>\n\t\t\t\t\t\t\t\t\t\t<cite class=\"elementor-testimonial__cite\"><span class=\"elementor-testimonial__name\">Debbie<\/span><div class=\"elementor-star-rating\"><i class=\"elementor-star-full\">\ue934<\/i><i class=\"elementor-star-full\">\ue934<\/i><i class=\"elementor-star-full\">\ue934<\/i><i class=\"elementor-star-full\">\ue934<\/i><i class=\"elementor-star-full\">\ue934<\/i><\/div><\/cite>\t\t\t\t\t<div class=\"elementor-testimonial__icon elementor-icon elementor-icon-\" aria-label=\"Seguir leyendo\"><\/div>\t\t\t\t<\/div>\n\t\t\t\t\t\t\t\t\t\t<div class=\"elementor-testimonial__content\">\n\t\t\t\t\t<div class=\"elementor-testimonial__text\">\n\t\t\t\t\t\tWOW... simplemente WOW... Esta soluci\u00f3n es una verdadera bendici\u00f3n. La infecci\u00f3n que me hab\u00eda estado volviendo loca durante a\u00f1os ha desaparecido por completo. \u00a1Este incre\u00edble remedio ha sido mi salvador!\t\t\t\t\t<\/div>\n\t\t\t\t<\/div>\n\t\t\t\t\t<\/div>\n\t\t\t\t\t\t\t\t<\/div>\n\t\t\t\t\t\t\t\t\t<\/div>\n\t\t\t\t\t\t\t\t\t\t\t\t\t\t\t<div class=\"elementor-swiper-button elementor-swiper-button-prev\" role=\"button\" tabindex=\"0\" aria-label=\"Anterior\">\n\t\t\t\t\t\t\t<svg aria-hidden=\"true\" class=\"e-font-icon-svg e-eicon-chevron-left\" viewbox=\"0 0 1000 1000\" xmlns=\"http:\/\/www.w3.org\/2000\/svg\"><path d=\"M646 125C629 125 613 133 604 142L308 442C296 454 292 471 292 487 292 504 296 521 308 533L604 854C617 867 629 875 646 875 663 875 679 871 692 858 704 846 713 829 713 812 713 796 708 779 692 767L438 487 692 225C700 217 708 204 708 187 708 171 704 154 692 142 675 129 663 125 646 125Z\"><\/path><\/svg>\t\t\t\t\t\t<\/div>\n\t\t\t\t\t\t<div class=\"elementor-swiper-button elementor-swiper-button-next\" role=\"button\" tabindex=\"0\" aria-label=\"Siguiente\">\n\t\t\t\t\t\t\t<svg aria-hidden=\"true\" class=\"e-font-icon-svg e-eicon-chevron-right\" viewbox=\"0 0 1000 1000\" xmlns=\"http:\/\/www.w3.org\/2000\/svg\"><path d=\"M696 533C708 521 713 504 713 487 713 471 708 454 696 446L400 146C388 133 375 125 354 125 338 125 325 129 313 142 300 154 292 171 292 187 292 204 296 221 308 233L563 492 304 771C292 783 288 800 288 817 288 833 296 850 308 863 321 871 338 875 354 875 371 875 388 867 400 854L696 533Z\"><\/path><\/svg>\t\t\t\t\t\t<\/div>\n\t\t\t\t\t\t\t\t\t\t\t\t\t\t\t\t<div class=\"swiper-pagination\"><\/div>\n\t\t\t\t\t\t\t\t\t\t\t\t<\/div>\n\t\t\t\t\t\t\t\t<\/div>\n\t\t\t\t\t<\/div>\n\t\t\t\t<\/div>\n\t\t\t\t<\/div>","protected":false},"excerpt":{"rendered":"<p><strong>RevaNail es un suplemento natural<\/strong>l f\u00f3rmula avanzada que fortalece las u\u00f1as desde el interior. Formulada con biotina, zinc, s\u00edlice y extractos de plantas, favorece el crecimiento, mejora la resistencia y protege contra las infecciones f\u00fangicas. A diferencia de los esmaltes qu\u00edmicos, RevaNail act\u00faa en profundidad para conseguir unas u\u00f1as m\u00e1s fuertes y sanas de forma natural.<\/p>\n<p data-start=\"112\" data-end=\"157\">Fortalece las u\u00f1as quebradizas y fr\u00e1giles<\/p>\n<p data-start=\"159\" data-end=\"205\">\u2705 Estimula un crecimiento r\u00e1pido y uniforme.<\/p>\n<p data-start=\"207\" data-end=\"257\">Mejora el aspecto y reduce la decoloraci\u00f3n<\/p>\n<p data-start=\"259\" data-end=\"322\">\u2705F\u00f3rmula natural 100% (biotina, zinc, vitamina C, s\u00edlice)<\/p>\n<p data-start=\"259\" data-end=\"322\">\ud83c\udff7\ufe0f\u00a0<strong>\u00a1Consigue hasta 65 % de descuento ahora!<\/strong><\/p>","protected":false},"featured_media":263,"template":"","meta":[],"product_brand":[],"product_cat":[18,17],"product_tag":[],"class_list":{"0":"post-260","1":"product","2":"type-product","3":"status-publish","4":"has-post-thumbnail","6":"product_cat-beaute-et-bien-etre","7":"product_cat-sante","9":"first","10":"instock","11":"sale","12":"shipping-taxable","13":"product-type-external"},"_links":{"self":[{"href":"https:\/\/alispharmacy.com\/es\/wp-json\/wp\/v2\/product\/260","targetHints":{"allow":["GET"]}}],"collection":[{"href":"https:\/\/alispharmacy.com\/es\/wp-json\/wp\/v2\/product"}],"about":[{"href":"https:\/\/alispharmacy.com\/es\/wp-json\/wp\/v2\/types\/product"}],"version-history":[{"count":7,"href":"https:\/\/alispharmacy.com\/es\/wp-json\/wp\/v2\/product\/260\/revisions"}],"predecessor-version":[{"id":273,"href":"https:\/\/alispharmacy.com\/es\/wp-json\/wp\/v2\/product\/260\/revisions\/273"}],"wp:featuredmedia":[{"embeddable":true,"href":"https:\/\/alispharmacy.com\/es\/wp-json\/wp\/v2\/media\/263"}],"wp:attachment":[{"href":"https:\/\/alispharmacy.com\/es\/wp-json\/wp\/v2\/media?parent=260"}],"wp:term":[{"taxonomy":"product_brand","embeddable":true,"href":"https:\/\/alispharmacy.com\/es\/wp-json\/wp\/v2\/product_brand?post=260"},{"taxonomy":"product_cat","embeddable":true,"href":"https:\/\/alispharmacy.com\/es\/wp-json\/wp\/v2\/product_cat?post=260"},{"taxonomy":"product_tag","embeddable":true,"href":"https:\/\/alispharmacy.com\/es\/wp-json\/wp\/v2\/product_tag?post=260"}],"curies":[{"name":"wp","href":"https:\/\/api.w.org\/{rel}","templated":true}]}}