{"id":284,"date":"2026-02-06T19:01:41","date_gmt":"2026-02-06T19:01:41","guid":{"rendered":"https:\/\/alispharmacy.com\/?post_type=product&#038;p=284"},"modified":"2026-02-07T20:57:55","modified_gmt":"2026-02-07T20:57:55","slug":"wellanaturals","status":"publish","type":"product","link":"https:\/\/alispharmacy.com\/es\/product\/wellanaturals\/","title":{"rendered":"WellaNaturals"},"content":{"rendered":"<div data-elementor-type=\"product-post\" data-elementor-id=\"284\" class=\"elementor elementor-284\" data-elementor-post-type=\"product\">\n\t\t\t\t<div class=\"elementor-element elementor-element-1fba8cdd e-flex e-con-boxed e-con e-parent\" data-id=\"1fba8cdd\" data-element_type=\"container\" data-e-type=\"container\">\n\t\t\t\t\t<div class=\"e-con-inner\">\n\t\t\t\t<div class=\"elementor-element elementor-element-9473993 elementor-widget elementor-widget-text-editor\" data-id=\"9473993\" data-element_type=\"widget\" data-e-type=\"widget\" data-widget_type=\"text-editor.default\">\n\t\t\t\t\t\t\t\t\t<p data-start=\"615\" data-end=\"1079\">Le <strong data-start=\"618\" data-end=\"653\">Gotas de clorofila WellaNaturals<\/strong> es un suplemento l\u00edquido a base de clorofila vegetal, dise\u00f1ado para contribuir a su bienestar diario. Su f\u00f3rmula l\u00edquida permite una r\u00e1pida absorci\u00f3n, por lo que es f\u00e1cil de incorporar a su rutina diaria simplemente mezcl\u00e1ndolo con agua o con su bebida favorita. Es ideal para quienes desean mejorar su digesti\u00f3n, favorecer el proceso natural de desintoxicaci\u00f3n del organismo y recuperar la sensaci\u00f3n de vitalidad.<\/p><h2 data-start=\"1081\" data-end=\"1108\">\u00bfPara qu\u00e9 se utiliza WellaNaturals?<\/h2><p data-start=\"1110\" data-end=\"1562\">Este suplemento est\u00e1 destinado principalmente a apoyar la <strong data-start=\"1165\" data-end=\"1208\">salud digestiva y bienestar general<\/strong>. Ayuda a reducir la hinchaz\u00f3n, favorece la eliminaci\u00f3n de toxinas y contribuye a un aliento m\u00e1s fresco. Algunas personas tambi\u00e9n lo utilizan para mejorar la claridad de su piel y beneficiarse de un impulso energ\u00e9tico natural. Su uso regular puede incorporarse f\u00e1cilmente a la rutina diaria gracias a su c\u00f3moda forma l\u00edquida.<\/p><h2 data-start=\"1564\" data-end=\"1593\">Ingredientes y composici\u00f3n<\/h2><p data-start=\"1595\" data-end=\"1851\">La f\u00f3rmula <strong>WellaNaturals<\/strong> es sencillo y natural, sin aditivos artificiales, colorantes ni rellenos innecesarios. Cada ingrediente ha sido elegido por su calidad y eficacia para maximizar la absorci\u00f3n y los beneficios de la clorofila.<\/p><p data-start=\"1853\" data-end=\"1890\">He aqu\u00ed los detalles de la composici\u00f3n:<\/p><div class=\"TyagGW_tableContainer\"><table class=\"w-fit min-w-(--thread-content-width)\" data-start=\"186\" data-end=\"603\"><thead data-start=\"186\" data-end=\"252\"><tr data-start=\"186\" data-end=\"252\"><th class=\"\" data-start=\"186\" data-end=\"211\" data-col-size=\"sm\">Ingrediente<\/th><th class=\"\" data-start=\"211\" data-end=\"252\" data-col-size=\"sm\">Funci\u00f3n principal<\/th><\/tr><\/thead><tbody data-start=\"319\" data-end=\"603\"><tr data-start=\"319\" data-end=\"389\"><td data-start=\"319\" data-end=\"348\" data-col-size=\"sm\">\u00a0Extracto de clorofila<\/td><td data-col-size=\"sm\" data-start=\"348\" data-end=\"389\">Desintoxicante natural, antioxidante<\/td><\/tr><tr data-start=\"390\" data-end=\"459\"><td data-start=\"390\" data-end=\"418\" data-col-size=\"sm\">\u00a0Agua purificada<\/td><td data-col-size=\"sm\" data-start=\"418\" data-end=\"459\">Soporte l\u00edquido<\/td><\/tr><tr data-start=\"460\" data-end=\"530\"><td data-start=\"460\" data-end=\"489\" data-col-size=\"sm\">\u00a0Glicerina vegetal<\/td><td data-col-size=\"sm\" data-start=\"489\" data-end=\"530\">Estabilizador y disolvente natural<\/td><\/tr><tr data-start=\"531\" data-end=\"603\"><td data-start=\"531\" data-end=\"561\" data-col-size=\"sm\">\u00a0Aromatizante natural (opcional)<\/td><td data-col-size=\"sm\" data-start=\"561\" data-end=\"603\">Para mejorar el sabor<\/td><\/tr><\/tbody><\/table><\/div><p data-start=\"2299\" data-end=\"2400\">Esta composici\u00f3n purificada garantiza un producto seguro, eficaz y f\u00e1cilmente asimilable por el organismo.<\/p><h2 data-start=\"2402\" data-end=\"2436\">Posolog\u00eda y modo de empleo<\/h2><p data-start=\"2438\" data-end=\"2794\">Para obtener mejores resultados, se recomienda tomar <strong data-start=\"2504\" data-end=\"2521\">2 ml al d\u00eda<\/strong>, o unas dos pipetas, mezclado con un vaso de agua o zumo. El producto puede utilizarse a cualquier hora del d\u00eda, con o sin comida. Se recomienda una hidrataci\u00f3n regular para favorecer el proceso natural de desintoxicaci\u00f3n y maximizar los efectos beneficiosos.<\/p><p data-start=\"2438\" data-end=\"2794\"><img fetchpriority=\"high\" decoding=\"async\" class=\"aligncenter wp-image-295 size-large\" title=\"WellaNaturals\" src=\"https:\/\/alispharmacy.com\/wp-content\/uploads\/2026\/02\/WellaNaturals-4-1024x294.jpg\" alt=\"WellaNaturals\" width=\"800\" height=\"230\" srcset=\"https:\/\/alispharmacy.com\/wp-content\/uploads\/2026\/02\/WellaNaturals-4-1024x294.jpg 1024w, https:\/\/alispharmacy.com\/wp-content\/uploads\/2026\/02\/WellaNaturals-4-300x86.jpg 300w, https:\/\/alispharmacy.com\/wp-content\/uploads\/2026\/02\/WellaNaturals-4-768x220.jpg 768w, https:\/\/alispharmacy.com\/wp-content\/uploads\/2026\/02\/WellaNaturals-4-600x172.jpg 600w, https:\/\/alispharmacy.com\/wp-content\/uploads\/2026\/02\/WellaNaturals-4.jpg 1321w\" sizes=\"(max-width: 800px) 100vw, 800px\" \/><\/p><h2 data-start=\"2796\" data-end=\"2824\">Indicaciones de uso<\/h2><p data-start=\"2826\" data-end=\"3106\">Le <strong>WellaNaturals Clorofila<\/strong> es ideal para quien desee <strong>mejorar su salud digestiva<\/strong> y <strong>su bienestar general<\/strong>. Puede ser especialmente \u00fatil para quienes desean reducir la hinchaz\u00f3n y apoyar <strong>desintoxicaci\u00f3n natural del organismo<\/strong>.<\/p><p data-start=\"3108\" data-end=\"3151\">Se recomienda en los siguientes casos:<\/p><ul data-start=\"3153\" data-end=\"3385\"><li data-start=\"3153\" data-end=\"3216\"><p data-start=\"3155\" data-end=\"3216\">Mejora la digesti\u00f3n y reduce la hinchaz\u00f3n<\/p><\/li><li data-start=\"3217\" data-end=\"3266\"><p data-start=\"3219\" data-end=\"3266\">Favorece la eliminaci\u00f3n natural de toxinas<\/p><\/li><li data-start=\"3267\" data-end=\"3306\"><p data-start=\"3269\" data-end=\"3306\">Tez y piel m\u00e1s claras<\/p><\/li><li data-start=\"3307\" data-end=\"3335\"><p data-start=\"3309\" data-end=\"3335\">Aumento natural de la energ\u00eda<\/p><\/li><li data-start=\"3336\" data-end=\"3385\"><p data-start=\"3338\" data-end=\"3385\">Aliento m\u00e1s fresco y sensaci\u00f3n de ligereza<\/p><\/li><\/ul><h2 data-start=\"3387\" data-end=\"3418\">Posibles beneficios esperados<\/h2><p data-start=\"3420\" data-end=\"3746\">El consumo regular de clorofila puede proporcionar una serie de beneficios para la salud. Favorece la funci\u00f3n digestiva, ayuda a eliminar toxinas y puede mejorar la sensaci\u00f3n general de vitalidad. Adem\u00e1s, su acci\u00f3n antioxidante ayuda a proteger las c\u00e9lulas contra el estr\u00e9s oxidativo.<\/p><p data-start=\"3748\" data-end=\"3822\">Entre las ventajas que pueden esperar los usuarios figuran :<\/p><ul><li data-start=\"98\" data-end=\"134\"><p data-start=\"100\" data-end=\"134\">\ud83c\udf7d\ufe0f Mejora de la digesti\u00f3n<\/p><\/li><li data-start=\"136\" data-end=\"170\"><p data-start=\"138\" data-end=\"170\">\ud83e\udd30 Reducci\u00f3n de la hinchaz\u00f3n<\/p><\/li><li data-start=\"172\" data-end=\"216\"><p data-start=\"174\" data-end=\"216\">\u267b\ufe0f Ayuda a la desintoxicaci\u00f3n natural<\/p><\/li><li data-start=\"218\" data-end=\"267\"><p data-start=\"220\" data-end=\"267\">\u26a1 Aumento de la energ\u00eda y la vitalidad.<\/p><\/li><li data-start=\"269\" data-end=\"310\"><p data-start=\"271\" data-end=\"310\">\u2728 Tez y piel m\u00e1s claras<\/p><\/li><li data-start=\"312\" data-end=\"339\"><p data-start=\"314\" data-end=\"339\">\ud83d\ude01 Aliento fresco<\/p><\/li><li data-start=\"341\" data-end=\"398\"><p data-start=\"343\" data-end=\"398\">\ud83d\udee1\ufe0f Antioxidantes para proteger las c\u00e9lulas<\/p><\/li><li style=\"list-style-type: none;\">\u00a0<\/li><\/ul><h2 data-start=\"4099\" data-end=\"4122\">Precauciones de uso<\/h2><p data-start=\"4124\" data-end=\"4538\">Aunque el producto es generalmente seguro, es importante observar ciertas precauciones para un uso \u00f3ptimo. Consulte a un profesional sanitario antes de utilizarlo si est\u00e1 embarazada, en per\u00edodo de lactancia, tomando medicaci\u00f3n o padece alguna enfermedad espec\u00edfica.<br \/>No utilice el producto como sustituto de una dieta equilibrada e interrumpa su uso si se producen reacciones inusuales.<\/p><h2 data-start=\"4540\" data-end=\"4571\">Posibles efectos secundarios<\/h2><p data-start=\"4573\" data-end=\"4810\">En general, la clorofila se tolera bien, pero algunas personas pueden experimentar efectos secundarios. Estos efectos suelen ser leves y temporales, pero es importante conocerlos antes de utilizarla.<\/p><p data-start=\"4812\" data-end=\"4857\">Los posibles efectos secundarios incluyen :<\/p><ul data-start=\"4859\" data-end=\"5042\"><li data-start=\"4859\" data-end=\"4888\"><p data-start=\"4861\" data-end=\"4888\">Trastornos digestivos leves<\/p><\/li><li data-start=\"4889\" data-end=\"4915\"><p data-start=\"4891\" data-end=\"4915\">Diarrea ocasional<\/p><\/li><li data-start=\"4916\" data-end=\"4972\"><p data-start=\"4918\" data-end=\"4972\">Coloraci\u00f3n verdosa temporal de las heces o la orina<\/p><\/li><li data-start=\"4973\" data-end=\"5042\"><p data-start=\"4975\" data-end=\"5042\">Reacciones al\u00e9rgicas poco frecuentes (picor, irritaci\u00f3n cut\u00e1nea)<\/p><\/li><\/ul><p data-start=\"5044\" data-end=\"5169\">En caso de s\u00edntomas persistentes o graves, es aconsejable dejar de utilizar el producto y consultar a un profesional sanitario.<\/p><h2 data-start=\"5171\" data-end=\"5185\">Comentarios de los clientes<\/h2><p data-start=\"5187\" data-end=\"5621\">Los usuarios de las Gotas de Clorofila WellaNaturals aprecian lo f\u00e1cil que es integrarlas en su rutina diaria y <strong>los resultados obtenidos tras unos d\u00edas de uso<\/strong>. Muchos clientes informan de digestiones m\u00e1s ligeras, aumento de la energ\u00eda y mejora de la claridad de la piel. Aunque los efectos pueden variar, <strong>la mayor\u00eda de las cr\u00edticas son positivas<\/strong> y subrayan la eficacia de la f\u00f3rmula l\u00edquida y natural.<\/p><h2 data-start=\"5623\" data-end=\"5652\">FAQ - Preguntas m\u00e1s frecuentes<\/h2><p data-start=\"5654\" data-end=\"5789\"><strong data-start=\"5654\" data-end=\"5705\">\u2753 \u00bfEs un producto seguro para el uso diario?<\/strong><br data-start=\"5705\" data-end=\"5708\" \/>S\u00ed, est\u00e1 dise\u00f1ado para el uso diario y es suave con el sistema digestivo.<\/p><p data-start=\"5791\" data-end=\"5989\"><strong data-start=\"5791\" data-end=\"5831\">\u2753\u00bfCu\u00e1ndo notar\u00e9 los efectos?<\/strong><br data-start=\"5831\" data-end=\"5834\" \/>La mayor\u00eda de los usuarios notan una mejora de la digesti\u00f3n y una sensaci\u00f3n de mayor vitalidad tras unos d\u00edas de uso regular.<\/p><p data-start=\"5991\" data-end=\"6165\"><strong data-start=\"5991\" data-end=\"6039\">\u2753\u00bfPuedo mezclarlo con otros suplementos?<\/strong><br data-start=\"6039\" data-end=\"6042\" \/>S\u00ed, en general es compatible, pero consulte a un profesional sanitario si est\u00e1 tomando medicaci\u00f3n espec\u00edfica.<\/p><p data-start=\"6167\" data-end=\"6283\"><strong data-start=\"6167\" data-end=\"6196\">\u2753\u00bfSe pronuncia el sabor?<\/strong><br data-start=\"6196\" data-end=\"6199\" \/>El sabor es ligero y se mezcla f\u00e1cilmente con agua o zumo sin alterar el sabor.<\/p><p data-start=\"6300\" data-end=\"6734\">Le <strong data-start=\"6303\" data-end=\"6338\">Gotas de clorofila WellaNaturals<\/strong> es una soluci\u00f3n pr\u00e1ctica y natural para incorporar la clorofila a su rutina diaria. Su f\u00f3rmula l\u00edquida permite una absorci\u00f3n r\u00e1pida y f\u00e1cil, con beneficios potenciales que incluyen una mejor digesti\u00f3n, un aumento de la energ\u00eda, una piel m\u00e1s clara y un aliento m\u00e1s fresco. Utilizado de forma regular e informada, este suplemento puede contribuir al bienestar general a diario.<\/p>\t\t\t\t\t\t\t\t<\/div>\n\t\t\t\t<div class=\"elementor-element elementor-element-35c010a elementor-arrows-yes elementor-pagination-type-bullets elementor-review--has-separator elementor--star-style-star_fontawesome elementor-widget elementor-widget-reviews\" data-id=\"35c010a\" data-element_type=\"widget\" data-e-type=\"widget\" data-settings=\"{&quot;slides_per_view&quot;:&quot;3&quot;,&quot;slides_to_scroll&quot;:&quot;1&quot;,&quot;show_arrows&quot;:&quot;yes&quot;,&quot;pagination&quot;:&quot;bullets&quot;,&quot;speed&quot;:500,&quot;autoplay&quot;:&quot;yes&quot;,&quot;autoplay_speed&quot;:5000,&quot;loop&quot;:&quot;yes&quot;,&quot;pause_on_hover&quot;:&quot;yes&quot;,&quot;pause_on_interaction&quot;:&quot;yes&quot;,&quot;space_between&quot;:{&quot;unit&quot;:&quot;px&quot;,&quot;size&quot;:10,&quot;sizes&quot;:[]},&quot;space_between_tablet&quot;:{&quot;unit&quot;:&quot;px&quot;,&quot;size&quot;:10,&quot;sizes&quot;:[]},&quot;space_between_mobile&quot;:{&quot;unit&quot;:&quot;px&quot;,&quot;size&quot;:10,&quot;sizes&quot;:[]}}\" data-widget_type=\"reviews.default\">\n\t\t\t\t\t\t\t\t\t\t<div class=\"elementor-main-swiper swiper\" role=\"region\" aria-roledescription=\"carousel\" aria-label=\"Diapositivas\">\n\t\t\t\t<div class=\"swiper-wrapper\">\n\t\t\t\t\t\t\t\t\t\t\t<div class=\"swiper-slide\" role=\"group\" aria-roledescription=\"slide\">\n\t\t\t\t\t\t\t\t\t<div class=\"elementor-testimonial elementor-repeater-item-dfff9b0\">\n\t\t\t\t\t\t\t<div class=\"elementor-testimonial__header\">\n\t\t\t\t\t\t\t\t\t\t\t<div class=\"elementor-testimonial__image\">\n\t\t\t\t\t\t\t<img decoding=\"async\" src=\"https:\/\/alispharmacy.com\/wp-content\/uploads\/2026\/02\/Wella-1.jpg\" alt=\"Amanda K\">\n\t\t\t\t\t\t\t\t\t\t\t\t\t<\/div>\n\t\t\t\t\t\t\t\t\t\t<cite class=\"elementor-testimonial__cite\"><span class=\"elementor-testimonial__name\">Amanda K<\/span><div class=\"elementor-star-rating\"><i class=\"elementor-star-full\">\ue934<\/i><i class=\"elementor-star-full\">\ue934<\/i><i class=\"elementor-star-full\">\ue934<\/i><i class=\"elementor-star-full\">\ue934<\/i><i class=\"elementor-star-full\">\ue934<\/i><\/div><\/cite>\t\t\t\t\t<div class=\"elementor-testimonial__icon elementor-icon elementor-icon-\" aria-label=\"Seguir leyendo\"><\/div>\t\t\t\t<\/div>\n\t\t\t\t\t\t\t\t\t\t<div class=\"elementor-testimonial__content\">\n\t\t\t\t\t<div class=\"elementor-testimonial__text\">\n\t\t\t\t\t\tEmpec\u00e9 a usar esta clorofila l\u00edquida hace unas 3 semanas y \u00a1vaya, mi piel tiene un aspecto fant\u00e1stico! La gente no para de preguntarme qu\u00e9 estoy haciendo diferente. Lo mezclo en mi vaso de agua por la ma\u00f1ana y se ha convertido en un h\u00e1bito realmente f\u00e1cil y adem\u00e1s me siento mucho m\u00e1s hidratada a lo largo del d\u00eda.\t\t\t\t\t<\/div>\n\t\t\t\t<\/div>\n\t\t\t\t\t<\/div>\n\t\t\t\t\t\t\t\t<\/div>\n\t\t\t\t\t\t\t\t\t\t\t<div class=\"swiper-slide\" role=\"group\" aria-roledescription=\"slide\">\n\t\t\t\t\t\t\t\t\t<div class=\"elementor-testimonial elementor-repeater-item-cab4446\">\n\t\t\t\t\t\t\t<div class=\"elementor-testimonial__header\">\n\t\t\t\t\t\t\t\t\t\t\t<div class=\"elementor-testimonial__image\">\n\t\t\t\t\t\t\t<img decoding=\"async\" src=\"https:\/\/alispharmacy.com\/wp-content\/uploads\/2026\/02\/WellaNaturals-6.jpg\" alt=\"Keith T\">\n\t\t\t\t\t\t\t\t\t\t\t\t\t<\/div>\n\t\t\t\t\t\t\t\t\t\t<cite class=\"elementor-testimonial__cite\"><span class=\"elementor-testimonial__name\">Keith T<\/span><div class=\"elementor-star-rating\"><i class=\"elementor-star-full\">\ue934<\/i><i class=\"elementor-star-full\">\ue934<\/i><i class=\"elementor-star-full\">\ue934<\/i><i class=\"elementor-star-full\">\ue934<\/i><i class=\"elementor-star-full\">\ue934<\/i><\/div><\/cite>\t\t\t\t\t<div class=\"elementor-testimonial__icon elementor-icon elementor-icon-\" aria-label=\"Seguir leyendo\"><\/div>\t\t\t\t<\/div>\n\t\t\t\t\t\t\t\t\t\t<div class=\"elementor-testimonial__content\">\n\t\t\t\t\t<div class=\"elementor-testimonial__text\">\n\t\t\t\t\t\tLo que realmente me gusta de WellaNaturals Chlorophyll es lo f\u00e1cil que es de mezclar. No tiene un sabor o color extra\u00f1o como otras marcas que he probado. Mi mujer dice que no tengo aliento ma\u00f1anero, lo cual es gracioso pero cierto. Me siento m\u00e1s fresco en general.\t\t\t\t\t<\/div>\n\t\t\t\t<\/div>\n\t\t\t\t\t<\/div>\n\t\t\t\t\t\t\t\t<\/div>\n\t\t\t\t\t\t\t\t\t\t\t<div class=\"swiper-slide\" role=\"group\" aria-roledescription=\"slide\">\n\t\t\t\t\t\t\t\t\t<div class=\"elementor-testimonial elementor-repeater-item-4e7958c\">\n\t\t\t\t\t\t\t<div class=\"elementor-testimonial__header\">\n\t\t\t\t\t\t\t\t\t\t\t<div class=\"elementor-testimonial__image\">\n\t\t\t\t\t\t\t<img decoding=\"async\" src=\"https:\/\/alispharmacy.com\/wp-content\/uploads\/2026\/02\/WellaNaturals-5.jpg\" alt=\"Lisa C\">\n\t\t\t\t\t\t\t\t\t\t\t\t\t<\/div>\n\t\t\t\t\t\t\t\t\t\t<cite class=\"elementor-testimonial__cite\"><span class=\"elementor-testimonial__name\">Lisa C<\/span><div class=\"elementor-star-rating\"><i class=\"elementor-star-full\">\ue934<\/i><i class=\"elementor-star-full\">\ue934<\/i><i class=\"elementor-star-full\">\ue934<\/i><i class=\"elementor-star-full\">\ue934<\/i><i class=\"elementor-star-full\">\ue934<\/i><\/div><\/cite>\t\t\t\t\t<div class=\"elementor-testimonial__icon elementor-icon elementor-icon-\" aria-label=\"Seguir leyendo\"><\/div>\t\t\t\t<\/div>\n\t\t\t\t\t\t\t\t\t\t<div class=\"elementor-testimonial__content\">\n\t\t\t\t\t<div class=\"elementor-testimonial__text\">\n\t\t\t\t\t\tEste producto es incre\u00edble para mi digesti\u00f3n, fue mi primer suplemento l\u00edquido real y \u00a1vaya si me lo perd\u00ed! Mi hinchaz\u00f3n pr\u00e1cticamente ha desaparecido. Adem\u00e1s, tengo una energ\u00eda constante durante todo el d\u00eda, sin nerviosismo ni fatiga...\t\t\t\t\t<\/div>\n\t\t\t\t<\/div>\n\t\t\t\t\t<\/div>\n\t\t\t\t\t\t\t\t<\/div>\n\t\t\t\t\t\t\t\t\t<\/div>\n\t\t\t\t\t\t\t\t\t\t\t\t\t\t\t<div class=\"elementor-swiper-button elementor-swiper-button-prev\" role=\"button\" tabindex=\"0\" aria-label=\"Anterior\">\n\t\t\t\t\t\t\t<svg aria-hidden=\"true\" class=\"e-font-icon-svg e-eicon-chevron-left\" viewbox=\"0 0 1000 1000\" xmlns=\"http:\/\/www.w3.org\/2000\/svg\"><path d=\"M646 125C629 125 613 133 604 142L308 442C296 454 292 471 292 487 292 504 296 521 308 533L604 854C617 867 629 875 646 875 663 875 679 871 692 858 704 846 713 829 713 812 713 796 708 779 692 767L438 487 692 225C700 217 708 204 708 187 708 171 704 154 692 142 675 129 663 125 646 125Z\"><\/path><\/svg>\t\t\t\t\t\t<\/div>\n\t\t\t\t\t\t<div class=\"elementor-swiper-button elementor-swiper-button-next\" role=\"button\" tabindex=\"0\" aria-label=\"Siguiente\">\n\t\t\t\t\t\t\t<svg aria-hidden=\"true\" class=\"e-font-icon-svg e-eicon-chevron-right\" viewbox=\"0 0 1000 1000\" xmlns=\"http:\/\/www.w3.org\/2000\/svg\"><path d=\"M696 533C708 521 713 504 713 487 713 471 708 454 696 446L400 146C388 133 375 125 354 125 338 125 325 129 313 142 300 154 292 171 292 187 292 204 296 221 308 233L563 492 304 771C292 783 288 800 288 817 288 833 296 850 308 863 321 871 338 875 354 875 371 875 388 867 400 854L696 533Z\"><\/path><\/svg>\t\t\t\t\t\t<\/div>\n\t\t\t\t\t\t\t\t\t\t\t\t\t\t\t\t<div class=\"swiper-pagination\"><\/div>\n\t\t\t\t\t\t\t\t\t\t\t\t<\/div>\n\t\t\t\t\t\t\t\t<\/div>\n\t\t\t\t\t<\/div>\n\t\t\t\t<\/div>\n\t\t\t\t<\/div>","protected":false},"excerpt":{"rendered":"<p><strong>WellaNaturals Clorofila<\/strong> es un suplemento l\u00edquido a base de clorofila vegetal para favorecer la digesti\u00f3n, desintoxicar el organismo de forma natural y recuperar la vitalidad. Su f\u00f3rmula l\u00edquida se absorbe r\u00e1pidamente y se mezcla f\u00e1cilmente con agua o su bebida favorita para que forme parte de su rutina diaria.<\/p>\n<p data-start=\"106\" data-end=\"161\">\u2705 Mejora la digesti\u00f3n y reduce la hinchaz\u00f3n<\/p>\n<p data-start=\"165\" data-end=\"221\">Favorece el proceso natural de desintoxicaci\u00f3n del organismo.<\/p>\n<p data-start=\"225\" data-end=\"283\">\u2705Contribuye a una piel m\u00e1s clara y un cutis m\u00e1s luminoso<\/p>\n<p data-start=\"287\" data-end=\"336\">Aumenta la energ\u00eda y la vitalidad de forma natural<\/p>\n<p data-start=\"340\" data-end=\"377\">Proporciona un aliento m\u00e1s fresco<\/p>\n<p data-start=\"381\" data-end=\"420\">Rico en antioxidantes protectores<\/p>\n<p data-start=\"381\" data-end=\"420\">\ud83c\udff7\ufe0f\u00a0<strong>\u00a1Consigue hasta 75 % de descuento ahora!<\/strong><\/p>","protected":false},"featured_media":286,"template":"","meta":[],"product_brand":[],"product_cat":[17],"product_tag":[],"class_list":{"0":"post-284","1":"product","2":"type-product","3":"status-publish","4":"has-post-thumbnail","6":"product_cat-sante","8":"first","9":"instock","10":"sale","11":"shipping-taxable","12":"product-type-external"},"_links":{"self":[{"href":"https:\/\/alispharmacy.com\/es\/wp-json\/wp\/v2\/product\/284","targetHints":{"allow":["GET"]}}],"collection":[{"href":"https:\/\/alispharmacy.com\/es\/wp-json\/wp\/v2\/product"}],"about":[{"href":"https:\/\/alispharmacy.com\/es\/wp-json\/wp\/v2\/types\/product"}],"version-history":[{"count":9,"href":"https:\/\/alispharmacy.com\/es\/wp-json\/wp\/v2\/product\/284\/revisions"}],"predecessor-version":[{"id":328,"href":"https:\/\/alispharmacy.com\/es\/wp-json\/wp\/v2\/product\/284\/revisions\/328"}],"wp:featuredmedia":[{"embeddable":true,"href":"https:\/\/alispharmacy.com\/es\/wp-json\/wp\/v2\/media\/286"}],"wp:attachment":[{"href":"https:\/\/alispharmacy.com\/es\/wp-json\/wp\/v2\/media?parent=284"}],"wp:term":[{"taxonomy":"product_brand","embeddable":true,"href":"https:\/\/alispharmacy.com\/es\/wp-json\/wp\/v2\/product_brand?post=284"},{"taxonomy":"product_cat","embeddable":true,"href":"https:\/\/alispharmacy.com\/es\/wp-json\/wp\/v2\/product_cat?post=284"},{"taxonomy":"product_tag","embeddable":true,"href":"https:\/\/alispharmacy.com\/es\/wp-json\/wp\/v2\/product_tag?post=284"}],"curies":[{"name":"wp","href":"https:\/\/api.w.org\/{rel}","templated":true}]}}