{"id":327,"date":"2026-02-07T20:55:33","date_gmt":"2026-02-07T20:55:33","guid":{"rendered":"https:\/\/alispharmacy.com\/?post_type=product&#038;p=327"},"modified":"2026-02-16T19:24:53","modified_gmt":"2026-02-16T19:24:53","slug":"nervio-fresco","status":"publish","type":"product","link":"https:\/\/alispharmacy.com\/es\/product\/nervio-fresco\/","title":{"rendered":"Nervio Fresco"},"content":{"rendered":"<div data-elementor-type=\"product-post\" data-elementor-id=\"327\" class=\"elementor elementor-327\" data-elementor-post-type=\"product\">\n\t\t\t\t<div class=\"elementor-element elementor-element-59e979fd e-flex e-con-boxed e-con e-parent\" data-id=\"59e979fd\" data-element_type=\"container\" data-e-type=\"container\">\n\t\t\t\t\t<div class=\"e-con-inner\">\n\t\t\t\t<div class=\"elementor-element elementor-element-32437741 elementor-widget elementor-widget-text-editor\" data-id=\"32437741\" data-element_type=\"widget\" data-e-type=\"widget\" data-widget_type=\"text-editor.default\">\n\t\t\t\t\t\t\t\t\t<p data-start=\"242\" data-end=\"705\"><strong data-start=\"252\" data-end=\"267\">Nervio Fresco<\/strong>, un complemento alimenticio natural dise\u00f1ado para ayudar a las personas que padecen <strong data-start=\"353\" data-end=\"433\">dolor nervioso, hormigueo, entumecimiento o sensaciones desagradables<\/strong> asociados a trastornos nerviosos como la neuropat\u00eda. Elaborado a partir de extractos de plantas cuidadosamente seleccionadas, este producto est\u00e1 dise\u00f1ado para calmar, nutrir y apoyar gradualmente el sistema nervioso.<\/p><p data-start=\"707\" data-end=\"983\">Cada frasco contiene una f\u00f3rmula desarrollada por expertos y producida en instalaciones registradas por las GMP y la FDA, con ingredientes no modificados gen\u00e9ticamente, sin gluten y sin aditivos artificiales.<\/p><h2 data-start=\"990\" data-end=\"1017\">\u00bfPara qu\u00e9 se utiliza Nerve Fresh?<\/h2><p data-start=\"1019\" data-end=\"1220\"><strong data-start=\"1019\" data-end=\"1034\">Nervio Fresco<\/strong> est\u00e1 dise\u00f1ado para proporcionar un soporte nervioso completo y <strong>mejorar el confort cotidiano<\/strong>. Act\u00faa a varios niveles para aliviar y proteger los nervios. Sus principales objetivos son :<\/p><ul data-start=\"1222\" data-end=\"2042\"><li data-start=\"1222\" data-end=\"1451\"><p data-start=\"1224\" data-end=\"1451\"><strong data-start=\"1224\" data-end=\"1258\">Calmar los dolores nerviosos<\/strong> como hormigueo, quemaz\u00f3n, entumecimiento y sensaci\u00f3n de \u00abpinchazos\u00bb, que pueden afectar a su vida cotidiana.<\/p><\/li><li data-start=\"1452\" data-end=\"1646\"><p data-start=\"1454\" data-end=\"1646\"><strong data-start=\"1454\" data-end=\"1506\">Favorecer la salud y la regeneraci\u00f3n nerviosas<\/strong> mejorar la funci\u00f3n nerviosa general.<\/p><\/li><li data-start=\"1647\" data-end=\"1862\"><p data-start=\"1649\" data-end=\"1862\"><strong data-start=\"1649\" data-end=\"1692\">Reducir la inflamaci\u00f3n y el estr\u00e9s oxidativo<\/strong>, Estos dos factores contribuyen a menudo al empeoramiento de los trastornos nerviosos.<\/p><\/li><li data-start=\"1863\" data-end=\"2042\"><p data-start=\"1865\" data-end=\"2042\"><strong data-start=\"1865\" data-end=\"1925\">Mejorar el confort, la energ\u00eda y la calidad del sue\u00f1o<\/strong> gracias a las hierbas relajantes de su f\u00f3rmula.<\/p><\/li><\/ul><h2 data-start=\"2049\" data-end=\"2076\">Ingredientes y dosis<\/h2><p data-start=\"2078\" data-end=\"2301\">La selecci\u00f3n de ingredientes para <strong data-start=\"2110\" data-end=\"2125\">Nervio Fresco<\/strong> es su capacidad para ayudar al sistema nervioso de forma natural y espec\u00edfica. Cada componente desempe\u00f1a una funci\u00f3n espec\u00edfica para calmar, proteger o regenerar los nervios.<\/p><h3 data-start=\"2303\" data-end=\"2347\">Composici\u00f3n de los ingredientes principales :<\/h3><table class=\"w-fit min-w-(--thread-content-width)\" data-start=\"60\" data-end=\"962\" data-is-last-node=\"\" data-is-only-node=\"\"><thead data-start=\"60\" data-end=\"179\"><tr data-start=\"60\" data-end=\"179\"><th class=\"\" data-start=\"60\" data-end=\"79\" data-col-size=\"sm\">Ingrediente<\/th><th class=\"\" data-start=\"79\" data-end=\"100\" data-col-size=\"sm\">Nombre en franc\u00e9s<\/th><th class=\"\" data-start=\"100\" data-end=\"179\" data-col-size=\"lg\">Propiedades principales<\/th><\/tr><\/thead><tbody data-start=\"295\" data-end=\"962\" data-is-last-node=\"\"><tr data-start=\"295\" data-end=\"431\"><td data-start=\"295\" data-end=\"314\" data-col-size=\"sm\">Higo chumbo<\/td><td data-col-size=\"sm\" data-start=\"314\" data-end=\"334\">Cactus pera<\/td><td data-col-size=\"lg\" data-start=\"334\" data-end=\"431\">Rico en antioxidantes, ayuda a reducir el estr\u00e9s oxidativo y a proteger las c\u00e9lulas nerviosas<\/td><\/tr><tr data-start=\"432\" data-end=\"569\"><td data-start=\"432\" data-end=\"451\" data-col-size=\"sm\">Pasiflora<\/td><td data-col-size=\"sm\" data-start=\"451\" data-end=\"471\">Pasiflora<\/td><td data-col-size=\"lg\" data-start=\"471\" data-end=\"569\">Aumenta los niveles de GABA, favoreciendo la calma, la relajaci\u00f3n y una mejor comunicaci\u00f3n nerviosa<\/td><\/tr><tr data-start=\"570\" data-end=\"687\"><td data-start=\"570\" data-end=\"589\" data-col-size=\"sm\">Ra\u00edz de malvavisco<\/td><td data-col-size=\"sm\" data-start=\"589\" data-end=\"609\">Malvavisco<\/td><td data-col-size=\"lg\" data-start=\"609\" data-end=\"687\">Propiedades antiinflamatorias que calman los tejidos irritados<\/td><\/tr><tr data-start=\"688\" data-end=\"833\"><td data-start=\"688\" data-end=\"707\" data-col-size=\"sm\">Corydalis<\/td><td data-col-size=\"sm\" data-start=\"707\" data-end=\"727\">Yanhusuo<\/td><td data-col-size=\"lg\" data-start=\"727\" data-end=\"833\">Planta utilizada tradicionalmente para aliviar el dolor nervioso gracias a sus compuestos analg\u00e9sicos<\/td><\/tr><tr data-start=\"834\" data-end=\"962\" data-is-last-node=\"\"><td data-start=\"834\" data-end=\"853\" data-col-size=\"sm\">Amapola de California<\/td><td data-col-size=\"sm\" data-start=\"853\" data-end=\"875\">Amapola de California<\/td><td data-col-size=\"lg\" data-start=\"875\" data-end=\"962\" data-is-last-node=\"\">Contribuye a la relajaci\u00f3n y al sue\u00f1o, ayuda a calmar los nervios y el sistema nervioso<\/td><\/tr><\/tbody><\/table><h3 data-start=\"3421\" data-end=\"3446\">Dosis recomendada<\/h3><p data-start=\"3448\" data-end=\"3592\">Para beneficiarse plenamente de los efectos de este suplemento, es importante <strong>siga las recomendaciones de uso<\/strong>. La dosis habitual es de :<\/p><p data-start=\"3594\" data-end=\"3890\">La dosis habitual es <strong data-start=\"3622\" data-end=\"3648\">dos c\u00e1psulas al d\u00eda<\/strong>, T\u00f3melo con un gran vaso de agua, preferiblemente con una comida, para maximizar la absorci\u00f3n. Siga siempre las instrucciones de la etiqueta del producto.<\/p><h2 data-start=\"3897\" data-end=\"3925\">Indicaciones de uso<\/h2><p data-start=\"3927\" data-end=\"4097\"><strong data-start=\"3927\" data-end=\"3942\">Nervio Fresco<\/strong> est\u00e1 dise\u00f1ado para proporcionar un apoyo espec\u00edfico a los nervios y mejorar la calidad de vida. Puede ser \u00fatil en diversas situaciones relacionadas con la salud de los nervios.<\/p><p data-start=\"4099\" data-end=\"4148\">Este suplemento es adecuado para adultos que desean :<\/p><ul data-start=\"4150\" data-end=\"4720\"><li data-start=\"4150\" data-end=\"4277\"><p data-start=\"4152\" data-end=\"4277\">Ayuda natural para la salud nerviosa diaria.<\/p><\/li><li data-start=\"4278\" data-end=\"4451\"><p data-start=\"4280\" data-end=\"4451\">Reducir las sensaciones nerviosas desagradables (hormigueo, entumecimiento).<\/p><\/li><li data-start=\"4452\" data-end=\"4574\"><p data-start=\"4454\" data-end=\"4574\">Mejora la circulaci\u00f3n y el confort nervioso.<\/p><\/li><li data-start=\"4575\" data-end=\"4720\"><p data-start=\"4577\" data-end=\"4720\">Favorece la relajaci\u00f3n, mejora el sue\u00f1o y aumenta la energ\u00eda general.<\/p><\/li><\/ul><p data-start=\"4722\" data-end=\"4990\">Es <strong data-start=\"4731\" data-end=\"4780\">no pretende sustituir al tratamiento m\u00e9dico<\/strong> y no sustituye a ninguna prescripci\u00f3n de su m\u00e9dico o neur\u00f3logo. En caso de duda, consulte a un profesional sanitario antes de empezar.<\/p><h2 data-start=\"4997\" data-end=\"5019\">Precauciones de uso<\/h2><p data-start=\"5021\" data-end=\"5163\">Antes de usar <strong data-start=\"5038\" data-end=\"5053\">Nervio Fresco<\/strong>, Sin embargo, es importante tomar ciertas precauciones para garantizar su seguridad y la eficacia del producto.<\/p><ul data-start=\"5165\" data-end=\"5796\"><li data-start=\"5165\" data-end=\"5275\"><p data-start=\"5167\" data-end=\"5275\">No superar la dosis recomendada.<\/p><\/li><li data-start=\"5276\" data-end=\"5435\"><p data-start=\"5278\" data-end=\"5435\">Este producto no est\u00e1 recomendado para mujeres embarazadas o en periodo de lactancia sin consejo m\u00e9dico.<\/p><\/li><li data-start=\"5436\" data-end=\"5688\"><p data-start=\"5438\" data-end=\"5688\">Si est\u00e1 tomando alg\u00fan medicamento o padece alguna enfermedad preexistente (en particular diabetes, problemas card\u00edacos o nerviosos), <strong data-start=\"5570\" data-end=\"5597\">consulte a su m\u00e9dico<\/strong> antes de su uso.<\/p><\/li><\/ul><p data-start=\"5803\" data-end=\"5834\"><strong>Este producto debe mantenerse fuera del alcance de los ni\u00f1os para garantizar su seguridad.<\/strong><\/p><h2 data-start=\"5803\" data-end=\"5834\">Posibles efectos secundarios<\/h2><p data-start=\"5836\" data-end=\"6007\">Como con cualquier suplemento diet\u00e9tico, es aconsejable ser consciente de los efectos potenciales. Aunque <strong data-start=\"5938\" data-end=\"5953\">Nervio Fresco<\/strong> es natural, pueden producirse ciertas reacciones.<\/p><ul data-start=\"6009\" data-end=\"6450\"><li data-start=\"6009\" data-end=\"6174\"><p data-start=\"6011\" data-end=\"6174\">Ligera somnolencia o aumento de la calma (sobre todo debido a la pasiflora).<\/p><\/li><li data-start=\"6175\" data-end=\"6291\"><p data-start=\"6177\" data-end=\"6291\">Peque\u00f1os problemas digestivos si se toma con el est\u00f3mago vac\u00edo.<\/p><\/li><li data-start=\"6292\" data-end=\"6450\"><p data-start=\"6294\" data-end=\"6450\">Pueden producirse reacciones al\u00e9rgicas en funci\u00f3n de la sensibilidad individual a determinados extractos.<\/p><\/li><\/ul><p data-start=\"6452\" data-end=\"6554\">Si aparecen efectos secundarios, interrumpa su uso y consulte a un profesional sanitario.<\/p><h2 data-start=\"6561\" data-end=\"6592\">Posibles beneficios esperados<\/h2><p data-start=\"6594\" data-end=\"6758\">El uso regular de este suplemento puede proporcionar una serie de beneficios para la salud nerviosa y el bienestar general. Los resultados pueden variar de una persona a otra.<\/p><p data-start=\"6760\" data-end=\"6808\">Entre los beneficios m\u00e1s frecuentes:<\/p><ul><li data-start=\"106\" data-end=\"175\"><p data-start=\"108\" data-end=\"175\">\ud83c\udf3f Reduce la sensaci\u00f3n de hormigueo y el malestar nervioso.<\/p><\/li><li data-start=\"176\" data-end=\"241\"><p data-start=\"178\" data-end=\"241\">\u26a1 <strong>Mejorar el confort<\/strong> y movilidad nerviosa.<\/p><\/li><li data-start=\"242\" data-end=\"288\"><p data-start=\"244\" data-end=\"288\">\ud83c\udf19 <strong>Dormir mejor<\/strong> y una sensaci\u00f3n de calma.<\/p><\/li><li data-start=\"289\" data-end=\"342\"><p data-start=\"291\" data-end=\"342\">\ud83d\udcaa <strong>M\u00e1s energ\u00eda<\/strong> y vitalidad durante el d\u00eda.<\/p><\/li><li data-start=\"343\" data-end=\"396\" data-is-last-node=\"\"><p data-start=\"345\" data-end=\"396\" data-is-last-node=\"\">\ud83d\udd25 Efecto antiinflamatorio sobre el sistema nervioso.<\/p><\/li><\/ul><h2 data-start=\"7502\" data-end=\"7517\">Comentarios de los clientes<\/h2><p data-start=\"7519\" data-end=\"7681\">Muchos usuarios comparten sus impresiones tras varias semanas de uso. Estos testimonios permiten hacerse una idea de los efectos potenciales del producto.<\/p><p data-start=\"7519\" data-end=\"7681\">\u201cEstoy sorprendido por los resultados: despu\u00e9s de meses de hormigueo, empec\u00e9 a sentir un alivio real al cabo de unas semanas.\u201d - <strong data-start=\"7828\" data-end=\"7851\">Usuario an\u00f3nimo<\/strong><\/p><p data-start=\"7519\" data-end=\"7681\">\u201cMenos molestias, mejor calidad del sue\u00f1o y m\u00e1s energ\u00eda\u201d. - <strong data-start=\"7996\" data-end=\"8016\">Cliente satisfecho<\/strong><\/p><p data-start=\"8088\" data-end=\"8461\">Nota: Las opiniones de los clientes sobre este producto suelen publicarse directamente en el sitio web del vendedor o a trav\u00e9s de testimonios de marketing. No siempre hay estudios cient\u00edficos independientes que confirmen todos los efectos reivindicados.<\/p><h2 data-start=\"8468\" data-end=\"8497\">Precios y promociones<\/h2><p><strong>\u00a1Ahora hasta 75% de descuento!<\/strong><\/p><ul><li data-start=\"122\" data-end=\"172\"><p data-start=\"124\" data-end=\"172\"><strong>1 caja<\/strong> : <del data-start=\"134\" data-end=\"142\">126\u20ac<\/del> \u2192 <strong>59 (\u2248 53 % de descuento)<\/strong>)<\/p><\/li><li data-start=\"173\" data-end=\"226\"><p data-start=\"175\" data-end=\"226\"><strong>3 cajas<\/strong> : <del data-start=\"186\" data-end=\"194\">126\u20ac<\/del> \u2192 <strong>49,9 (\u2248 60 % de descuento)<\/strong><\/p><\/li><li data-start=\"227\" data-end=\"278\" data-is-last-node=\"\"><p data-start=\"229\" data-end=\"278\" data-is-last-node=\"\"><strong>6 cajas<\/strong> : <del data-start=\"240\" data-end=\"248\">126\u20ac<\/del> \u2192 <strong>32,9 (\u2248 74 descuento %)<\/strong><\/p><\/li><\/ul><h2 data-start=\"8468\" data-end=\"8497\">FAQ (Preguntas frecuentes)<\/h2><p data-start=\"8499\" data-end=\"8605\">Para ayudarle a comprender <strong data-start=\"8534\" data-end=\"8549\">Nervio Fresco<\/strong>, He aqu\u00ed las respuestas a las preguntas m\u00e1s frecuentes.<\/p><p data-start=\"8607\" data-end=\"8913\"><strong data-start=\"8607\" data-end=\"8658\">\u2753 \u00bfEn cu\u00e1nto tiempo se notan los efectos?<\/strong><br data-start=\"8658\" data-end=\"8661\" \/>Muchos usuarios informan de cambios en las primeras semanas, pero los resultados significativos suelen requerir un uso regular durante 30 a 90 d\u00edas.<\/p><p data-start=\"8915\" data-end=\"9189\"><strong data-start=\"8915\" data-end=\"8977\">\u2753\u00bfPuedo tomar este producto con otros medicamentos?<\/strong><br data-start=\"8977\" data-end=\"8980\" \/>Consulte siempre a un profesional sanitario si est\u00e1 tomando alg\u00fan tratamiento, especialmente para la diabetes, la tensi\u00f3n arterial o la coagulaci\u00f3n.<\/p><p data-start=\"9191\" data-end=\"9387\"><strong data-start=\"9191\" data-end=\"9215\">\u00bfEs natural?<\/strong><br data-start=\"9215\" data-end=\"9218\" \/>S\u00ed, la f\u00f3rmula se basa en extractos de plantas naturales, sin ingredientes sint\u00e9ticos.<\/p><p data-start=\"9389\" data-end=\"9664\"><strong data-start=\"9389\" data-end=\"9437\">\u2753 \u00bfHay garant\u00eda de devoluci\u00f3n del dinero?<\/strong><br data-start=\"9437\" data-end=\"9440\" \/>Seg\u00fan algunas fuentes comerciales, existe una garant\u00eda de devoluci\u00f3n del dinero, pero hay que comprobar las condiciones exactas en el sitio web del vendedor.<\/p>\t\t\t\t\t\t\t\t<\/div>\n\t\t\t\t<div class=\"elementor-element elementor-element-78ebf33 elementor-arrows-yes elementor-pagination-type-bullets elementor-review--has-separator elementor--star-style-star_fontawesome elementor-widget elementor-widget-reviews\" data-id=\"78ebf33\" data-element_type=\"widget\" data-e-type=\"widget\" data-settings=\"{&quot;slides_per_view&quot;:&quot;3&quot;,&quot;slides_to_scroll&quot;:&quot;1&quot;,&quot;show_arrows&quot;:&quot;yes&quot;,&quot;pagination&quot;:&quot;bullets&quot;,&quot;speed&quot;:500,&quot;autoplay&quot;:&quot;yes&quot;,&quot;autoplay_speed&quot;:5000,&quot;loop&quot;:&quot;yes&quot;,&quot;pause_on_hover&quot;:&quot;yes&quot;,&quot;pause_on_interaction&quot;:&quot;yes&quot;,&quot;space_between&quot;:{&quot;unit&quot;:&quot;px&quot;,&quot;size&quot;:10,&quot;sizes&quot;:[]},&quot;space_between_tablet&quot;:{&quot;unit&quot;:&quot;px&quot;,&quot;size&quot;:10,&quot;sizes&quot;:[]},&quot;space_between_mobile&quot;:{&quot;unit&quot;:&quot;px&quot;,&quot;size&quot;:10,&quot;sizes&quot;:[]}}\" data-widget_type=\"reviews.default\">\n\t\t\t\t\t\t\t\t\t\t<div class=\"elementor-main-swiper swiper\" role=\"region\" aria-roledescription=\"carousel\" aria-label=\"Diapositivas\">\n\t\t\t\t<div class=\"swiper-wrapper\">\n\t\t\t\t\t\t\t\t\t\t\t<div class=\"swiper-slide\" role=\"group\" aria-roledescription=\"slide\">\n\t\t\t\t\t\t\t\t\t<div class=\"elementor-testimonial elementor-repeater-item-dfff9b0\">\n\t\t\t\t\t\t\t<div class=\"elementor-testimonial__header\">\n\t\t\t\t\t\t\t\t\t\t\t<div class=\"elementor-testimonial__image\">\n\t\t\t\t\t\t\t<img decoding=\"async\" src=\"https:\/\/alispharmacy.com\/wp-content\/uploads\/2026\/02\/grandmother.webp\" alt=\"Gina\">\n\t\t\t\t\t\t\t\t\t\t\t\t\t<\/div>\n\t\t\t\t\t\t\t\t\t\t<cite class=\"elementor-testimonial__cite\"><span class=\"elementor-testimonial__name\">Gina<\/span><div class=\"elementor-star-rating\"><i class=\"elementor-star-full\">\ue934<\/i><i class=\"elementor-star-full\">\ue934<\/i><i class=\"elementor-star-full\">\ue934<\/i><i class=\"elementor-star-full\">\ue934<\/i><i class=\"elementor-star-full\">\ue934<\/i><\/div><\/cite>\t\t\t\t\t<div class=\"elementor-testimonial__icon elementor-icon elementor-icon-\" aria-label=\"Read More\" data-no-translation-aria-label=\"\"><\/div>\t\t\t\t<\/div>\n\t\t\t\t\t\t\t\t\t\t<div class=\"elementor-testimonial__content\">\n\t\t\t\t\t<div class=\"elementor-testimonial__text\">\n\t\t\t\t\t\tEmpec\u00e9 a utilizar Nerve Fresh porque me lo recomend\u00f3 una enfermera\/terapeuta que entend\u00eda mi problema. Despu\u00e9s de 2 meses de uso, me siento mucho mejor y ya no siento el dolor y el hormigueo como antes. Lo tomo dos veces al d\u00eda y me encanta.\t\t\t\t\t<\/div>\n\t\t\t\t<\/div>\n\t\t\t\t\t<\/div>\n\t\t\t\t\t\t\t\t<\/div>\n\t\t\t\t\t\t\t\t\t\t\t<div class=\"swiper-slide\" role=\"group\" aria-roledescription=\"slide\">\n\t\t\t\t\t\t\t\t\t<div class=\"elementor-testimonial elementor-repeater-item-cab4446\">\n\t\t\t\t\t\t\t<div class=\"elementor-testimonial__header\">\n\t\t\t\t\t\t\t\t\t\t\t<div class=\"elementor-testimonial__image\">\n\t\t\t\t\t\t\t<img decoding=\"async\" src=\"https:\/\/alispharmacy.com\/wp-content\/uploads\/2026\/02\/older-man.webp\" alt=\"Jorge C\">\n\t\t\t\t\t\t\t\t\t\t\t\t\t<\/div>\n\t\t\t\t\t\t\t\t\t\t<cite class=\"elementor-testimonial__cite\"><span class=\"elementor-testimonial__name\">Jorge C<\/span><div class=\"elementor-star-rating\"><i class=\"elementor-star-full\">\ue934<\/i><i class=\"elementor-star-full\">\ue934<\/i><i class=\"elementor-star-full\">\ue934<\/i><i class=\"elementor-star-full\">\ue934<\/i><i class=\"elementor-star-full\">\ue934<\/i><\/div><\/cite>\t\t\t\t\t<div class=\"elementor-testimonial__icon elementor-icon elementor-icon-\" aria-label=\"Read More\" data-no-translation-aria-label=\"\"><\/div>\t\t\t\t<\/div>\n\t\t\t\t\t\t\t\t\t\t<div class=\"elementor-testimonial__content\">\n\t\t\t\t\t<div class=\"elementor-testimonial__text\">\n\t\t\t\t\t\t\u00abSoy m\u00fasico, pero mi neuropat\u00eda me dificultaba tocar un instrumento o realizar otras actividades que requer\u00edan movimientos complejos de las manos. Desde que empec\u00e9 a tomar Nerve Fresh, he notado una mejora significativa en la destreza, flexibilidad y sensibilidad de mis manos y dedos. Ahora puedo volver a tocar mis instrumentos favoritos sin estar limitado por mi neuropat\u00eda.\t\t\t\t\t<\/div>\n\t\t\t\t<\/div>\n\t\t\t\t\t<\/div>\n\t\t\t\t\t\t\t\t<\/div>\n\t\t\t\t\t\t\t\t\t\t\t<div class=\"swiper-slide\" role=\"group\" aria-roledescription=\"slide\">\n\t\t\t\t\t\t\t\t\t<div class=\"elementor-testimonial elementor-repeater-item-4e7958c\">\n\t\t\t\t\t\t\t<div class=\"elementor-testimonial__header\">\n\t\t\t\t\t\t\t\t\t\t\t<div class=\"elementor-testimonial__image\">\n\t\t\t\t\t\t\t<img decoding=\"async\" src=\"https:\/\/alispharmacy.com\/wp-content\/uploads\/2026\/02\/granny-close.webp\" alt=\"Kathy\">\n\t\t\t\t\t\t\t\t\t\t\t\t\t<\/div>\n\t\t\t\t\t\t\t\t\t\t<cite class=\"elementor-testimonial__cite\"><span class=\"elementor-testimonial__name\">Kathy<\/span><div class=\"elementor-star-rating\"><i class=\"elementor-star-full\">\ue934<\/i><i class=\"elementor-star-full\">\ue934<\/i><i class=\"elementor-star-full\">\ue934<\/i><i class=\"elementor-star-full\">\ue934<\/i><i class=\"elementor-star-full\">\ue934<\/i><\/div><\/cite>\t\t\t\t\t<div class=\"elementor-testimonial__icon elementor-icon elementor-icon-\" aria-label=\"Read More\" data-no-translation-aria-label=\"\"><\/div>\t\t\t\t<\/div>\n\t\t\t\t\t\t\t\t\t\t<div class=\"elementor-testimonial__content\">\n\t\t\t\t\t<div class=\"elementor-testimonial__text\">\n\t\t\t\t\t\tTras a\u00f1os de padecer neuropat\u00eda, hab\u00eda renunciado a la idea de dar largos paseos o permanecer de pie durante mucho tiempo. Pero desde que empec\u00e9 a tomar Nerve Fresh, he notado una mejora significativa en la fuerza y el equilibrio de mis piernas. Ahora puedo disfrutar de largos paseos con mi perro y estar de pie durante horas sin sentirme cansada o dolorida. \u00a1Muchas gracias!\t\t\t\t\t<\/div>\n\t\t\t\t<\/div>\n\t\t\t\t\t<\/div>\n\t\t\t\t\t\t\t\t<\/div>\n\t\t\t\t\t\t\t\t\t<\/div>\n\t\t\t\t\t\t\t\t\t\t\t\t\t\t\t<div class=\"elementor-swiper-button elementor-swiper-button-prev\" role=\"button\" tabindex=\"0\" aria-label=\"Previous\" data-no-translation-aria-label=\"\">\n\t\t\t\t\t\t\t<svg aria-hidden=\"true\" class=\"e-font-icon-svg e-eicon-chevron-left\" viewbox=\"0 0 1000 1000\" xmlns=\"http:\/\/www.w3.org\/2000\/svg\"><path d=\"M646 125C629 125 613 133 604 142L308 442C296 454 292 471 292 487 292 504 296 521 308 533L604 854C617 867 629 875 646 875 663 875 679 871 692 858 704 846 713 829 713 812 713 796 708 779 692 767L438 487 692 225C700 217 708 204 708 187 708 171 704 154 692 142 675 129 663 125 646 125Z\"><\/path><\/svg>\t\t\t\t\t\t<\/div>\n\t\t\t\t\t\t<div class=\"elementor-swiper-button elementor-swiper-button-next\" role=\"button\" tabindex=\"0\" aria-label=\"Next\" data-no-translation-aria-label=\"\">\n\t\t\t\t\t\t\t<svg aria-hidden=\"true\" class=\"e-font-icon-svg e-eicon-chevron-right\" viewbox=\"0 0 1000 1000\" xmlns=\"http:\/\/www.w3.org\/2000\/svg\"><path d=\"M696 533C708 521 713 504 713 487 713 471 708 454 696 446L400 146C388 133 375 125 354 125 338 125 325 129 313 142 300 154 292 171 292 187 292 204 296 221 308 233L563 492 304 771C292 783 288 800 288 817 288 833 296 850 308 863 321 871 338 875 354 875 371 875 388 867 400 854L696 533Z\"><\/path><\/svg>\t\t\t\t\t\t<\/div>\n\t\t\t\t\t\t\t\t\t\t\t\t\t\t\t\t<div class=\"swiper-pagination\"><\/div>\n\t\t\t\t\t\t\t\t\t\t\t\t<\/div>\n\t\t\t\t\t\t\t\t<\/div>\n\t\t\t\t\t<\/div>\n\t\t\t\t<\/div>\n\t\t\t\t<\/div>","protected":false},"excerpt":{"rendered":"<p><strong>Nervio Fresco<\/strong> es un <strong>complemento alimenticio natural<\/strong> formulado para favorecer la salud de los nervios y aliviar las molestias asociadas a la neuropat\u00eda. Basado en <strong>plantas cuidadosamente seleccionadas<\/strong>, Ofrece un enfoque natural del bienestar nervioso.<\/p>\n<div class=\"flex flex-col text-sm pb-25\">\n<article class=\"text-token-text-primary w-full focus:outline-none [--shadow-height:45px] has-data-writing-block:pointer-events-none has-data-writing-block:-mt-(--shadow-height) has-data-writing-block:pt-(--shadow-height) [&amp;:has([data-writing-block])&gt;*]:pointer-events-auto scroll-mt-[calc(var(--header-height)+min(200px,max(70px,20svh)))]\" dir=\"auto\" tabindex=\"-1\" data-turn-id=\"request-WEB:c127910d-f330-4805-92c9-3de81e8b7ed7-16\" data-testid=\"conversation-turn-14\" data-scroll-anchor=\"true\" data-turn=\"assistant\">\n<div class=\"text-base my-auto mx-auto pb-10 [--thread-content-margin:--spacing(4)] @w-sm\/main:[--thread-content-margin:--spacing(6)] @w-lg\/main:[--thread-content-margin:--spacing(16)] px-(--thread-content-margin)\">\n<div class=\"[--thread-content-max-width:40rem] @w-lg\/main:[--thread-content-max-width:48rem] mx-auto max-w-(--thread-content-max-width) flex-1 group\/turn-messages focus-visible:outline-hidden relative flex w-full min-w-0 flex-col agent-turn\" tabindex=\"-1\">\n<div class=\"flex max-w-full flex-col grow\">\n<div class=\"min-h-8 text-message relative flex w-full flex-col items-end gap-2 text-start break-words whitespace-normal [.text-message+&amp;]:mt-1\" dir=\"auto\" data-message-author-role=\"assistant\" data-message-id=\"668fd700-6d22-40d9-bc02-8bbf6eebee57\" data-message-model-slug=\"gpt-5-mini\">\n<div class=\"flex w-full flex-col gap-1 empty:hidden first:pt-[1px]\">\n<div class=\"markdown prose dark:prose-invert w-full wrap-break-word dark markdown-new-styling\">\n<p data-start=\"95\" data-end=\"149\">\u2705Alivia el hormigueo, el ardor y el entumecimiento<\/p>\n<p data-start=\"153\" data-end=\"206\">Reduce la inflamaci\u00f3n y el estr\u00e9s oxidativo en el sistema nervioso.<\/p>\n<p data-start=\"210\" data-end=\"266\">\u2705Mejora el confort diario y la calidad del sue\u00f1o.<\/p>\n<p data-start=\"270\" data-end=\"331\" data-is-last-node=\"\">F\u00f3rmula natural: pasiflora, malvavisco, amapola de California<\/p>\n<\/div>\n<\/div>\n<\/div>\n<\/div>\n<div class=\"z-0 flex min-h-[46px] justify-start\"><strong>\u00a1\ud83c\udff7\ufe0f Obtenga hasta 75 % de descuento ahora!<\/strong><\/div>\n<div class=\"mt-3 w-full empty:hidden\">\n<div class=\"text-center\"><\/div>\n<\/div>\n<\/div>\n<\/div>\n<\/article>\n<\/div>\n<div class=\"pointer-events-none h-px w-px absolute bottom-0\" aria-hidden=\"true\" data-edge=\"true\"><\/div>","protected":false},"featured_media":330,"template":"","meta":[],"product_brand":[],"product_cat":[17],"product_tag":[],"class_list":{"0":"post-327","1":"product","2":"type-product","3":"status-publish","4":"has-post-thumbnail","6":"product_cat-sante","8":"first","9":"instock","10":"sale","11":"shipping-taxable","12":"product-type-external"},"_links":{"self":[{"href":"https:\/\/alispharmacy.com\/es\/wp-json\/wp\/v2\/product\/327","targetHints":{"allow":["GET"]}}],"collection":[{"href":"https:\/\/alispharmacy.com\/es\/wp-json\/wp\/v2\/product"}],"about":[{"href":"https:\/\/alispharmacy.com\/es\/wp-json\/wp\/v2\/types\/product"}],"version-history":[{"count":12,"href":"https:\/\/alispharmacy.com\/es\/wp-json\/wp\/v2\/product\/327\/revisions"}],"predecessor-version":[{"id":424,"href":"https:\/\/alispharmacy.com\/es\/wp-json\/wp\/v2\/product\/327\/revisions\/424"}],"wp:featuredmedia":[{"embeddable":true,"href":"https:\/\/alispharmacy.com\/es\/wp-json\/wp\/v2\/media\/330"}],"wp:attachment":[{"href":"https:\/\/alispharmacy.com\/es\/wp-json\/wp\/v2\/media?parent=327"}],"wp:term":[{"taxonomy":"product_brand","embeddable":true,"href":"https:\/\/alispharmacy.com\/es\/wp-json\/wp\/v2\/product_brand?post=327"},{"taxonomy":"product_cat","embeddable":true,"href":"https:\/\/alispharmacy.com\/es\/wp-json\/wp\/v2\/product_cat?post=327"},{"taxonomy":"product_tag","embeddable":true,"href":"https:\/\/alispharmacy.com\/es\/wp-json\/wp\/v2\/product_tag?post=327"}],"curies":[{"name":"wp","href":"https:\/\/api.w.org\/{rel}","templated":true}]}}