{"id":359,"date":"2026-02-07T23:13:56","date_gmt":"2026-02-07T23:13:56","guid":{"rendered":"https:\/\/alispharmacy.com\/?post_type=product&#038;p=359"},"modified":"2026-02-08T13:51:00","modified_gmt":"2026-02-08T13:51:00","slug":"nourix","status":"publish","type":"product","link":"https:\/\/alispharmacy.com\/es\/product\/nourix\/","title":{"rendered":"Nourix"},"content":{"rendered":"<div data-elementor-type=\"product-post\" data-elementor-id=\"359\" class=\"elementor elementor-359\" data-elementor-post-type=\"product\">\n\t\t\t\t<div class=\"elementor-element elementor-element-6649800d e-flex e-con-boxed e-con e-parent\" data-id=\"6649800d\" data-element_type=\"container\" data-e-type=\"container\">\n\t\t\t\t\t<div class=\"e-con-inner\">\n\t\t\t\t<div class=\"elementor-element elementor-element-41226336 elementor-widget elementor-widget-text-editor\" data-id=\"41226336\" data-element_type=\"widget\" data-e-type=\"widget\" data-widget_type=\"text-editor.default\">\n\t\t\t\t\t\t\t\t\t<p data-start=\"324\" data-end=\"776\"><strong>Nourix<\/strong> es un <strong data-start=\"338\" data-end=\"372\">complemento alimenticio natural<\/strong> dise\u00f1ado para ayudar a las personas que deseen <strong data-start=\"421\" data-end=\"494\">alcanzar sus objetivos de p\u00e9rdida de peso de forma saludable y sostenible<\/strong>. Formulado a partir de ingredientes vegetales cuidadosamente seleccionados, este producto pretende estimular el metabolismo, reducir el apetito, regular los niveles de az\u00facar en sangre y mejorar el bienestar general sin recurrir a soluciones agresivas o artificiales.<\/p><p data-start=\"778\" data-end=\"1051\">Disponible en <strong data-start=\"792\" data-end=\"822\">c\u00e1psulas f\u00e1ciles de tomar<\/strong>, Nourix se ha dise\u00f1ado para adaptarse f\u00e1cilmente a la vida cotidiana de los usuarios, tanto si son nuevos en el mundo de los complementos diet\u00e9ticos como si ya est\u00e1n comprometidos con la salud y el bienestar.<\/p><h2 data-start=\"1058\" data-end=\"1085\">\u00bfPara qu\u00e9 se utiliza Nourix?<\/h2><p data-start=\"1087\" data-end=\"1226\">Nourix est\u00e1 destinado principalmente a <strong data-start=\"1119\" data-end=\"1173\">favorecen el control natural del peso<\/strong>. Act\u00faa sobre varias palancas fisiol\u00f3gicas para :<\/p><ul data-start=\"1228\" data-end=\"1892\"><li data-start=\"1228\" data-end=\"1353\"><p data-start=\"1230\" data-end=\"1353\"><strong data-start=\"1230\" data-end=\"1257\">Estimular el metabolismo<\/strong>, aumentar la capacidad del organismo para quemar calor\u00edas.<\/p><\/li><li data-start=\"1354\" data-end=\"1508\"><p data-start=\"1356\" data-end=\"1508\"><strong data-start=\"1356\" data-end=\"1404\">Controla el apetito y reduce los antojos<\/strong>, Esto facilita la reducci\u00f3n de la ingesta de calor\u00edas a lo largo del d\u00eda.<\/p><\/li><li data-start=\"1509\" data-end=\"1652\"><p data-start=\"1511\" data-end=\"1652\"><strong data-start=\"1511\" data-end=\"1537\">Estabilizar los niveles de az\u00facar en sangre<\/strong>, Esto puede ayudar a limitar los picos de hambre y las fluctuaciones de energ\u00eda.<\/p><\/li><li data-start=\"1653\" data-end=\"1781\"><p data-start=\"1655\" data-end=\"1781\"><strong data-start=\"1655\" data-end=\"1681\">Mejorar la digesti\u00f3n<\/strong>, Ayuda a reducir la hinchaz\u00f3n y las molestias.<\/p><\/li><li data-start=\"1782\" data-end=\"1892\"><p data-start=\"1784\" data-end=\"1892\"><strong data-start=\"1784\" data-end=\"1824\">Aportan un impulso energ\u00e9tico natural<\/strong>, sin estimulantes artificiales.<\/p><\/li><\/ul><h2 data-start=\"1899\" data-end=\"1926\">Ingredientes y dosis<\/h2><h3 data-start=\"1928\" data-end=\"1954\">Ingredientes principales<\/h3><p data-start=\"1956\" data-end=\"2087\">Nourix combina varios ingredientes naturales conocidos por sus propiedades beneficiosas para el control del peso y el metabolismo:<\/p><ul data-start=\"2089\" data-end=\"3292\"><li data-start=\"2089\" data-end=\"2237\"><table class=\"w-fit min-w-(--thread-content-width)\" data-start=\"104\" data-end=\"1004\"><thead data-start=\"104\" data-end=\"151\"><tr data-start=\"104\" data-end=\"151\"><th class=\"\" data-start=\"104\" data-end=\"117\" data-col-size=\"sm\">Ingrediente<\/th><th class=\"\" data-start=\"117\" data-end=\"151\" data-col-size=\"md\">Funci\u00f3n principal \/ Ventaja<\/th><\/tr><\/thead><tbody data-start=\"200\" data-end=\"1004\"><tr data-start=\"200\" data-end=\"305\"><td data-start=\"200\" data-end=\"242\" data-col-size=\"sm\">Extracto de t\u00e9 verde (Camellia sinensis)<\/td><td data-col-size=\"md\" data-start=\"242\" data-end=\"305\">Rico en catequinas, que favorecen la oxidaci\u00f3n de las grasas<\/td><\/tr><tr data-start=\"306\" data-end=\"390\"><td data-start=\"306\" data-end=\"335\" data-col-size=\"sm\">Vinagre de manzana<\/td><td data-col-size=\"md\" data-start=\"335\" data-end=\"390\">Ayuda a controlar el apetito y mejora la digesti\u00f3n<\/td><\/tr><tr data-start=\"391\" data-end=\"488\"><td data-start=\"391\" data-end=\"407\" data-col-size=\"sm\">Berberina HCL<\/td><td data-col-size=\"md\" data-start=\"407\" data-end=\"488\">Ayuda a regular los niveles de az\u00facar en sangre y a descomponer las grasas almacenadas<\/td><\/tr><tr data-start=\"489\" data-end=\"572\"><td data-start=\"489\" data-end=\"501\" data-col-size=\"sm\">Jengibre<\/td><td data-start=\"501\" data-end=\"572\" data-col-size=\"md\">Estimula la termog\u00e9nesis natural y facilita la digesti\u00f3n<\/td><\/tr><tr data-start=\"573\" data-end=\"660\"><td data-start=\"573\" data-end=\"604\" data-col-size=\"sm\">Extracto de corteza de canela<\/td><td data-col-size=\"md\" data-start=\"604\" data-end=\"660\">Ayuda a estabilizar los niveles de az\u00facar en sangre<\/td><\/tr><tr data-start=\"661\" data-end=\"760\"><td data-start=\"661\" data-end=\"697\" data-col-size=\"sm\">Naranja amarga y pimienta de cayena<\/td><td data-col-size=\"md\" data-start=\"697\" data-end=\"760\">Agentes termog\u00e9nicos que aumentan el gasto energ\u00e9tico<\/td><\/tr><tr data-start=\"761\" data-end=\"859\"><td data-start=\"761\" data-end=\"788\" data-col-size=\"sm\">Banaba y ginseng coreano<\/td><td data-col-size=\"md\" data-start=\"788\" data-end=\"859\">Ayuda a equilibrar los niveles de az\u00facar en sangre y a mantener los niveles de energ\u00eda diarios<\/td><\/tr><tr data-start=\"860\" data-end=\"940\"><td data-start=\"860\" data-end=\"882\" data-col-size=\"sm\">Cromo (picolinato)<\/td><td data-col-size=\"md\" data-start=\"882\" data-end=\"940\">Oligoelemento \u00fatil para mantener niveles normales de az\u00facar en sangre<\/td><\/tr><tr data-start=\"941\" data-end=\"1004\"><td data-start=\"941\" data-end=\"955\" data-col-size=\"sm\">Resveratrol<\/td><td data-col-size=\"md\" data-start=\"955\" data-end=\"1004\">Antioxidante que favorece la vitalidad general<\/td><\/tr><\/tbody><\/table><\/li><\/ul><h3 data-start=\"3299\" data-end=\"3324\">Dosis recomendada<\/h3><p data-start=\"3326\" data-end=\"3376\">Para <strong>lograr resultados \u00f3ptimos<\/strong> Con Nourix, es importante seguir una rutina diaria regular manteniendo una dieta equilibrada y una actividad f\u00edsica adecuada. Tomar el producto correctamente ayuda a maximizar sus efectos sobre el metabolismo, el control del apetito y el bienestar general:<\/p><ul data-start=\"3378\" data-end=\"3912\"><li data-start=\"3378\" data-end=\"3496\"><p data-start=\"3380\" data-end=\"3496\"><strong data-start=\"3380\" data-end=\"3402\">2 c\u00e1psulas al d\u00eda<\/strong>, Tomar preferentemente con un gran vaso de agua.<\/p><\/li><li data-start=\"3497\" data-end=\"3623\"><p data-start=\"3499\" data-end=\"3623\">Puede tomarse una c\u00e1psula por la ma\u00f1ana y otra al mediod\u00eda para optimizar sus efectos.<\/p><\/li><li data-start=\"3624\" data-end=\"3768\"><p data-start=\"3626\" data-end=\"3768\">Para las personas sensibles, puede empezar con 1 c\u00e1psula al d\u00eda durante los primeros d\u00edas.<\/p><\/li><li data-start=\"3769\" data-end=\"3912\"><p data-start=\"3771\" data-end=\"3912\">Se recomienda seguir la cura al menos <strong data-start=\"3816\" data-end=\"3834\">De 4 a 8 semanas<\/strong> para ver resultados significativos.<\/p><\/li><\/ul><h2 data-start=\"3919\" data-end=\"3947\">Indicaciones de uso<\/h2><p data-start=\"1661\" data-end=\"1949\">Nourix est\u00e1 dise\u00f1ado para satisfacer las necesidades de los adultos que desean mejorar su control del peso y su bienestar general. Es adecuado para cualquier persona que desee combinar un suplemento natural con un estilo de vida saludable para lograr resultados visibles y duraderos:<\/p><ul data-start=\"1951\" data-end=\"2327\"><li data-start=\"1951\" data-end=\"2030\"><p data-start=\"1953\" data-end=\"2030\">Para las personas que deseen <strong data-start=\"1983\" data-end=\"2027\">perder peso o estabilizarlo<\/strong>.<\/p><\/li><li data-start=\"2031\" data-end=\"2128\"><p data-start=\"2033\" data-end=\"2128\">Para quienes deseen <strong data-start=\"2057\" data-end=\"2125\">reducir la ansiedad por picar entre comidas y controlar mejor el apetito<\/strong>.<\/p><\/li><li data-start=\"2129\" data-end=\"2219\"><p data-start=\"2131\" data-end=\"2219\">Para quienes deseen <strong data-start=\"2166\" data-end=\"2195\">aumentar su metabolismo<\/strong> naturalmente.<\/p><\/li><li data-start=\"2220\" data-end=\"2327\"><p data-start=\"2222\" data-end=\"2327\">Para las personas que desean <strong data-start=\"2250\" data-end=\"2324\">mejorar su digesti\u00f3n y obtener un impulso diario de energ\u00eda<\/strong>.<\/p><\/li><\/ul><h2 data-start=\"4541\" data-end=\"4555\">Precauciones<\/h2><p data-start=\"934\" data-end=\"1280\">Aunque se formule Nourix <strong>a base de ingredientes naturales y bien tolerados<\/strong>, Sin embargo, es esencial tomar ciertas precauciones para garantizar un uso seguro y eficaz. Estas recomendaciones ayudan a limitar el riesgo de interacciones o efectos indeseables y garantizan que el producto se adapte a su estilo de vida:<\/p><ul data-start=\"1282\" data-end=\"1624\"><li data-start=\"1282\" data-end=\"1318\"><p data-start=\"1284\" data-end=\"1318\">No apto <strong data-start=\"1296\" data-end=\"1315\">no a los menores<\/strong>.<\/p><\/li><li data-start=\"1319\" data-end=\"1419\"><p data-start=\"1321\" data-end=\"1419\">En caso de <strong data-start=\"1331\" data-end=\"1361\">embarazo o lactancia<\/strong>, Consulte a un profesional sanitario antes de usarlo.<\/p><\/li><li data-start=\"1420\" data-end=\"1554\"><p data-start=\"1422\" data-end=\"1554\">Si est\u00e1 tomando un <strong data-start=\"1440\" data-end=\"1493\">tratamiento m\u00e9dico o padece alguna enfermedad<\/strong>, Si est\u00e1 embarazada o en periodo de lactancia, consulte a su m\u00e9dico antes de utilizar Nourix.<\/p><\/li><li data-start=\"1555\" data-end=\"1624\"><p data-start=\"1557\" data-end=\"1624\">Nourix <strong data-start=\"1564\" data-end=\"1621\">no sustituye a una dieta variada y equilibrada<\/strong>.<\/p><\/li><\/ul><h2 data-start=\"5190\" data-end=\"5221\">Posibles efectos secundarios<\/h2><p data-start=\"5223\" data-end=\"5331\">En la mayor\u00eda de los casos, Nourix es <strong data-start=\"5260\" data-end=\"5275\">bien tolerado<\/strong>, No obstante, pueden producirse reacciones individuales:<\/p><ul data-start=\"5333\" data-end=\"5687\"><li data-start=\"5333\" data-end=\"5446\"><p data-start=\"5335\" data-end=\"5446\">Ligeras molestias digestivas (por ejemplo, malestar estomacal transitorio).<\/p><\/li><li data-start=\"5447\" data-end=\"5583\"><p data-start=\"5449\" data-end=\"5583\">Mayor sensibilidad a determinados compuestos termog\u00e9nicos (como la naranja amarga o el chile).<\/p><\/li><li data-start=\"5584\" data-end=\"5687\"><p data-start=\"5586\" data-end=\"5687\">En raras ocasiones, tr\u00e1nsito intestinal ligeramente acelerado.<\/p><\/li><\/ul><p data-start=\"5689\" data-end=\"5850\">Si persisten los efectos indeseables, es aconsejable dejar de tomar el medicamento y consultar a un profesional m\u00e9dico.<\/p><h2 data-start=\"5857\" data-end=\"5888\">Posibles beneficios esperados<\/h2><p data-start=\"5890\" data-end=\"5976\">Mediante la integraci\u00f3n <strong>Nourix<\/strong> en su rutina diaria, los posibles beneficios incluyen :<\/p><ul><li data-start=\"97\" data-end=\"144\"><p data-start=\"99\" data-end=\"144\">\ud83d\udd25 Reducci\u00f3n del apetito y los antojos.<\/p><\/li><li data-start=\"146\" data-end=\"213\"><p data-start=\"148\" data-end=\"213\">\u26a1 Estimula el metabolismo, ayudando a quemar m\u00e1s calor\u00edas.<\/p><\/li><li data-start=\"215\" data-end=\"273\"><p data-start=\"217\" data-end=\"273\">\ud83c\udf3f Mejor digesti\u00f3n y menos hinchaz\u00f3n.<\/p><\/li><li data-start=\"275\" data-end=\"351\"><p data-start=\"277\" data-end=\"351\">\ud83c\udf6c Mejora del equilibrio gluc\u00e9mico, reduciendo las fluctuaciones energ\u00e9ticas.<\/p><\/li><li data-start=\"353\" data-end=\"402\"><p data-start=\"355\" data-end=\"402\">\ud83d\udcaa Energ\u00eda estable durante todo el d\u00eda.<\/p><\/li><li data-start=\"404\" data-end=\"479\"><p data-start=\"406\" data-end=\"479\">\ud83c\udf1f Favorece el bienestar general y reduce la sensaci\u00f3n de fatiga.<\/p><\/li><\/ul><h2 data-start=\"6603\" data-end=\"6618\">Comentarios de los clientes<\/h2><p data-start=\"6620\" data-end=\"6715\">Nourix se beneficia de <strong data-start=\"6640\" data-end=\"6685\">comentarios positivos de muchos usuarios<\/strong>. Algunos clientes dicen :<\/p><ul data-start=\"6717\" data-end=\"7075\"><li data-start=\"6717\" data-end=\"6851\"><p data-start=\"6719\" data-end=\"6851\">\u00abGracias a Nourix, he perdido varios kilos manteniendo mis niveles de energ\u00eda diarios.\u00bb<\/p><\/li><li data-start=\"6852\" data-end=\"6972\"><p data-start=\"6854\" data-end=\"6972\">\u00abMi apetito se ha reducido mucho y ya no pico entre horas.\u00bb<\/p><\/li><li data-start=\"6973\" data-end=\"7075\"><p data-start=\"6975\" data-end=\"7075\">\u00abMi hinchaz\u00f3n ha disminuido y me siento m\u00e1s ligera.\u00bb<\/p><\/li><\/ul><p data-start=\"7077\" data-end=\"7254\">Estas opiniones reflejan experiencias individuales y los resultados pueden variar seg\u00fan el estilo de vida y el compromiso de cada persona.<\/p><h2 data-start=\"6505\" data-end=\"6511\">Precios y promociones<\/h2><p>Benef\u00edciese de\u00a0<strong>hasta 50% de descuento<\/strong> en sus cajas <strong>\u00a1Nourix para optimizar su cura de adelgazamiento!<\/strong><\/p><ul><li data-start=\"91\" data-end=\"145\"><p data-start=\"287\" data-end=\"366\"><strong data-start=\"374\" data-end=\"394\">1 caja (1 mes)<\/strong> : <del data-start=\"397\" data-end=\"407\">79,95\u20ac<\/del> \u2192 49,95\u20ac (<strong data-start=\"418\" data-end=\"439\">38 Reducci\u00f3n %<\/strong>)<\/p><\/li><li data-start=\"91\" data-end=\"145\"><p data-start=\"287\" data-end=\"366\"><strong data-start=\"449\" data-end=\"470\">2 cajas (2 meses)<\/strong> : <del data-start=\"473\" data-end=\"483\">59,95\u20ac<\/del> \u2192 39,97\u20ac (<strong data-start=\"494\" data-end=\"515\">33 Reducci\u00f3n %<\/strong>)<\/p><\/li><li data-start=\"91\" data-end=\"145\"><p data-start=\"287\" data-end=\"366\"><strong data-start=\"525\" data-end=\"546\">3 cajas (3 meses)<\/strong> : <del data-start=\"549\" data-end=\"559\">69,95\u20ac<\/del> \u2192 36,65\u20ac (<strong data-start=\"570\" data-end=\"591\">48 Reducci\u00f3n %<\/strong>)<\/p><\/li><\/ul><h2 data-start=\"7261\" data-end=\"7290\">FAQ - Preguntas m\u00e1s frecuentes<\/h2><p data-start=\"7292\" data-end=\"7628\"><strong data-start=\"7292\" data-end=\"7339\">\u00bfCu\u00e1ndo ver\u00e9 los primeros resultados?<\/strong><br data-start=\"7339\" data-end=\"7342\" \/>Los efectos iniciales, como una sensaci\u00f3n de mayor energ\u00eda o una reducci\u00f3n del apetito, pueden aparecer en pocos d\u00edas, mientras que los resultados m\u00e1s visibles en la figura suelen requerir varias semanas de uso regular.<\/p><p data-start=\"7630\" data-end=\"7856\"><strong data-start=\"7630\" data-end=\"7672\">\u2753 \u00bfTiene Nourix efectos secundarios?<\/strong><br data-start=\"7672\" data-end=\"7675\" \/>En la gran mayor\u00eda de los casos, se tolera bien, pero algunas personas sensibles pueden experimentar molestias digestivas leves.<\/p><p data-start=\"7858\" data-end=\"8118\"><strong data-start=\"7858\" data-end=\"7909\">\u2753\u00bfPuedo combinar Nourix con otro suplemento?<\/strong><br data-start=\"7909\" data-end=\"7912\" \/>Si ya est\u00e1 tomando otros suplementos o medicamentos, es aconsejable que pida consejo a su profesional de la salud para evitar cualquier posible interacci\u00f3n.<\/p>\t\t\t\t\t\t\t\t<\/div>\n\t\t\t\t<div class=\"elementor-element elementor-element-b22fe6c elementor-arrows-yes elementor-pagination-type-bullets elementor-review--has-separator elementor--star-style-star_fontawesome elementor-widget elementor-widget-reviews\" data-id=\"b22fe6c\" data-element_type=\"widget\" data-e-type=\"widget\" data-settings=\"{&quot;slides_per_view&quot;:&quot;3&quot;,&quot;slides_to_scroll&quot;:&quot;1&quot;,&quot;show_arrows&quot;:&quot;yes&quot;,&quot;pagination&quot;:&quot;bullets&quot;,&quot;speed&quot;:500,&quot;autoplay&quot;:&quot;yes&quot;,&quot;autoplay_speed&quot;:5000,&quot;loop&quot;:&quot;yes&quot;,&quot;pause_on_hover&quot;:&quot;yes&quot;,&quot;pause_on_interaction&quot;:&quot;yes&quot;,&quot;space_between&quot;:{&quot;unit&quot;:&quot;px&quot;,&quot;size&quot;:10,&quot;sizes&quot;:[]},&quot;space_between_tablet&quot;:{&quot;unit&quot;:&quot;px&quot;,&quot;size&quot;:10,&quot;sizes&quot;:[]},&quot;space_between_mobile&quot;:{&quot;unit&quot;:&quot;px&quot;,&quot;size&quot;:10,&quot;sizes&quot;:[]}}\" data-widget_type=\"reviews.default\">\n\t\t\t\t\t\t\t\t\t\t<div class=\"elementor-main-swiper swiper\" role=\"region\" aria-roledescription=\"carousel\" aria-label=\"Diapositivas\">\n\t\t\t\t<div class=\"swiper-wrapper\">\n\t\t\t\t\t\t\t\t\t\t\t<div class=\"swiper-slide\" role=\"group\" aria-roledescription=\"slide\">\n\t\t\t\t\t\t\t\t\t<div class=\"elementor-testimonial elementor-repeater-item-dfff9b0\">\n\t\t\t\t\t\t\t<div class=\"elementor-testimonial__header\">\n\t\t\t\t\t\t\t\t\t\t<cite class=\"elementor-testimonial__cite\"><span class=\"elementor-testimonial__name\">Camille D<\/span><div class=\"elementor-star-rating\"><i class=\"elementor-star-full\">\ue934<\/i><i class=\"elementor-star-full\">\ue934<\/i><i class=\"elementor-star-full\">\ue934<\/i><i class=\"elementor-star-full\">\ue934<\/i><i class=\"elementor-star-full\">\ue934<\/i><\/div><\/cite>\t\t\t\t\t<div class=\"elementor-testimonial__icon elementor-icon elementor-icon-\" aria-label=\"Seguir leyendo\"><\/div>\t\t\t\t<\/div>\n\t\t\t\t\t\t\t\t\t\t<div class=\"elementor-testimonial__content\">\n\t\t\t\t\t<div class=\"elementor-testimonial__text\">\n\t\t\t\t\t\tMe encanta la acci\u00f3n natural de Nourix. He perdido 7 kilos sin el menor efecto secundario. \u00a1Lo recomiendo encarecidamente!\t\t\t\t\t<\/div>\n\t\t\t\t<\/div>\n\t\t\t\t\t<\/div>\n\t\t\t\t\t\t\t\t<\/div>\n\t\t\t\t\t\t\t\t\t\t\t<div class=\"swiper-slide\" role=\"group\" aria-roledescription=\"slide\">\n\t\t\t\t\t\t\t\t\t<div class=\"elementor-testimonial elementor-repeater-item-4e7958c\">\n\t\t\t\t\t\t\t<div class=\"elementor-testimonial__header\">\n\t\t\t\t\t\t\t\t\t\t<cite class=\"elementor-testimonial__cite\"><span class=\"elementor-testimonial__name\">Lisa C<\/span><div class=\"elementor-star-rating\"><i class=\"elementor-star-full\">\ue934<\/i><i class=\"elementor-star-full\">\ue934<\/i><i class=\"elementor-star-full\">\ue934<\/i><i class=\"elementor-star-full\">\ue934<\/i><i class=\"elementor-star-full\">\ue934<\/i><\/div><\/cite>\t\t\t\t\t<div class=\"elementor-testimonial__icon elementor-icon elementor-icon-\" aria-label=\"Seguir leyendo\"><\/div>\t\t\t\t<\/div>\n\t\t\t\t\t\t\t\t\t\t<div class=\"elementor-testimonial__content\">\n\t\t\t\t\t<div class=\"elementor-testimonial__text\">\n\t\t\t\t\t\tEste producto es incre\u00edble para mi digesti\u00f3n, fue mi primer suplemento l\u00edquido real y \u00a1vaya si me lo perd\u00ed! Mi hinchaz\u00f3n pr\u00e1cticamente ha desaparecido. Adem\u00e1s, tengo una energ\u00eda constante durante todo el d\u00eda, sin nerviosismo ni fatiga...\t\t\t\t\t<\/div>\n\t\t\t\t<\/div>\n\t\t\t\t\t<\/div>\n\t\t\t\t\t\t\t\t<\/div>\n\t\t\t\t\t\t\t\t\t\t\t<div class=\"swiper-slide\" role=\"group\" aria-roledescription=\"slide\">\n\t\t\t\t\t\t\t\t\t<div class=\"elementor-testimonial elementor-repeater-item-2ffa9f2\">\n\t\t\t\t\t\t\t<div class=\"elementor-testimonial__header\">\n\t\t\t\t\t\t\t\t\t\t<cite class=\"elementor-testimonial__cite\"><span class=\"elementor-testimonial__name\">Sophie M<\/span><div class=\"elementor-star-rating\"><i class=\"elementor-star-full\">\ue934<\/i><i class=\"elementor-star-full\">\ue934<\/i><i class=\"elementor-star-full\">\ue934<\/i><i class=\"elementor-star-full\">\ue934<\/i><i class=\"elementor-star-full\">\ue934<\/i><\/div><\/cite>\t\t\t\t\t<div class=\"elementor-testimonial__icon elementor-icon elementor-icon-\" aria-label=\"Seguir leyendo\"><\/div>\t\t\t\t<\/div>\n\t\t\t\t\t\t\t\t\t\t<div class=\"elementor-testimonial__content\">\n\t\t\t\t\t<div class=\"elementor-testimonial__text\">\n\t\t\t\t\t\tGracias a Nourix, he perdido 5 kilos en un mes. Me siento m\u00e1s en forma y m\u00e1s segura de m\u00ed misma.\t\t\t\t\t<\/div>\n\t\t\t\t<\/div>\n\t\t\t\t\t<\/div>\n\t\t\t\t\t\t\t\t<\/div>\n\t\t\t\t\t\t\t\t\t<\/div>\n\t\t\t\t\t\t\t\t\t\t\t\t\t\t\t<div class=\"elementor-swiper-button elementor-swiper-button-prev\" role=\"button\" tabindex=\"0\" aria-label=\"Anterior\">\n\t\t\t\t\t\t\t<svg aria-hidden=\"true\" class=\"e-font-icon-svg e-eicon-chevron-left\" viewbox=\"0 0 1000 1000\" xmlns=\"http:\/\/www.w3.org\/2000\/svg\"><path d=\"M646 125C629 125 613 133 604 142L308 442C296 454 292 471 292 487 292 504 296 521 308 533L604 854C617 867 629 875 646 875 663 875 679 871 692 858 704 846 713 829 713 812 713 796 708 779 692 767L438 487 692 225C700 217 708 204 708 187 708 171 704 154 692 142 675 129 663 125 646 125Z\"><\/path><\/svg>\t\t\t\t\t\t<\/div>\n\t\t\t\t\t\t<div class=\"elementor-swiper-button elementor-swiper-button-next\" role=\"button\" tabindex=\"0\" aria-label=\"Siguiente\">\n\t\t\t\t\t\t\t<svg aria-hidden=\"true\" class=\"e-font-icon-svg e-eicon-chevron-right\" viewbox=\"0 0 1000 1000\" xmlns=\"http:\/\/www.w3.org\/2000\/svg\"><path d=\"M696 533C708 521 713 504 713 487 713 471 708 454 696 446L400 146C388 133 375 125 354 125 338 125 325 129 313 142 300 154 292 171 292 187 292 204 296 221 308 233L563 492 304 771C292 783 288 800 288 817 288 833 296 850 308 863 321 871 338 875 354 875 371 875 388 867 400 854L696 533Z\"><\/path><\/svg>\t\t\t\t\t\t<\/div>\n\t\t\t\t\t\t\t\t\t\t\t\t\t\t\t\t<div class=\"swiper-pagination\"><\/div>\n\t\t\t\t\t\t\t\t\t\t\t\t<\/div>\n\t\t\t\t\t\t\t\t<\/div>\n\t\t\t\t\t<\/div>\n\t\t\t\t<\/div>\n\t\t\t\t<\/div>","protected":false},"excerpt":{"rendered":"<p><strong>Nourix<\/strong> es un c<strong>complemento alimenticio natural<\/strong> dise\u00f1ado para ayudarle a perder peso de forma saludable y sostenible. Formulado con potentes extractos de plantas, act\u00faa de varias maneras para optimizar su metabolismo y controlar el apetito.<\/p>\n<p data-start=\"73\" data-end=\"136\">Estimula el metabolismo y favorece la quema de grasas<\/p>\n<p data-start=\"140\" data-end=\"184\">Reduce el apetito y controla los antojos<\/p>\n<p data-start=\"188\" data-end=\"231\">Estabiliza los niveles de az\u00facar en sangre y regula la energ\u00eda.<\/p>\n<p data-start=\"235\" data-end=\"286\">Mejora la digesti\u00f3n y reduce la hinchaz\u00f3n.<\/p>\n<p data-start=\"235\" data-end=\"286\">\u2705<strong>F\u00f3rmula natural<\/strong> T\u00e9 verde, berberina, jengibre, vinagre de sidra<\/p>","protected":false},"featured_media":360,"template":"","meta":[],"product_brand":[],"product_cat":[19,17],"product_tag":[],"class_list":{"0":"post-359","1":"product","2":"type-product","3":"status-publish","4":"has-post-thumbnail","6":"product_cat-perte-de-poids","7":"product_cat-sante","9":"first","10":"instock","11":"sale","12":"shipping-taxable","13":"product-type-external"},"_links":{"self":[{"href":"https:\/\/alispharmacy.com\/es\/wp-json\/wp\/v2\/product\/359","targetHints":{"allow":["GET"]}}],"collection":[{"href":"https:\/\/alispharmacy.com\/es\/wp-json\/wp\/v2\/product"}],"about":[{"href":"https:\/\/alispharmacy.com\/es\/wp-json\/wp\/v2\/types\/product"}],"version-history":[{"count":18,"href":"https:\/\/alispharmacy.com\/es\/wp-json\/wp\/v2\/product\/359\/revisions"}],"predecessor-version":[{"id":394,"href":"https:\/\/alispharmacy.com\/es\/wp-json\/wp\/v2\/product\/359\/revisions\/394"}],"wp:featuredmedia":[{"embeddable":true,"href":"https:\/\/alispharmacy.com\/es\/wp-json\/wp\/v2\/media\/360"}],"wp:attachment":[{"href":"https:\/\/alispharmacy.com\/es\/wp-json\/wp\/v2\/media?parent=359"}],"wp:term":[{"taxonomy":"product_brand","embeddable":true,"href":"https:\/\/alispharmacy.com\/es\/wp-json\/wp\/v2\/product_brand?post=359"},{"taxonomy":"product_cat","embeddable":true,"href":"https:\/\/alispharmacy.com\/es\/wp-json\/wp\/v2\/product_cat?post=359"},{"taxonomy":"product_tag","embeddable":true,"href":"https:\/\/alispharmacy.com\/es\/wp-json\/wp\/v2\/product_tag?post=359"}],"curies":[{"name":"wp","href":"https:\/\/api.w.org\/{rel}","templated":true}]}}