{"id":378,"date":"2026-02-08T13:44:21","date_gmt":"2026-02-08T13:44:21","guid":{"rendered":"https:\/\/alispharmacy.com\/?post_type=product&#038;p=378"},"modified":"2026-02-22T16:56:14","modified_gmt":"2026-02-22T16:56:14","slug":"nutrivea","status":"publish","type":"product","link":"https:\/\/alispharmacy.com\/es\/product\/nutrivea\/","title":{"rendered":"Nutrivea"},"content":{"rendered":"<div data-elementor-type=\"product-post\" data-elementor-id=\"378\" class=\"elementor elementor-378\" data-elementor-post-type=\"product\">\n\t\t\t\t<div class=\"elementor-element elementor-element-367b3c23 e-flex e-con-boxed e-con e-parent\" data-id=\"367b3c23\" data-element_type=\"container\" data-e-type=\"container\">\n\t\t\t\t\t<div class=\"e-con-inner\">\n\t\t\t\t<div class=\"elementor-element elementor-element-e6aa8fb elementor-widget elementor-widget-text-editor\" data-id=\"e6aa8fb\" data-element_type=\"widget\" data-e-type=\"widget\" data-widget_type=\"text-editor.default\">\n\t\t\t\t\t\t\t\t\t<p data-start=\"468\" data-end=\"898\"><strong data-start=\"478\" data-end=\"520\">Nutrivea F\u00f3rmula Equilibrio Metab\u00f3lico<\/strong>, Un suplemento diet\u00e9tico de primera calidad formulado para apoyar de forma natural su metabolismo, aumentar los niveles de energ\u00eda y favorecer una digesti\u00f3n c\u00f3moda. Elaborado con ingredientes <strong data-start=\"710\" data-end=\"760\">100 natural, vegano, sin gluten y sin OGM %<\/strong>, Este producto puede integrarse f\u00e1cilmente en su rutina diaria para potenciar su bienestar general.<\/p><h2 data-start=\"905\" data-end=\"932\">\u00bfPara qu\u00e9 se utiliza Nutrivea?<\/h2><p data-start=\"934\" data-end=\"1061\"><strong>Nutrivea<\/strong> est\u00e1 espec\u00edficamente formulado para apoyar las funciones metab\u00f3licas esenciales de su organismo. El producto :<\/p><ul data-start=\"1063\" data-end=\"1542\"><li data-start=\"1063\" data-end=\"1202\"><p data-start=\"1065\" data-end=\"1202\">estimula los procesos metab\u00f3licos naturales del organismo para favorecer un equilibrio energ\u00e9tico saludable; ;<\/p><\/li><li data-start=\"1203\" data-end=\"1306\"><p data-start=\"1205\" data-end=\"1306\">ayuda a mejorar la digesti\u00f3n y la absorci\u00f3n de nutrientes; ;<\/p><\/li><li data-start=\"1307\" data-end=\"1452\"><p data-start=\"1309\" data-end=\"1452\">ayuda a mantener niveles de energ\u00eda m\u00e1s estables a lo largo del d\u00eda, sin ca\u00eddas repentinas; ;<\/p><\/li><li data-start=\"1453\" data-end=\"1542\"><p data-start=\"1455\" data-end=\"1542\">ofrece un apoyo general al bienestar metab\u00f3lico.<\/p><\/li><\/ul><p data-start=\"1544\" data-end=\"1723\">Este suplemento es especialmente apreciado por las personas que desean sentirse m\u00e1s din\u00e1micas, digerir mejor y apoyar sus esfuerzos por conseguir un metabolismo sano.<\/p><h2 data-start=\"1730\" data-end=\"1757\">Indicaciones de uso<\/h2><p data-start=\"175\" data-end=\"521\"><strong>Nutrivea<\/strong> se recomienda a quienes deseen <strong>ayuda al metabolismo<\/strong> y <strong>mejorar su bienestar general<\/strong>. Es especialmente \u00fatil para quienes desean mantener sus niveles de energ\u00eda a lo largo del d\u00eda, facilitar la digesti\u00f3n y favorecer un estilo de vida saludable. Las situaciones t\u00edpicas en las que Nutrivea puede estar indicado incluyen :<\/p><ul data-start=\"523\" data-end=\"754\"><li data-start=\"523\" data-end=\"564\"><p data-start=\"525\" data-end=\"564\">Apoyo natural al metabolismo<\/p><\/li><li data-start=\"565\" data-end=\"612\"><p data-start=\"567\" data-end=\"612\">Mejorar los niveles de energ\u00eda diarios<\/p><\/li><li data-start=\"613\" data-end=\"695\"><p data-start=\"615\" data-end=\"695\">Facilitan una digesti\u00f3n c\u00f3moda y una mejor absorci\u00f3n de los nutrientes<\/p><\/li><li data-start=\"696\" data-end=\"754\"><p data-start=\"698\" data-end=\"754\">Integrar una soluci\u00f3n natural en un estilo de vida sano<\/p><\/li><\/ul><p data-start=\"2199\" data-end=\"2348\">Este suplemento no sustituye a una dieta equilibrada ni a un estilo de vida activo, pero puede ser un complemento eficaz a sus esfuerzos en estos \u00e1mbitos.<\/p><h2 data-start=\"2355\" data-end=\"2382\">Ingredientes y dosis<\/h2><p data-start=\"2384\" data-end=\"2567\">Nutrivea contiene una sinergia de ingredientes cuidadosamente seleccionados por su eficacia y pureza, formulados sin aditivos artificiales:<\/p><h3 data-start=\"2569\" data-end=\"2597\">Composici\u00f3n principal :<\/h3><table class=\"w-fit min-w-(--thread-content-width)\" data-start=\"91\" data-end=\"965\"><thead data-start=\"91\" data-end=\"214\"><tr data-start=\"91\" data-end=\"214\"><th class=\"\" data-start=\"91\" data-end=\"119\" data-col-size=\"sm\">Ingrediente<\/th><th class=\"\" data-start=\"119\" data-end=\"214\" data-col-size=\"md\">Funci\u00f3n \/ Principales ventajas<\/th><\/tr><\/thead><tbody data-start=\"339\" data-end=\"965\"><tr data-start=\"339\" data-end=\"464\"><td data-start=\"339\" data-end=\"369\" data-col-size=\"sm\">Extracto de Citrus Aurantium<\/td><td data-col-size=\"md\" data-start=\"369\" data-end=\"464\">Rico en antioxidantes y conocido por estimular los procesos metab\u00f3licos<\/td><\/tr><tr data-start=\"465\" data-end=\"590\"><td data-start=\"465\" data-end=\"495\" data-col-size=\"sm\">Extracto de t\u00e9 verde<\/td><td data-col-size=\"md\" data-start=\"495\" data-end=\"590\">Favorece de forma natural el metabolismo y protege las c\u00e9lulas contra el estr\u00e9s oxidativo<\/td><\/tr><tr data-start=\"591\" data-end=\"715\"><td data-start=\"591\" data-end=\"621\" data-col-size=\"sm\">Magnesio<\/td><td data-col-size=\"md\" data-start=\"621\" data-end=\"715\">Mineral esencial para la producci\u00f3n de energ\u00eda y la funci\u00f3n muscular<\/td><\/tr><tr data-start=\"716\" data-end=\"840\"><td data-start=\"716\" data-end=\"746\" data-col-size=\"sm\">Extracto de caf\u00e9 verde<\/td><td data-col-size=\"md\" data-start=\"746\" data-end=\"840\">Promueve la energ\u00eda natural y favorece las funciones metab\u00f3licas<\/td><\/tr><tr data-start=\"841\" data-end=\"965\"><td data-start=\"841\" data-end=\"871\" data-col-size=\"sm\">Extracto de c\u00farcuma<\/td><td data-col-size=\"md\" data-start=\"871\" data-end=\"965\">Aporta propiedades antiinflamatorias y contribuye al bienestar digestivo general<\/td><\/tr><\/tbody><\/table><h3 data-start=\"3335\" data-end=\"3362\">Dosis recomendada :<\/h3><p data-start=\"3364\" data-end=\"3678\">Para obtener mejores resultados, tome <strong data-start=\"3401\" data-end=\"3423\">2 c\u00e1psulas al d\u00eda<\/strong>, Tomar una c\u00e1psula al d\u00eda, preferentemente con las comidas (ma\u00f1ana y noche) y un gran vaso de agua. Comience con una c\u00e1psula al d\u00eda si tiene una sensibilidad particular o si desea evaluar la tolerancia antes de aumentar la dosis.<\/p><h2 data-start=\"3685\" data-end=\"3713\">Precauciones de uso<\/h2><p data-start=\"791\" data-end=\"1081\">Aunque Nutrivea est\u00e1 formulado a partir de\u2019<strong>ingredientes naturales cuidadosamente seleccionados<\/strong>, Para garantizar un uso seguro y \u00f3ptimo, es importante tomar ciertas precauciones. As\u00ed se previene cualquier riesgo de efectos indeseables y se maximiza la eficacia del producto:<\/p><ul data-start=\"1083\" data-end=\"1481\"><li data-start=\"1083\" data-end=\"1138\"><p data-start=\"1085\" data-end=\"1138\">Siga la dosis recomendada y no la supere<\/p><\/li><li data-start=\"1139\" data-end=\"1190\"><p data-start=\"1141\" data-end=\"1190\">Mantener el producto fuera del alcance de los ni\u00f1os<\/p><\/li><li data-start=\"1191\" data-end=\"1271\"><p data-start=\"1193\" data-end=\"1271\">Las personas al\u00e9rgicas a alguno de los ingredientes deben evitar este suplemento.<\/p><\/li><li data-start=\"1272\" data-end=\"1369\"><p data-start=\"1274\" data-end=\"1369\">Las mujeres embarazadas o en periodo de lactancia deben consultar a un profesional sanitario antes de utilizarlo.<\/p><\/li><li data-start=\"1370\" data-end=\"1481\"><p data-start=\"1372\" data-end=\"1481\">Consulte a su m\u00e9dico si est\u00e1 tomando alg\u00fan medicamento, especialmente anticoagulantes o antidiab\u00e9ticos.<\/p><\/li><\/ul><h2 data-start=\"4482\" data-end=\"4513\">Posibles efectos secundarios<\/h2><p data-start=\"4515\" data-end=\"4741\">Nutrivea es generalmente <strong>bien tolerado<\/strong> por la mayor\u00eda de los usuarios gracias a su f\u00f3rmula natural. Sin embargo, como ocurre con cualquier suplemento, pueden producirse reacciones individuales:<\/p><ul data-start=\"4743\" data-end=\"4961\"><li data-start=\"4743\" data-end=\"4847\"><p data-start=\"4745\" data-end=\"4847\">Ligeras molestias digestivas durante los primeros d\u00edas de uso; ;<\/p><\/li><li data-start=\"4848\" data-end=\"4961\"><p data-start=\"4850\" data-end=\"4961\">una sensaci\u00f3n de nerviosismo si se supera ampliamente la dosis recomendada; ;<\/p><\/li><\/ul><p data-start=\"4963\" data-end=\"5109\">Estos efectos son raros y temporales. Si los s\u00edntomas persisten, interrumpa su uso y consulte a un profesional sanitario.<\/p><h2 data-start=\"5116\" data-end=\"5147\">Posibles beneficios esperados<\/h2><p data-start=\"1521\" data-end=\"1770\">Dependiendo de la regularidad de uso y del perfil del usuario, Nutrivea puede ofrecer una variedad de beneficios que mejoran el bienestar general y la calidad de vida. Los siguientes efectos son a menudo reportados por los usuarios regulares:<\/p><ul><li data-start=\"92\" data-end=\"146\"><p data-start=\"94\" data-end=\"146\">\u26a1 Energ\u00eda m\u00e1s estable y menos golpes de fatiga.<\/p><\/li><li data-start=\"148\" data-end=\"203\"><p data-start=\"150\" data-end=\"203\">\ud83e\udde0 Mejora la concentraci\u00f3n y la claridad mental.<\/p><\/li><li data-start=\"205\" data-end=\"275\"><p data-start=\"207\" data-end=\"275\">\ud83c\udf3f Mejora el confort digestivo y la absorci\u00f3n \u00f3ptima de nutrientes.<\/p><\/li><li data-start=\"277\" data-end=\"341\"><p data-start=\"279\" data-end=\"341\">\ud83d\udd25 Apoyo natural a las funciones metab\u00f3licas del organismo<\/p><\/li><\/ul><p data-start=\"5782\" data-end=\"5893\">Los efectos var\u00edan seg\u00fan la persona y deben observarse durante varias semanas de uso regular.<\/p><h2 data-start=\"5900\" data-end=\"5914\">Comentarios de los clientes<\/h2><p data-start=\"5916\" data-end=\"6118\">Nutrivea se beneficia de <strong data-start=\"5941\" data-end=\"5974\">valoraci\u00f3n media de 4,8\/5 estrellas<\/strong> basado en m\u00e1s de <strong data-start=\"5993\" data-end=\"6026\">2.340 opiniones de clientes satisfechos<\/strong>, subrayando la eficacia y tolerancia del producto.<\/p><p data-start=\"6120\" data-end=\"6162\">Los usuarios mencionan en particular:<\/p><ul data-start=\"6163\" data-end=\"6318\"><li data-start=\"6163\" data-end=\"6222\"><p data-start=\"6165\" data-end=\"6222\">energ\u00eda m\u00e1s constante a lo largo del d\u00eda;<\/p><\/li><li data-start=\"6223\" data-end=\"6269\"><p data-start=\"6225\" data-end=\"6269\">digesti\u00f3n m\u00e1s suave y c\u00f3moda;<\/p><\/li><li data-start=\"6270\" data-end=\"6318\"><p data-start=\"6272\" data-end=\"6318\">una sensaci\u00f3n general de mayor bienestar.<\/p><\/li><\/ul><h2 data-start=\"6505\" data-end=\"6511\">Precios y promociones<\/h2><p>Benef\u00edciese de\u00a0<strong>hasta 50% de descuento<\/strong> en sus cajas <strong>\u00a1Nutrivea!<\/strong><\/p><ul><li data-start=\"91\" data-end=\"145\"><p data-start=\"287\" data-end=\"366\"><strong data-start=\"374\" data-end=\"394\">1 caja<\/strong>\u00a0: <del data-start=\"397\" data-end=\"407\">79,95\u20ac<\/del> \u2192 49,95\u20ac (<strong data-start=\"418\" data-end=\"439\">38 Reducci\u00f3n %<\/strong>)<\/p><\/li><li data-start=\"91\" data-end=\"145\"><p data-start=\"287\" data-end=\"366\"><strong data-start=\"449\" data-end=\"470\">2 cajas <\/strong>: <del data-start=\"397\" data-end=\"407\">79,95\u20ac<\/del>\u00a0\u2192 39,97\u20ac (<strong data-start=\"494\" data-end=\"515\">33 Reducci\u00f3n %<\/strong>)<\/p><\/li><li data-start=\"91\" data-end=\"145\"><p data-start=\"287\" data-end=\"366\"><strong data-start=\"525\" data-end=\"546\">3 cajas <\/strong>: <del data-start=\"397\" data-end=\"407\">79,95\u20ac<\/del> \u2192 36,65\u20ac (<strong>50 Reducci\u00f3n %<\/strong>)<\/p><\/li><\/ul><h2 data-start=\"6325\" data-end=\"6353\">Preguntas m\u00e1s frecuentes (FAQ)<\/h2><p data-start=\"6355\" data-end=\"6690\"><strong data-start=\"6355\" data-end=\"6395\">\u2753\u00bfCu\u00e1ndo notar\u00e9 los efectos?<\/strong><br data-start=\"6395\" data-end=\"6398\" \/>Los primeros efectos (energ\u00eda, bienestar) se sienten generalmente despu\u00e9s de <strong data-start=\"6473\" data-end=\"6491\">De 2 a 3 semanas<\/strong> uso regular. Los resultados visibles relacionados con el metabolismo pueden tardar <strong data-start=\"6576\" data-end=\"6594\">De 4 a 8 semanas<\/strong> en funci\u00f3n de los h\u00e1bitos alimentarios y la actividad f\u00edsica.<\/p><p data-start=\"6692\" data-end=\"6924\"><strong data-start=\"6692\" data-end=\"6748\">\u2753\u00bfPuedo tomar Nutrivea con otros suplementos?<\/strong><br data-start=\"6748\" data-end=\"6751\" \/>S\u00ed, pero es aconsejable consultar a un profesional de la salud si est\u00e1 tomando medicamentos u otros suplementos espec\u00edficos.<\/p><p data-start=\"6926\" data-end=\"7150\"><strong data-start=\"6926\" data-end=\"6968\">\u00bfContiene Nutrivea cafe\u00edna?<\/strong><br data-start=\"6968\" data-end=\"6971\" \/>Contiene extractos de caf\u00e9 verde para una energ\u00eda natural, sin el fuerte efecto estimulante de una bebida con cafe\u00edna cl\u00e1sica.<\/p><p data-start=\"7172\" data-end=\"7585\"><strong>Nutrivea<\/strong> F\u00f3rmula Metabolic Balance es un <strong>soluci\u00f3n natural<\/strong>, <strong>cualitativo<\/strong> y bien tolerado por quienes desean apoyar su metabolismo, mejorar la digesti\u00f3n y disfrutar de una energ\u00eda duradera cada d\u00eda. Con una f\u00f3rmula rica en extractos de plantas, minerales esenciales y antioxidantes, este suplemento es <strong>una elecci\u00f3n inteligente<\/strong> para una vida activa y equilibrada<\/p>\t\t\t\t\t\t\t\t<\/div>\n\t\t\t\t<div class=\"elementor-element elementor-element-70ddd19 elementor-arrows-yes elementor-pagination-type-bullets elementor-review--has-separator elementor--star-style-star_fontawesome elementor-widget elementor-widget-reviews\" data-id=\"70ddd19\" data-element_type=\"widget\" data-e-type=\"widget\" data-settings=\"{&quot;slides_per_view&quot;:&quot;3&quot;,&quot;slides_to_scroll&quot;:&quot;1&quot;,&quot;show_arrows&quot;:&quot;yes&quot;,&quot;pagination&quot;:&quot;bullets&quot;,&quot;speed&quot;:500,&quot;autoplay&quot;:&quot;yes&quot;,&quot;autoplay_speed&quot;:5000,&quot;loop&quot;:&quot;yes&quot;,&quot;pause_on_hover&quot;:&quot;yes&quot;,&quot;pause_on_interaction&quot;:&quot;yes&quot;,&quot;space_between&quot;:{&quot;unit&quot;:&quot;px&quot;,&quot;size&quot;:10,&quot;sizes&quot;:[]},&quot;space_between_tablet&quot;:{&quot;unit&quot;:&quot;px&quot;,&quot;size&quot;:10,&quot;sizes&quot;:[]},&quot;space_between_mobile&quot;:{&quot;unit&quot;:&quot;px&quot;,&quot;size&quot;:10,&quot;sizes&quot;:[]}}\" data-widget_type=\"reviews.default\">\n\t\t\t\t\t\t\t\t\t\t<div class=\"elementor-main-swiper swiper\" role=\"region\" aria-roledescription=\"carousel\" aria-label=\"Diapositivas\">\n\t\t\t\t<div class=\"swiper-wrapper\">\n\t\t\t\t\t\t\t\t\t\t\t<div class=\"swiper-slide\" role=\"group\" aria-roledescription=\"slide\">\n\t\t\t\t\t\t\t\t\t<div class=\"elementor-testimonial elementor-repeater-item-dfff9b0\">\n\t\t\t\t\t\t\t<div class=\"elementor-testimonial__header\">\n\t\t\t\t\t\t\t\t\t\t<cite class=\"elementor-testimonial__cite\"><span class=\"elementor-testimonial__name\">Lara<\/span><div class=\"elementor-star-rating\"><i class=\"elementor-star-full\">\ue934<\/i><i class=\"elementor-star-full\">\ue934<\/i><i class=\"elementor-star-full\">\ue934<\/i><i class=\"elementor-star-full\">\ue934<\/i><i class=\"elementor-star-full\">\ue934<\/i><\/div><\/cite>\t\t\t\t\t<div class=\"elementor-testimonial__icon elementor-icon elementor-icon-\" aria-label=\"Seguir leyendo\"><\/div>\t\t\t\t<\/div>\n\t\t\t\t\t\t\t\t\t\t<div class=\"elementor-testimonial__content\">\n\t\t\t\t\t<div class=\"elementor-testimonial__text\">\n\t\t\t\t\t\tLas c\u00e1psulas de Nutrivea han cambiado mi vida. Me siento m\u00e1s en forma y tengo mucha m\u00e1s energ\u00eda.\t\t\t\t\t<\/div>\n\t\t\t\t<\/div>\n\t\t\t\t\t<\/div>\n\t\t\t\t\t\t\t\t<\/div>\n\t\t\t\t\t\t\t\t\t\t\t<div class=\"swiper-slide\" role=\"group\" aria-roledescription=\"slide\">\n\t\t\t\t\t\t\t\t\t<div class=\"elementor-testimonial elementor-repeater-item-4e7958c\">\n\t\t\t\t\t\t\t<div class=\"elementor-testimonial__header\">\n\t\t\t\t\t\t\t\t\t\t<cite class=\"elementor-testimonial__cite\"><span class=\"elementor-testimonial__name\">Edouard<\/span><div class=\"elementor-star-rating\"><i class=\"elementor-star-full\">\ue934<\/i><i class=\"elementor-star-full\">\ue934<\/i><i class=\"elementor-star-full\">\ue934<\/i><i class=\"elementor-star-full\">\ue934<\/i><i class=\"elementor-star-full\">\ue934<\/i><\/div><\/cite>\t\t\t\t\t<div class=\"elementor-testimonial__icon elementor-icon elementor-icon-\" aria-label=\"Seguir leyendo\"><\/div>\t\t\t\t<\/div>\n\t\t\t\t\t\t\t\t\t\t<div class=\"elementor-testimonial__content\">\n\t\t\t\t\t<div class=\"elementor-testimonial__text\">\n\t\t\t\t\t\tAl principio esc\u00e9ptico, ahora 100% convencido %\n\nAl principio era esc\u00e9ptico. \u00a1Las c\u00e1psulas para adelgazar no pueden funcionar! Pero s\u00ed, \u00a1funcionan de verdad!\t\t\t\t\t<\/div>\n\t\t\t\t<\/div>\n\t\t\t\t\t<\/div>\n\t\t\t\t\t\t\t\t<\/div>\n\t\t\t\t\t\t\t\t\t\t\t<div class=\"swiper-slide\" role=\"group\" aria-roledescription=\"slide\">\n\t\t\t\t\t\t\t\t\t<div class=\"elementor-testimonial elementor-repeater-item-2ffa9f2\">\n\t\t\t\t\t\t\t<div class=\"elementor-testimonial__header\">\n\t\t\t\t\t\t\t\t\t\t<cite class=\"elementor-testimonial__cite\"><span class=\"elementor-testimonial__name\">Julia<\/span><div class=\"elementor-star-rating\"><i class=\"elementor-star-full\">\ue934<\/i><i class=\"elementor-star-full\">\ue934<\/i><i class=\"elementor-star-full\">\ue934<\/i><i class=\"elementor-star-full\">\ue934<\/i><i class=\"elementor-star-full\">\ue934<\/i><\/div><\/cite>\t\t\t\t\t<div class=\"elementor-testimonial__icon elementor-icon elementor-icon-\" aria-label=\"Seguir leyendo\"><\/div>\t\t\t\t<\/div>\n\t\t\t\t\t\t\t\t\t\t<div class=\"elementor-testimonial__content\">\n\t\t\t\t\t<div class=\"elementor-testimonial__text\">\n\t\t\t\t\t\tGracias Nutrivea\n\nNo me pareci\u00f3 especialmente barato, pero realmente vale cada c\u00e9ntimo. A m\u00ed me ha funcionado.\t\t\t\t\t<\/div>\n\t\t\t\t<\/div>\n\t\t\t\t\t<\/div>\n\t\t\t\t\t\t\t\t<\/div>\n\t\t\t\t\t\t\t\t\t\t\t<div class=\"swiper-slide\" role=\"group\" aria-roledescription=\"slide\">\n\t\t\t\t\t\t\t\t\t<div class=\"elementor-testimonial elementor-repeater-item-3ac3354\">\n\t\t\t\t\t\t\t<div class=\"elementor-testimonial__header\">\n\t\t\t\t\t\t\t\t\t\t<cite class=\"elementor-testimonial__cite\"><span class=\"elementor-testimonial__name\">Patricia<\/span><div class=\"elementor-star-rating\"><i class=\"elementor-star-full\">\ue934<\/i><i class=\"elementor-star-full\">\ue934<\/i><i class=\"elementor-star-full\">\ue934<\/i><i class=\"elementor-star-full\">\ue934<\/i><i class=\"elementor-star-full\">\ue934<\/i><\/div><\/cite>\t\t\t\t\t<div class=\"elementor-testimonial__icon elementor-icon elementor-icon-\" aria-label=\"Seguir leyendo\"><\/div>\t\t\t\t<\/div>\n\t\t\t\t\t\t\t\t\t\t<div class=\"elementor-testimonial__content\">\n\t\t\t\t\t<div class=\"elementor-testimonial__text\">\n\t\t\t\t\t\tSorprendentemente eficaz\n\nEstoy sorprendido por los resultados. Mi autoestima ha vuelto. Gracias al equipo de Nutrivea.\t\t\t\t\t<\/div>\n\t\t\t\t<\/div>\n\t\t\t\t\t<\/div>\n\t\t\t\t\t\t\t\t<\/div>\n\t\t\t\t\t\t\t\t\t<\/div>\n\t\t\t\t\t\t\t\t\t\t\t\t\t\t\t<div class=\"elementor-swiper-button elementor-swiper-button-prev\" role=\"button\" tabindex=\"0\" aria-label=\"Anterior\">\n\t\t\t\t\t\t\t<svg aria-hidden=\"true\" class=\"e-font-icon-svg e-eicon-chevron-left\" viewbox=\"0 0 1000 1000\" xmlns=\"http:\/\/www.w3.org\/2000\/svg\"><path d=\"M646 125C629 125 613 133 604 142L308 442C296 454 292 471 292 487 292 504 296 521 308 533L604 854C617 867 629 875 646 875 663 875 679 871 692 858 704 846 713 829 713 812 713 796 708 779 692 767L438 487 692 225C700 217 708 204 708 187 708 171 704 154 692 142 675 129 663 125 646 125Z\"><\/path><\/svg>\t\t\t\t\t\t<\/div>\n\t\t\t\t\t\t<div class=\"elementor-swiper-button elementor-swiper-button-next\" role=\"button\" tabindex=\"0\" aria-label=\"Siguiente\">\n\t\t\t\t\t\t\t<svg aria-hidden=\"true\" class=\"e-font-icon-svg e-eicon-chevron-right\" viewbox=\"0 0 1000 1000\" xmlns=\"http:\/\/www.w3.org\/2000\/svg\"><path d=\"M696 533C708 521 713 504 713 487 713 471 708 454 696 446L400 146C388 133 375 125 354 125 338 125 325 129 313 142 300 154 292 171 292 187 292 204 296 221 308 233L563 492 304 771C292 783 288 800 288 817 288 833 296 850 308 863 321 871 338 875 354 875 371 875 388 867 400 854L696 533Z\"><\/path><\/svg>\t\t\t\t\t\t<\/div>\n\t\t\t\t\t\t\t\t\t\t\t\t\t\t\t\t<div class=\"swiper-pagination\"><\/div>\n\t\t\t\t\t\t\t\t\t\t\t\t<\/div>\n\t\t\t\t\t\t\t\t<\/div>\n\t\t\t\t\t<\/div>\n\t\t\t\t<\/div>\n\t\t\t\t<\/div>","protected":false},"excerpt":{"rendered":"<p><strong>Nutrivea<\/strong> Formula Metabolic Balance es un complemento alimenticio. <strong>premium 100% natural<\/strong> que estimula el metabolismo, aumenta la energ\u00eda y mejora la digesti\u00f3n. Formulado con potentes extractos de plantas, este producto <strong>vegano y sin gluten<\/strong> le ayuda a alcanzar diariamente un bienestar metab\u00f3lico \u00f3ptimo.<\/p>\n<p data-start=\"92\" data-end=\"160\">\u2705 Estimula de forma natural el metabolismo y el equilibrio energ\u00e9tico<\/p>\n<p data-start=\"216\" data-end=\"273\">Mejora la digesti\u00f3n y la absorci\u00f3n de nutrientes.<\/p>\n<p data-start=\"277\" data-end=\"328\">\u2705 Favorece la concentraci\u00f3n y la claridad mental<\/p>\n<p data-start=\"332\" data-end=\"389\">\u2705 F\u00f3rmula 100% natural, vegana, sin gluten, sin OGM.<\/p>\n<p data-start=\"393\" data-end=\"447\">\u2705 Rico en antioxidantes (t\u00e9 verde, c\u00farcuma, c\u00edtricos)<\/p>\n<p><strong>\ud83c\udff7\ufe0f \u00a1Consigue hasta 54 % de descuento ahora!<\/strong><\/p>","protected":false},"featured_media":383,"template":"","meta":[],"product_brand":[],"product_cat":[17],"product_tag":[],"class_list":{"0":"post-378","1":"product","2":"type-product","3":"status-publish","4":"has-post-thumbnail","6":"product_cat-sante","8":"first","9":"instock","10":"sale","11":"shipping-taxable","12":"product-type-external"},"_links":{"self":[{"href":"https:\/\/alispharmacy.com\/es\/wp-json\/wp\/v2\/product\/378","targetHints":{"allow":["GET"]}}],"collection":[{"href":"https:\/\/alispharmacy.com\/es\/wp-json\/wp\/v2\/product"}],"about":[{"href":"https:\/\/alispharmacy.com\/es\/wp-json\/wp\/v2\/types\/product"}],"version-history":[{"count":10,"href":"https:\/\/alispharmacy.com\/es\/wp-json\/wp\/v2\/product\/378\/revisions"}],"predecessor-version":[{"id":494,"href":"https:\/\/alispharmacy.com\/es\/wp-json\/wp\/v2\/product\/378\/revisions\/494"}],"wp:featuredmedia":[{"embeddable":true,"href":"https:\/\/alispharmacy.com\/es\/wp-json\/wp\/v2\/media\/383"}],"wp:attachment":[{"href":"https:\/\/alispharmacy.com\/es\/wp-json\/wp\/v2\/media?parent=378"}],"wp:term":[{"taxonomy":"product_brand","embeddable":true,"href":"https:\/\/alispharmacy.com\/es\/wp-json\/wp\/v2\/product_brand?post=378"},{"taxonomy":"product_cat","embeddable":true,"href":"https:\/\/alispharmacy.com\/es\/wp-json\/wp\/v2\/product_cat?post=378"},{"taxonomy":"product_tag","embeddable":true,"href":"https:\/\/alispharmacy.com\/es\/wp-json\/wp\/v2\/product_tag?post=378"}],"curies":[{"name":"wp","href":"https:\/\/api.w.org\/{rel}","templated":true}]}}