{"id":395,"date":"2026-02-08T15:23:12","date_gmt":"2026-02-08T15:23:12","guid":{"rendered":"https:\/\/alispharmacy.com\/?post_type=product&#038;p=395"},"modified":"2026-02-08T15:23:12","modified_gmt":"2026-02-08T15:23:12","slug":"fizzclean","status":"publish","type":"product","link":"https:\/\/alispharmacy.com\/es\/product\/fizzclean\/","title":{"rendered":"Fizzclean"},"content":{"rendered":"<div data-elementor-type=\"product-post\" data-elementor-id=\"395\" class=\"elementor elementor-395\" data-elementor-post-type=\"product\">\n\t\t\t\t<div class=\"elementor-element elementor-element-32907b77 e-flex e-con-boxed e-con e-parent\" data-id=\"32907b77\" data-element_type=\"container\" data-e-type=\"container\">\n\t\t\t\t\t<div class=\"e-con-inner\">\n\t\t\t\t<div class=\"elementor-element elementor-element-71dca5b elementor-widget elementor-widget-text-editor\" data-id=\"71dca5b\" data-element_type=\"widget\" data-e-type=\"widget\" data-widget_type=\"text-editor.default\">\n\t\t\t\t\t\t\t\t\t<p data-start=\"346\" data-end=\"907\"><strong>FizzClean<\/strong> es un <strong>innovador limpiador espumoso<\/strong> especialmente dise\u00f1ado para facilitar la limpieza del inodoro, ofreciendo una acci\u00f3n r\u00e1pida, eficaz y sin esfuerzo. Gracias a su f\u00f3rmula efervescente que se activa instant\u00e1neamente al contacto con el agua, el polvo se transforma en una espuma activa capaz de desprender los residuos, disolver la cal y neutralizar los malos olores en profundidad. Este moderno producto es perfecto para los hogares que desean <strong>ahorrar tiempo<\/strong> manteniendo una higiene impecable en su cuarto de ba\u00f1o.<\/p><p data-start=\"909\" data-end=\"1186\">Su uso sencillo y pr\u00e1ctico sustituye el fregado intensivo tradicional por una soluci\u00f3n m\u00e1s c\u00f3moda e higi\u00e9nica. En pocos minutos, las superficies vuelven a estar brillantes y frescas, sin necesidad de manipulaciones complejas ni productos qu\u00edmicos agresivos.<\/p><h2 data-start=\"1193\" data-end=\"1218\">\u00bfPara qu\u00e9 se utiliza Fizzclean?<\/h2><p data-start=\"1220\" data-end=\"1548\"><strong>FizzClean<\/strong> est\u00e1 dise\u00f1ado para la limpieza regular de inodoros y superficies sanitarias expuestas a dep\u00f3sitos calc\u00e1reos, bacterias y olores persistentes. Act\u00faa directamente en la taza del inodoro para limpiar las superficies. <strong>zonas de dif\u00edcil acceso<\/strong>, Esto es especialmente cierto bajo los bordes, donde los cepillos convencionales a menudo tienen dificultades para llegar.<\/p><p data-start=\"1550\" data-end=\"1718\">Esto lo convierte en una alternativa sencilla a los geles, sprays y productos clorados, al tiempo que proporciona una limpieza m\u00e1s r\u00e1pida y agradable cada d\u00eda.<\/p><h2 data-start=\"1725\" data-end=\"1739\">Composici\u00f3n<\/h2><p data-start=\"1741\" data-end=\"2013\"><strong>La f\u00f3rmula FizzClean<\/strong> se basa en una combinaci\u00f3n de agentes efervescentes y limpiadores que producen una reacci\u00f3n espumosa en cuanto entran en contacto con el agua. Esta acci\u00f3n levanta la suciedad incrustada y facilita su eliminaci\u00f3n al aclarar.<\/p><p data-start=\"2015\" data-end=\"2041\">En general, encontramos :<\/p><table class=\"w-fit min-w-(--thread-content-width)\" data-start=\"395\" data-end=\"1114\"><thead data-start=\"395\" data-end=\"463\"><tr data-start=\"395\" data-end=\"463\"><th class=\"\" data-start=\"395\" data-end=\"416\" data-col-size=\"md\">Ingrediente \/ Agente<\/th><th class=\"\" data-start=\"416\" data-end=\"433\" data-col-size=\"md\">Papel principal<\/th><th class=\"\" data-start=\"433\" data-end=\"463\" data-col-size=\"md\">Ventajas de la limpieza<\/th><\/tr><\/thead><tbody data-start=\"530\" data-end=\"1114\"><tr data-start=\"530\" data-end=\"730\"><td data-start=\"530\" data-end=\"575\" data-col-size=\"md\">Activadores de espuma efervescentes<\/td><td data-col-size=\"md\" data-start=\"575\" data-end=\"631\">Provoca una reacci\u00f3n espumosa en contacto con el agua<\/td><td data-col-size=\"md\" data-start=\"631\" data-end=\"730\">Permite que la espuma se extienda por toda la taza y llegue a las zonas dif\u00edciles<\/td><\/tr><tr data-start=\"731\" data-end=\"863\"><td data-start=\"731\" data-end=\"757\" data-col-size=\"md\">Tensioactivos de limpieza<\/td><td data-col-size=\"md\" data-start=\"757\" data-end=\"794\">Elimina y captura la suciedad<\/td><td data-col-size=\"md\" data-start=\"794\" data-end=\"863\">Elimina eficazmente residuos, grasa y dep\u00f3sitos org\u00e1nicos<\/td><\/tr><tr data-start=\"864\" data-end=\"991\"><td data-start=\"864\" data-end=\"890\" data-col-size=\"md\">Desincrustantes suaves<\/td><td data-col-size=\"md\" data-start=\"890\" data-end=\"931\">Disuelve la cal y los minerales<\/td><td data-col-size=\"md\" data-start=\"931\" data-end=\"991\">Ayuda a eliminar las manchas amarillas y los restos de cal<\/td><\/tr><tr data-start=\"992\" data-end=\"1114\"><td data-start=\"992\" data-end=\"1019\" data-col-size=\"md\">Componentes desodorizantes<\/td><td data-col-size=\"md\" data-start=\"1019\" data-end=\"1055\">Neutraliza los malos olores<\/td><td data-col-size=\"md\" data-start=\"1055\" data-end=\"1114\">Deja un frescor limpio y agradable despu\u00e9s del aclarado<\/td><\/tr><\/tbody><\/table><p data-start=\"2223\" data-end=\"2384\">El objetivo de esta combinaci\u00f3n es garantizar una limpieza eficaz al tiempo que se limitan los fuertes olores qu\u00edmicos presentes a menudo en los productos dom\u00e9sticos tradicionales.<\/p><h2 data-start=\"2391\" data-end=\"2419\">Indicaciones de uso<\/h2><p data-start=\"2421\" data-end=\"2711\">FizzClean es muy f\u00e1cil de usar y no necesita sustituirse. <strong>no requiere conocimientos especiales<\/strong>. Basta con verter la cantidad recomendada de polvo directamente en la taza del inodoro, dejar que se forme la espuma y actuar durante varios minutos para que penetre en los dep\u00f3sitos.<\/p><p data-start=\"2713\" data-end=\"2916\">Una vez transcurrido el tiempo de aplicaci\u00f3n, basta con aclarar o tirar de la cadena para eliminar los residuos disueltos. Para las manchas m\u00e1s rebeldes, un ligero cepillado puede completar la acci\u00f3n del producto.<\/p><h2 data-start=\"2923\" data-end=\"2954\">Posibles beneficios esperados<\/h2><p data-start=\"2956\" data-end=\"3265\">Utilizando FizzClean regularmente en su rutina de mantenimiento, puede esperar conseguir <strong>Sanitarios visiblemente m\u00e1s limpios<\/strong>, El resultado son superficies m\u00e1s frescas e higi\u00e9nicas, al tiempo que se reduce significativamente el tiempo y el esfuerzo que suele requerir fregar y desinfectar manualmente las superficies.<\/p><ul><li data-start=\"182\" data-end=\"227\"><p data-start=\"184\" data-end=\"227\">\u2728 Limpieza r\u00e1pida sin fregado intensivo<\/p><\/li><li data-start=\"228\" data-end=\"290\"><p data-start=\"230\" data-end=\"290\">\ud83e\uddfd Eliminaci\u00f3n de dep\u00f3sitos calc\u00e1reos y manchas amarillas<\/p><\/li><li data-start=\"291\" data-end=\"328\"><p data-start=\"293\" data-end=\"328\">\ud83c\udf3f Reducci\u00f3n de olores<\/p><\/li><li data-start=\"329\" data-end=\"383\"><p data-start=\"331\" data-end=\"383\">\ud83d\udd04 F\u00e1cil acceso a zonas de dif\u00edcil acceso<\/p><\/li><li data-start=\"384\" data-end=\"431\"><p data-start=\"386\" data-end=\"431\">\u23f1\ufe0f Ahorra tiempo en el mantenimiento diario<\/p><\/li><li data-start=\"432\" data-end=\"494\"><p data-start=\"434\" data-end=\"494\">\u2744\ufe0f Sensaci\u00f3n duradera de frescor despu\u00e9s de cada uso<\/p><\/li><\/ul><p data-start=\"3564\" data-end=\"3722\">Estas ventajas lo convierten en una soluci\u00f3n pr\u00e1ctica para familias, personas con prisa o cualquiera que busque un m\u00e9todo de limpieza m\u00e1s c\u00f3modo.<\/p><p data-start=\"3564\" data-end=\"3722\"><img fetchpriority=\"high\" decoding=\"async\" class=\"aligncenter wp-image-400 size-large\" title=\"Fizzclean\" src=\"https:\/\/alispharmacy.com\/wp-content\/uploads\/2026\/02\/Capture-decran-2026-02-08-161922-fotor-enhance-20260208162015-1024x311.jpg\" alt=\"Fizzclean\" width=\"800\" height=\"243\" srcset=\"https:\/\/alispharmacy.com\/wp-content\/uploads\/2026\/02\/Capture-decran-2026-02-08-161922-fotor-enhance-20260208162015-1024x311.jpg 1024w, https:\/\/alispharmacy.com\/wp-content\/uploads\/2026\/02\/Capture-decran-2026-02-08-161922-fotor-enhance-20260208162015-300x91.jpg 300w, https:\/\/alispharmacy.com\/wp-content\/uploads\/2026\/02\/Capture-decran-2026-02-08-161922-fotor-enhance-20260208162015-768x233.jpg 768w, https:\/\/alispharmacy.com\/wp-content\/uploads\/2026\/02\/Capture-decran-2026-02-08-161922-fotor-enhance-20260208162015-1536x467.jpg 1536w, https:\/\/alispharmacy.com\/wp-content\/uploads\/2026\/02\/Capture-decran-2026-02-08-161922-fotor-enhance-20260208162015-2048x623.jpg 2048w, https:\/\/alispharmacy.com\/wp-content\/uploads\/2026\/02\/Capture-decran-2026-02-08-161922-fotor-enhance-20260208162015-18x5.jpg 18w, https:\/\/alispharmacy.com\/wp-content\/uploads\/2026\/02\/Capture-decran-2026-02-08-161922-fotor-enhance-20260208162015-600x182.jpg 600w\" sizes=\"(max-width: 800px) 100vw, 800px\" \/><\/p><h2 data-start=\"3729\" data-end=\"3752\">Precauciones de uso<\/h2><p data-start=\"3754\" data-end=\"4023\">Aunque FizzClean est\u00e1 dise\u00f1ado para ser <strong>f\u00e1cil de usar<\/strong> y destinado al uso dom\u00e9stico cotidiano, sigue siendo un producto dom\u00e9stico activo que requiere ciertas precauciones para garantizar la seguridad de toda la familia y evitar cualquier uso inadecuado o accidental.<\/p><ul data-start=\"4025\" data-end=\"4306\"><li data-start=\"4025\" data-end=\"4076\"><p data-start=\"4027\" data-end=\"4076\">Mantener fuera del alcance de los ni\u00f1os y los animales dom\u00e9sticos<\/p><\/li><li data-start=\"4077\" data-end=\"4132\"><p data-start=\"4079\" data-end=\"4132\">Evitar el contacto directo con los ojos y la piel<\/p><\/li><li data-start=\"4133\" data-end=\"4185\"><p data-start=\"4135\" data-end=\"4185\">No mezclar con otros productos qu\u00edmicos<\/p><\/li><li data-start=\"4186\" data-end=\"4239\"><p data-start=\"4188\" data-end=\"4239\">Utilizar s\u00f3lo en las superficies recomendadas<\/p><\/li><li data-start=\"4240\" data-end=\"4287\"><p data-start=\"4242\" data-end=\"4287\">Conservar en un lugar seco y bien cerrado<\/p><\/li><li data-start=\"4288\" data-end=\"4306\"><p data-start=\"4290\" data-end=\"4306\">No ingerir<\/p><\/li><\/ul><p data-start=\"4308\" data-end=\"4379\">Si sigue estas instrucciones, podr\u00e1 utilizar su equipo sin problemas y con eficacia.<\/p><h2 data-start=\"4386\" data-end=\"4428\">Posibles efectos secundarios y limitaciones<\/h2><p data-start=\"4430\" data-end=\"4747\">Como cualquier producto de limpieza dom\u00e9stica, FizzClean puede tener ciertos l\u00edmites de eficacia o provocar peque\u00f1as reacciones en funci\u00f3n de la sensibilidad del usuario y del estado de las superficies, por lo que siempre es aconsejable realizar una prueba inicial en una zona peque\u00f1a antes de utilizarlo regularmente.<\/p><ul data-start=\"4749\" data-end=\"4969\"><li data-start=\"4749\" data-end=\"4793\"><p data-start=\"4751\" data-end=\"4793\">Musgo a veces menos abundante de lo esperado<\/p><\/li><li data-start=\"4794\" data-end=\"4856\"><p data-start=\"4796\" data-end=\"4856\">Eficacia reducida en manchas muy antiguas o incrustadas<\/p><\/li><li data-start=\"4857\" data-end=\"4920\"><p data-start=\"4859\" data-end=\"4920\">Posible irritaci\u00f3n en caso de contacto prolongado con la piel<\/p><\/li><li data-start=\"4921\" data-end=\"4969\"><p data-start=\"4923\" data-end=\"4969\">Los resultados var\u00edan en funci\u00f3n de la dureza del agua<\/p><\/li><\/ul><p data-start=\"4971\" data-end=\"5082\">Estos efectos son generalmente leves y pueden evitarse utilizando el producto tal como se recomienda.<\/p><h2 data-start=\"5089\" data-end=\"5104\">Comentarios de los clientes<\/h2><p data-start=\"5106\" data-end=\"5388\">Muchos usuarios aprecian <strong>La facilidad de uso de FizzClean<\/strong> y destacan la practicidad de una limpieza sin esfuerzo. Destacan la rapidez de acci\u00f3n, el frescor que queda tras el aclarado y la comodidad de un m\u00e9todo m\u00e1s moderno que los productos tradicionales.<\/p><p data-start=\"5390\" data-end=\"5593\">Sin embargo, algunos consumidores afirman que los resultados pueden variar en funci\u00f3n del nivel de suciedad o del tipo de dep\u00f3sito, lo que pone de relieve la importancia de adaptar la frecuencia de uso a sus necesidades.<\/p><h2 data-start=\"5600\" data-end=\"5606\">PREGUNTAS FRECUENTES<\/h2><p data-start=\"5608\" data-end=\"5767\"><strong data-start=\"5608\" data-end=\"5663\">\u2753 \u00bfFizzClean sustituye completamente a la escobilla del inodoro?<\/strong><br data-start=\"5663\" data-end=\"5666\" \/>En la mayor\u00eda de los casos, s\u00ed, pero un cepillado ligero puede ser \u00fatil para las manchas muy resistentes.<\/p><p data-start=\"5769\" data-end=\"5892\"><strong data-start=\"5769\" data-end=\"5804\">\u2753 \u00bfCon qu\u00e9 frecuencia debo utilizarlo?<\/strong><br data-start=\"5804\" data-end=\"5807\" \/>Una o dos veces por semana suele ser suficiente para mantener limpios los inodoros.<\/p><p data-start=\"5894\" data-end=\"6052\"><strong data-start=\"5894\" data-end=\"5943\">\u2753\u00bfPuede utilizarse en otro lugar que no sea el retrete?<\/strong><br data-start=\"5943\" data-end=\"5946\" \/>Puede probarse en determinadas superficies sanitarias resistentes al agua, como lavabos y azulejos.<\/p><p data-start=\"6054\" data-end=\"6151\"><strong data-start=\"6054\" data-end=\"6087\">\u2753\u00bfDeja un olor fuerte?<\/strong><br data-start=\"6087\" data-end=\"6090\" \/>No, la f\u00f3rmula busca un frescor ligero y agradable.<\/p><p data-start=\"6173\" data-end=\"6601\">\u00a0<\/p>\t\t\t\t\t\t\t\t<\/div>\n\t\t\t\t<div class=\"elementor-element elementor-element-4301682 elementor-arrows-yes elementor-pagination-type-bullets elementor-review--has-separator elementor--star-style-star_fontawesome elementor-widget elementor-widget-reviews\" data-id=\"4301682\" data-element_type=\"widget\" data-e-type=\"widget\" data-settings=\"{&quot;slides_per_view&quot;:&quot;3&quot;,&quot;slides_to_scroll&quot;:&quot;1&quot;,&quot;show_arrows&quot;:&quot;yes&quot;,&quot;pagination&quot;:&quot;bullets&quot;,&quot;speed&quot;:500,&quot;autoplay&quot;:&quot;yes&quot;,&quot;autoplay_speed&quot;:5000,&quot;loop&quot;:&quot;yes&quot;,&quot;pause_on_hover&quot;:&quot;yes&quot;,&quot;pause_on_interaction&quot;:&quot;yes&quot;,&quot;space_between&quot;:{&quot;unit&quot;:&quot;px&quot;,&quot;size&quot;:10,&quot;sizes&quot;:[]},&quot;space_between_tablet&quot;:{&quot;unit&quot;:&quot;px&quot;,&quot;size&quot;:10,&quot;sizes&quot;:[]},&quot;space_between_mobile&quot;:{&quot;unit&quot;:&quot;px&quot;,&quot;size&quot;:10,&quot;sizes&quot;:[]}}\" data-widget_type=\"reviews.default\">\n\t\t\t\t\t\t\t\t\t\t<div class=\"elementor-main-swiper swiper\" role=\"region\" aria-roledescription=\"carousel\" aria-label=\"Diapositivas\">\n\t\t\t\t<div class=\"swiper-wrapper\">\n\t\t\t\t\t\t\t\t\t\t\t<div class=\"swiper-slide\" role=\"group\" aria-roledescription=\"slide\">\n\t\t\t\t\t\t\t\t\t<div class=\"elementor-testimonial elementor-repeater-item-dfff9b0\">\n\t\t\t\t\t\t\t<div class=\"elementor-testimonial__header\">\n\t\t\t\t\t\t\t\t\t\t<cite class=\"elementor-testimonial__cite\"><span class=\"elementor-testimonial__name\">Lisa<\/span><div class=\"elementor-star-rating\"><i class=\"elementor-star-full\">\ue934<\/i><i class=\"elementor-star-full\">\ue934<\/i><i class=\"elementor-star-full\">\ue934<\/i><i class=\"elementor-star-full\">\ue934<\/i><i class=\"elementor-star-full\">\ue934<\/i><\/div><\/cite>\t\t\t\t\t<div class=\"elementor-testimonial__icon elementor-icon elementor-icon-\" aria-label=\"Seguir leyendo\"><\/div>\t\t\t\t<\/div>\n\t\t\t\t\t\t\t\t\t\t<div class=\"elementor-testimonial__content\">\n\t\t\t\t\t<div class=\"elementor-testimonial__text\">\n\t\t\t\t\t\tSol\u00eda pasarme HORAS fregando mis inodoros, a veces incluso medio d\u00eda, s\u00f3lo para ver que las mismas manchas persistentes de siempre segu\u00edan ah\u00ed. Pero es mucho m\u00e1s f\u00e1cil con FizzClean cuando se encarga de todo as\u00ed. Ahora mi inodoro es el m\u00e1s bonito que he visto nunca y \u00a1no he tocado un cepillo de fregar en semanas!\t\t\t\t\t<\/div>\n\t\t\t\t<\/div>\n\t\t\t\t\t<\/div>\n\t\t\t\t\t\t\t\t<\/div>\n\t\t\t\t\t\t\t\t\t\t\t<div class=\"swiper-slide\" role=\"group\" aria-roledescription=\"slide\">\n\t\t\t\t\t\t\t\t\t<div class=\"elementor-testimonial elementor-repeater-item-4e7958c\">\n\t\t\t\t\t\t\t<div class=\"elementor-testimonial__header\">\n\t\t\t\t\t\t\t\t\t\t<cite class=\"elementor-testimonial__cite\"><span class=\"elementor-testimonial__name\">Marc<\/span><div class=\"elementor-star-rating\"><i class=\"elementor-star-full\">\ue934<\/i><i class=\"elementor-star-full\">\ue934<\/i><i class=\"elementor-star-full\">\ue934<\/i><i class=\"elementor-star-full\">\ue934<\/i><i class=\"elementor-star-full\">\ue934<\/i><\/div><\/cite>\t\t\t\t\t<div class=\"elementor-testimonial__icon elementor-icon elementor-icon-\" aria-label=\"Seguir leyendo\"><\/div>\t\t\t\t<\/div>\n\t\t\t\t\t\t\t\t\t\t<div class=\"elementor-testimonial__content\">\n\t\t\t\t\t<div class=\"elementor-testimonial__text\">\n\t\t\t\t\t\t\nMe molestaban mucho las manchas de cal y \u00f3xido de mi inodoro. Y por muchos productos supuestamente buenos que probara, nada funcionaba. Nada. Pero despu\u00e9s de un solo uso de FizzClean, \u00a1las manchas desaparecieron por completo! Incluso elimin\u00f3 algunos de los olores persistentes que mi ambientador no pod\u00eda arreglar.\t\t\t\t\t<\/div>\n\t\t\t\t<\/div>\n\t\t\t\t\t<\/div>\n\t\t\t\t\t\t\t\t<\/div>\n\t\t\t\t\t\t\t\t\t\t\t<div class=\"swiper-slide\" role=\"group\" aria-roledescription=\"slide\">\n\t\t\t\t\t\t\t\t\t<div class=\"elementor-testimonial elementor-repeater-item-2ffa9f2\">\n\t\t\t\t\t\t\t<div class=\"elementor-testimonial__header\">\n\t\t\t\t\t\t\t\t\t\t<cite class=\"elementor-testimonial__cite\"><span class=\"elementor-testimonial__name\">Emilie<\/span><div class=\"elementor-star-rating\"><i class=\"elementor-star-full\">\ue934<\/i><i class=\"elementor-star-full\">\ue934<\/i><i class=\"elementor-star-full\">\ue934<\/i><i class=\"elementor-star-full\">\ue934<\/i><i class=\"elementor-star-full\">\ue934<\/i><\/div><\/cite>\t\t\t\t\t<div class=\"elementor-testimonial__icon elementor-icon elementor-icon-\" aria-label=\"Seguir leyendo\"><\/div>\t\t\t\t<\/div>\n\t\t\t\t\t\t\t\t\t\t<div class=\"elementor-testimonial__content\">\n\t\t\t\t\t<div class=\"elementor-testimonial__text\">\n\t\t\t\t\t\tLimpiar el v\u00e1ter siempre ha sido la tarea que m\u00e1s he temido. Froto durante horas, los fuertes olores qu\u00edmicos de los productos, me duelen las rodillas al final. Y la idea de tocar el inodoro me pone la piel de gallina, es tan asqueroso. Pero FizzClean lo ha cambiado todo. Tardo 20 minutos como m\u00e1ximo y mi inodoro est\u00e1 m\u00e1s limpio que nunca, \u00a1sin ning\u00fan esfuerzo por mi parte!\t\t\t\t\t<\/div>\n\t\t\t\t<\/div>\n\t\t\t\t\t<\/div>\n\t\t\t\t\t\t\t\t<\/div>\n\t\t\t\t\t\t\t\t\t<\/div>\n\t\t\t\t\t\t\t\t\t\t\t\t\t\t\t<div class=\"elementor-swiper-button elementor-swiper-button-prev\" role=\"button\" tabindex=\"0\" aria-label=\"Anterior\">\n\t\t\t\t\t\t\t<svg aria-hidden=\"true\" class=\"e-font-icon-svg e-eicon-chevron-left\" viewbox=\"0 0 1000 1000\" xmlns=\"http:\/\/www.w3.org\/2000\/svg\"><path d=\"M646 125C629 125 613 133 604 142L308 442C296 454 292 471 292 487 292 504 296 521 308 533L604 854C617 867 629 875 646 875 663 875 679 871 692 858 704 846 713 829 713 812 713 796 708 779 692 767L438 487 692 225C700 217 708 204 708 187 708 171 704 154 692 142 675 129 663 125 646 125Z\"><\/path><\/svg>\t\t\t\t\t\t<\/div>\n\t\t\t\t\t\t<div class=\"elementor-swiper-button elementor-swiper-button-next\" role=\"button\" tabindex=\"0\" aria-label=\"Siguiente\">\n\t\t\t\t\t\t\t<svg aria-hidden=\"true\" class=\"e-font-icon-svg e-eicon-chevron-right\" viewbox=\"0 0 1000 1000\" xmlns=\"http:\/\/www.w3.org\/2000\/svg\"><path d=\"M696 533C708 521 713 504 713 487 713 471 708 454 696 446L400 146C388 133 375 125 354 125 338 125 325 129 313 142 300 154 292 171 292 187 292 204 296 221 308 233L563 492 304 771C292 783 288 800 288 817 288 833 296 850 308 863 321 871 338 875 354 875 371 875 388 867 400 854L696 533Z\"><\/path><\/svg>\t\t\t\t\t\t<\/div>\n\t\t\t\t\t\t\t\t\t\t\t\t\t\t\t\t<div class=\"swiper-pagination\"><\/div>\n\t\t\t\t\t\t\t\t\t\t\t\t<\/div>\n\t\t\t\t\t\t\t\t<\/div>\n\t\t\t\t\t<\/div>\n\t\t\t\t<\/div>\n\t\t\t\t<\/div>","protected":false},"excerpt":{"rendered":"<p><strong>FizzClean<\/strong> es un <strong>limpiador espumante<\/strong> un producto innovador que revoluciona el cuidado del inodoro. Su f\u00f3rmula efervescente se activa al contacto con el agua para crear una potente espuma que desprende los residuos, disuelve la cal y neutraliza los olores en profundidad.<\/p>\n<p data-start=\"144\" data-end=\"197\">\u2705 Disuelve la cal y elimina las manchas amarillas<\/p>\n<p data-start=\"199\" data-end=\"247\">\u2705 Neutraliza permanentemente los malos olores<\/p>\n<p data-start=\"249\" data-end=\"299\">\u2705 Alcanza f\u00e1cilmente zonas bajo los bordes<\/p>\n<p data-start=\"301\" data-end=\"358\">\u2705 Acci\u00f3n en minutos: le ahorra tiempo cada d\u00eda.<\/p>\n<p data-start=\"360\" data-end=\"408\">\u2705 Deja un agradable frescor tras el aclarado<\/p>\n<p data-start=\"360\" data-end=\"408\"><strong>\u00a1\ud83c\udff7\ufe0f Obtenga hasta 75 % de descuento ahora!<\/strong><\/p>","protected":false},"featured_media":396,"template":"","meta":[],"product_brand":[],"product_cat":[17],"product_tag":[],"class_list":{"0":"post-395","1":"product","2":"type-product","3":"status-publish","4":"has-post-thumbnail","6":"product_cat-sante","8":"first","9":"instock","10":"sale","11":"shipping-taxable","12":"product-type-external"},"_links":{"self":[{"href":"https:\/\/alispharmacy.com\/es\/wp-json\/wp\/v2\/product\/395","targetHints":{"allow":["GET"]}}],"collection":[{"href":"https:\/\/alispharmacy.com\/es\/wp-json\/wp\/v2\/product"}],"about":[{"href":"https:\/\/alispharmacy.com\/es\/wp-json\/wp\/v2\/types\/product"}],"version-history":[{"count":5,"href":"https:\/\/alispharmacy.com\/es\/wp-json\/wp\/v2\/product\/395\/revisions"}],"predecessor-version":[{"id":404,"href":"https:\/\/alispharmacy.com\/es\/wp-json\/wp\/v2\/product\/395\/revisions\/404"}],"wp:featuredmedia":[{"embeddable":true,"href":"https:\/\/alispharmacy.com\/es\/wp-json\/wp\/v2\/media\/396"}],"wp:attachment":[{"href":"https:\/\/alispharmacy.com\/es\/wp-json\/wp\/v2\/media?parent=395"}],"wp:term":[{"taxonomy":"product_brand","embeddable":true,"href":"https:\/\/alispharmacy.com\/es\/wp-json\/wp\/v2\/product_brand?post=395"},{"taxonomy":"product_cat","embeddable":true,"href":"https:\/\/alispharmacy.com\/es\/wp-json\/wp\/v2\/product_cat?post=395"},{"taxonomy":"product_tag","embeddable":true,"href":"https:\/\/alispharmacy.com\/es\/wp-json\/wp\/v2\/product_tag?post=395"}],"curies":[{"name":"wp","href":"https:\/\/api.w.org\/{rel}","templated":true}]}}