{"id":406,"date":"2026-02-11T13:40:25","date_gmt":"2026-02-11T13:40:25","guid":{"rendered":"https:\/\/alispharmacy.com\/?post_type=product&#038;p=406"},"modified":"2026-02-11T13:40:25","modified_gmt":"2026-02-11T13:40:25","slug":"virnex","status":"publish","type":"product","link":"https:\/\/alispharmacy.com\/es\/product\/virnex\/","title":{"rendered":"Virnex"},"content":{"rendered":"<div data-elementor-type=\"product-post\" data-elementor-id=\"406\" class=\"elementor elementor-406\" data-elementor-post-type=\"product\">\n\t\t\t\t<div class=\"elementor-element elementor-element-12fa737f e-flex e-con-boxed e-con e-parent\" data-id=\"12fa737f\" data-element_type=\"container\" data-e-type=\"container\">\n\t\t\t\t\t<div class=\"e-con-inner\">\n\t\t\t\t<div class=\"elementor-element elementor-element-d0190a0 elementor-widget elementor-widget-text-editor\" data-id=\"d0190a0\" data-element_type=\"widget\" data-e-type=\"widget\" data-widget_type=\"text-editor.default\">\n\t\t\t\t\t\t\t\t\t<p data-start=\"466\" data-end=\"1063\"><strong data-start=\"476\" data-end=\"486\">Virnex<\/strong>, Suplemento diet\u00e9tico desarrollado para quienes desean incorporar una ayuda natural a su rutina diaria de bienestar. Formulado con una mezcla de ingredientes vegetales y nutrientes esenciales, este producto se dirige a todos aquellos que desean mejorar su metabolismo, controlar mejor la saciedad y optimizar sus niveles de energ\u00eda a lo largo del d\u00eda. Virnex se presenta en c\u00e1psulas f\u00e1ciles de incorporar a la rutina diaria, con el objetivo de ayudarle a adoptar un enfoque global para mejorar su salud.<\/p>\r\n\r\n<h2 data-start=\"1065\" data-end=\"1092\">\u00bfPara qu\u00e9 se utiliza Virnex?<\/h2>\r\n<p data-start=\"1094\" data-end=\"1590\"><strong>Virnex<\/strong> est\u00e1 dise\u00f1ado para <strong>apoya tu cuerpo<\/strong> en una serie de funciones clave relacionadas con el bienestar diario. En particular, ayuda a potenciar el metabolismo energ\u00e9tico, favorece la sensaci\u00f3n de saciedad para controlar mejor los antojos de picar entre comidas y favorece un aporte energ\u00e9tico estable. Este suplemento no sustituye a una dieta equilibrada ni a un estilo de vida saludable, sino que trabaja en armon\u00eda con ellos para ayudarle a alcanzar sus objetivos.<\/p>\r\n\r\n<h2 data-start=\"1592\" data-end=\"1621\">Ingredientes y composici\u00f3n<\/h2>\r\n<p data-start=\"1623\" data-end=\"1767\">La composici\u00f3n de Virnex se basa en una selecci\u00f3n de principios activos dise\u00f1ados para una sinergia eficaz:<\/p>\r\n\r\n<table class=\"w-fit min-w-(--thread-content-width)\" data-start=\"140\" data-end=\"1004\">\r\n<thead data-start=\"140\" data-end=\"202\">\r\n<tr data-start=\"140\" data-end=\"202\">\r\n<th class=\"\" data-start=\"140\" data-end=\"154\" data-col-size=\"md\">Ingredientes<\/th>\r\n<th class=\"\" data-start=\"154\" data-end=\"161\" data-col-size=\"sm\">Tipo<\/th>\r\n<th class=\"\" data-start=\"161\" data-end=\"178\" data-col-size=\"sm\">Papel principal<\/th>\r\n<th class=\"\" data-start=\"178\" data-end=\"202\" data-col-size=\"md\">Beneficios potenciales<\/th>\r\n<\/tr>\r\n<\/thead>\r\n<tbody data-start=\"268\" data-end=\"1004\">\r\n<tr data-start=\"268\" data-end=\"399\">\r\n<td data-start=\"268\" data-end=\"312\" data-col-size=\"md\">Extracto de semillas de alholva (fenogreco)<\/td>\r\n<td data-start=\"312\" data-end=\"321\" data-col-size=\"sm\">Planta<\/td>\r\n<td data-start=\"321\" data-end=\"344\" data-col-size=\"sm\">Gesti\u00f3n del apetito<\/td>\r\n<td data-start=\"344\" data-end=\"399\" data-col-size=\"md\">Favorece la saciedad y ayuda a frenar los antojos<\/td>\r\n<\/tr>\r\n<tr data-start=\"400\" data-end=\"508\">\r\n<td data-start=\"400\" data-end=\"410\" data-col-size=\"md\">Inulina<\/td>\r\n<td data-start=\"410\" data-end=\"430\" data-col-size=\"sm\">Fibra prebi\u00f3tica<\/td>\r\n<td data-start=\"430\" data-end=\"449\" data-col-size=\"sm\">Apoyo digestivo<\/td>\r\n<td data-start=\"449\" data-end=\"508\" data-col-size=\"md\">Mejora el tr\u00e1nsito y prolonga la sensaci\u00f3n de saciedad<\/td>\r\n<\/tr>\r\n<tr data-start=\"509\" data-end=\"627\">\r\n<td data-start=\"509\" data-end=\"519\" data-col-size=\"md\">Leucina<\/td>\r\n<td data-start=\"519\" data-end=\"543\" data-col-size=\"sm\">Amino\u00e1cido esencial<\/td>\r\n<td data-start=\"543\" data-end=\"567\" data-col-size=\"sm\">Metabolismo de las prote\u00ednas<\/td>\r\n<td data-start=\"567\" data-end=\"627\" data-col-size=\"md\">Favorece la energ\u00eda y el mantenimiento de la masa muscular<\/td>\r\n<\/tr>\r\n<tr data-start=\"628\" data-end=\"817\">\r\n<td data-start=\"628\" data-end=\"676\" data-col-size=\"md\">Bitartrato de colina, nopal, extractos de c\u00edtricos<\/td>\r\n<td data-start=\"676\" data-end=\"709\" data-col-size=\"sm\">Complejo vegetal y nutrientes<\/td>\r\n<td data-start=\"709\" data-end=\"731\" data-col-size=\"sm\">Apoyo metab\u00f3lico<\/td>\r\n<td data-start=\"731\" data-end=\"817\" data-col-size=\"md\">Aporta antioxidantes, ayuda al metabolismo de las grasas y al control del apetito<\/td>\r\n<\/tr>\r\n<tr data-start=\"818\" data-end=\"1004\">\r\n<td data-start=\"818\" data-end=\"878\" data-col-size=\"md\">Magnesio, t\u00e9 verde, caf\u00e9 verde, c\u00farcuma, capsaicina, zinc<\/td>\r\n<td data-start=\"878\" data-end=\"908\" data-col-size=\"sm\">Complejo mineral y vegetal<\/td>\r\n<td data-start=\"908\" data-end=\"934\" data-col-size=\"sm\">Energ\u00eda y termog\u00e9nesis<\/td>\r\n<td data-start=\"934\" data-end=\"1004\" data-col-size=\"md\">Estimula el metabolismo, reduce la fatiga y favorece la digesti\u00f3n<\/td>\r\n<\/tr>\r\n<\/tbody>\r\n<\/table>\r\n<p data-start=\"2547\" data-end=\"2735\">Las c\u00e1psulas est\u00e1n elaboradas con una envoltura vegetal (hidroxipropilmetilcelulosa) apta para dietas veganas y no contiene ning\u00fan al\u00e9rgeno importante conocido.<\/p>\r\n\r\n<h2 data-start=\"2737\" data-end=\"2777\">Posolog\u00eda e indicaciones de uso<\/h2>\r\n<p data-start=\"2779\" data-end=\"3293\">Para sacar el m\u00e1ximo partido de Virnex, le recomendamos que siga los siguientes pasos <strong data-start=\"2848\" data-end=\"2874\">dos c\u00e1psulas al d\u00eda<\/strong> con un gran vaso de agua, preferiblemente <strong data-start=\"2916\" data-end=\"2939\">durante una comida<\/strong> para mejorar la absorci\u00f3n y la tolerancia digestiva. Una utilizaci\u00f3n regular es ideal para obtener resultados significativos, generalmente durante varias semanas. Una buena hidrataci\u00f3n diaria y una alimentaci\u00f3n equilibrada son esenciales para optimizar los efectos del producto.<\/p>\r\n\r\n<h2 data-start=\"3295\" data-end=\"3327\">Posibles beneficios esperados<\/h2>\r\n<p data-start=\"3329\" data-end=\"3467\">Virnex puede ofrecer una serie de beneficios cuando se utiliza como parte de un estilo de vida saludable:<\/p>\r\n\r\n<ul>\r\n \t<li data-start=\"109\" data-end=\"204\">\r\n<p data-start=\"111\" data-end=\"204\">\u26a1 <strong>Apoyo al metabolismo energ\u00e9tico<\/strong>, ayudando a convertir mejor los nutrientes en energ\u00eda.<\/p>\r\n<\/li>\r\n \t<li data-start=\"205\" data-end=\"308\">\r\n<p data-start=\"207\" data-end=\"308\">\ud83c\udf7d\ufe0f <strong>Mejora<\/strong> control del apetito gracias a una sensaci\u00f3n de saciedad m\u00e1s duradera.<\/p>\r\n<\/li>\r\n \t<li data-start=\"309\" data-end=\"381\">\r\n<p data-start=\"311\" data-end=\"381\">\ud83c\udf3f <strong>Apoyo digestivo<\/strong> gracias a la inulina y a otros componentes vegetales.<\/p>\r\n<\/li>\r\n \t<li data-start=\"382\" data-end=\"481\">\r\n<p data-start=\"384\" data-end=\"481\">\ud83d\udee1\ufe0f Antioxidantes derivados de extractos de plantas para una mayor <strong>mayor protecci\u00f3n celular<\/strong>.<\/p>\r\n<\/li>\r\n \t<li data-start=\"482\" data-end=\"612\" data-is-last-node=\"\">\r\n<p data-start=\"484\" data-end=\"612\" data-is-last-node=\"\">\ud83d\udcaa Posible ayuda con <strong>conservaci\u00f3n de la masa muscular<\/strong> durante los cambios en la dieta o la actividad f\u00edsica regular.<\/p>\r\n<\/li>\r\n<\/ul>\r\n<p data-start=\"4158\" data-end=\"4354\">Es importante recordar que los resultados pueden variar de una persona a otra, dependiendo de la gen\u00e9tica, la dieta y el nivel de actividad f\u00edsica.<\/p>\r\n\r\n<h2 data-start=\"4356\" data-end=\"4392\">Precauciones y contraindicaciones<\/h2>\r\n<p data-start=\"4394\" data-end=\"4862\">Aunque Virnex es generalmente bien tolerado, deben observarse ciertas precauciones. Este suplemento no es <strong data-start=\"4507\" data-end=\"4551\">no destinado a ni\u00f1os ni adolescentes<\/strong> o personas que padezcan enfermedades cr\u00f3nicas sin previo aviso m\u00e9dico. Se recomienda consultar a un profesional de la salud si est\u00e1 tomando medicaci\u00f3n o tiene alguna duda en particular. No supere nunca la dosis diaria recomendada.<\/p>\r\n\r\n<h2 data-start=\"4864\" data-end=\"4895\">Posibles efectos secundarios<\/h2>\r\n<p data-start=\"4897\" data-end=\"5301\">Virnex est\u00e1 formulado a partir de ingredientes naturales, por lo que es bien tolerado por todo el organismo. Sin embargo, en ciertas personas sensibles, algunos <strong data-start=\"5046\" data-end=\"5073\">efectos digestivos leves<\/strong> como hinchaz\u00f3n, gases o tr\u00e1nsito ligeramente acelerado, pueden aparecer durante los primeros d\u00edas de uso, mientras el organismo se adapta. Estos efectos son generalmente transitorios.<\/p>\r\n\r\n<h2 data-start=\"5303\" data-end=\"5318\">Comentarios de los clientes<\/h2>\r\n<p data-start=\"5320\" data-end=\"5839\">En general, los comentarios de los usuarios de Virnex son positivos. Muchas personas informan de un <strong data-start=\"5424\" data-end=\"5458\">mejor gesti\u00f3n del apetito<\/strong>, una sensaci\u00f3n de energ\u00eda m\u00e1s estable en el d\u00eda a d\u00eda, as\u00ed como una <strong data-start=\"5523\" data-end=\"5590\">mayor motivaci\u00f3n en sus esfuerzos por mejorar su bienestar<\/strong>. Algunos testimonios tambi\u00e9n mencionan progresos visibles en el marco de un programa de adelgazamiento, con una mayor sensaci\u00f3n de control sobre los tentempi\u00e9s y una mejora del confort digestivo.<\/p>\r\n\r\n<h2 data-start=\"8468\" data-end=\"8497\">Precios y promociones<\/h2>\r\n<strong>\u00a1Ahora hasta 50% de descuento!<\/strong>\r\n<ul>\r\n \t<li data-start=\"122\" data-end=\"172\">\r\n<p data-start=\"124\" data-end=\"172\"><strong>1 caja<\/strong>\u00a0:\u00a0<del data-start=\"134\" data-end=\"142\">79.95\u20ac<\/del>\u00a0\u2192\u00a0<strong>49,95 (\u2248 37,5 descuento %)<\/strong>)<\/p>\r\n<\/li>\r\n \t<li data-start=\"173\" data-end=\"226\">\r\n<p data-start=\"175\" data-end=\"226\"><strong>2 cajas<\/strong>\u00a0:\u00a0<del data-start=\"186\" data-end=\"194\">79.95\u20ac<\/del>\u00a0\u2192\u00a0<strong>39,97 (\u2248 50 % de descuento)<\/strong><\/p>\r\n<\/li>\r\n \t<li data-start=\"227\" data-end=\"278\" data-is-last-node=\"\">\r\n<p data-start=\"229\" data-end=\"278\" data-is-last-node=\"\"><strong>3 cajas<\/strong>\u00a0:\u00a0<del data-start=\"240\" data-end=\"248\">79.95\u20ac<\/del>\u00a0\u2192\u00a0<strong>36,65 (\u2248 54 % de descuento)<\/strong><\/p>\r\n<\/li>\r\n<\/ul>\r\n<h2 data-start=\"5841\" data-end=\"5870\">FAQ - Preguntas m\u00e1s frecuentes<\/h2>\r\n<p data-start=\"5872\" data-end=\"6091\"><strong data-start=\"5872\" data-end=\"5898\">\u2753\u00bfQu\u00e9 es Virnex?<\/strong><br data-start=\"5898\" data-end=\"5901\" \/>Virnex es un complemento alimenticio vegano dise\u00f1ado para favorecer el metabolismo y el equilibrio diario, en particular la gesti\u00f3n del peso y la energ\u00eda.<\/p>\r\n<p data-start=\"6093\" data-end=\"6295\"><strong data-start=\"6093\" data-end=\"6125\">\u2753\u00bfC\u00f3mo lo tomo?<\/strong><br data-start=\"6125\" data-end=\"6128\" \/>La dosis est\u00e1ndar es de dos c\u00e1psulas al d\u00eda, que deben tomarse con agua y una comida, para una absorci\u00f3n \u00f3ptima.<\/p>\r\n<p data-start=\"6297\" data-end=\"6468\"><strong data-start=\"6297\" data-end=\"6348\">\u2753\u00bfPuedo utilizar Virnex si soy vegano?<\/strong><br data-start=\"6348\" data-end=\"6351\" \/>S\u00ed, la formulaci\u00f3n en c\u00e1psulas vegetarianas es compatible con una dieta vegana.<\/p>\r\n<p data-start=\"6470\" data-end=\"6723\"><strong data-start=\"6470\" data-end=\"6514\">\u2753 \u00bfCu\u00e1ndo ver\u00e9 los primeros efectos?<\/strong><br data-start=\"6514\" data-end=\"6517\" \/>Los primeros signos de mejor\u00eda pueden aparecer tras unas semanas de uso regular, pero esto depende de cada persona y de su estilo de vida.<\/p>\t\t\t\t\t\t\t\t<\/div>\n\t\t\t\t<div class=\"elementor-element elementor-element-d2aaf68 elementor-arrows-yes elementor-pagination-type-bullets elementor-review--has-separator elementor--star-style-star_fontawesome elementor-widget elementor-widget-reviews\" data-id=\"d2aaf68\" data-element_type=\"widget\" data-e-type=\"widget\" data-settings=\"{&quot;slides_per_view&quot;:&quot;3&quot;,&quot;slides_to_scroll&quot;:&quot;1&quot;,&quot;show_arrows&quot;:&quot;yes&quot;,&quot;pagination&quot;:&quot;bullets&quot;,&quot;speed&quot;:500,&quot;autoplay&quot;:&quot;yes&quot;,&quot;autoplay_speed&quot;:5000,&quot;loop&quot;:&quot;yes&quot;,&quot;pause_on_hover&quot;:&quot;yes&quot;,&quot;pause_on_interaction&quot;:&quot;yes&quot;,&quot;space_between&quot;:{&quot;unit&quot;:&quot;px&quot;,&quot;size&quot;:10,&quot;sizes&quot;:[]},&quot;space_between_tablet&quot;:{&quot;unit&quot;:&quot;px&quot;,&quot;size&quot;:10,&quot;sizes&quot;:[]},&quot;space_between_mobile&quot;:{&quot;unit&quot;:&quot;px&quot;,&quot;size&quot;:10,&quot;sizes&quot;:[]}}\" data-widget_type=\"reviews.default\">\n\t\t\t\t\t\t\t\t\t\t<div class=\"elementor-main-swiper swiper\" role=\"region\" aria-roledescription=\"carousel\" aria-label=\"Diapositivas\">\n\t\t\t\t<div class=\"swiper-wrapper\">\n\t\t\t\t\t\t\t\t\t\t\t<div class=\"swiper-slide\" role=\"group\" aria-roledescription=\"slide\">\n\t\t\t\t\t\t\t\t\t<div class=\"elementor-testimonial elementor-repeater-item-dfff9b0\">\n\t\t\t\t\t\t\t<div class=\"elementor-testimonial__header\">\n\t\t\t\t\t\t\t\t\t\t<cite class=\"elementor-testimonial__cite\"><span class=\"elementor-testimonial__name\">Catherine<\/span><div class=\"elementor-star-rating\"><i class=\"elementor-star-full\">\ue934<\/i><i class=\"elementor-star-full\">\ue934<\/i><i class=\"elementor-star-full\">\ue934<\/i><i class=\"elementor-star-full\">\ue934<\/i><i class=\"elementor-star-5\">\ue934<\/i><\/div><\/cite>\t\t\t\t\t<div class=\"elementor-testimonial__icon elementor-icon elementor-icon-\" aria-label=\"Leer m\u00e1s\"><\/div>\t\t\t\t<\/div>\n\t\t\t\t\t\t\t\t\t\t<div class=\"elementor-testimonial__content\">\n\t\t\t\t\t<div class=\"elementor-testimonial__text\">\n\t\t\t\t\t\tLlevo dos meses tomando estas c\u00e1psulas. Mi vientre est\u00e1 menos hinchado y mis antojos compulsivos de dulces han disminuido realmente. Me siento m\u00e1s ligera por las ma\u00f1anas y mis porciones de desayuno son naturalmente m\u00e1s peque\u00f1as.\t\t\t\t\t<\/div>\n\t\t\t\t<\/div>\n\t\t\t\t\t<\/div>\n\t\t\t\t\t\t\t\t<\/div>\n\t\t\t\t\t\t\t\t\t\t\t<div class=\"swiper-slide\" role=\"group\" aria-roledescription=\"slide\">\n\t\t\t\t\t\t\t\t\t<div class=\"elementor-testimonial elementor-repeater-item-cab4446\">\n\t\t\t\t\t\t\t<div class=\"elementor-testimonial__header\">\n\t\t\t\t\t\t\t\t\t\t<cite class=\"elementor-testimonial__cite\"><span class=\"elementor-testimonial__name\">V\u00e9ronique<\/span><div class=\"elementor-star-rating\"><i class=\"elementor-star-full\">\ue934<\/i><i class=\"elementor-star-full\">\ue934<\/i><i class=\"elementor-star-full\">\ue934<\/i><i class=\"elementor-star-full\">\ue934<\/i><i class=\"elementor-star-full\">\ue934<\/i><\/div><\/cite>\t\t\t\t\t<div class=\"elementor-testimonial__icon elementor-icon elementor-icon-\" aria-label=\"Leer m\u00e1s\"><\/div>\t\t\t\t<\/div>\n\t\t\t\t\t\t\t\t\t\t<div class=\"elementor-testimonial__content\">\n\t\t\t\t\t<div class=\"elementor-testimonial__text\">\n\t\t\t\t\t\tDesde que empec\u00e9 mi tratamiento con Virnex hace dos meses, estoy realmente sorprendida por los resultados. La ropa me queda mejor, la barriga est\u00e1 menos hinchada y, sobre todo, ya no siento esa necesidad constante de picar entre horas. Es exactamente lo que buscaba para reequilibrar mi alimentaci\u00f3n.\t\t\t\t\t<\/div>\n\t\t\t\t<\/div>\n\t\t\t\t\t<\/div>\n\t\t\t\t\t\t\t\t<\/div>\n\t\t\t\t\t\t\t\t\t\t\t<div class=\"swiper-slide\" role=\"group\" aria-roledescription=\"slide\">\n\t\t\t\t\t\t\t\t\t<div class=\"elementor-testimonial elementor-repeater-item-4e7958c\">\n\t\t\t\t\t\t\t<div class=\"elementor-testimonial__header\">\n\t\t\t\t\t\t\t\t\t\t<cite class=\"elementor-testimonial__cite\"><span class=\"elementor-testimonial__name\">Laura<\/span><div class=\"elementor-star-rating\"><i class=\"elementor-star-full\">\ue934<\/i><i class=\"elementor-star-full\">\ue934<\/i><i class=\"elementor-star-full\">\ue934<\/i><i class=\"elementor-star-full\">\ue934<\/i><i class=\"elementor-star-full\">\ue934<\/i><\/div><\/cite>\t\t\t\t\t<div class=\"elementor-testimonial__icon elementor-icon elementor-icon-\" aria-label=\"Leer m\u00e1s\"><\/div>\t\t\t\t<\/div>\n\t\t\t\t\t\t\t\t\t\t<div class=\"elementor-testimonial__content\">\n\t\t\t\t\t<div class=\"elementor-testimonial__text\">\n\t\t\t\t\t\tLlevo us\u00e1ndolo un mes y realmente he notado una energ\u00eda m\u00e1s constante en mis d\u00edas, sin nerviosismo. El aspecto vegano es un verdadero plus y es f\u00e1cil de tomar.\t\t\t\t\t<\/div>\n\t\t\t\t<\/div>\n\t\t\t\t\t<\/div>\n\t\t\t\t\t\t\t\t<\/div>\n\t\t\t\t\t\t\t\t\t<\/div>\n\t\t\t\t\t\t\t\t\t\t\t\t\t\t\t<div class=\"elementor-swiper-button elementor-swiper-button-prev\" role=\"button\" tabindex=\"0\" aria-label=\"Anterior\">\n\t\t\t\t\t\t\t<svg aria-hidden=\"true\" class=\"e-font-icon-svg e-eicon-chevron-left\" viewbox=\"0 0 1000 1000\" xmlns=\"http:\/\/www.w3.org\/2000\/svg\"><path d=\"M646 125C629 125 613 133 604 142L308 442C296 454 292 471 292 487 292 504 296 521 308 533L604 854C617 867 629 875 646 875 663 875 679 871 692 858 704 846 713 829 713 812 713 796 708 779 692 767L438 487 692 225C700 217 708 204 708 187 708 171 704 154 692 142 675 129 663 125 646 125Z\"><\/path><\/svg>\t\t\t\t\t\t<\/div>\n\t\t\t\t\t\t<div class=\"elementor-swiper-button elementor-swiper-button-next\" role=\"button\" tabindex=\"0\" aria-label=\"Siguiente\">\n\t\t\t\t\t\t\t<svg aria-hidden=\"true\" class=\"e-font-icon-svg e-eicon-chevron-right\" viewbox=\"0 0 1000 1000\" xmlns=\"http:\/\/www.w3.org\/2000\/svg\"><path d=\"M696 533C708 521 713 504 713 487 713 471 708 454 696 446L400 146C388 133 375 125 354 125 338 125 325 129 313 142 300 154 292 171 292 187 292 204 296 221 308 233L563 492 304 771C292 783 288 800 288 817 288 833 296 850 308 863 321 871 338 875 354 875 371 875 388 867 400 854L696 533Z\"><\/path><\/svg>\t\t\t\t\t\t<\/div>\n\t\t\t\t\t\t\t\t\t\t\t\t\t\t\t\t<div class=\"swiper-pagination\"><\/div>\n\t\t\t\t\t\t\t\t\t\t\t\t<\/div>\n\t\t\t\t\t\t\t\t<\/div>\n\t\t\t\t\t<\/div>\n\t\t\t\t<\/div>\n\t\t\t\t<\/div>","protected":false},"excerpt":{"rendered":"<p class=\"font-claude-response-body break-words whitespace-normal leading-[1.7]\">Virnex es un complemento alimenticio vegano formulado a partir de ingredientes naturales, concebido para contribuir a su bienestar diario. En dos c\u00e1psulas al d\u00eda, act\u00faa en sinergia con tu dieta para ayudarte a..:<\/p>\n<p data-start=\"76\" data-end=\"103\">\u2705Aumenta tu metabolismo<\/p>\n<p data-start=\"107\" data-end=\"132\">Controla tu apetito<\/p>\n<p data-start=\"136\" data-end=\"174\">\u2705Mantener un nivel de energ\u00eda estable.<\/p>\n<p data-start=\"178\" data-end=\"212\">\u2705Preservar la masa muscular<\/p>\n<p data-start=\"216\" data-end=\"240\" data-is-last-node=\"\">Favorece la digesti\u00f3n<\/p>\n<p data-start=\"216\" data-end=\"240\" data-is-last-node=\"\"><strong>\ud83c\udff7\ufe0fProfitez \u00a1hasta 50% de descuento!<\/strong><\/p>","protected":false},"featured_media":412,"template":"","meta":[],"product_brand":[],"product_cat":[17],"product_tag":[],"class_list":{"0":"post-406","1":"product","2":"type-product","3":"status-publish","4":"has-post-thumbnail","6":"product_cat-sante","8":"first","9":"instock","10":"sale","11":"shipping-taxable","12":"product-type-external"},"_links":{"self":[{"href":"https:\/\/alispharmacy.com\/es\/wp-json\/wp\/v2\/product\/406","targetHints":{"allow":["GET"]}}],"collection":[{"href":"https:\/\/alispharmacy.com\/es\/wp-json\/wp\/v2\/product"}],"about":[{"href":"https:\/\/alispharmacy.com\/es\/wp-json\/wp\/v2\/types\/product"}],"version-history":[{"count":5,"href":"https:\/\/alispharmacy.com\/es\/wp-json\/wp\/v2\/product\/406\/revisions"}],"predecessor-version":[{"id":413,"href":"https:\/\/alispharmacy.com\/es\/wp-json\/wp\/v2\/product\/406\/revisions\/413"}],"wp:featuredmedia":[{"embeddable":true,"href":"https:\/\/alispharmacy.com\/es\/wp-json\/wp\/v2\/media\/412"}],"wp:attachment":[{"href":"https:\/\/alispharmacy.com\/es\/wp-json\/wp\/v2\/media?parent=406"}],"wp:term":[{"taxonomy":"product_brand","embeddable":true,"href":"https:\/\/alispharmacy.com\/es\/wp-json\/wp\/v2\/product_brand?post=406"},{"taxonomy":"product_cat","embeddable":true,"href":"https:\/\/alispharmacy.com\/es\/wp-json\/wp\/v2\/product_cat?post=406"},{"taxonomy":"product_tag","embeddable":true,"href":"https:\/\/alispharmacy.com\/es\/wp-json\/wp\/v2\/product_tag?post=406"}],"curies":[{"name":"wp","href":"https:\/\/api.w.org\/{rel}","templated":true}]}}