{"id":469,"date":"2026-02-21T18:01:29","date_gmt":"2026-02-21T18:01:29","guid":{"rendered":"https:\/\/alispharmacy.com\/?post_type=product&#038;p=469"},"modified":"2026-03-04T18:29:05","modified_gmt":"2026-03-04T18:29:05","slug":"orivelle","status":"publish","type":"product","link":"https:\/\/alispharmacy.com\/es\/product\/orivelle\/","title":{"rendered":"Orivelle"},"content":{"rendered":"<div data-elementor-type=\"product-post\" data-elementor-id=\"469\" class=\"elementor elementor-469\" data-elementor-post-type=\"product\">\n\t\t\t\t<div class=\"elementor-element elementor-element-50ea91f3 e-flex e-con-boxed e-con e-parent\" data-id=\"50ea91f3\" data-element_type=\"container\" data-e-type=\"container\">\n\t\t\t\t\t<div class=\"e-con-inner\">\n\t\t\t\t<div class=\"elementor-element elementor-element-273a25ac elementor-widget elementor-widget-text-editor\" data-id=\"273a25ac\" data-element_type=\"widget\" data-e-type=\"widget\" data-widget_type=\"text-editor.default\">\n\t\t\t\t\t\t\t\t\t<h2 data-start=\"211\" data-end=\"236\">Qu\u00e9 es Orivelle<\/h2>\r\n<p data-start=\"238\" data-end=\"660\">Orivelle es un <strong data-start=\"254\" data-end=\"284\">pluma antif\u00fangica natural<\/strong> dise\u00f1ado para ayudar a combatir las infecciones f\u00fangicas de las u\u00f1as y restaurar su aspecto. <strong data-start=\"378\" data-end=\"414\">u\u00f1as m\u00e1s claras y sanas<\/strong>. Su f\u00f3rmula ligera combina <strong data-start=\"442\" data-end=\"479\">17 ingredientes de origen vegetal<\/strong> y aceites nutritivos para actuar en profundidad sobre las zonas afectadas por hongos sin utilizar productos qu\u00edmicos agresivos.<\/p>\r\n<p data-start=\"662\" data-end=\"1018\">Este producto se presenta en un pr\u00e1ctico formato de bol\u00edgrafo que facilita la aplicaci\u00f3n de la soluci\u00f3n directamente sobre la u\u00f1a y la piel circundante, sin complicaciones ni complicaciones. Esto lo convierte en una soluci\u00f3n accesible y sencilla, apta para el uso diario de quienes desean cuidar el aspecto de sus u\u00f1as.<\/p>\r\n\r\n<h2 data-start=\"1025\" data-end=\"1052\">\u00bfPara qui\u00e9n es Orivelle?<\/h2>\r\n<p data-start=\"1054\" data-end=\"1476\">Orivelle est\u00e1 indicado para las personas que padecen <strong data-start=\"1102\" data-end=\"1147\">problemas de alteraci\u00f3n del aspecto de las u\u00f1as<\/strong>, especialmente los que muestran signos de decoloraci\u00f3n, engrosamiento o textura irregular. Los usuarios que deseen <strong data-start=\"1280\" data-end=\"1333\">mejorar visiblemente el aspecto de sus u\u00f1as<\/strong> sin recurrir a tratamientos farmac\u00e9uticos agresivos puede ser especialmente beneficioso.<\/p>\r\n<p data-start=\"1478\" data-end=\"1762\">Tambi\u00e9n es adecuado para quienes <strong data-start=\"1517\" data-end=\"1589\">ya ha probado varias soluciones sin conseguir los resultados deseados<\/strong>, o que buscan una opci\u00f3n pr\u00e1ctica, espec\u00edfica y f\u00e1cil de aplicar. Su formato en bol\u00edgrafo es ideal para una rutina sencilla por la ma\u00f1ana y por la noche.<\/p>\r\n\r\n<h2 data-start=\"1769\" data-end=\"1796\">Ingredientes y dosis<\/h2>\r\n<p data-start=\"1798\" data-end=\"2230\">La f\u00f3rmula Orivelle combina un <strong data-start=\"1831\" data-end=\"1869\">mezcla de 17 ingredientes naturales<\/strong>, que incluye aceites y extractos vegetales conocidos por sus propiedades antif\u00fangicas y nutritivas.<\/p>\r\n\r\n<table class=\"w-fit min-w-(--thread-content-width)\" data-start=\"3436\" data-end=\"3957\">\r\n<thead data-start=\"3436\" data-end=\"3468\">\r\n<tr data-start=\"3436\" data-end=\"3468\">\r\n<th class=\"\" data-start=\"3436\" data-end=\"3449\" data-col-size=\"sm\">Ingrediente<\/th>\r\n<th class=\"\" data-start=\"3449\" data-end=\"3468\" data-col-size=\"md\">Funci\u00f3n \/ Beneficio<\/th>\r\n<\/tr>\r\n<\/thead>\r\n<tbody data-start=\"3503\" data-end=\"3957\">\r\n<tr data-start=\"3503\" data-end=\"3561\">\r\n<td data-start=\"3503\" data-end=\"3518\" data-col-size=\"sm\">Aceite del \u00e1rbol del t\u00e9<\/td>\r\n<td data-start=\"3518\" data-end=\"3561\" data-col-size=\"md\">Antimic\u00f3tico y depurativo natural<\/td>\r\n<\/tr>\r\n<tr data-start=\"3562\" data-end=\"3635\">\r\n<td data-start=\"3562\" data-end=\"3575\" data-col-size=\"sm\">Vitamina C<\/td>\r\n<td data-start=\"3575\" data-end=\"3635\" data-col-size=\"md\">Favorece la reparaci\u00f3n de las u\u00f1as y refuerza los tejidos<\/td>\r\n<\/tr>\r\n<tr data-start=\"3636\" data-end=\"3720\">\r\n<td data-start=\"3636\" data-end=\"3653\" data-col-size=\"sm\">Menta<\/td>\r\n<td data-start=\"3653\" data-end=\"3720\" data-col-size=\"md\">Calma la irritaci\u00f3n y proporciona una sensaci\u00f3n refrescante<\/td>\r\n<\/tr>\r\n<tr data-start=\"3721\" data-end=\"3799\">\r\n<td data-start=\"3721\" data-end=\"3749\" data-col-size=\"sm\">Aceite de pepitas de uva<\/td>\r\n<td data-start=\"3749\" data-end=\"3799\" data-col-size=\"md\">Rico en antioxidantes, protege la zona tratada<\/td>\r\n<\/tr>\r\n<tr data-start=\"3800\" data-end=\"3867\">\r\n<td data-start=\"3800\" data-end=\"3823\" data-col-size=\"sm\">Aceite de almendras dulces<\/td>\r\n<td data-col-size=\"md\" data-start=\"3823\" data-end=\"3867\">Hidrata y suaviza las u\u00f1as fr\u00e1giles<\/td>\r\n<\/tr>\r\n<tr data-start=\"3868\" data-end=\"3957\">\r\n<td data-start=\"3868\" data-end=\"3896\" data-col-size=\"sm\">Jojoba, Aguacate, Macadamia<\/td>\r\n<td data-start=\"3896\" data-end=\"3957\" data-col-size=\"md\">Nutre, hidrata y mejora el aspecto general<\/td>\r\n<\/tr>\r\n<\/tbody>\r\n<\/table>\r\n<p data-start=\"2232\" data-end=\"2600\">La dosis recomendada consiste en <strong data-start=\"2268\" data-end=\"2363\">aplicar una fina capa del producto sobre la u\u00f1a y la piel circundante dos veces al d\u00eda<\/strong>, ma\u00f1ana y noche, sobre las u\u00f1as limpias y secas. Esta aplicaci\u00f3n regular ayuda a mantener una exposici\u00f3n constante a los ingredientes activos para favorecer una mejora gradual del aspecto de las u\u00f1as.<\/p>\r\n\r\n<h2 data-start=\"2607\" data-end=\"2634\">Indicaciones de uso<\/h2>\r\n<p data-start=\"2636\" data-end=\"2972\">Orivelle es ideal para quienes desean <strong data-start=\"2691\" data-end=\"2749\">tratar visiblemente los signos de hongos en las u\u00f1as<\/strong>, Entre ellas se incluyen la decoloraci\u00f3n amarillenta, el engrosamiento y la textura irregular. Su objetivo es mejorar el aspecto est\u00e9tico de las u\u00f1as afectadas al tiempo que proporciona un cuidado suave y no abrasivo.<\/p>\r\n<p data-start=\"2974\" data-end=\"3323\">Puede utilizarse a diario como parte de una <strong data-start=\"3031\" data-end=\"3061\">rutina de cuidado de las u\u00f1as<\/strong>, No sustituye a un diagn\u00f3stico m\u00e9dico en caso de infecciones graves. Las personas con problemas de salud particulares o infecciones avanzadas deben consultar a un profesional sanitario antes de utilizarlo.<\/p>\r\n\r\n<h2 data-start=\"4160\" data-end=\"4191\">Posibles efectos secundarios<\/h2>\r\n<p data-start=\"4193\" data-end=\"4530\">Orivelle est\u00e1 formulado para ser suave con la piel y las u\u00f1as, pero como con cualquier producto para la piel, algunos usuarios pueden sentir que el producto no es lo suficientemente suave con su piel. <strong data-start=\"4341\" data-end=\"4408\">ligera irritaci\u00f3n temporal o sensaci\u00f3n de hormigueo<\/strong> en el punto de aplicaci\u00f3n. Esto puede ocurrir especialmente si la piel es muy sensible.<\/p>\r\n<p data-start=\"4532\" data-end=\"4817\">No suele haber efectos secundarios graves, pero se recomienda evitar la aplicaci\u00f3n en zonas con <strong data-start=\"4653\" data-end=\"4680\">piel abierta o irritada<\/strong>. En caso de reacci\u00f3n persistente, interrumpa su uso y consulte a un profesional sanitario.<\/p>\r\n\r\n<h2 data-start=\"4824\" data-end=\"4845\">Beneficios esperados<\/h2>\r\n<p data-start=\"4847\" data-end=\"4949\">Con un uso regular, Orivelle puede ofrecer una serie de beneficios est\u00e9ticos para las u\u00f1as:<\/p>\r\n\r\n<ul data-start=\"4951\" data-end=\"5195\">\r\n \t<li data-start=\"4951\" data-end=\"5020\">\r\n<p data-start=\"4953\" data-end=\"5020\">\ud83c\udf43 <strong data-start=\"4956\" data-end=\"5020\">Mejora gradual del aspecto de las u\u00f1as decoloradas<\/strong><\/p>\r\n<\/li>\r\n \t<li data-start=\"5021\" data-end=\"5074\">\r\n<p data-start=\"5023\" data-end=\"5074\">\ud83d\udc85 <strong data-start=\"5026\" data-end=\"5074\">Soporte para una textura m\u00e1s suave y uniforme<\/strong><\/p>\r\n<\/li>\r\n \t<li data-start=\"5075\" data-end=\"5135\">\r\n<p data-start=\"5077\" data-end=\"5135\">\ud83c\udf3f <strong data-start=\"5080\" data-end=\"5135\">F\u00f3rmula natural que ayuda a nutrir las u\u00f1as y la piel<\/strong><\/p>\r\n<\/li>\r\n \t<li data-start=\"5136\" data-end=\"5195\">\r\n<p data-start=\"5138\" data-end=\"5195\">\u2728 <strong data-start=\"5140\" data-end=\"5195\">Aplicaci\u00f3n pr\u00e1ctica y espec\u00edfica para el d\u00eda a d\u00eda<\/strong><\/p>\r\n<\/li>\r\n<\/ul>\r\n<p data-start=\"5197\" data-end=\"5386\">Estos beneficios pueden contribuir a una <strong data-start=\"5235\" data-end=\"5280\">un aspecto m\u00e1s saludable y seguro en el cuidado de las u\u00f1as<\/strong>, especialmente para quienes buscan una soluci\u00f3n pr\u00e1ctica y sencilla.<\/p>\r\n\r\n<h2 data-start=\"5393\" data-end=\"5424\">Orivelle VS otras soluciones<\/h2>\r\n<div class=\"TyagGW_tableContainer\">\r\n<div class=\"group TyagGW_tableWrapper flex flex-col-reverse w-fit\" tabindex=\"-1\">\r\n<table class=\"w-fit min-w-(--thread-content-width)\" data-start=\"5426\" data-end=\"5893\">\r\n<thead data-start=\"5426\" data-end=\"5487\">\r\n<tr data-start=\"5426\" data-end=\"5487\">\r\n<th class=\"\" data-start=\"5426\" data-end=\"5436\" data-col-size=\"sm\">Criterios<\/th>\r\n<th class=\"\" data-start=\"5436\" data-end=\"5451\" data-col-size=\"sm\"><strong data-start=\"5438\" data-end=\"5450\">Orivelle<\/strong><\/th>\r\n<th class=\"\" data-start=\"5451\" data-end=\"5487\" data-col-size=\"md\">Otros tratamientos antif\u00fangicos<\/th>\r\n<\/tr>\r\n<\/thead>\r\n<tbody data-start=\"5550\" data-end=\"5893\">\r\n<tr data-start=\"5550\" data-end=\"5631\">\r\n<td data-start=\"5550\" data-end=\"5564\" data-col-size=\"sm\">Ingredientes<\/td>\r\n<td data-start=\"5564\" data-end=\"5594\" data-col-size=\"sm\">Natural de origen vegetal<\/td>\r\n<td data-start=\"5594\" data-end=\"5631\" data-col-size=\"md\">A veces qu\u00edmicos o sint\u00e9ticos<\/td>\r\n<\/tr>\r\n<tr data-start=\"5632\" data-end=\"5736\">\r\n<td data-start=\"5632\" data-end=\"5646\" data-col-size=\"sm\">Aplicaci\u00f3n<\/td>\r\n<td data-start=\"5646\" data-end=\"5685\" data-col-size=\"sm\">Formato de bol\u00edgrafo preciso y sin complicaciones<\/td>\r\n<td data-start=\"5685\" data-end=\"5736\" data-col-size=\"md\">Las cremas o sprays pueden ser dif\u00edciles de aplicar<\/td>\r\n<\/tr>\r\n<tr data-start=\"5737\" data-end=\"5816\">\r\n<td data-start=\"5737\" data-end=\"5747\" data-col-size=\"sm\">Confort<\/td>\r\n<td data-start=\"5747\" data-end=\"5782\" data-col-size=\"sm\">Suave y adecuado para el uso diario<\/td>\r\n<td data-start=\"5782\" data-end=\"5816\" data-col-size=\"md\">Puede ser irritante o complejo<\/td>\r\n<\/tr>\r\n<tr data-start=\"5817\" data-end=\"5893\">\r\n<td data-start=\"5817\" data-end=\"5830\" data-col-size=\"sm\">Simplicidad<\/td>\r\n<td data-start=\"5830\" data-end=\"5862\" data-col-size=\"sm\">F\u00e1cil de transportar y utilizar<\/td>\r\n<td data-start=\"5862\" data-end=\"5893\" data-col-size=\"md\">La rutina suele ser m\u00e1s engorrosa<\/td>\r\n<\/tr>\r\n<\/tbody>\r\n<\/table>\r\n<\/div>\r\n<\/div>\r\n<p data-start=\"5895\" data-end=\"6152\">Orivelle destaca por su <strong data-start=\"5924\" data-end=\"5983\">formulaci\u00f3n natural y pr\u00e1ctico aplicador de bol\u00edgrafo<\/strong>, Esto hace que a menudo sea m\u00e1s f\u00e1cil y c\u00f3modo de incorporar a la rutina diaria que las soluciones convencionales.<\/p>\r\n\r\n<h2 data-start=\"6159\" data-end=\"6180\">Precios y promociones<\/h2>\r\n<p data-start=\"6182\" data-end=\"6549\">Orivelle se ofrece generalmente con <strong data-start=\"6221\" data-end=\"6334\">ofertas disponibles en el sitio web oficial, que a menudo incluyen descuentos temporales y packs.<\/strong><\/p>\r\n\r\n<ul>\r\n \t<li data-start=\"101\" data-end=\"136\">\r\n<p data-start=\"103\" data-end=\"136\">1 Bol\u00edgrafo - <del data-start=\"113\" data-end=\"124\">39,99 \u20ac<\/del> \u2192 <strong>19,99 \u20ac<\/strong><\/p>\r\n<\/li>\r\n \t<li data-start=\"137\" data-end=\"173\">\r\n<p data-start=\"139\" data-end=\"173\">3 Bol\u00edgrafos - <del data-start=\"150\" data-end=\"161\">99,99 \u20ac<\/del> \u2192 <strong>41,97 \u20ac<\/strong><\/p>\r\n<\/li>\r\n \t<li data-start=\"174\" data-end=\"211\">\r\n<p data-start=\"176\" data-end=\"211\">6 Bol\u00edgrafos - <del data-start=\"187\" data-end=\"199\">139,86 \u20ac<\/del> \u2192 <strong>59,94 euros o 9,99 euros por bol\u00edgrafo.<\/strong><\/p>\r\n<\/li>\r\n<\/ul>\r\n<p data-start=\"6551\" data-end=\"6784\">Aproveche <strong data-start=\"6634\" data-end=\"6655\">\u00a170 de descuento %!<\/strong><\/p>\r\n\r\n<h2 data-start=\"6791\" data-end=\"6806\">Comentarios de los clientes<\/h2>\r\n<p data-start=\"6808\" data-end=\"7077\">Muchos usuarios afirman <strong data-start=\"6848\" data-end=\"6872\">testimonios positivos<\/strong> que muestran una mejora visible del aspecto de las u\u00f1as tras varias semanas de uso regular, con una textura m\u00e1s lisa y menos decoloraci\u00f3n.<\/p>\r\n<p data-start=\"7079\" data-end=\"7335\">Sin embargo, tambi\u00e9n hay opiniones de clientes independientes que plantean las siguientes cuestiones <strong data-start=\"7150\" data-end=\"7294\">preocupaci\u00f3n por el proceso de pedido, cargos adicionales no deseados y experiencias negativas con el servicio de atenci\u00f3n al cliente<\/strong>.<\/p>\r\n<p data-start=\"7337\" data-end=\"7570\">Como con cualquier producto, los resultados var\u00edan de un caso a otro, y es aconsejable tener en cuenta tanto las opiniones positivas como las cr\u00edticas antes de decidir si Orivelle es adecuado para usted.<\/p>\r\n\r\n<h2 data-start=\"7577\" data-end=\"7606\">FAQ \/ Preguntas m\u00e1s frecuentes<\/h2>\r\n<p data-start=\"7608\" data-end=\"7908\"><strong data-start=\"7608\" data-end=\"7641\">\u00bfC\u00f3mo funciona Orivelle?<\/strong><br data-start=\"7641\" data-end=\"7644\" \/>Orivelle combina una f\u00f3rmula basada en <strong data-start=\"7683\" data-end=\"7710\">17 ingredientes naturales<\/strong> en un l\u00e1piz aplicador dise\u00f1ado para aplicarse directamente sobre la u\u00f1a y la piel circundante con el fin de tratar los signos visibles de los problemas de cuidado de las u\u00f1as.<\/p>\r\n<p data-start=\"7910\" data-end=\"8179\"><strong data-start=\"7910\" data-end=\"7960\">\u00bfCu\u00e1nto tardar\u00e9 en ver resultados?<\/strong><br data-start=\"7960\" data-end=\"7963\" \/>Muchos usuarios informan de mejoras visibles en sus <strong data-start=\"8033\" data-end=\"8049\">De 7 a 14 d\u00edas<\/strong> de uso regular, aunque los resultados pueden variar de una persona a otra.<\/p>\r\n<p data-start=\"8181\" data-end=\"8467\"><strong data-start=\"8181\" data-end=\"8236\">\u00bfPuedo utilizar Orivelle con esmalte de u\u00f1as?<\/strong><br data-start=\"8236\" data-end=\"8239\" \/>Para obtener los mejores resultados, recomendamos evitar el esmalte de u\u00f1as o las u\u00f1as postizas durante el tratamiento para que la f\u00f3rmula pueda estar en contacto directo con la superficie de la u\u00f1a.<\/p>\r\n<p data-start=\"8469\" data-end=\"8706\"><strong data-start=\"8469\" data-end=\"8519\">\u00bfOrivelle es seguro para la piel sensible?<\/strong><br data-start=\"8519\" data-end=\"8522\" \/>La f\u00f3rmula natural est\u00e1 dise\u00f1ada para ser suave, pero si usted tiene un <strong data-start=\"8589\" data-end=\"8611\">piel muy sensible<\/strong>, Pruebe en una peque\u00f1a zona antes de aplicar todo el producto.<\/p>\t\t\t\t\t\t\t\t<\/div>\n\t\t\t\t<div class=\"elementor-element elementor-element-61fcfe6 elementor-arrows-yes elementor-pagination-type-bullets elementor-review--has-separator elementor--star-style-star_fontawesome elementor-widget elementor-widget-reviews\" data-id=\"61fcfe6\" data-element_type=\"widget\" data-e-type=\"widget\" data-settings=\"{&quot;slides_per_view&quot;:&quot;3&quot;,&quot;slides_to_scroll&quot;:&quot;1&quot;,&quot;show_arrows&quot;:&quot;yes&quot;,&quot;pagination&quot;:&quot;bullets&quot;,&quot;speed&quot;:500,&quot;autoplay&quot;:&quot;yes&quot;,&quot;autoplay_speed&quot;:5000,&quot;loop&quot;:&quot;yes&quot;,&quot;pause_on_hover&quot;:&quot;yes&quot;,&quot;pause_on_interaction&quot;:&quot;yes&quot;,&quot;space_between&quot;:{&quot;unit&quot;:&quot;px&quot;,&quot;size&quot;:10,&quot;sizes&quot;:[]},&quot;space_between_tablet&quot;:{&quot;unit&quot;:&quot;px&quot;,&quot;size&quot;:10,&quot;sizes&quot;:[]},&quot;space_between_mobile&quot;:{&quot;unit&quot;:&quot;px&quot;,&quot;size&quot;:10,&quot;sizes&quot;:[]}}\" data-widget_type=\"reviews.default\">\n\t\t\t\t\t\t\t\t\t\t<div class=\"elementor-main-swiper swiper\" role=\"region\" aria-roledescription=\"carousel\" aria-label=\"Diapositivas\">\n\t\t\t\t<div class=\"swiper-wrapper\">\n\t\t\t\t\t\t\t\t\t\t\t<div class=\"swiper-slide\" role=\"group\" aria-roledescription=\"slide\">\n\t\t\t\t\t\t\t\t\t<div class=\"elementor-testimonial elementor-repeater-item-dfff9b0\">\n\t\t\t\t\t\t\t<div class=\"elementor-testimonial__header\">\n\t\t\t\t\t\t\t\t\t\t<cite class=\"elementor-testimonial__cite\"><span class=\"elementor-testimonial__name\">Robert<\/span><div class=\"elementor-star-rating\"><i class=\"elementor-star-full\">\ue934<\/i><i class=\"elementor-star-full\">\ue934<\/i><i class=\"elementor-star-full\">\ue934<\/i><i class=\"elementor-star-full\">\ue934<\/i><i class=\"elementor-star-full\">\ue934<\/i><\/div><\/cite>\t\t\t\t\t<div class=\"elementor-testimonial__icon elementor-icon elementor-icon-\" aria-label=\"Leer m\u00e1s\"><\/div>\t\t\t\t<\/div>\n\t\t\t\t\t\t\t\t\t\t<div class=\"elementor-testimonial__content\">\n\t\t\t\t\t<div class=\"elementor-testimonial__text\">\n\t\t\t\t\t\tUn producto realmente eficaz para combatir los hongos. La soluci\u00f3n es f\u00e1cil de aplicar y se seca r\u00e1pidamente. Ya no me da verg\u00fcenza quitarme las zapatillas en el gimnasio. Definitivamente voy a continuar con esta rutina.\t\t\t\t\t<\/div>\n\t\t\t\t<\/div>\n\t\t\t\t\t<\/div>\n\t\t\t\t\t\t\t\t<\/div>\n\t\t\t\t\t\t\t\t\t\t\t<div class=\"swiper-slide\" role=\"group\" aria-roledescription=\"slide\">\n\t\t\t\t\t\t\t\t\t<div class=\"elementor-testimonial elementor-repeater-item-cab4446\">\n\t\t\t\t\t\t\t<div class=\"elementor-testimonial__header\">\n\t\t\t\t\t\t\t\t\t\t<cite class=\"elementor-testimonial__cite\"><span class=\"elementor-testimonial__name\">Marie G<\/span><div class=\"elementor-star-rating\"><i class=\"elementor-star-full\">\ue934<\/i><i class=\"elementor-star-full\">\ue934<\/i><i class=\"elementor-star-full\">\ue934<\/i><i class=\"elementor-star-full\">\ue934<\/i><i class=\"elementor-star-full\">\ue934<\/i><\/div><\/cite>\t\t\t\t\t<div class=\"elementor-testimonial__icon elementor-icon elementor-icon-\" aria-label=\"Leer m\u00e1s\"><\/div>\t\t\t\t<\/div>\n\t\t\t\t\t\t\t\t\t\t<div class=\"elementor-testimonial__content\">\n\t\t\t\t\t<div class=\"elementor-testimonial__text\">\n\t\t\t\t\t\tHe probado tantas cosas a lo largo de los a\u00f1os que sinceramente no esperaba nada... pero la pluma Orivelle me sorprendi\u00f3 gratamente. Despu\u00e9s de unas semanas, pude ver que empezaban a crecer u\u00f1as sanas y que el aspecto grueso y amarillento empezaba a desaparecer.\t\t\t\t\t<\/div>\n\t\t\t\t<\/div>\n\t\t\t\t\t<\/div>\n\t\t\t\t\t\t\t\t<\/div>\n\t\t\t\t\t\t\t\t\t\t\t<div class=\"swiper-slide\" role=\"group\" aria-roledescription=\"slide\">\n\t\t\t\t\t\t\t\t\t<div class=\"elementor-testimonial elementor-repeater-item-4e7958c\">\n\t\t\t\t\t\t\t<div class=\"elementor-testimonial__header\">\n\t\t\t\t\t\t\t\t\t\t<cite class=\"elementor-testimonial__cite\"><span class=\"elementor-testimonial__name\">Danielle<\/span><div class=\"elementor-star-rating\"><i class=\"elementor-star-full\">\ue934<\/i><i class=\"elementor-star-full\">\ue934<\/i><i class=\"elementor-star-full\">\ue934<\/i><i class=\"elementor-star-full\">\ue934<\/i><i class=\"elementor-star-full\">\ue934<\/i><\/div><\/cite>\t\t\t\t\t<div class=\"elementor-testimonial__icon elementor-icon elementor-icon-\" aria-label=\"Leer m\u00e1s\"><\/div>\t\t\t\t<\/div>\n\t\t\t\t\t\t\t\t\t\t<div class=\"elementor-testimonial__content\">\n\t\t\t\t\t<div class=\"elementor-testimonial__text\">\n\t\t\t\t\t\tLlevaba a\u00f1os arrastrando una u\u00f1a da\u00f1ada en un dedo del pie. He probado cremas, gotas, todo tipo de productos, pero este bol\u00edgrafo ha sido el m\u00e1s f\u00e1cil de usar con regularidad, y por fin estoy viendo alg\u00fan progreso \ud83d\udc4c\ud83d\udc4c\ud83d\udc4c.\t\t\t\t\t<\/div>\n\t\t\t\t<\/div>\n\t\t\t\t\t<\/div>\n\t\t\t\t\t\t\t\t<\/div>\n\t\t\t\t\t\t\t\t\t<\/div>\n\t\t\t\t\t\t\t\t\t\t\t\t\t\t\t<div class=\"elementor-swiper-button elementor-swiper-button-prev\" role=\"button\" tabindex=\"0\" aria-label=\"Anterior\">\n\t\t\t\t\t\t\t<svg aria-hidden=\"true\" class=\"e-font-icon-svg e-eicon-chevron-left\" viewbox=\"0 0 1000 1000\" xmlns=\"http:\/\/www.w3.org\/2000\/svg\"><path d=\"M646 125C629 125 613 133 604 142L308 442C296 454 292 471 292 487 292 504 296 521 308 533L604 854C617 867 629 875 646 875 663 875 679 871 692 858 704 846 713 829 713 812 713 796 708 779 692 767L438 487 692 225C700 217 708 204 708 187 708 171 704 154 692 142 675 129 663 125 646 125Z\"><\/path><\/svg>\t\t\t\t\t\t<\/div>\n\t\t\t\t\t\t<div class=\"elementor-swiper-button elementor-swiper-button-next\" role=\"button\" tabindex=\"0\" aria-label=\"Siguiente\">\n\t\t\t\t\t\t\t<svg aria-hidden=\"true\" class=\"e-font-icon-svg e-eicon-chevron-right\" viewbox=\"0 0 1000 1000\" xmlns=\"http:\/\/www.w3.org\/2000\/svg\"><path d=\"M696 533C708 521 713 504 713 487 713 471 708 454 696 446L400 146C388 133 375 125 354 125 338 125 325 129 313 142 300 154 292 171 292 187 292 204 296 221 308 233L563 492 304 771C292 783 288 800 288 817 288 833 296 850 308 863 321 871 338 875 354 875 371 875 388 867 400 854L696 533Z\"><\/path><\/svg>\t\t\t\t\t\t<\/div>\n\t\t\t\t\t\t\t\t\t\t\t\t\t\t\t\t<div class=\"swiper-pagination\"><\/div>\n\t\t\t\t\t\t\t\t\t\t\t\t<\/div>\n\t\t\t\t\t\t\t\t<\/div>\n\t\t\t\t\t<\/div>\n\t\t\t\t<\/div>\n\t\t\t\t<\/div>","protected":false},"excerpt":{"rendered":"<p><strong>Orivelle<\/strong> es un <strong data-start=\"123\" data-end=\"153\">pluma antif\u00fangica natural<\/strong> que ayuda a <strong data-start=\"165\" data-end=\"213\">mejorar visiblemente el aspecto de las u\u00f1as<\/strong> combatir la decoloraci\u00f3n, el engrosamiento y los signos de hongos. F\u00e1cil de usar, discreto y pr\u00e1ctico, nutre las u\u00f1as y la piel circundante gracias a su f\u00f3rmula basada en <strong data-start=\"404\" data-end=\"431\">17 ingredientes naturales<\/strong>.<\/p>\n<p data-start=\"467\" data-end=\"523\"><strong data-start=\"336\" data-end=\"377\">\u2705<\/strong>Mejora el aspecto de las u\u00f1as da\u00f1adas o descoloridas<\/p>\n<p data-start=\"526\" data-end=\"584\"><strong data-start=\"336\" data-end=\"377\">\u2705<\/strong> Nutre e hidrata las u\u00f1as y la piel circundante<\/p>\n<p data-start=\"587\" data-end=\"638\"><strong data-start=\"336\" data-end=\"377\">\u2705<\/strong> Combatir los signos visibles de los hongos<\/p>\n<p data-start=\"641\" data-end=\"698\"><strong data-start=\"336\" data-end=\"377\">\u2705<\/strong>Aplicaci\u00f3n f\u00e1cil y precisa gracias al formato bol\u00edgrafo<\/p>\n<p data-start=\"641\" data-end=\"698\"><strong>\u00a1\ud83c\udff7\ufe0fProfitez con un descuento de 70%!<\/strong><\/p>","protected":false},"featured_media":470,"template":"","meta":[],"product_brand":[],"product_cat":[18,17],"product_tag":[],"class_list":{"0":"post-469","1":"product","2":"type-product","3":"status-publish","4":"has-post-thumbnail","6":"product_cat-beaute-et-bien-etre","7":"product_cat-sante","9":"first","10":"instock","11":"sale","12":"shipping-taxable","13":"product-type-external"},"_links":{"self":[{"href":"https:\/\/alispharmacy.com\/es\/wp-json\/wp\/v2\/product\/469","targetHints":{"allow":["GET"]}}],"collection":[{"href":"https:\/\/alispharmacy.com\/es\/wp-json\/wp\/v2\/product"}],"about":[{"href":"https:\/\/alispharmacy.com\/es\/wp-json\/wp\/v2\/types\/product"}],"version-history":[{"count":5,"href":"https:\/\/alispharmacy.com\/es\/wp-json\/wp\/v2\/product\/469\/revisions"}],"predecessor-version":[{"id":476,"href":"https:\/\/alispharmacy.com\/es\/wp-json\/wp\/v2\/product\/469\/revisions\/476"}],"wp:featuredmedia":[{"embeddable":true,"href":"https:\/\/alispharmacy.com\/es\/wp-json\/wp\/v2\/media\/470"}],"wp:attachment":[{"href":"https:\/\/alispharmacy.com\/es\/wp-json\/wp\/v2\/media?parent=469"}],"wp:term":[{"taxonomy":"product_brand","embeddable":true,"href":"https:\/\/alispharmacy.com\/es\/wp-json\/wp\/v2\/product_brand?post=469"},{"taxonomy":"product_cat","embeddable":true,"href":"https:\/\/alispharmacy.com\/es\/wp-json\/wp\/v2\/product_cat?post=469"},{"taxonomy":"product_tag","embeddable":true,"href":"https:\/\/alispharmacy.com\/es\/wp-json\/wp\/v2\/product_tag?post=469"}],"curies":[{"name":"wp","href":"https:\/\/api.w.org\/{rel}","templated":true}]}}