{"id":477,"date":"2026-02-22T16:55:36","date_gmt":"2026-02-22T16:55:36","guid":{"rendered":"https:\/\/alispharmacy.com\/?post_type=product&#038;p=477"},"modified":"2026-03-04T10:50:37","modified_gmt":"2026-03-04T10:50:37","slug":"ozoori","status":"publish","type":"product","link":"https:\/\/alispharmacy.com\/es\/product\/ozoori\/","title":{"rendered":"Ozoori"},"content":{"rendered":"<div data-elementor-type=\"product-post\" data-elementor-id=\"477\" class=\"elementor elementor-477\" data-elementor-post-type=\"product\">\n\t\t\t\t<div class=\"elementor-element elementor-element-177df33b e-flex e-con-boxed e-con e-parent\" data-id=\"177df33b\" data-element_type=\"container\" data-e-type=\"container\">\n\t\t\t\t\t<div class=\"e-con-inner\">\n\t\t\t\t<div class=\"elementor-element elementor-element-58685739 elementor-widget elementor-widget-text-editor\" data-id=\"58685739\" data-element_type=\"widget\" data-e-type=\"widget\" data-widget_type=\"text-editor.default\">\n\t\t\t\t\t\t\t\t\t<h2 data-start=\"481\" data-end=\"506\">\u00bfQu\u00e9 es Ozoori?<\/h2><p data-start=\"508\" data-end=\"1067\"><strong>Ozoori<\/strong> es un dispositivo innovador dise\u00f1ado para <strong>mantenga limpia su nevera<\/strong>, frescos y sin olores. Se trata de un dispositivo compacto que se coloca en el interior del frigor\u00edfico para neutralizar los olores no deseados y mantener los alimentos frescos durante m\u00e1s tiempo. A diferencia de otros m\u00e9todos como los sprays o los absorbentes tradicionales como el bicarbonato de sodio, Ozoori promete una acci\u00f3n continua y activa para tratar el aire ambiente del frigor\u00edfico en lugar de limitarse a enmascarar los olores.<\/p><p data-start=\"1069\" data-end=\"1604\">Este electrodom\u00e9stico funciona con un <strong data-start=\"1117\" data-end=\"1148\">Bater\u00eda recargable USB-C<\/strong>, Esto facilita su uso y su desplazamiento. Su dise\u00f1o moderno y discreto le permite encajar en cualquier zona del frigor\u00edfico sin obstruir el espacio de almacenamiento. Varias plataformas de ventas y p\u00e1ginas de productos elogian su capacidad para reducir significativamente los olores fuertes (como los del pescado o la cebolla) y ayudar a mantener los alimentos frescos durante m\u00e1s tiempo.<\/p><h2 data-start=\"1611\" data-end=\"1636\">\u00bfPara qui\u00e9n es Ozoori?<\/h2><p data-start=\"1638\" data-end=\"2071\">Ozoori se dirige sobre todo a las personas preocupadas por <strong>higiene de la cocina<\/strong> y en particular sus frigor\u00edficos. Si ha notado que sus alimentos desprenden olores desagradables o se estropean r\u00e1pidamente, este aparato puede satisfacer esa necesidad. Es adecuado para hogares de todos los tama\u00f1os, desde familias peque\u00f1as hasta pisos compartidos y personas solas.<\/p><p data-start=\"2073\" data-end=\"2494\">M\u00e1s ampliamente, <strong>Ozoori<\/strong> es para cualquiera que quiera <strong>reducir el desperdicio de alimentos<\/strong> y mantenga limpio su frigor\u00edfico sin necesidad de limpiarlo con frecuencia. Tambi\u00e9n puede ser \u00fatil para quienes ya han probado soluciones tradicionales (bicarbonato, sobres de carb\u00f3n activado, sprays perfumados) sin resultados realmente satisfactorios.<\/p><h2 data-start=\"2501\" data-end=\"2522\">\u00bfPara qu\u00e9 se utiliza Ozoori?<\/h2><p data-start=\"2524\" data-end=\"2874\">El ozoori se utiliza principalmente para <strong data-start=\"2553\" data-end=\"2589\">neutralizar los malos olores<\/strong> y <strong data-start=\"2595\" data-end=\"2664\">prolongar la frescura de los alimentos almacenados en el frigor\u00edfico<\/strong>. El aparato trata el aire del interior del frigor\u00edfico para reducir las bacterias, el moho y los gases responsables de los malos olores y del deterioro de los alimentos.<\/p><p data-start=\"2876\" data-end=\"3285\">Colocado en el frigor\u00edfico, funciona de forma aut\u00f3noma y continua. En particular, ayuda a combatir los olores causados por alimentos fuertes como el pescado, la cebolla o el queso, al tiempo que mantiene un ambiente m\u00e1s agradable en el interior. Su objetivo principal no es sustituir la limpieza habitual, sino reducir los olores entre una limpieza y otra.<\/p><p data-start=\"2876\" data-end=\"3285\"><img fetchpriority=\"high\" decoding=\"async\" class=\"aligncenter wp-image-495 size-large\" title=\"Ozoori\" src=\"https:\/\/alispharmacy.com\/wp-content\/uploads\/2026\/02\/Ozoori-6-1024x316.jpg\" alt=\"Ozoori\" width=\"800\" height=\"247\" srcset=\"https:\/\/alispharmacy.com\/wp-content\/uploads\/2026\/02\/Ozoori-6-1024x316.jpg 1024w, https:\/\/alispharmacy.com\/wp-content\/uploads\/2026\/02\/Ozoori-6-300x93.jpg 300w, https:\/\/alispharmacy.com\/wp-content\/uploads\/2026\/02\/Ozoori-6-768x237.jpg 768w, https:\/\/alispharmacy.com\/wp-content\/uploads\/2026\/02\/Ozoori-6-18x6.jpg 18w, https:\/\/alispharmacy.com\/wp-content\/uploads\/2026\/02\/Ozoori-6-600x185.jpg 600w, https:\/\/alispharmacy.com\/wp-content\/uploads\/2026\/02\/Ozoori-6.jpg 1245w\" sizes=\"(max-width: 800px) 100vw, 800px\" \/><\/p><h2 data-start=\"3292\" data-end=\"3316\">C\u00f3mo funciona Ozoori<\/h2><p data-start=\"3318\" data-end=\"3757\">La tecnolog\u00eda detr\u00e1s de Ozoori es una combinaci\u00f3n de lo que la marca llama <strong data-start=\"3419\" data-end=\"3431\">OzoSonic<\/strong> y un sistema de depuraci\u00f3n <strong>fotocatal\u00edtico<\/strong>. Estas tecnolog\u00edas trabajan conjuntamente para neutralizar las mol\u00e9culas responsables de los malos olores y reducir el impacto de gases como el etileno, que aceleran el envejecimiento de frutas y hortalizas.<\/p><p data-start=\"3759\" data-end=\"4172\">El coraz\u00f3n del aparato utiliza un componente cer\u00e1mico para emitir ondas de alta frecuencia y activar reacciones de purificaci\u00f3n en el aire. El objetivo es ir m\u00e1s all\u00e1 de la simple absorci\u00f3n pasiva de olores (como con el bicarbonato de sodio) haciendo circular activamente el aire para tratar una mayor cantidad de mol\u00e9culas dentro del frigor\u00edfico.<\/p><h2 data-start=\"4179\" data-end=\"4207\">Indicaciones de uso<\/h2><p data-start=\"4209\" data-end=\"4493\">Ozoori puede utilizarse <strong data-start=\"4249\" data-end=\"4305\">en cualquier frigor\u00edfico dom\u00e9stico est\u00e1ndar.<\/strong> Resulta pr\u00e1ctico para cocinas familiares, para personas que viven solas o para quienes almacenan a menudo alimentos con sabores fuertes.<\/p><p data-start=\"4495\" data-end=\"4867\">El aparato tambi\u00e9n es adecuado para los hogares preocupados por reducir el desperdicio de alimentos, ya que est\u00e1 dise\u00f1ado para <strong data-start=\"4607\" data-end=\"4655\">prolongar la vida \u00fatil de los alimentos<\/strong> y reducir la frecuencia de la limpieza a fondo. No est\u00e1 indicado para uso m\u00e9dico o industrial ni para aparatos que no sean frigor\u00edficos dom\u00e9sticos.<\/p><h2 data-start=\"4874\" data-end=\"4900\">C\u00f3mo utilizarlo<\/h2><p data-start=\"4902\" data-end=\"5164\">Puede seleccionar distintos modos en funci\u00f3n de la intensidad de los olores o de la frecuencia con que abra el frigor\u00edfico<\/p><ul><li data-start=\"68\" data-end=\"168\"><p data-start=\"70\" data-end=\"168\"><strong data-start=\"73\" data-end=\"95\">Cargar el dispositivo<\/strong> completamente con el cable USB-C suministrado antes de usarlo por primera vez.<\/p><\/li><li data-start=\"169\" data-end=\"303\"><p data-start=\"171\" data-end=\"303\"><strong data-start=\"174\" data-end=\"213\">Poner Ozoori en la nevera<\/strong>, Lo ideal ser\u00eda en un estante central o cerca de los alimentos que desprenden m\u00e1s olor.<\/p><\/li><li data-start=\"304\" data-end=\"407\"><p data-start=\"306\" data-end=\"407\"><strong data-start=\"308\" data-end=\"330\">Encendido del aparato<\/strong> y seleccione el modo deseado si hay varias intensidades disponibles.<\/p><\/li><li data-start=\"408\" data-end=\"534\"><p data-start=\"410\" data-end=\"534\"><strong data-start=\"413\" data-end=\"447\">Dejar funcionar continuamente<\/strong> para neutralizar eficazmente los olores y prolongar la frescura de los alimentos.<\/p><\/li><li data-start=\"535\" data-end=\"643\" data-is-last-node=\"\"><p data-start=\"537\" data-end=\"643\" data-is-last-node=\"\"><strong data-start=\"540\" data-end=\"567\">Recarga peri\u00f3dica<\/strong> cuando la bater\u00eda empiece a descargarse para obtener un rendimiento \u00f3ptimo.<\/p><\/li><\/ul><p data-start=\"5166\" data-end=\"5574\">Ozoori funciona de forma aut\u00f3noma despu\u00e9s de la configuraci\u00f3n inicial, y por lo general s\u00f3lo es necesario <strong data-start=\"5477\" data-end=\"5532\">Recarga la bater\u00eda cada pocas semanas.<\/strong><\/p><h2 data-start=\"5581\" data-end=\"5607\">Los beneficios del Ozoori<\/h2><p data-start=\"5609\" data-end=\"5682\">He aqu\u00ed una lista clara de los principales beneficios que puede aportar el Ozoori:<\/p><ul><li data-start=\"0\" data-end=\"75\"><p data-start=\"2\" data-end=\"75\">\ud83c\udf2c\ufe0f <strong>Reducci\u00f3n significativa<\/strong> malos olores en la nevera.<\/p><\/li><li data-start=\"76\" data-end=\"164\"><p data-start=\"78\" data-end=\"164\">\ud83e\udd66 <strong>Prolongar la frescura<\/strong> y reducir el desperdicio de alimentos.<\/p><\/li><li data-start=\"165\" data-end=\"232\"><p data-start=\"167\" data-end=\"232\">\ud83d\udd04 Funcionamiento <strong>sin filtros<\/strong> o piezas de recambio caras.<\/p><\/li><li data-start=\"233\" data-end=\"277\"><p data-start=\"235\" data-end=\"277\">\u2728 Dispositivo compacto y f\u00e1cil de colocar.<\/p><\/li><li data-start=\"278\" data-end=\"317\" data-is-last-node=\"\"><p data-start=\"280\" data-end=\"317\" data-is-last-node=\"\">\ud83d\udd0c Carga USB-C sencilla y c\u00f3moda.<\/p><\/li><\/ul><p data-start=\"5990\" data-end=\"6202\">Cada una de estas ventajas contribuye a mejorar la experiencia diaria en su cocina y puede reducir el tiempo dedicado a limpiar o eliminar alimentos en mal estado.<\/p><h2 data-start=\"6209\" data-end=\"6237\">Ozoori VS otros m\u00e9todos<\/h2><div class=\"TyagGW_tableContainer\"><div class=\"group TyagGW_tableWrapper flex flex-col-reverse w-fit\" tabindex=\"-1\"><table class=\"w-fit min-w-(--thread-content-width)\" data-start=\"6239\" data-end=\"6685\"><thead data-start=\"6239\" data-end=\"6282\"><tr data-start=\"6239\" data-end=\"6282\"><th class=\"\" data-start=\"6239\" data-end=\"6249\" data-col-size=\"sm\">Criterios<\/th><th class=\"\" data-start=\"6249\" data-end=\"6258\" data-col-size=\"sm\">Ozoori<\/th><th class=\"\" data-start=\"6258\" data-end=\"6282\" data-col-size=\"sm\">Bicarbonato de sodio<\/th><\/tr><\/thead><tbody data-start=\"6328\" data-end=\"6685\"><tr data-start=\"6328\" data-end=\"6409\"><td data-start=\"6328\" data-end=\"6355\" data-col-size=\"sm\">Acci\u00f3n activa frente a acci\u00f3n pasiva<\/td><td data-start=\"6355\" data-end=\"6385\" data-col-size=\"sm\">\u2714 Tratamiento activo del aire<\/td><td data-col-size=\"sm\" data-start=\"6385\" data-end=\"6409\">\u274c Absorci\u00f3n pasiva<\/td><\/tr><tr data-start=\"6410\" data-end=\"6485\"><td data-start=\"6410\" data-end=\"6435\" data-col-size=\"sm\">Mantenimiento<\/td><td data-start=\"6435\" data-end=\"6459\" data-col-size=\"sm\">\u2714 No necesita filtro<\/td><td data-start=\"6459\" data-end=\"6485\" data-col-size=\"sm\">\u274c Sustituci\u00f3n mensual<\/td><\/tr><tr data-start=\"6486\" data-end=\"6560\"><td data-start=\"6486\" data-end=\"6513\" data-col-size=\"sm\">Eficaz con las bacterias<\/td><td data-start=\"6513\" data-end=\"6537\" data-col-size=\"sm\">\u2714 Tecnolog\u00eda visible<\/td><td data-start=\"6537\" data-end=\"6560\" data-col-size=\"sm\">\u274c Descuento limitado<\/td><\/tr><tr data-start=\"6561\" data-end=\"6624\"><td data-start=\"6561\" data-end=\"6583\" data-col-size=\"sm\">Enfoque ecol\u00f3gico<\/td><td data-start=\"6583\" data-end=\"6611\" data-col-size=\"sm\">\u2714 Sin productos qu\u00edmicos<\/td><td data-col-size=\"sm\" data-start=\"6611\" data-end=\"6624\">\u2714 Natural<\/td><\/tr><tr data-start=\"6625\" data-end=\"6685\"><td data-start=\"6625\" data-end=\"6646\" data-col-size=\"sm\">Esfuerzo del usuario<\/td><td data-start=\"6646\" data-end=\"6673\" data-col-size=\"sm\">\u2714 Bajo despu\u00e9s de la colocaci\u00f3n<\/td><td data-start=\"6673\" data-end=\"6685\" data-col-size=\"sm\">\u2714 Bajo<\/td><\/tr><\/tbody><\/table><\/div><\/div><p data-start=\"6687\" data-end=\"6942\">Esta comparaci\u00f3n muestra que Ozoori destaca por su capacidad para <strong data-start=\"6753\" data-end=\"6772\">actuar activamente<\/strong> en el aire interior, mientras que soluciones como el bicarbonato o las bolsitas de carb\u00f3n tienen un efecto pasivo y limitado.<\/p><h2 data-start=\"6687\" data-end=\"6942\">Precios y promociones<\/h2><p data-start=\"6972\" data-end=\"7330\">Los precios de Ozoori var\u00edan <strong>en funci\u00f3n de las ofertas y promociones disponibles<\/strong>.<br \/><strong data-start=\"7087\" data-end=\"7147\">Actualmente DISPONIBLE hasta 70 % de descuento<\/strong>\u00a0en el dispositivo, lo que puede reducir el coste inicial a un precio muy competitivo en comparaci\u00f3n con las soluciones tradicionales a largo plazo.<\/p><p data-start=\"7332\" data-end=\"7665\">Tambi\u00e9n puede haber ofertas para grupos o paquetes m\u00faltiples en el <strong>promociones limitadas.<\/strong><\/p><h2 data-start=\"7672\" data-end=\"7729\">Opiniones de clientes, Qu\u00e9 opinan los usuarios de Ozoori<\/h2><p data-start=\"7731\" data-end=\"8071\">Opiniones de clientes sobre Ozoori <strong>positivo<\/strong> y manifiestan una verdadera satisfacci\u00f3n tras su uso. Muchos usuarios elogian la r\u00e1pida eficacia del aparato para eliminar los malos olores, incluso los asociados a los alimentos m\u00e1s fuertes, como el pescado o el queso.<\/p><p data-start=\"8073\" data-end=\"8440\">Muchos tambi\u00e9n aprecian la <strong>f\u00e1cil de instalar<\/strong> Los comentarios tambi\u00e9n destacan la sensaci\u00f3n de frescor duradero en el frigor\u00edfico y la mejor conservaci\u00f3n de los alimentos, lo que ayuda a reducir el desperdicio de comida.<\/p><p>En general, Ozoori se percibe como <strong>una soluci\u00f3n moderna, eficaz y fiable<\/strong> lo que mejora inmediatamente la comodidad en la cocina.<\/p><h2 data-start=\"8447\" data-end=\"8476\">FAQ \/ Preguntas m\u00e1s frecuentes<\/h2><p data-start=\"8478\" data-end=\"8728\"><strong data-start=\"8478\" data-end=\"8519\">\u2753Ozoori \u00bfes seguro para la alimentaci\u00f3n?<\/strong><br data-start=\"8519\" data-end=\"8522\" \/>S\u00ed, est\u00e1 dise\u00f1ado para funcionar en el aire del frigor\u00edfico sin contacto directo con los alimentos, y no utiliza productos qu\u00edmicos agresivos ni fragancias.<\/p><p data-start=\"8730\" data-end=\"8912\"><strong data-start=\"8730\" data-end=\"8765\">\u2753\u00bfTengo que cambiar alg\u00fan filtro?<\/strong><br data-start=\"8765\" data-end=\"8768\" \/>No, Ozoori utiliza una tecnolog\u00eda sin filtros reemplazables, lo que reduce los costes de mantenimiento.<\/p><p data-start=\"8914\" data-end=\"9098\"><strong data-start=\"8914\" data-end=\"8953\">\u2753\u00bfCu\u00e1nto dura la bater\u00eda?<\/strong><br data-start=\"8953\" data-end=\"8956\" \/>Una sola carga puede durar varias semanas antes de tener que recargarla.<\/p>\t\t\t\t\t\t\t\t<\/div>\n\t\t\t\t<div class=\"elementor-element elementor-element-a12496a elementor-arrows-yes elementor-pagination-type-bullets elementor-review--has-separator elementor--star-style-star_fontawesome elementor-widget elementor-widget-reviews\" data-id=\"a12496a\" data-element_type=\"widget\" data-e-type=\"widget\" data-settings=\"{&quot;slides_per_view&quot;:&quot;3&quot;,&quot;slides_to_scroll&quot;:&quot;1&quot;,&quot;show_arrows&quot;:&quot;yes&quot;,&quot;pagination&quot;:&quot;bullets&quot;,&quot;speed&quot;:500,&quot;autoplay&quot;:&quot;yes&quot;,&quot;autoplay_speed&quot;:5000,&quot;loop&quot;:&quot;yes&quot;,&quot;pause_on_hover&quot;:&quot;yes&quot;,&quot;pause_on_interaction&quot;:&quot;yes&quot;,&quot;space_between&quot;:{&quot;unit&quot;:&quot;px&quot;,&quot;size&quot;:10,&quot;sizes&quot;:[]},&quot;space_between_tablet&quot;:{&quot;unit&quot;:&quot;px&quot;,&quot;size&quot;:10,&quot;sizes&quot;:[]},&quot;space_between_mobile&quot;:{&quot;unit&quot;:&quot;px&quot;,&quot;size&quot;:10,&quot;sizes&quot;:[]}}\" data-widget_type=\"reviews.default\">\n\t\t\t\t\t\t\t\t\t\t<div class=\"elementor-main-swiper swiper\" role=\"region\" aria-roledescription=\"carousel\" aria-label=\"Diapositivas\">\n\t\t\t\t<div class=\"swiper-wrapper\">\n\t\t\t\t\t\t\t\t\t\t\t<div class=\"swiper-slide\" role=\"group\" aria-roledescription=\"slide\">\n\t\t\t\t\t\t\t\t\t<div class=\"elementor-testimonial elementor-repeater-item-dfff9b0\">\n\t\t\t\t\t\t\t<div class=\"elementor-testimonial__header\">\n\t\t\t\t\t\t\t\t\t\t\t<div class=\"elementor-testimonial__image\">\n\t\t\t\t\t\t\t<img decoding=\"async\" src=\"https:\/\/alispharmacy.com\/wp-content\/uploads\/2026\/02\/danielle.avif\" alt=\"Danielle\">\n\t\t\t\t\t\t\t\t\t\t\t\t\t<\/div>\n\t\t\t\t\t\t\t\t\t\t<cite class=\"elementor-testimonial__cite\"><span class=\"elementor-testimonial__name\">Danielle<\/span><div class=\"elementor-star-rating\"><i class=\"elementor-star-full\">\ue934<\/i><i class=\"elementor-star-full\">\ue934<\/i><i class=\"elementor-star-full\">\ue934<\/i><i class=\"elementor-star-full\">\ue934<\/i><i class=\"elementor-star-full\">\ue934<\/i><\/div><\/cite>\t\t\t\t\t<div class=\"elementor-testimonial__icon elementor-icon elementor-icon-\" aria-label=\"Read More\" data-no-translation-aria-label=\"\"><\/div>\t\t\t\t<\/div>\n\t\t\t\t\t\t\t\t\t\t<div class=\"elementor-testimonial__content\">\n\t\t\t\t\t<div class=\"elementor-testimonial__text\">\n\t\t\t\t\t\tPerm\u00edtanme decirles que, con tres ni\u00f1os en casa, hacer la compra no es barato, as\u00ed que si algo sale mal, me fastidio... Menos mal que decid\u00ed probar Ozoori, \u00a1porque realmente funciona! Mis fresas duraron otros 5 d\u00edas? 10\/10\t\t\t\t\t<\/div>\n\t\t\t\t<\/div>\n\t\t\t\t\t<\/div>\n\t\t\t\t\t\t\t\t<\/div>\n\t\t\t\t\t\t\t\t\t\t\t<div class=\"swiper-slide\" role=\"group\" aria-roledescription=\"slide\">\n\t\t\t\t\t\t\t\t\t<div class=\"elementor-testimonial elementor-repeater-item-4e7958c\">\n\t\t\t\t\t\t\t<div class=\"elementor-testimonial__header\">\n\t\t\t\t\t\t\t\t\t\t\t<div class=\"elementor-testimonial__image\">\n\t\t\t\t\t\t\t<img decoding=\"async\" src=\"https:\/\/alispharmacy.com\/wp-content\/uploads\/2026\/02\/Natalie.avif\" alt=\"Natalie\">\n\t\t\t\t\t\t\t\t\t\t\t\t\t<\/div>\n\t\t\t\t\t\t\t\t\t\t<cite class=\"elementor-testimonial__cite\"><span class=\"elementor-testimonial__name\">Natalie<\/span><div class=\"elementor-star-rating\"><i class=\"elementor-star-full\">\ue934<\/i><i class=\"elementor-star-full\">\ue934<\/i><i class=\"elementor-star-full\">\ue934<\/i><i class=\"elementor-star-full\">\ue934<\/i><i class=\"elementor-star-full\">\ue934<\/i><\/div><\/cite>\t\t\t\t\t<div class=\"elementor-testimonial__icon elementor-icon elementor-icon-\" aria-label=\"Read More\" data-no-translation-aria-label=\"\"><\/div>\t\t\t\t<\/div>\n\t\t\t\t\t\t\t\t\t\t<div class=\"elementor-testimonial__content\">\n\t\t\t\t\t<div class=\"elementor-testimonial__text\">\n\t\t\t\t\t\tMis hijos dejan sobras de cebolla en la nevera todo el tiempo, y se estaba poniendo muy asqueroso, pero ahora por fin huele normal \ud83d\udd25 so cool lol\t\t\t\t\t<\/div>\n\t\t\t\t<\/div>\n\t\t\t\t\t<\/div>\n\t\t\t\t\t\t\t\t<\/div>\n\t\t\t\t\t\t\t\t\t\t\t<div class=\"swiper-slide\" role=\"group\" aria-roledescription=\"slide\">\n\t\t\t\t\t\t\t\t\t<div class=\"elementor-testimonial elementor-repeater-item-2ffa9f2\">\n\t\t\t\t\t\t\t<div class=\"elementor-testimonial__header\">\n\t\t\t\t\t\t\t\t\t\t\t<div class=\"elementor-testimonial__image\">\n\t\t\t\t\t\t\t<img decoding=\"async\" src=\"https:\/\/alispharmacy.com\/wp-content\/uploads\/2026\/02\/Ben.avif\" alt=\"Ben\">\n\t\t\t\t\t\t\t\t\t\t\t\t\t<\/div>\n\t\t\t\t\t\t\t\t\t\t<cite class=\"elementor-testimonial__cite\"><span class=\"elementor-testimonial__name\">Ben<\/span><div class=\"elementor-star-rating\"><i class=\"elementor-star-full\">\ue934<\/i><i class=\"elementor-star-full\">\ue934<\/i><i class=\"elementor-star-full\">\ue934<\/i><i class=\"elementor-star-full\">\ue934<\/i><i class=\"elementor-star-full\">\ue934<\/i><\/div><\/cite>\t\t\t\t\t<div class=\"elementor-testimonial__icon elementor-icon elementor-icon-\" aria-label=\"Read More\" data-no-translation-aria-label=\"\"><\/div>\t\t\t\t<\/div>\n\t\t\t\t\t\t\t\t\t\t<div class=\"elementor-testimonial__content\">\n\t\t\t\t\t<div class=\"elementor-testimonial__text\">\n\t\t\t\t\t\tMuy bueno. Recibido en 3 d\u00edas y desde entonces mi nevera s\u00f3lo huele a fresco, y tambi\u00e9n he notado que la comida se estropea menos. Lo recomiendo \ud83d\udc4d\t\t\t\t\t<\/div>\n\t\t\t\t<\/div>\n\t\t\t\t\t<\/div>\n\t\t\t\t\t\t\t\t<\/div>\n\t\t\t\t\t\t\t\t\t<\/div>\n\t\t\t\t\t\t\t\t\t\t\t\t\t\t\t<div class=\"elementor-swiper-button elementor-swiper-button-prev\" role=\"button\" tabindex=\"0\" aria-label=\"Previous\" data-no-translation-aria-label=\"\">\n\t\t\t\t\t\t\t<svg aria-hidden=\"true\" class=\"e-font-icon-svg e-eicon-chevron-left\" viewbox=\"0 0 1000 1000\" xmlns=\"http:\/\/www.w3.org\/2000\/svg\"><path d=\"M646 125C629 125 613 133 604 142L308 442C296 454 292 471 292 487 292 504 296 521 308 533L604 854C617 867 629 875 646 875 663 875 679 871 692 858 704 846 713 829 713 812 713 796 708 779 692 767L438 487 692 225C700 217 708 204 708 187 708 171 704 154 692 142 675 129 663 125 646 125Z\"><\/path><\/svg>\t\t\t\t\t\t<\/div>\n\t\t\t\t\t\t<div class=\"elementor-swiper-button elementor-swiper-button-next\" role=\"button\" tabindex=\"0\" aria-label=\"Next\" data-no-translation-aria-label=\"\">\n\t\t\t\t\t\t\t<svg aria-hidden=\"true\" class=\"e-font-icon-svg e-eicon-chevron-right\" viewbox=\"0 0 1000 1000\" xmlns=\"http:\/\/www.w3.org\/2000\/svg\"><path d=\"M696 533C708 521 713 504 713 487 713 471 708 454 696 446L400 146C388 133 375 125 354 125 338 125 325 129 313 142 300 154 292 171 292 187 292 204 296 221 308 233L563 492 304 771C292 783 288 800 288 817 288 833 296 850 308 863 321 871 338 875 354 875 371 875 388 867 400 854L696 533Z\"><\/path><\/svg>\t\t\t\t\t\t<\/div>\n\t\t\t\t\t\t\t\t\t\t\t\t\t\t\t\t<div class=\"swiper-pagination\"><\/div>\n\t\t\t\t\t\t\t\t\t\t\t\t<\/div>\n\t\t\t\t\t\t\t\t<\/div>\n\t\t\t\t\t<\/div>\n\t\t\t\t<\/div>\n\t\t\t\t<\/div>","protected":false},"excerpt":{"rendered":"<p><strong>Ozoori<\/strong> es un dispositivo innovador dise\u00f1ado para mantener su frigor\u00edfico sano y libre de olores. Compacto y f\u00e1cil de usar, funciona continuamente para <strong>neutraliza los olores y prolonga la frescura de los alimentos<\/strong>.<\/p>\n<p data-start=\"371\" data-end=\"416\">\u2705 Elimina r\u00e1pidamente los malos olores<\/p>\n<p data-start=\"419\" data-end=\"458\">\u2705 Prolonga la frescura de los alimentos<\/p>\n<p data-start=\"461\" data-end=\"502\">\u2705 Dispositivo compacto y f\u00e1cil de instalar<\/p>\n<p data-start=\"505\" data-end=\"545\" data-is-last-node=\"\">\u2705 Carga USB-C pr\u00e1ctica y econ\u00f3mica<\/p>\n<p data-start=\"505\" data-end=\"545\" data-is-last-node=\"\"><strong>\ud83c\udff7\ufe0f \u00a1Aprovecha ahora un descuento 70%!<\/strong><\/p>","protected":false},"featured_media":480,"template":"","meta":[],"product_brand":[],"product_cat":[17],"product_tag":[],"class_list":{"0":"post-477","1":"product","2":"type-product","3":"status-publish","4":"has-post-thumbnail","6":"product_cat-sante","8":"first","9":"instock","10":"sale","11":"shipping-taxable","12":"product-type-external"},"_links":{"self":[{"href":"https:\/\/alispharmacy.com\/es\/wp-json\/wp\/v2\/product\/477","targetHints":{"allow":["GET"]}}],"collection":[{"href":"https:\/\/alispharmacy.com\/es\/wp-json\/wp\/v2\/product"}],"about":[{"href":"https:\/\/alispharmacy.com\/es\/wp-json\/wp\/v2\/types\/product"}],"version-history":[{"count":16,"href":"https:\/\/alispharmacy.com\/es\/wp-json\/wp\/v2\/product\/477\/revisions"}],"predecessor-version":[{"id":544,"href":"https:\/\/alispharmacy.com\/es\/wp-json\/wp\/v2\/product\/477\/revisions\/544"}],"wp:featuredmedia":[{"embeddable":true,"href":"https:\/\/alispharmacy.com\/es\/wp-json\/wp\/v2\/media\/480"}],"wp:attachment":[{"href":"https:\/\/alispharmacy.com\/es\/wp-json\/wp\/v2\/media?parent=477"}],"wp:term":[{"taxonomy":"product_brand","embeddable":true,"href":"https:\/\/alispharmacy.com\/es\/wp-json\/wp\/v2\/product_brand?post=477"},{"taxonomy":"product_cat","embeddable":true,"href":"https:\/\/alispharmacy.com\/es\/wp-json\/wp\/v2\/product_cat?post=477"},{"taxonomy":"product_tag","embeddable":true,"href":"https:\/\/alispharmacy.com\/es\/wp-json\/wp\/v2\/product_tag?post=477"}],"curies":[{"name":"wp","href":"https:\/\/api.w.org\/{rel}","templated":true}]}}