{"id":516,"date":"2026-02-26T18:55:04","date_gmt":"2026-02-26T18:55:04","guid":{"rendered":"https:\/\/alispharmacy.com\/?post_type=product&#038;p=516"},"modified":"2026-02-28T14:33:27","modified_gmt":"2026-02-28T14:33:27","slug":"evitrol","status":"publish","type":"product","link":"https:\/\/alispharmacy.com\/es\/product\/evitrol\/","title":{"rendered":"Evitrol"},"content":{"rendered":"<div data-elementor-type=\"product-post\" data-elementor-id=\"516\" class=\"elementor elementor-516\" data-elementor-post-type=\"product\">\n\t\t\t\t<div class=\"elementor-element elementor-element-4bc046e7 e-flex e-con-boxed e-con e-parent\" data-id=\"4bc046e7\" data-element_type=\"container\" data-e-type=\"container\">\n\t\t\t\t\t<div class=\"e-con-inner\">\n\t\t\t\t<div class=\"elementor-element elementor-element-55cb11ed elementor-widget elementor-widget-text-editor\" data-id=\"55cb11ed\" data-element_type=\"widget\" data-e-type=\"widget\" data-widget_type=\"text-editor.default\">\n\t\t\t\t\t\t\t\t\t<h2 class=\"text-text-100 mt-3 -mb-1 text-[1.125rem] font-bold\">\u00bfQu\u00e9 es Evitrol?<\/h2><p class=\"font-claude-response-body break-words whitespace-normal leading-[1.7]\">Evitrol es una <strong>complemento alimenticio en c\u00e1psulas<\/strong> formulada para apoyar la <strong>gesti\u00f3n del peso<\/strong> de forma natural. Su f\u00f3rmula combina <strong>ingredientes de origen vegetal<\/strong> seleccionados por su funci\u00f3n de apoyo <strong>metabolismo<\/strong>, la regulaci\u00f3n de\u2019<strong>apetito<\/strong> y el mantenimiento de la\u2019<strong>energ\u00eda<\/strong> a diario. El producto es <strong>vegano, sin gluten y sin OMG<\/strong>, Sin aditivos artificiales ni estimulantes sint\u00e9ticos.<\/p><h2 class=\"text-text-100 mt-3 -mb-1 text-[1.125rem] font-bold\">\u00bfPara qui\u00e9n est\u00e1 dise\u00f1ado Evitrol?<\/h2><p class=\"font-claude-response-body break-words whitespace-normal leading-[1.7]\">Evitrol se dirige a <strong>adultos<\/strong> que sienten un <strong>metabolismo m\u00e1s lento<\/strong> y luchan por perder peso a pesar de sus mejores esfuerzos. Es adecuado para <strong>mujeres<\/strong> que <strong>hombres<\/strong> un apoyo natural para <strong>quemar grasa<\/strong>, reducir <strong>antojos<\/strong> o encontrar\u2019<strong>energ\u00eda<\/strong> sin estimulantes qu\u00edmicos. Sin embargo, no se recomienda para <strong>menores de 18 a\u00f1os<\/strong>, a <strong>mujeres embarazadas o en periodo de lactancia<\/strong>, o a personas menores de <strong>tratamiento m\u00e9dico<\/strong> sin consejo m\u00e9dico previo.<\/p><h2 class=\"text-text-100 mt-3 -mb-1 text-[1.125rem] font-bold\">Composici\u00f3n<\/h2><p class=\"font-claude-response-body break-words whitespace-normal leading-[1.7]\">La f\u00f3rmula de Evitrol se basa en cinco principios activos naturales que act\u00faan en sinergia: el <strong>berberina<\/strong> para el control gluc\u00e9mico\u2019<strong>extracto de t\u00e9 verde (EGCG)<\/strong> para la termog\u00e9nesis y la oxidaci\u00f3n de grasas, el <strong>picolinato de cromo<\/strong> para el metabolismo de los macronutrientes, la <strong>vinagre de manzana<\/strong> para la regulaci\u00f3n del apetito, y <strong>vitamina B12<\/strong> para reducir la fatiga y aumentar la energ\u00eda. No <strong>conservante qu\u00edmico<\/strong> o <strong>aditivo artificial<\/strong> no est\u00e1 incluido en la composici\u00f3n, lo que refleja el deseo de la marca de ofrecer una f\u00f3rmula pura y trazable.<\/p><table class=\"w-fit min-w-(--thread-content-width)\" data-start=\"700\" data-end=\"1475\"><thead data-start=\"700\" data-end=\"810\"><tr data-start=\"700\" data-end=\"810\"><th class=\"\" data-start=\"700\" data-end=\"728\" data-col-size=\"sm\">Ingrediente<\/th><th class=\"\" data-start=\"728\" data-end=\"810\" data-col-size=\"md\">Papel principal<\/th><\/tr><\/thead><tbody data-start=\"922\" data-end=\"1475\"><tr data-start=\"922\" data-end=\"1031\"><td data-start=\"922\" data-end=\"951\" data-col-size=\"sm\">Berberina<\/td><td data-col-size=\"md\" data-start=\"951\" data-end=\"1031\">Ayuda a regular los niveles de az\u00facar en sangre y favorece el metabolismo de los l\u00edpidos.<\/td><\/tr><tr data-start=\"1032\" data-end=\"1141\"><td data-start=\"1032\" data-end=\"1061\" data-col-size=\"sm\">T\u00e9 verde (EGCG)<\/td><td data-col-size=\"md\" data-start=\"1061\" data-end=\"1141\">Ayuda a quemar grasas y tiene un efecto antioxidante.<\/td><\/tr><tr data-start=\"1142\" data-end=\"1253\"><td data-start=\"1142\" data-end=\"1172\" data-col-size=\"sm\">Picolinato de cromo<\/td><td data-col-size=\"md\" data-start=\"1172\" data-end=\"1253\">Ayuda a reducir los antojos y a regular el apetito.<\/td><\/tr><tr data-start=\"1254\" data-end=\"1363\"><td data-start=\"1254\" data-end=\"1283\" data-col-size=\"sm\">Vitamina B12<\/td><td data-col-size=\"md\" data-start=\"1283\" data-end=\"1363\">Favorece la producci\u00f3n de energ\u00eda y el metabolismo celular.<\/td><\/tr><tr data-start=\"1364\" data-end=\"1475\"><td data-start=\"1364\" data-end=\"1398\" data-col-size=\"sm\">Extractos de plantas adapt\u00f3genas<\/td><td data-col-size=\"md\" data-start=\"1398\" data-end=\"1475\">Ayuda a reducir el estr\u00e9s y favorece la vitalidad general.<\/td><\/tr><\/tbody><\/table><h2 class=\"text-text-100 mt-3 -mb-1 text-[1.125rem] font-bold\">Indicaciones de uso<\/h2><p class=\"font-claude-response-body break-words whitespace-normal leading-[1.7]\">Evitrol est\u00e1 indicado como apoyo en el contexto de un <strong>programa de control de peso<\/strong> combinado con un <strong>dieta equilibrada<\/strong> y un <strong>actividad f\u00edsica regular<\/strong>. Est\u00e1 especialmente indicado para las personas que desean estimular un <strong>metabolismo m\u00e1s lento<\/strong>, limitando <strong>antojos<\/strong> entre comidas y estabilizar su <strong>az\u00facar en sangre<\/strong> a diario. No se trata de una <strong>medicamento adelgazante<\/strong> y no debe utilizarse como sustituto de la atenci\u00f3n m\u00e9dica en caso de patolog\u00eda demostrada.<\/p><h2 class=\"text-text-100 mt-3 -mb-1 text-[1.125rem] font-bold\">Dosificaci\u00f3n<\/h2><p class=\"font-claude-response-body break-words whitespace-normal leading-[1.7]\">Se recomienda tomar el <strong>dosis diaria<\/strong> indicado en el envase con una comida, preferiblemente en <strong>por la ma\u00f1ana o a mediod\u00eda<\/strong>, para un impulso de energ\u00eda durante las horas m\u00e1s ajetreadas. A <strong>curaci\u00f3n continua de al menos cuatro semanas<\/strong> se recomienda observar resultados concretos, sin sobrepasar nunca la dosis indicada.<\/p><h2 class=\"text-text-100 mt-3 -mb-1 text-[1.125rem] font-bold\">Posibles efectos secundarios<\/h2><p class=\"font-claude-response-body break-words whitespace-normal leading-[1.7]\">Los ingredientes de Evitrol son generalmente <strong>bien tolerado<\/strong>, pero algunas personas pueden sentir que tienen <strong>molestias digestivas leves<\/strong> para los primeros disparos. El <strong>berberina<\/strong> tambi\u00e9n puede interactuar con ciertos tratamientos farmacol\u00f3gicos, en particular los relacionados con <strong>diabetes<\/strong> o <strong>enfermedades cardiovasculares<\/strong>, que requiere un <strong>dictamen m\u00e9dico previo<\/strong> en estas situaciones.<\/p><h2 class=\"text-text-100 mt-3 -mb-1 text-[1.125rem] font-bold\">Beneficios esperados<\/h2><p data-start=\"5043\" data-end=\"5103\">Entre los beneficios que se espera obtener con el uso de Evitrol figuran :<\/p><ul data-start=\"5105\" data-end=\"5729\"><li data-start=\"5105\" data-end=\"5226\"><p data-start=\"5107\" data-end=\"5226\"><strong data-start=\"5107\" data-end=\"5133\">Apoyo metab\u00f3lico<\/strong> para ayudar a quemar calor\u00edas de forma m\u00e1s eficiente.<\/p><\/li><li data-start=\"5227\" data-end=\"5389\"><p data-start=\"5229\" data-end=\"5389\"><strong data-start=\"5229\" data-end=\"5259\">Ayuda para controlar el peso<\/strong>, especialmente cuando se combina con una dieta adecuada y actividad f\u00edsica.<\/p><\/li><li data-start=\"5390\" data-end=\"5555\"><p data-start=\"5392\" data-end=\"5555\"><strong data-start=\"5392\" data-end=\"5457\">Reducci\u00f3n de los antojos y mejora de la regulaci\u00f3n del apetito<\/strong>, Esto puede facilitar el cumplimiento de un plan de comidas.<\/p><\/li><li data-start=\"5556\" data-end=\"5729\"><p data-start=\"5558\" data-end=\"5729\"><strong data-start=\"5558\" data-end=\"5586\">Suministro natural de energ\u00eda<\/strong>, Es una forma estupenda de evitar los bajones de energ\u00eda sin recurrir a la cafe\u00edna u otros estimulantes artificiales.<\/p><\/li><\/ul><p class=\"font-claude-response-body break-words whitespace-normal leading-[1.7]\">Seg\u00fan datos recopilados por la marca, <strong>92 usuarios de %<\/strong> han observado un <strong>p\u00e9rdida de peso visible<\/strong> en menos de 4 semanas, <strong>94 %<\/strong> sinti\u00f3 un <strong>energ\u00eda renovada<\/strong> de las 2 primeras semanas, y <strong>89 %<\/strong> observ\u00f3 un <strong>Reducci\u00f3n de la ansiedad por picar algo.<\/strong> en 3 semanas. Estos resultados deben considerarse meramente orientativos, ya que los efectos pueden variar de una persona a otra en funci\u00f3n del estilo de vida y de la regularidad con que se tome el producto.<\/p><h2 class=\"text-text-100 mt-3 -mb-1 text-[1.125rem] font-bold\">Evitrol VS otras soluciones<\/h2><p class=\"font-claude-response-body break-words whitespace-normal leading-[1.7]\">Mientras que muchos suplementos de la competencia se basan en <strong>potentes estimulantes<\/strong> como altas dosis de cafe\u00edna, Evitrol ha optado por <strong>activos blandos<\/strong> que act\u00faan sin provocar nerviosismo ni rebote cuando se interrumpe el tratamiento. Su f\u00f3rmula <strong>vegano y sin gluten<\/strong> hace que sea m\u00e1s accesible que la media, y su <strong>Garant\u00eda de devoluci\u00f3n de 30 d\u00edas<\/strong> le permite probarlo sin ning\u00fan riesgo financiero.<\/p><h2 class=\"text-text-100 mt-3 -mb-1 text-[1.125rem] font-bold\">Precios y promociones<\/h2><p class=\"font-claude-response-body break-words whitespace-normal leading-[1.7]\">Evitrol est\u00e1 disponible en su p\u00e1gina web oficial con un descuento publicado regularmente, y se beneficia de la <strong>entrega gratuita<\/strong>. Para maximizar el ahorro y garantizar una cura completa sin interrupciones, el <strong>ofertas multifrasco<\/strong> son los m\u00e1s ventajosos por unidad.<br \/>1 caja equivale a un suministro para 1 mes.<\/p><p data-start=\"607\" data-end=\"691\">Benef\u00edciese de <strong data-start=\"631\" data-end=\"660\">hasta 47 % de descuento<\/strong> \u00a1en sus botellas Evitrol!<\/p><ul data-start=\"693\" data-end=\"884\"><li data-start=\"693\" data-end=\"756\"><p data-start=\"695\" data-end=\"756\">1 caja : <del data-start=\"709\" data-end=\"719\">79,95\u20ac<\/del> \u2192 49,95\u20ac (<strong data-start=\"730\" data-end=\"753\">37,5 Reducci\u00f3n %<\/strong>)<\/p><\/li><li data-start=\"757\" data-end=\"819\"><p data-start=\"759\" data-end=\"819\">2 cajas : <del data-start=\"774\" data-end=\"784\">79,95\u20ac<\/del> \u2192 39,97\u20ac (<strong data-start=\"795\" data-end=\"816\">50 Reducci\u00f3n %<\/strong>)<\/p><\/li><li data-start=\"820\" data-end=\"884\"><p data-start=\"822\" data-end=\"884\">3 cajas : <del data-start=\"837\" data-end=\"847\">79,95\u20ac<\/del> \u2192 36,65\u20ac (<strong data-start=\"858\" data-end=\"881\">47,6 Reducci\u00f3n %<\/strong>)<\/p><\/li><\/ul><h2 class=\"text-text-100 mt-3 -mb-1 text-[1.125rem] font-bold\">Comentarios de los clientes<\/h2><p class=\"font-claude-response-body break-words whitespace-normal leading-[1.7]\">En general, los comentarios han sido positivos, sobre todo en lo que se refiere al <strong>energ\u00eda renovada<\/strong> y el <strong>reducci\u00f3n de los antojos<\/strong> al cabo de unas semanas. Algunos usuarios se\u00f1alan que los resultados sobre el peso siguen siendo modestos sin <strong>esfuerzos diet\u00e9ticos complementarios<\/strong>, Esto es coherente con el posicionamiento del producto como apoyo y no como soluci\u00f3n milagrosa.<\/p><ul><li><strong>Max \u2b50 \u00bb<\/strong>Despu\u00e9s de todos estos a\u00f1os, Evitrol por fin me ha dado la impresi\u00f3n de que estoy progresando de verdad. Llevo tomando este suplemento algo m\u00e1s de un mes y \u00a1me encanta! He probado tantos suplementos antes sin resultados. \u00a1Este s\u00ed que funciona!<strong><strong>\u00ab\u00a0<\/strong><\/strong><p>\u00a0<\/p><\/li><li><strong>Lisa \u2b50<\/strong><strong>\u00ab\u00a0<\/strong>Gracias a Evitrol, he perdido 5 kilos en s\u00f3lo un mes. Me siento llena de energ\u00eda y segura de m\u00ed misma.<strong>\u00ab\u00a0<\/strong><\/li><\/ul><h2 class=\"text-text-100 mt-3 -mb-1 text-[1.125rem] font-bold\">FAQ \/ Preguntas m\u00e1s frecuentes<\/h2><p class=\"font-claude-response-body break-words whitespace-normal leading-[1.7]\"><strong>\u2753 \u00bfCu\u00e1nto tardar\u00e9 en ver resultados?<\/strong><br \/>Los efectos sobre la energ\u00eda pueden aparecer ya en la <strong>primeros d\u00edas<\/strong>, Los resultados sobre el peso se observan generalmente despu\u00e9s de <strong>varias semanas<\/strong> ingesta regular combinada con un estilo de vida saludable.<\/p><p class=\"font-claude-response-body break-words whitespace-normal leading-[1.7]\"><strong>\u00bfTiene efectos secundarios?<\/strong><br \/>En <strong>molestias digestivas leves<\/strong> son posibles, especialmente al inicio del tratamiento. En caso de <strong>tratamiento m\u00e9dico actual<\/strong>, Consulte a su m\u00e9dico antes de empezar.<\/p><p class=\"font-claude-response-body break-words whitespace-normal leading-[1.7]\"><strong>\u2753\u00bfPuede tomarse con otros medicamentos?<\/strong><br \/>A <strong>se recomienda encarecidamente el asesoramiento m\u00e9dico<\/strong>, especialmente para tratamientos relacionados con <strong>diabetes<\/strong> o <strong>enfermedades cardiovasculares<\/strong>.<\/p><p class=\"font-claude-response-body break-words whitespace-normal leading-[1.7]\"><strong>\u2753\u00bfEs Evitrol seguro a largo plazo?<\/strong><br \/>Su f\u00f3rmula <strong>100 % natural<\/strong> est\u00e1 dise\u00f1ado para <strong>uso prolongado<\/strong> de acuerdo con la posolog\u00eda. Para un cuidado personalizado, consulte a un <strong>profesional sanitario<\/strong>.<\/p>\t\t\t\t\t\t\t\t<\/div>\n\t\t\t\t<div class=\"elementor-element elementor-element-1a21fea elementor-arrows-yes elementor-pagination-type-bullets elementor-review--has-separator elementor--star-style-star_fontawesome elementor-widget elementor-widget-reviews\" data-id=\"1a21fea\" data-element_type=\"widget\" data-e-type=\"widget\" data-settings=\"{&quot;slides_per_view&quot;:&quot;3&quot;,&quot;slides_to_scroll&quot;:&quot;1&quot;,&quot;show_arrows&quot;:&quot;yes&quot;,&quot;pagination&quot;:&quot;bullets&quot;,&quot;speed&quot;:500,&quot;autoplay&quot;:&quot;yes&quot;,&quot;autoplay_speed&quot;:5000,&quot;loop&quot;:&quot;yes&quot;,&quot;pause_on_hover&quot;:&quot;yes&quot;,&quot;pause_on_interaction&quot;:&quot;yes&quot;,&quot;space_between&quot;:{&quot;unit&quot;:&quot;px&quot;,&quot;size&quot;:10,&quot;sizes&quot;:[]},&quot;space_between_tablet&quot;:{&quot;unit&quot;:&quot;px&quot;,&quot;size&quot;:10,&quot;sizes&quot;:[]},&quot;space_between_mobile&quot;:{&quot;unit&quot;:&quot;px&quot;,&quot;size&quot;:10,&quot;sizes&quot;:[]}}\" data-widget_type=\"reviews.default\">\n\t\t\t\t\t\t\t\t\t\t<div class=\"elementor-main-swiper swiper\" role=\"region\" aria-roledescription=\"carousel\" aria-label=\"Diapositivas\">\n\t\t\t\t<div class=\"swiper-wrapper\">\n\t\t\t\t\t\t\t\t\t\t\t<div class=\"swiper-slide\" role=\"group\" aria-roledescription=\"slide\">\n\t\t\t\t\t\t\t\t\t<div class=\"elementor-testimonial elementor-repeater-item-dfff9b0\">\n\t\t\t\t\t\t\t<div class=\"elementor-testimonial__header\">\n\t\t\t\t\t\t\t\t\t\t\t<div class=\"elementor-testimonial__image\">\n\t\t\t\t\t\t\t<img decoding=\"async\" src=\"https:\/\/alispharmacy.com\/wp-content\/uploads\/2026\/02\/Laura.webp\" alt=\"Laura\">\n\t\t\t\t\t\t\t\t\t\t\t\t\t<\/div>\n\t\t\t\t\t\t\t\t\t\t<cite class=\"elementor-testimonial__cite\"><span class=\"elementor-testimonial__name\">Laura<\/span><div class=\"elementor-star-rating\"><i class=\"elementor-star-full\">\ue934<\/i><i class=\"elementor-star-full\">\ue934<\/i><i class=\"elementor-star-full\">\ue934<\/i><i class=\"elementor-star-full\">\ue934<\/i><i class=\"elementor-star-full\">\ue934<\/i><\/div><\/cite>\t\t\t\t\t<div class=\"elementor-testimonial__icon elementor-icon elementor-icon-\" aria-label=\"Seguir leyendo\"><\/div>\t\t\t\t<\/div>\n\t\t\t\t\t\t\t\t\t\t<div class=\"elementor-testimonial__content\">\n\t\t\t\t\t<div class=\"elementor-testimonial__text\">\n\t\t\t\t\t\tMe encanta la sensaci\u00f3n natural de Evitrol. \u00a1He perdido 7 kilos sin ning\u00fan efecto secundario!\t\t\t\t\t<\/div>\n\t\t\t\t<\/div>\n\t\t\t\t\t<\/div>\n\t\t\t\t\t\t\t\t<\/div>\n\t\t\t\t\t\t\t\t\t\t\t<div class=\"swiper-slide\" role=\"group\" aria-roledescription=\"slide\">\n\t\t\t\t\t\t\t\t\t<div class=\"elementor-testimonial elementor-repeater-item-cab4446\">\n\t\t\t\t\t\t\t<div class=\"elementor-testimonial__header\">\n\t\t\t\t\t\t\t\t\t\t\t<div class=\"elementor-testimonial__image\">\n\t\t\t\t\t\t\t<img decoding=\"async\" src=\"https:\/\/alispharmacy.com\/wp-content\/uploads\/2026\/02\/Max.webp\" alt=\"Max\">\n\t\t\t\t\t\t\t\t\t\t\t\t\t<\/div>\n\t\t\t\t\t\t\t\t\t\t<cite class=\"elementor-testimonial__cite\"><span class=\"elementor-testimonial__name\">Max<\/span><div class=\"elementor-star-rating\"><i class=\"elementor-star-full\">\ue934<\/i><i class=\"elementor-star-full\">\ue934<\/i><i class=\"elementor-star-full\">\ue934<\/i><i class=\"elementor-star-full\">\ue934<\/i><i class=\"elementor-star-full\">\ue934<\/i><\/div><\/cite>\t\t\t\t\t<div class=\"elementor-testimonial__icon elementor-icon elementor-icon-\" aria-label=\"Seguir leyendo\"><\/div>\t\t\t\t<\/div>\n\t\t\t\t\t\t\t\t\t\t<div class=\"elementor-testimonial__content\">\n\t\t\t\t\t<div class=\"elementor-testimonial__text\">\n\t\t\t\t\t\tDespu\u00e9s de todos estos a\u00f1os, Evitrol por fin me ha dado la impresi\u00f3n de que estoy progresando de verdad. Llevo tomando este suplemento algo m\u00e1s de un mes y \u00a1me encanta! He probado tantos suplementos antes sin resultados. \u00a1Este s\u00ed que funciona!\t\t\t\t\t<\/div>\n\t\t\t\t<\/div>\n\t\t\t\t\t<\/div>\n\t\t\t\t\t\t\t\t<\/div>\n\t\t\t\t\t\t\t\t\t\t\t<div class=\"swiper-slide\" role=\"group\" aria-roledescription=\"slide\">\n\t\t\t\t\t\t\t\t\t<div class=\"elementor-testimonial elementor-repeater-item-4e7958c\">\n\t\t\t\t\t\t\t<div class=\"elementor-testimonial__header\">\n\t\t\t\t\t\t\t\t\t\t\t<div class=\"elementor-testimonial__image\">\n\t\t\t\t\t\t\t<img decoding=\"async\" src=\"https:\/\/alispharmacy.com\/wp-content\/uploads\/2026\/02\/Lisa.webp\" alt=\"Lisa\">\n\t\t\t\t\t\t\t\t\t\t\t\t\t<\/div>\n\t\t\t\t\t\t\t\t\t\t<cite class=\"elementor-testimonial__cite\"><span class=\"elementor-testimonial__name\">Lisa<\/span><div class=\"elementor-star-rating\"><i class=\"elementor-star-full\">\ue934<\/i><i class=\"elementor-star-full\">\ue934<\/i><i class=\"elementor-star-full\">\ue934<\/i><i class=\"elementor-star-full\">\ue934<\/i><i class=\"elementor-star-full\">\ue934<\/i><\/div><\/cite>\t\t\t\t\t<div class=\"elementor-testimonial__icon elementor-icon elementor-icon-\" aria-label=\"Seguir leyendo\"><\/div>\t\t\t\t<\/div>\n\t\t\t\t\t\t\t\t\t\t<div class=\"elementor-testimonial__content\">\n\t\t\t\t\t<div class=\"elementor-testimonial__text\">\n\t\t\t\t\t\tGracias a Evitrol, he perdido 5 kilos en s\u00f3lo un mes. Me siento llena de energ\u00eda y segura de m\u00ed misma.\t\t\t\t\t<\/div>\n\t\t\t\t<\/div>\n\t\t\t\t\t<\/div>\n\t\t\t\t\t\t\t\t<\/div>\n\t\t\t\t\t\t\t\t\t<\/div>\n\t\t\t\t\t\t\t\t\t\t\t\t\t\t\t<div class=\"elementor-swiper-button elementor-swiper-button-prev\" role=\"button\" tabindex=\"0\" aria-label=\"Anterior\">\n\t\t\t\t\t\t\t<svg aria-hidden=\"true\" class=\"e-font-icon-svg e-eicon-chevron-left\" viewbox=\"0 0 1000 1000\" xmlns=\"http:\/\/www.w3.org\/2000\/svg\"><path d=\"M646 125C629 125 613 133 604 142L308 442C296 454 292 471 292 487 292 504 296 521 308 533L604 854C617 867 629 875 646 875 663 875 679 871 692 858 704 846 713 829 713 812 713 796 708 779 692 767L438 487 692 225C700 217 708 204 708 187 708 171 704 154 692 142 675 129 663 125 646 125Z\"><\/path><\/svg>\t\t\t\t\t\t<\/div>\n\t\t\t\t\t\t<div class=\"elementor-swiper-button elementor-swiper-button-next\" role=\"button\" tabindex=\"0\" aria-label=\"Siguiente\">\n\t\t\t\t\t\t\t<svg aria-hidden=\"true\" class=\"e-font-icon-svg e-eicon-chevron-right\" viewbox=\"0 0 1000 1000\" xmlns=\"http:\/\/www.w3.org\/2000\/svg\"><path d=\"M696 533C708 521 713 504 713 487 713 471 708 454 696 446L400 146C388 133 375 125 354 125 338 125 325 129 313 142 300 154 292 171 292 187 292 204 296 221 308 233L563 492 304 771C292 783 288 800 288 817 288 833 296 850 308 863 321 871 338 875 354 875 371 875 388 867 400 854L696 533Z\"><\/path><\/svg>\t\t\t\t\t\t<\/div>\n\t\t\t\t\t\t\t\t\t\t\t\t\t\t\t\t<div class=\"swiper-pagination\"><\/div>\n\t\t\t\t\t\t\t\t\t\t\t\t<\/div>\n\t\t\t\t\t\t\t\t<\/div>\n\t\t\t\t\t<\/div>\n\t\t\t\t<\/div>\n\t\t\t\t<\/div>","protected":false},"excerpt":{"rendered":"<p class=\"font-claude-response-body break-words whitespace-normal leading-[1.7]\">Evitrol es una <strong>complemento alimenticio 100 % natural<\/strong> dise\u00f1ado para apoyar su <strong>p\u00e9rdida de peso<\/strong> sin estimulantes qu\u00edmicos ni aditivos artificiales. Vegano, sin gluten y sin OGM, es f\u00e1cil de incorporar a tu rutina para <strong>acelera tu metabolismo<\/strong> y frenar los antojos.<\/p>\n<p data-start=\"135\" data-end=\"200\">\u2705 Metabolismo y quema de grasas estimulados de forma natural<\/p>\n<p data-start=\"202\" data-end=\"254\">\u2705 Reduce los antojos y el apetito excesivo<\/p>\n<p data-start=\"256\" data-end=\"306\">\u2705 Energ\u00eda duradera sin nerviosismo ni efecto rebote.<\/p>\n<p data-start=\"308\" data-end=\"377\">\u2705 F\u00f3rmula vegana, sin gluten, sin OGM y sin aditivos artificiales.<\/p>\n<p data-start=\"308\" data-end=\"377\"><strong>\ud83c\udff7\ufe0f \u00a1Aprovecha ahora un descuento 47%!<\/strong><\/p>","protected":false},"featured_media":517,"template":"","meta":[],"product_brand":[],"product_cat":[17,19],"product_tag":[],"class_list":{"0":"post-516","1":"product","2":"type-product","3":"status-publish","4":"has-post-thumbnail","6":"product_cat-sante","7":"product_cat-perte-de-poids","9":"first","10":"instock","11":"sale","12":"shipping-taxable","13":"product-type-external"},"_links":{"self":[{"href":"https:\/\/alispharmacy.com\/es\/wp-json\/wp\/v2\/product\/516","targetHints":{"allow":["GET"]}}],"collection":[{"href":"https:\/\/alispharmacy.com\/es\/wp-json\/wp\/v2\/product"}],"about":[{"href":"https:\/\/alispharmacy.com\/es\/wp-json\/wp\/v2\/types\/product"}],"version-history":[{"count":20,"href":"https:\/\/alispharmacy.com\/es\/wp-json\/wp\/v2\/product\/516\/revisions"}],"predecessor-version":[{"id":543,"href":"https:\/\/alispharmacy.com\/es\/wp-json\/wp\/v2\/product\/516\/revisions\/543"}],"wp:featuredmedia":[{"embeddable":true,"href":"https:\/\/alispharmacy.com\/es\/wp-json\/wp\/v2\/media\/517"}],"wp:attachment":[{"href":"https:\/\/alispharmacy.com\/es\/wp-json\/wp\/v2\/media?parent=516"}],"wp:term":[{"taxonomy":"product_brand","embeddable":true,"href":"https:\/\/alispharmacy.com\/es\/wp-json\/wp\/v2\/product_brand?post=516"},{"taxonomy":"product_cat","embeddable":true,"href":"https:\/\/alispharmacy.com\/es\/wp-json\/wp\/v2\/product_cat?post=516"},{"taxonomy":"product_tag","embeddable":true,"href":"https:\/\/alispharmacy.com\/es\/wp-json\/wp\/v2\/product_tag?post=516"}],"curies":[{"name":"wp","href":"https:\/\/api.w.org\/{rel}","templated":true}]}}