{"id":636,"date":"2026-04-05T13:49:22","date_gmt":"2026-04-05T13:49:22","guid":{"rendered":"https:\/\/alispharmacy.com\/?post_type=product&#038;p=636"},"modified":"2026-04-05T13:50:14","modified_gmt":"2026-04-05T13:50:14","slug":"naori","status":"publish","type":"product","link":"https:\/\/alispharmacy.com\/es\/product\/naori\/","title":{"rendered":"Naori"},"content":{"rendered":"<div data-elementor-type=\"product-post\" data-elementor-id=\"636\" class=\"elementor elementor-636\" data-elementor-post-type=\"product\">\n\t\t\t\t<div class=\"elementor-element elementor-element-3102b667 e-flex e-con-boxed e-con e-parent\" data-id=\"3102b667\" data-element_type=\"container\" data-e-type=\"container\">\n\t\t\t\t\t<div class=\"e-con-inner\">\n\t\t\t\t<div class=\"elementor-element elementor-element-aeaa5df elementor-widget elementor-widget-text-editor\" data-id=\"aeaa5df\" data-element_type=\"widget\" data-e-type=\"widget\" data-widget_type=\"text-editor.default\">\n\t\t\t\t\t\t\t\t\t<h2 class=\"text-text-100 mt-3 -mb-1 text-[1.125rem] font-bold\">\u00bfQu\u00e9 es la simbi\u00f3tica Naori?<\/h2><p class=\"font-claude-response-body break-words whitespace-normal leading-[1.7]\">Naori es un complemento alimenticio simbi\u00f3tico de nueva generaci\u00f3n dise\u00f1ado para reequilibrar el microbioma intestinal y favorecer el control natural del peso. A diferencia de los probi\u00f3ticos tradicionales, que tienen una sola acci\u00f3n, Naori se basa en una f\u00f3rmula \u00fanica de triple acci\u00f3n: probi\u00f3ticos altamente concentrados, fibras prebi\u00f3ticas y enzimas digestivas. Esta sinergia permite actuar simult\u00e1neamente sobre la flora intestinal, la digesti\u00f3n y el metabolismo. Naori se basa en estudios cl\u00ednicos publicados y est\u00e1 formulado sin efectos secundarios conocidos, para un uso diario sencillo y eficaz.<\/p><h2 class=\"text-text-100 mt-3 -mb-1 text-[1.125rem] font-bold\">\u00bfPara qui\u00e9n es Naori?<\/h2><p class=\"font-claude-response-body break-words whitespace-normal leading-[1.7]\">Naori ha sido concebido para todas las personas que se sienten traicionadas por su cuerpo a pesar de sus esfuerzos, especialmente las mujeres de m\u00e1s de 40 a\u00f1os cuyo metabolismo se ha ralentizado con el paso de los a\u00f1os, debido a los antibi\u00f3ticos, el estr\u00e9s o las fluctuaciones hormonales. Este complemento est\u00e1 especialmente indicado para los siguientes perfiles:<\/p><ul class=\"[li_&]:mb-0 [li_&]:mt-1 [li_&]:gap-1 [&:not(:last-child)_ul]:pb-1 [&:not(:last-child)_ol]:pb-1 list-disc flex flex-col gap-1 pl-8 mb-3\"><li class=\"whitespace-normal break-words pl-2\">Personas que hacen dieta tras dieta sin resultados duraderos y sufren el efecto yo-yo.<br \/><br \/><\/li><li class=\"whitespace-normal break-words pl-2\">Quienes sufren hinchaz\u00f3n cr\u00f3nica, digesti\u00f3n dif\u00edcil o fatiga persistente.<br \/><br \/><\/li><li class=\"whitespace-normal break-words pl-2\">Personas que buscan una alternativa natural a soluciones m\u00e9dicas caras o restrictivas.<br \/><br \/><\/li><li class=\"whitespace-normal break-words pl-2\">Cualquier persona que desee cuidar su salud intestinal en general, m\u00e1s all\u00e1 de simplemente adelgazar.<br \/><br \/><\/li><\/ul><p class=\"font-claude-response-body break-words whitespace-normal leading-[1.7]\">Naori no es un quemador de grasa ni un supresor del apetito. Es una soluci\u00f3n en profundidad que ataca la verdadera causa del aumento de peso: un microbioma desequilibrado.<\/p><h2 class=\"text-text-100 mt-3 -mb-1 text-[1.125rem] font-bold\">Composici\u00f3n e ingredientes<\/h2><p class=\"font-claude-response-body break-words whitespace-normal leading-[1.7]\">La f\u00f3rmula de Naori se basa en tres familias de principios activos complementarios, cuidadosamente dosificados para maximizar su eficacia y tolerancia digestiva.<\/p><table class=\"min-w-full border-collapse text-sm leading-[1.7] whitespace-normal\"><thead class=\"text-left\"><tr><th class=\"text-text-100 border-b-0.5 border-border-300\/60 py-2 pr-4 align-top font-bold\" scope=\"col\">Activos<\/th><th class=\"text-text-100 border-b-0.5 border-border-300\/60 py-2 pr-4 align-top font-bold\" scope=\"col\">Qu\u00e9 es<\/th><th class=\"text-text-100 border-b-0.5 border-border-300\/60 py-2 pr-4 align-top font-bold\" scope=\"col\">Papel principal<\/th><\/tr><\/thead><tbody><tr><td class=\"border-b-0.5 border-border-300\/30 py-2 pr-4 align-top\">Probi\u00f3ticos (30 cepas)<\/td><td class=\"border-b-0.5 border-border-300\/30 py-2 pr-4 align-top\">Bacterias vivas buenas<\/td><td class=\"border-b-0.5 border-border-300\/30 py-2 pr-4 align-top\">Reequilibra la flora intestinal y estimula el metabolismo<\/td><\/tr><tr><td class=\"border-b-0.5 border-border-300\/30 py-2 pr-4 align-top\">Fibras prebi\u00f3ticas<\/td><td class=\"border-b-0.5 border-border-300\/30 py-2 pr-4 align-top\">Nutrientes para probi\u00f3ticos<\/td><td class=\"border-b-0.5 border-border-300\/30 py-2 pr-4 align-top\">Mantener vivas y activas las bacterias buenas<\/td><\/tr><tr><td class=\"border-b-0.5 border-border-300\/30 py-2 pr-4 align-top\">13 enzimas digestivas<\/td><td class=\"border-b-0.5 border-border-300\/30 py-2 pr-4 align-top\">Enzimas naturales<\/td><td class=\"border-b-0.5 border-border-300\/30 py-2 pr-4 align-top\">Mejor digesti\u00f3n de grasas, hidratos de carbono y prote\u00ednas<\/td><\/tr><\/tbody><\/table><p class=\"font-claude-response-body break-words whitespace-normal leading-[1.7]\">Las 30 cepas de probi\u00f3ticos inundan literalmente el intestino de bacterias buenas capaces de desalojar a las cepas nocivas que ralentizan el metabolismo. Las fibras prebi\u00f3ticas act\u00faan como fertilizantes: sin ellas, los probi\u00f3ticos no sobreviven lo suficiente para actuar. Por \u00faltimo, las 13 enzimas digestivas intervienen en las primeras etapas de la digesti\u00f3n para evitar que los nutrientes no absorbidos fermenten y se conviertan en grasa almacenada.<\/p><h2 class=\"text-text-100 mt-3 -mb-1 text-[1.125rem] font-bold\">Efectos y beneficios del Naori<\/h2><p class=\"font-claude-response-body break-words whitespace-normal leading-[1.7]\">Naori act\u00faa simult\u00e1neamente sobre varias dimensiones de la salud, lo que lo diferencia de las soluciones de acci\u00f3n \u00fanica. Los estudios cl\u00ednicos realizados sobre sus ingredientes muestran resultados mensurables y progresivos. He aqu\u00ed los principales beneficios documentados:<\/p><ul class=\"[li_&]:mb-0 [li_&]:mt-1 [li_&]:gap-1 [&:not(:last-child)_ul]:pb-1 [&:not(:last-child)_ol]:pb-1 list-disc flex flex-col gap-1 pl-8 mb-3\"><li class=\"whitespace-normal break-words pl-2\"><strong>95 %<\/strong> repoblaci\u00f3n con bacterias intestinales buenas desde las primeras semanas.<br \/><br \/><\/li><li class=\"whitespace-normal break-words pl-2\"><strong>82 %<\/strong> menos hinchaz\u00f3n, sin necesidad de aflojarse el cintur\u00f3n despu\u00e9s de las comidas.<br \/><br \/><\/li><li class=\"whitespace-normal break-words pl-2\"><strong>74 %<\/strong> mejora la absorci\u00f3n de nutrientes, convirtiendo los alimentos en energ\u00eda en lugar de grasa.<br \/><br \/><\/li><li class=\"whitespace-normal break-words pl-2\"><strong>60 %<\/strong> Menos problemas digestivos: se reducen significativamente los retortijones, los gases y las molestias.<br \/><br \/><\/li><li class=\"whitespace-normal break-words pl-2\">Una p\u00e9rdida de peso media de 5 kg al mes en comparaci\u00f3n con un grupo de control sin restricci\u00f3n cal\u00f3rica.<br \/><br \/><\/li><\/ul><p class=\"font-claude-response-body break-words whitespace-normal leading-[1.7]\">Adem\u00e1s del peso, muchos usuarios informan de una mejora de la calidad del sue\u00f1o, un cutis m\u00e1s claro, un estado de \u00e1nimo m\u00e1s estable y una notable mejora de los niveles de energ\u00eda.<\/p><h2 class=\"text-text-100 mt-3 -mb-1 text-[1.125rem] font-bold\">Posibles efectos secundarios<\/h2><p class=\"font-claude-response-body break-words whitespace-normal leading-[1.7]\">Se considera que el Naori se tolera muy bien. No se han observado efectos secundarios graves en los estudios sobre sus ingredientes. Al inicio de un tratamiento, algunas personas pueden experimentar una ligera transici\u00f3n digestiva (gases, molestias temporales) durante los primeros d\u00edas, mientras el microbioma se reequilibra. Este fen\u00f3meno es normal y transitorio. La f\u00f3rmula es natural, sin aditivos artificiales ni estimulantes.<\/p><h2 class=\"text-text-100 mt-3 -mb-1 text-[1.125rem] font-bold\">Posolog\u00eda y utilizaci\u00f3n<\/h2><p class=\"font-claude-response-body break-words whitespace-normal leading-[1.7]\">Naori es f\u00e1cil de usar y se adapta sin esfuerzo a su rutina diaria. Se recomienda tomar 2 c\u00e1psulas por la ma\u00f1ana, preferiblemente antes o durante el desayuno, con un gran vaso de agua. Se recomienda un tratamiento m\u00ednimo de 90 d\u00edas para obtener resultados duraderos, ya que el reequilibrio del microbioma es un proceso gradual. Naori puede tomarse a largo plazo sin adicci\u00f3n.<\/p><h2 class=\"text-text-100 mt-3 -mb-1 text-[1.125rem] font-bold\">Contraindicaciones y precauciones<\/h2><p class=\"font-claude-response-body break-words whitespace-normal leading-[1.7]\">Naori no est\u00e1 recomendado para mujeres embarazadas o en per\u00edodo de lactancia sin previo aviso m\u00e9dico. Las personas sometidas a tratamiento m\u00e9dico o que padezcan una patolog\u00eda digestiva diagnosticada deben consultar a su m\u00e9dico antes de iniciar un tratamiento. Este suplemento no pretende sustituir un tratamiento prescrito. Mantener fuera del alcance de los ni\u00f1os. Mantener alejado del calor y la humedad.<\/p><h2 class=\"text-text-100 mt-3 -mb-1 text-[1.125rem] font-bold\">Opiniones y testimonios<\/h2><p class=\"font-claude-response-body break-words whitespace-normal leading-[1.7]\">Las opiniones de los clientes de Naori son un\u00e1nimes: la f\u00f3rmula funciona en profundidad all\u00ed donde las dietas por s\u00ed solas han fracasado. He aqu\u00ed algunos testimonios aut\u00e9nticos de las m\u00e1s de 9.800 opiniones recogidas (puntuaci\u00f3n media: 9,2\/10):<\/p><blockquote class=\"ml-2 border-l-4 border-border-300\/10 pl-4 text-text-300\"><p class=\"font-claude-response-body break-words whitespace-normal leading-[1.7]\"><em>\u00abTengo 52 a\u00f1os y, sinceramente, pensaba que mi metabolismo se hab\u00eda acabado para siempre. Desde Naori, he perdido <strong>11 kg<\/strong> en 10 semanas. Los retortijones de hambre de las tardes simplemente han desaparecido\u00bb.\u00bb<\/em> -\u00a0<strong>Emma S., 52 a\u00f1os<\/strong><\/p><\/blockquote><blockquote class=\"ml-2 border-l-4 border-border-300\/10 pl-4 text-text-300\"><p class=\"font-claude-response-body break-words whitespace-normal leading-[1.7]\"><em>\u00abProb\u00e9 de todo: ceto, Weight Watchers, comidas caras a domicilio. Nada funcionaba. Naori fue mi \u00faltimo intento. En cuatro semanas, mis vaqueros me vuelven a quedar bien y la hinchaz\u00f3n ha desaparecido por completo. He perdido <strong>8 kg<\/strong> sin privarme.\u00bb<\/em> -\u00a0<strong>Jennifer K., 47 a\u00f1os<\/strong><\/p><\/blockquote><blockquote class=\"ml-2 border-l-4 border-border-300\/10 pl-4 text-text-300\"><p class=\"font-claude-response-body break-words whitespace-normal leading-[1.7]\"><em>\u00abMe lo recomend\u00f3 un colega y yo era esc\u00e9ptico. Pero <strong>9 kg<\/strong> en 8 semanas sin sentirme privado de nada. Tengo la piel m\u00e1s clara y he recuperado la energ\u00eda.\u00bb<\/em> -\u00a0<strong>Sophie M., 49 a\u00f1os<\/strong><\/p><\/blockquote><h2 class=\"text-text-100 mt-3 -mb-1 text-[1.125rem] font-bold\">Compra: Precios y descuentos<\/h2><p class=\"font-claude-response-body break-words whitespace-normal leading-[1.7]\">Naori est\u00e1 disponible en <strong>41,9\u20ac por botella<\/strong> como parte del paquete m\u00e1s ventajoso. Actualmente hay ofertas promocionales disponibles. Env\u00edo gratuito y garant\u00eda de devoluci\u00f3n del dinero en 90 d\u00edas. Estas son las ofertas disponibles actualmente:<\/p><table class=\"min-w-full border-collapse text-sm leading-[1.7] whitespace-normal\"><thead class=\"text-left\"><tr><th class=\"text-text-100 border-b-0.5 border-border-300\/60 py-2 pr-4 align-top font-bold\" scope=\"col\">Paquete<\/th><th class=\"text-text-100 border-b-0.5 border-border-300\/60 py-2 pr-4 align-top font-bold\" scope=\"col\">Precio unitario<\/th><th class=\"text-text-100 border-b-0.5 border-border-300\/60 py-2 pr-4 align-top font-bold\" scope=\"col\">Precio reducido<\/th><th class=\"text-text-100 border-b-0.5 border-border-300\/60 py-2 pr-4 align-top font-bold\" scope=\"col\">Descuento<\/th><\/tr><\/thead><tbody><tr><td class=\"border-b-0.5 border-border-300\/30 py-2 pr-4 align-top\">1 caja - 30 d\u00edas<\/td><td class=\"border-b-0.5 border-border-300\/30 py-2 pr-4 align-top\"><del>81,90 \u20ac<\/del><\/td><td class=\"border-b-0.5 border-border-300\/30 py-2 pr-4 align-top\"><strong>41,90 \u20ac<\/strong><\/td><td class=\"border-b-0.5 border-border-300\/30 py-2 pr-4 align-top\">-49 %<\/td><\/tr><tr><td class=\"border-b-0.5 border-border-300\/30 py-2 pr-4 align-top\">3 cajas - 90 d\u00edas<\/td><td class=\"border-b-0.5 border-border-300\/30 py-2 pr-4 align-top\"><del>81,90 \u20ac<\/del><\/td><td class=\"border-b-0.5 border-border-300\/30 py-2 pr-4 align-top\"><strong>30,00 \u20ac<\/strong> \/ caja<\/td><td class=\"border-b-0.5 border-border-300\/30 py-2 pr-4 align-top\">-63 %<\/td><\/tr><tr><td class=\"border-b-0.5 border-border-300\/30 py-2 pr-4 align-top\">6 cajas - 180 d\u00edas<\/td><td class=\"border-b-0.5 border-border-300\/30 py-2 pr-4 align-top\"><del>81,90 \u20ac<\/del><\/td><td class=\"border-b-0.5 border-border-300\/30 py-2 pr-4 align-top\"><strong>22,90 \u20ac<\/strong> \/ caja<\/td><td class=\"border-b-0.5 border-border-300\/30 py-2 pr-4 align-top\">-72 %<\/td><\/tr><\/tbody><\/table><p class=\"font-claude-response-body break-words whitespace-normal leading-[1.7]\">El pack de 3 cajas es el m\u00e1s popular e ideal para iniciar un tratamiento. Cada pedido incluye la entrega gratuita, un informe personalizado sobre la salud intestinal y una garant\u00eda de devoluci\u00f3n del dinero de 90 d\u00edas sin necesidad de dar explicaciones.<\/p><h2 class=\"text-text-100 mt-3 -mb-1 text-[1.125rem] font-bold\">FAQ \/ Preguntas m\u00e1s frecuentes<\/h2><p class=\"font-claude-response-body break-words whitespace-normal leading-[1.7]\"><strong>\u2753 \u00bfEs el Naori un medicamento?<\/strong><br \/>No. Naori es un complemento alimenticio natural, no medicado. No diagnostica, trata ni cura ninguna enfermedad.<\/p><p class=\"font-claude-response-body break-words whitespace-normal leading-[1.7]\"><strong>\u00bfCu\u00e1nto tardar\u00e9 en ver resultados?<\/strong><br \/>Los primeros efectos sobre la digesti\u00f3n y la hinchaz\u00f3n suelen notarse al cabo de 2 \u00f3 3 semanas. Para una p\u00e9rdida de peso significativa y duradera, se recomienda un tratamiento de 90 d\u00edas.<\/p><p class=\"font-claude-response-body break-words whitespace-normal leading-[1.7]\"><strong>\u2753 \u00bfPuede tomarse Naori al mismo tiempo que otro suplemento?<\/strong><br \/>S\u00ed, en la mayor\u00eda de los casos. Si est\u00e1 siguiendo un tratamiento m\u00e9dico, consulte a su m\u00e9dico por precauci\u00f3n.<\/p><p class=\"font-claude-response-body break-words whitespace-normal leading-[1.7]\"><strong>\u2753 \u00bfEs realmente incondicional la garant\u00eda?<\/strong><br \/>S\u00ed, Naori ofrece un reembolso completo en un plazo de 90 d\u00edas si no queda satisfecho, sin tener que justificar su devoluci\u00f3n.<\/p><p class=\"font-claude-response-body break-words whitespace-normal leading-[1.7]\"><strong>\u2753 \u00bfPor qu\u00e9 Naori es diferente de otras p\u00edldoras?<\/strong><br \/>Naori es diferente de las p\u00edldoras de dieta tradicionales, ya que trabaja con su intestino, no en contra de su cuerpo. En lugar de utilizar estimulantes o dietas extremas, utiliza probi\u00f3ticos y prebi\u00f3ticos espec\u00edficos para apoyar su microbioma.<\/p>\t\t\t\t\t\t\t\t<\/div>\n\t\t\t\t\t<\/div>\n\t\t\t\t<\/div>\n\t\t\t\t<\/div>","protected":false},"excerpt":{"rendered":"<p class=\"font-claude-response-body break-words whitespace-normal leading-[1.7]\">Naori es un suplemento simbi\u00f3tico de triple acci\u00f3n que reequilibra su microbioma para una p\u00e9rdida de peso natural y duradera. Su f\u00f3rmula \u00fanica combina 30 cepas de probi\u00f3ticos, fibras prebi\u00f3ticas y 13 enzimas digestivas para trabajar en profundidad donde las dietas fallan.<\/p>\n<p>\u2705 95% repoblar con bacterias buenas desde las primeras semanas.<\/p>\n<p>\u2705 82% para reducir la hinchaz\u00f3n<\/p>\n<p>\u2705 P\u00e9rdida media de peso de 5 kilos de m\u00e1s al mes.<\/p>\n<p>\ud83c\udff7\ufe0f\u00a0<strong>\u00a1Ahorre hasta -72% ahora!<\/strong><\/p>","protected":false},"featured_media":637,"template":"","meta":[],"product_brand":[],"product_cat":[19,17],"product_tag":[],"class_list":{"0":"post-636","1":"product","2":"type-product","3":"status-publish","4":"has-post-thumbnail","6":"product_cat-perte-de-poids","7":"product_cat-sante","9":"first","10":"instock","11":"sale","12":"shipping-taxable","13":"product-type-external"},"_links":{"self":[{"href":"https:\/\/alispharmacy.com\/es\/wp-json\/wp\/v2\/product\/636","targetHints":{"allow":["GET"]}}],"collection":[{"href":"https:\/\/alispharmacy.com\/es\/wp-json\/wp\/v2\/product"}],"about":[{"href":"https:\/\/alispharmacy.com\/es\/wp-json\/wp\/v2\/types\/product"}],"version-history":[{"count":4,"href":"https:\/\/alispharmacy.com\/es\/wp-json\/wp\/v2\/product\/636\/revisions"}],"predecessor-version":[{"id":644,"href":"https:\/\/alispharmacy.com\/es\/wp-json\/wp\/v2\/product\/636\/revisions\/644"}],"wp:featuredmedia":[{"embeddable":true,"href":"https:\/\/alispharmacy.com\/es\/wp-json\/wp\/v2\/media\/637"}],"wp:attachment":[{"href":"https:\/\/alispharmacy.com\/es\/wp-json\/wp\/v2\/media?parent=636"}],"wp:term":[{"taxonomy":"product_brand","embeddable":true,"href":"https:\/\/alispharmacy.com\/es\/wp-json\/wp\/v2\/product_brand?post=636"},{"taxonomy":"product_cat","embeddable":true,"href":"https:\/\/alispharmacy.com\/es\/wp-json\/wp\/v2\/product_cat?post=636"},{"taxonomy":"product_tag","embeddable":true,"href":"https:\/\/alispharmacy.com\/es\/wp-json\/wp\/v2\/product_tag?post=636"}],"curies":[{"name":"wp","href":"https:\/\/api.w.org\/{rel}","templated":true}]}}