{"id":675,"date":"2026-05-08T21:29:14","date_gmt":"2026-05-08T21:29:14","guid":{"rendered":"https:\/\/alispharmacy.com\/?post_type=product&#038;p=675"},"modified":"2026-05-08T21:29:43","modified_gmt":"2026-05-08T21:29:43","slug":"ionfix","status":"publish","type":"product","link":"https:\/\/alispharmacy.com\/es\/product\/ionfix\/","title":{"rendered":"IonFix"},"content":{"rendered":"<div data-elementor-type=\"product-post\" data-elementor-id=\"675\" class=\"elementor elementor-675\" data-elementor-post-type=\"product\">\n\t\t\t\t<div class=\"elementor-element elementor-element-6a0b2227 e-flex e-con-boxed e-con e-parent\" data-id=\"6a0b2227\" data-element_type=\"container\" data-e-type=\"container\">\n\t\t\t\t\t<div class=\"e-con-inner\">\n\t\t\t\t<div class=\"elementor-element elementor-element-5af0bc45 elementor-widget elementor-widget-text-editor\" data-id=\"5af0bc45\" data-element_type=\"widget\" data-e-type=\"widget\" data-widget_type=\"text-editor.default\">\n\t\t\t\t\t\t\t\t\t<h2 class=\"text-text-100 mt-3 -mb-1 text-[1.125rem] font-bold\">\u00bfQu\u00e9 es IonFix?<\/h2><p class=\"font-claude-response-body break-words whitespace-normal leading-[1.7]\"><strong>IonFix es un purificador de aire por ionizaci\u00f3n negativa,<\/strong> un purificador de aire compacto y port\u00e1til dise\u00f1ado para mejorar la calidad del aire interior de forma sencilla, silenciosa y sin necesidad de mantenimiento. Se conecta directamente a una toma el\u00e9ctrica est\u00e1ndar y empieza a purificar el aire al instante, sin necesidad de instalaciones ni ajustes especiales.<\/p><p class=\"font-claude-response-body break-words whitespace-normal leading-[1.7]\">A diferencia de los purificadores de aire tradicionales, que se basan en filtros mec\u00e1nicos que deben sustituirse peri\u00f3dicamente, IonFix utiliza una avanzada tecnolog\u00eda de ionizaci\u00f3n para neutralizar las part\u00edculas nocivas del aire a nivel molecular. Emite iones negativos que se adhieren a los contaminantes, al\u00e9rgenos, bacterias y esporas de moho, haci\u00e9ndolos demasiado pesados para permanecer suspendidos y elimin\u00e1ndolos eficazmente del aire que respira.<\/p><p class=\"font-claude-response-body break-words whitespace-normal leading-[1.7]\">Con m\u00e1s de 1.800 opiniones verificadas y una valoraci\u00f3n de 4,9\/5, IonFix es la soluci\u00f3n de referencia para las personas que desean mejorar su confort respiratorio a diario, tanto en casa como en la oficina.<\/p><h2 class=\"text-text-100 mt-3 -mb-1 text-[1.125rem] font-bold\">Especificaciones t\u00e9cnicas<\/h2><p class=\"font-claude-response-body break-words whitespace-normal leading-[1.7]\">IonFix es un aparato compacto, sobrio y moderno, dise\u00f1ado para integrarse discretamente en cualquier habitaci\u00f3n. Su elegante dise\u00f1o se complementa con un indicador LED que se\u00f1ala el funcionamiento continuo.<\/p><div class=\"overflow-x-auto w-full px-2 mb-6\"><table class=\"min-w-full border-collapse text-sm leading-[1.7] whitespace-normal\"><thead class=\"text-left\"><tr><th class=\"text-text-100 border-b-0.5 border-border-300\/60 py-2 pr-4 align-top font-bold\" scope=\"col\">Caracter\u00edsticas<\/th><th class=\"text-text-100 border-b-0.5 border-border-300\/60 py-2 pr-4 align-top font-bold\" scope=\"col\">Detalle<\/th><\/tr><\/thead><tbody><tr><td class=\"border-b-0.5 border-border-300\/30 py-2 pr-4 align-top\">Dimensiones<\/td><td class=\"border-b-0.5 border-border-300\/30 py-2 pr-4 align-top\">116 x 80 mm<\/td><\/tr><tr><td class=\"border-b-0.5 border-border-300\/30 py-2 pr-4 align-top\">N\u00famero de modelo<\/td><td class=\"border-b-0.5 border-border-300\/30 py-2 pr-4 align-top\">GL-130<\/td><\/tr><tr><td class=\"border-b-0.5 border-border-300\/30 py-2 pr-4 align-top\">Tensi\u00f3n de alimentaci\u00f3n<\/td><td class=\"border-b-0.5 border-border-300\/30 py-2 pr-4 align-top\">AC 220V, 60Hz<\/td><\/tr><tr><td class=\"border-b-0.5 border-border-300\/30 py-2 pr-4 align-top\">Consumo de energ\u00eda<\/td><td class=\"border-b-0.5 border-border-300\/30 py-2 pr-4 align-top\">2 vatios<\/td><\/tr><tr><td class=\"border-b-0.5 border-border-300\/30 py-2 pr-4 align-top\">Producci\u00f3n de aniones<\/td><td class=\"border-b-0.5 border-border-300\/30 py-2 pr-4 align-top\">45 millones de iones\/cm\u00b3 (4,5 \u00d7 10\u2077 pcs\/cm\u00b3)<\/td><\/tr><tr><td class=\"border-b-0.5 border-border-300\/30 py-2 pr-4 align-top\">Tecnolog\u00eda<\/td><td class=\"border-b-0.5 border-border-300\/30 py-2 pr-4 align-top\">Ionizaci\u00f3n negativa avanzada<\/td><\/tr><tr><td class=\"border-b-0.5 border-border-300\/30 py-2 pr-4 align-top\">Mantenimiento<\/td><td class=\"border-b-0.5 border-border-300\/30 py-2 pr-4 align-top\">No hay que cambiar el filtro<\/td><\/tr><tr><td class=\"border-b-0.5 border-border-300\/30 py-2 pr-4 align-top\">Utilice<\/td><td class=\"border-b-0.5 border-border-300\/30 py-2 pr-4 align-top\">Conexi\u00f3n a toma est\u00e1ndar<\/td><\/tr><\/tbody><\/table><\/div><p class=\"font-claude-response-body break-words whitespace-normal leading-[1.7]\">Su consumo energ\u00e9tico de s\u00f3lo 2 vatios lo convierte en uno de los aparatos m\u00e1s econ\u00f3micos del mercado, sin renunciar a la eficiencia. Funciona silenciosamente, sin ventiladores ni mecanismos ruidosos, por lo que es adecuado para dormitorios, oficinas y espacios de vida compartidos.<\/p><h2 class=\"text-text-100 mt-3 -mb-1 text-[1.125rem] font-bold\">\u00bfPara qui\u00e9n es adecuado IonFix?<\/h2><p class=\"font-claude-response-body break-words whitespace-normal leading-[1.7]\">IonFix se dirige a un p\u00fablico amplio, en particular a cualquier persona expuesta a una mala calidad del aire interior. Est\u00e1 especialmente indicado para las personas que sufren alergias estacionales o cr\u00f3nicas, asma, rinitis al\u00e9rgica o sensibilidades respiratorias, para quienes la reducci\u00f3n de los al\u00e9rgenos transportados por el aire puede contribuir a un mayor confort diario.<\/p><p class=\"font-claude-response-body break-words whitespace-normal leading-[1.7]\">Tambi\u00e9n se recomienda para familias con ni\u00f1os peque\u00f1os o animales dom\u00e9sticos, cuyos pelos, caspa y olores pueden saturar r\u00e1pidamente la atm\u00f3sfera de una habitaci\u00f3n. Las personas que trabajan en casa, pasando largas horas en un espacio cerrado mal ventilado, encontrar\u00e1n en IonFix una soluci\u00f3n pr\u00e1ctica y discreta para mantener un aire sano durante todo el d\u00eda.<\/p><p class=\"font-claude-response-body break-words whitespace-normal leading-[1.7]\">Por \u00faltimo, IonFix es ideal para cualquiera que simplemente desee mejorar la calidad del aire interior sin las limitaciones que suponen el mantenimiento, los costes recurrentes o una instalaci\u00f3n compleja.<\/p><h2 class=\"text-text-100 mt-3 -mb-1 text-[1.125rem] font-bold\">Beneficios y resultados<\/h2><p class=\"font-claude-response-body break-words whitespace-normal leading-[1.7]\">Los usuarios de IonFix informan de mejoras significativas en las primeras semanas de uso. La tecnolog\u00eda de ionizaci\u00f3n negativa act\u00faa en varios frentes para transformar el ambiente interior en un espacio m\u00e1s saludable y confortable.<\/p><p class=\"font-claude-response-body break-words whitespace-normal leading-[1.7]\">Estas son las principales ventajas se\u00f1aladas por los usuarios:<\/p><ul class=\"[li_&]:mb-0 [li_&]:mt-1 [li_&]:gap-1 [&:not(:last-child)_ul]:pb-1 [&:not(:last-child)_ol]:pb-1 list-disc flex flex-col gap-1 pl-8 mb-3\"><li class=\"font-claude-response-body whitespace-normal break-words pl-2\"><strong>Reducci\u00f3n de al\u00e9rgenos<\/strong> El polen, el polvo, la caspa de animales y las esporas de moho se neutralizan y dejan de circular por el aire que respiramos.<\/li><li class=\"font-claude-response-body whitespace-normal break-words pl-2\"><strong>Eliminaci\u00f3n de olores<\/strong> los olores (cocina, animales dom\u00e9sticos, tabaco, humedad) se destruyen en su origen, no s\u00f3lo se enmascaran.<\/li><li class=\"font-claude-response-body whitespace-normal break-words pl-2\"><strong>Mejora de la calidad del sue\u00f1o<\/strong> Un aire m\u00e1s limpio contribuye a un sue\u00f1o m\u00e1s profundo y reparador.<\/li><li class=\"font-claude-response-body whitespace-normal break-words pl-2\"><strong>Reducci\u00f3n de los s\u00edntomas respiratorios<\/strong> menos congesti\u00f3n nasal, menos estornudos y menos dolor de garganta al levantarse por la ma\u00f1ana.<\/li><li class=\"font-claude-response-body whitespace-normal break-words pl-2\"><strong>Neutraliza bacterias y virus en suspensi\u00f3n<\/strong> Los iones negativos tambi\u00e9n se adhieren a ciertos pat\u00f3genos del aire.<\/li><li class=\"font-claude-response-body whitespace-normal break-words pl-2\"><strong>Un entorno m\u00e1s fresco y saludable<\/strong> La atm\u00f3sfera de la sala se purifica continuamente, sin productos qu\u00edmicos ni aerosoles.<br \/><br \/><\/li><\/ul><p class=\"font-claude-response-body break-words whitespace-normal leading-[1.7]\">Estos resultados se observan de forma progresiva pero duradera, siempre que el aparato se utilice regularmente en la zona deseada.<\/p><h2 class=\"text-text-100 mt-3 -mb-1 text-[1.125rem] font-bold\">Gu\u00eda del usuario e instrucciones de uso<\/h2><p class=\"font-claude-response-body break-words whitespace-normal leading-[1.7]\">El uso de IonFix es deliberadamente sencillo y accesible a todo el mundo, sin necesidad de conocimientos t\u00e9cnicos. Basta con enchufar el aparato a cualquier toma de corriente est\u00e1ndar (220 V). El LED se enciende autom\u00e1ticamente para indicar que la purificaci\u00f3n est\u00e1 en curso. Sin ajustes, sin programaci\u00f3n, sin filtros que insertar.<\/p><p class=\"font-claude-response-body break-words whitespace-normal leading-[1.7]\">Para obtener mejores resultados, es aconsejable dejar el aparato enchufado permanentemente en la habitaci\u00f3n donde se desea mejorar la calidad del aire. IonFix puede utilizarse en un dormitorio, sal\u00f3n, oficina o cocina. Para cubrir varias habitaciones, se recomienda utilizar un aparato por espacio. Su tama\u00f1o compacto (116 x 80 mm) y su consumo de 2 vatios permiten utilizarlo las 24 horas del d\u00eda sin que ello repercuta significativamente en la factura de la luz.<\/p><p class=\"font-claude-response-body break-words whitespace-normal leading-[1.7]\">No requiere mantenimiento: no hay filtros que cambiar ni piezas que sustituir.<\/p><h2 class=\"text-text-100 mt-3 -mb-1 text-[1.125rem] font-bold\">Posibles efectos secundarios<\/h2><p class=\"font-claude-response-body break-words whitespace-normal leading-[1.7]\">IonFix es un dispositivo sin aerosoles ni productos qu\u00edmicos que no emite sustancias nocivas. Funciona \u00fanicamente liberando iones negativos, un proceso que se produce de forma natural en el medio ambiente (en el bosque, junto al mar, despu\u00e9s de una tormenta).<\/p><p class=\"font-claude-response-body break-words whitespace-normal leading-[1.7]\">En casos muy raros, la sensibilidad aumentada a los iones negativos puede provocar una ligera sensaci\u00f3n de hormigueo en la nariz o una sensaci\u00f3n de sequedad al principio de la utilizaci\u00f3n, sobre todo en habitaciones mal ventiladas. Estos efectos son generalmente transitorios y desaparecen al cabo de unos d\u00edas. Si padece una afecci\u00f3n respiratoria grave o una hipersensibilidad particular, es aconsejable consultar a un profesional de la salud antes de utilizarlo.<\/p><h2 class=\"text-text-100 mt-3 -mb-1 text-[1.125rem] font-bold\">Precauciones y contraindicaciones<\/h2><p class=\"font-claude-response-body break-words whitespace-normal leading-[1.7]\">Aunque IonFix est\u00e1 dise\u00f1ado para un uso cotidiano seguro, deben tomarse algunas precauciones. El aparato debe utilizarse en locales bien ventilados y no debe colocarse cerca de fuentes de humedad (cuarto de ba\u00f1o, zona de condensaci\u00f3n) para evitar cualquier riesgo el\u00e9ctrico.<\/p><p class=\"font-claude-response-body break-words whitespace-normal leading-[1.7]\">IonFix no debe utilizarse en espacios muy reducidos sin circulaci\u00f3n de aire. Las personas con determinados dispositivos m\u00e9dicos implantados (marcapasos, bomba de insulina) deben consultar a su m\u00e9dico antes de utilizarlo. IonFix no pretende sustituir un tratamiento m\u00e9dico en curso. Es un complemento para el bienestar diario, no un dispositivo m\u00e9dico certificado.<\/p><h2 class=\"text-text-100 mt-3 -mb-1 text-[1.125rem] font-bold\">Opiniones y testimonios<\/h2><p class=\"font-claude-response-body break-words whitespace-normal leading-[1.7]\">IonFix tiene una valoraci\u00f3n de 4,9\/5 basada en m\u00e1s de 1.800 opiniones verificadas, lo que demuestra un nivel especialmente alto de satisfacci\u00f3n de los clientes. Estos son algunos comentarios de los usuarios:<\/p><blockquote class=\"ml-2 border-l-4 border-border-300\/10 pl-4 text-text-300\"><p class=\"font-claude-response-body break-words whitespace-normal leading-[1.7]\"><em>\u00abHe probado de todo para mis alergias a lo largo de los a\u00f1os. IonFix lo ha cambiado todo. Mis ataques de estornudos matutinos han cesado y puedo volver a respirar libremente. No hay que comprar m\u00e1s filtros, es un alivio para mi presupuesto\u00bb.\u00bb<\/em> -\u00a0<strong>Dylan N, comprador verificado<\/strong> \u2b50\u2b50\u2b50\u2b50\u2b50<\/p><\/blockquote><blockquote class=\"ml-2 border-l-4 border-border-300\/10 pl-4 text-text-300\"><p class=\"font-claude-response-body break-words whitespace-normal leading-[1.7]\"><em>\u00abDesde que enchuf\u00e9 IonFix, la respiraci\u00f3n de mi hijo ha mejorado much\u00edsimo, \u00a1y hasta su m\u00e9dico se ha dado cuenta! Los amigos que vienen a casa preguntan qu\u00e9 ambientador usamos, sin pensar que tenemos perros.\u00bb<\/em> -\u00a0<strong>Daisy M, comprador verificado<\/strong> \u2b50\u2b50\u2b50\u2b50\u2b50<\/p><\/blockquote><blockquote class=\"ml-2 border-l-4 border-border-300\/10 pl-4 text-text-300\"><p class=\"font-claude-response-body break-words whitespace-normal leading-[1.7]\"><em>\u00abEste purificador es incre\u00edble, \u00a1realmente puedo sentir la diferencia en mi respiraci\u00f3n! Ya no hay polvo, el aire es m\u00e1s fresco. A mi marido tambi\u00e9n le encanta. Excelente producto!\u00bb<\/em> -\u00a0<strong>Gabriella M, comprador verificado<\/strong> \u2b50\u2b50\u2b50\u2b50\u2b50<\/p><\/blockquote><blockquote class=\"ml-2 border-l-4 border-border-300\/10 pl-4 text-text-300\"><p class=\"font-claude-response-body break-words whitespace-normal leading-[1.7]\"><em>\u00abLo compr\u00e9 para la oficina de mi casa y la diferencia es notable. Mis alergias han mejorado y el olor a humedad ha desaparecido por completo. Mi marido ha notado que duermo mejor.\u00bb<\/em> -\u00a0<strong>Beth L, Comprador verificado<\/strong> \u2b50\u2b50\u2b50\u2b50\u2b50<\/p><\/blockquote><h2 class=\"text-text-100 mt-3 -mb-1 text-[1.125rem] font-bold\">IonFix VS otros productos<\/h2><p class=\"font-claude-response-body break-words whitespace-normal leading-[1.7]\">En el mercado de los purificadores de aire, IonFix se distingue de las soluciones tradicionales de filtros HEPA o de carb\u00f3n activado. Estos \u00faltimos requieren la sustituci\u00f3n peri\u00f3dica del filtro, lo que representa un importante coste recurrente (a menudo entre 30 y 80 \u20ac al a\u00f1o), as\u00ed como un mantenimiento peri\u00f3dico.<\/p><p class=\"font-claude-response-body break-words whitespace-normal leading-[1.7]\">IonFix, en cambio, no necesita filtros, consumibles ni mantenimiento. Su consumo de 2 vatios tambi\u00e9n lo sit\u00faa muy por debajo de los purificadores convencionales (a menudo entre 30 y 80 vatios), lo que reduce considerablemente el impacto en la factura energ\u00e9tica. Su funcionamiento silencioso y sin ventilador lo hace m\u00e1s discreto que la mayor\u00eda de sus competidores. Por \u00faltimo, pero no por ello menos importante, su tama\u00f1o ultracompacto y su dise\u00f1o de enchufe directo permiten utilizarlo de formas que ning\u00fan otro purificador de gran tama\u00f1o puede igualar. IonFix cubre varias dimensiones donde sus competidores s\u00f3lo cubren una: eliminaci\u00f3n de olores, bacterias y al\u00e9rgenos, funcionamiento silencioso y sin productos qu\u00edmicos, eficiencia energ\u00e9tica y protecci\u00f3n multisala.<\/p><h2 class=\"text-text-100 mt-3 -mb-1 text-[1.125rem] font-bold\">Comprar: Precios y promociones<\/h2><p class=\"font-claude-response-body break-words whitespace-normal leading-[1.7]\">IonFix est\u00e1 disponible en <strong>39,95\u20ac<\/strong> por unidad, con descuentos crecientes en funci\u00f3n de la cantidad pedida. Promociones de hasta<strong>Reducci\u00f3n 70%<\/strong> est\u00e1n disponibles actualmente por tiempo limitado y hasta agotar existencias.<\/p><div class=\"overflow-x-auto w-full px-2 mb-6\"><table class=\"min-w-full border-collapse text-sm leading-[1.7] whitespace-normal\"><thead class=\"text-left\"><tr><th class=\"text-text-100 border-b-0.5 border-border-300\/60 py-2 pr-4 align-top font-bold\" scope=\"col\">Paquete<\/th><th class=\"text-text-100 border-b-0.5 border-border-300\/60 py-2 pr-4 align-top font-bold\" scope=\"col\">Precios<\/th><th class=\"text-text-100 border-b-0.5 border-border-300\/60 py-2 pr-4 align-top font-bold\" scope=\"col\">Precios<\/th><th class=\"text-text-100 border-b-0.5 border-border-300\/60 py-2 pr-4 align-top font-bold\" scope=\"col\">Descuento<\/th><\/tr><\/thead><tbody><tr><td class=\"border-b-0.5 border-border-300\/30 py-2 pr-4 align-top\">1x IonFix<\/td><td class=\"border-b-0.5 border-border-300\/30 py-2 pr-4 align-top\"><del>79,90 \u20ac<\/del><\/td><td class=\"border-b-0.5 border-border-300\/30 py-2 pr-4 align-top\"><strong>39,95 \u20ac<\/strong><\/td><td class=\"border-b-0.5 border-border-300\/30 py-2 pr-4 align-top\">-50%<\/td><\/tr><tr><td class=\"border-b-0.5 border-border-300\/30 py-2 pr-4 align-top\">3x IonFix<\/td><td class=\"border-b-0.5 border-border-300\/30 py-2 pr-4 align-top\"><del>79,90 \u20ac<\/del><\/td><td class=\"border-b-0.5 border-border-300\/30 py-2 pr-4 align-top\"><strong>31,95 \u20ac<\/strong><\/td><td class=\"border-b-0.5 border-border-300\/30 py-2 pr-4 align-top\">-60%<\/td><\/tr><tr><td class=\"border-b-0.5 border-border-300\/30 py-2 pr-4 align-top\">6x IonFix<\/td><td class=\"border-b-0.5 border-border-300\/30 py-2 pr-4 align-top\"><del>79,90 \u20ac<\/del><\/td><td class=\"border-b-0.5 border-border-300\/30 py-2 pr-4 align-top\"><strong>23,99 \u20ac<\/strong><\/td><td class=\"border-b-0.5 border-border-300\/30 py-2 pr-4 align-top\">-70%<\/td><\/tr><\/tbody><\/table><\/div><p class=\"font-claude-response-body break-words whitespace-normal leading-[1.7]\">El pack 3x es el m\u00e1s popular y corresponde al tiempo de curaci\u00f3n ideal para obtener resultados visibles y duraderos ,un aparato por habitaci\u00f3n principal para una purificaci\u00f3n completa del hogar. Todos los pedidos est\u00e1n cubiertos por la <strong>Garant\u00eda de devoluci\u00f3n de 30 d\u00edas<\/strong>.<\/p><h2 class=\"text-text-100 mt-3 -mb-1 text-[1.125rem] font-bold\">\u00bfD\u00f3nde puedo comprar IonFix?<\/h2><p class=\"font-claude-response-body break-words whitespace-normal leading-[1.7]\">IonFix est\u00e1 disponible en el sitio web oficial de la marca o directamente en nuestra tienda en l\u00ednea. La marca ha optado deliberadamente por limitar sus canales de distribuci\u00f3n para mantener precios competitivos y garantizar un servicio al cliente de alta calidad. No encontrar\u00e1 este producto en supermercados ni en mercados gen\u00e9ricos, lo que tambi\u00e9n garantiza la autenticidad de los dispositivos entregados y un seguimiento personalizado de su pedido.<\/p><p>Si realiza su pedido a trav\u00e9s de nuestro sitio web, se beneficiar\u00e1 de nuestra garant\u00eda de devoluci\u00f3n del dinero en 30 d\u00edas.<\/p><h2 class=\"text-text-100 mt-3 -mb-1 text-[1.125rem] font-bold\">FAQ \/ Preguntas m\u00e1s frecuentes<\/h2><p class=\"font-claude-response-body break-words whitespace-normal leading-[1.7]\"><strong>\u2753 \u00bfRequiere filtros o un mantenimiento regular?<\/strong><br \/>No. IonFix simplemente se conecta a una toma de corriente est\u00e1ndar y funciona de forma continua, sin filtros que sustituir y sin necesidad de mantenimiento.<\/p><p class=\"font-claude-response-body break-words whitespace-normal leading-[1.7]\"><strong>\u2753\u00bfC\u00f3mo mejora IonFix la calidad del aire?<\/strong><br \/>Emite iones negativos que se adhieren a las part\u00edculas nocivas en suspensi\u00f3n (al\u00e9rgenos, bacterias, esporas, olores), neutraliz\u00e1ndolas eficazmente antes de ser inhaladas.<\/p><p class=\"font-claude-response-body break-words whitespace-normal leading-[1.7]\"><strong>\u00bfCu\u00e1nto tardar\u00e1s en notar los efectos?<\/strong><br \/>Muchos usuarios notan una mejor\u00eda en s\u00f3lo unos d\u00edas. Los efectos \u00f3ptimos se observan generalmente despu\u00e9s de 2 a 4 semanas de uso regular.<\/p><p class=\"font-claude-response-body break-words whitespace-normal leading-[1.7]\"><strong>\u2753\u00bfQu\u00e9 superficie cubre un aparato?<\/strong><br \/>IonFix est\u00e1 dise\u00f1ado para tratar el aire de una sola habitaci\u00f3n. Para una casa completa, recomendamos utilizar una unidad por habitaci\u00f3n principal.<\/p><p class=\"font-claude-response-body break-words whitespace-normal leading-[1.7]\"><strong>\u2753 \u00bfIonFix es seguro para ni\u00f1os y mascotas?<\/strong><br \/>S\u00ed, el aparato no contiene productos qu\u00edmicos, aerosoles ni emite sustancias nocivas. Es seguro para toda la familia.<\/p><p class=\"font-claude-response-body break-words whitespace-normal leading-[1.7]\"><strong>\u2753\u00bfCu\u00e1l es el plazo de entrega?<\/strong><br \/>Los pedidos se env\u00edan en 48 horas. La entrega est\u00e1ndar tarda entre 5 y 12 d\u00edas laborables dependiendo de su ubicaci\u00f3n.<\/p>\t\t\t\t\t\t\t\t<\/div>\n\t\t\t\t\t<\/div>\n\t\t\t\t<\/div>\n\t\t\t\t<\/div>","protected":false},"excerpt":{"rendered":"<p class=\"font-claude-response-body break-words whitespace-normal leading-[1.7]\">IonFix es un purificador de aire por ionizaci\u00f3n negativa compacto y sin mantenimiento que neutraliza continuamente al\u00e9rgenos, bacterias y olores desagradables para limpiar el aire del interior de su hogar.<\/p>\n<p>Tecnolog\u00eda de ionizaci\u00f3n negativa, 45 millones de iones\/cm\u00b3.<\/p>\n<p>\u2705Sin filtro, sin productos qu\u00edmicos, ultrasilencioso<\/p>\n<p>\u2705Conexi\u00f3n directa por enchufe, efectiva desde el primer uso.<\/p>\n<p><strong>\ud83c\udff7\ufe0f \u00a1Aprovecha el descuento -70%!<\/strong><\/p>","protected":false},"featured_media":676,"template":"","meta":[],"product_brand":[],"product_cat":[17],"product_tag":[],"class_list":{"0":"post-675","1":"product","2":"type-product","3":"status-publish","4":"has-post-thumbnail","6":"product_cat-sante","8":"first","9":"instock","10":"sale","11":"shipping-taxable","12":"product-type-external"},"_links":{"self":[{"href":"https:\/\/alispharmacy.com\/es\/wp-json\/wp\/v2\/product\/675","targetHints":{"allow":["GET"]}}],"collection":[{"href":"https:\/\/alispharmacy.com\/es\/wp-json\/wp\/v2\/product"}],"about":[{"href":"https:\/\/alispharmacy.com\/es\/wp-json\/wp\/v2\/types\/product"}],"version-history":[{"count":4,"href":"https:\/\/alispharmacy.com\/es\/wp-json\/wp\/v2\/product\/675\/revisions"}],"predecessor-version":[{"id":682,"href":"https:\/\/alispharmacy.com\/es\/wp-json\/wp\/v2\/product\/675\/revisions\/682"}],"wp:featuredmedia":[{"embeddable":true,"href":"https:\/\/alispharmacy.com\/es\/wp-json\/wp\/v2\/media\/676"}],"wp:attachment":[{"href":"https:\/\/alispharmacy.com\/es\/wp-json\/wp\/v2\/media?parent=675"}],"wp:term":[{"taxonomy":"product_brand","embeddable":true,"href":"https:\/\/alispharmacy.com\/es\/wp-json\/wp\/v2\/product_brand?post=675"},{"taxonomy":"product_cat","embeddable":true,"href":"https:\/\/alispharmacy.com\/es\/wp-json\/wp\/v2\/product_cat?post=675"},{"taxonomy":"product_tag","embeddable":true,"href":"https:\/\/alispharmacy.com\/es\/wp-json\/wp\/v2\/product_tag?post=675"}],"curies":[{"name":"wp","href":"https:\/\/api.w.org\/{rel}","templated":true}]}}