{"id":86,"date":"2026-02-05T18:05:31","date_gmt":"2026-02-05T18:05:31","guid":{"rendered":"https:\/\/alispharmacy.com\/?post_type=product&#038;p=86"},"modified":"2026-02-06T20:03:08","modified_gmt":"2026-02-06T20:03:08","slug":"dieta-trimologica","status":"publish","type":"product","link":"https:\/\/alispharmacy.com\/es\/product\/dieta-trimologica\/","title":{"rendered":"Dieta Trimology"},"content":{"rendered":"<div data-elementor-type=\"product-post\" data-elementor-id=\"86\" class=\"elementor elementor-86\" data-elementor-post-type=\"product\">\n\t\t\t\t<div class=\"elementor-element elementor-element-469b5802 e-flex e-con-boxed e-con e-parent\" data-id=\"469b5802\" data-element_type=\"container\" data-e-type=\"container\">\n\t\t\t\t\t<div class=\"e-con-inner\">\n\t\t\t\t<div class=\"elementor-element elementor-element-154f3b95 elementor-widget elementor-widget-text-editor\" data-id=\"154f3b95\" data-element_type=\"widget\" data-e-type=\"widget\" data-widget_type=\"text-editor.default\">\n\t\t\t\t\t\t\t\t\t<h2 data-start=\"97\" data-end=\"128\">\u00bfPara qu\u00e9 sirve la dieta Trimology?<\/h2><p data-start=\"130\" data-end=\"643\">La dieta Trimology ayuda a <strong>activar los mecanismos internos de quema de grasas<\/strong>, Ayuda a regular el apetito y a mantener un metabolismo equilibrado. Este suplemento est\u00e1 dise\u00f1ado para personas que buscan <strong>una forma natural y sostenible de perder peso<\/strong>, Resulta especialmente \u00fatil para quienes tienen dificultades para perder peso a pesar de seguir una dieta sana y practicar una actividad f\u00edsica regular. Resulta especialmente \u00fatil para quienes tienen dificultades para perder peso a pesar de seguir una dieta sana y practicar una actividad f\u00edsica regular.<\/p><p data-start=\"645\" data-end=\"993\">Mediante la integraci\u00f3n <strong>Troquel Trimology<\/strong>t a tu rutina diaria, no s\u00f3lo estar\u00e1s ayudando a tu cuerpo a quemar grasa de forma m\u00e1s eficiente, sino que tambi\u00e9n estar\u00e1s apoyando a <strong>digesti\u00f3n<\/strong>, absorci\u00f3n de nutrientes y <strong>el equilibrio del microbioma intestinal<\/strong>, Esto puede mejorar su bienestar general y sus niveles de energ\u00eda a lo largo del d\u00eda.<\/p><h3 data-start=\"995\" data-end=\"1027\">Principales ventajas <strong data-start=\"999\" data-end=\"1025\">:<\/strong><\/h3><ul><li data-start=\"1028\" data-end=\"1318\"><p data-start=\"64\" data-end=\"124\">\ud83c\udf31 <strong data-start=\"67\" data-end=\"124\">Promueve una p\u00e9rdida de peso natural y gradual<\/strong><\/p><\/li><li data-start=\"1028\" data-end=\"1318\"><p data-start=\"64\" data-end=\"124\">\ud83c\udf6b <strong data-start=\"129\" data-end=\"195\">Reducir los antojos de az\u00facar y el picoteo entre comidas<\/strong><\/p><\/li><li data-start=\"1028\" data-end=\"1318\"><p data-start=\"64\" data-end=\"124\">\ud83d\udd25 <strong data-start=\"200\" data-end=\"262\">Activar los mecanismos internos de quema de grasa<\/strong><\/p><\/li><li data-start=\"1028\" data-end=\"1318\"><p data-start=\"64\" data-end=\"124\">\ud83d\udc9a <strong data-start=\"267\" data-end=\"324\">Mejora la digesti\u00f3n y la absorci\u00f3n de nutrientes<\/strong><\/p><\/li><li data-start=\"1028\" data-end=\"1318\"><p data-start=\"64\" data-end=\"124\">\u26a1 <strong data-start=\"328\" data-end=\"368\">Mantener un nivel de energ\u00eda estable<\/strong><\/p><\/li><\/ul><p data-start=\"1320\" data-end=\"1494\">Esta combinaci\u00f3n de ventajas convierte a la dieta Trimology en un aliado pr\u00e1ctico para <strong>pierda peso de forma saludable, mantenga activo su metabolismo y si\u00e9ntase m\u00e1s din\u00e1mico cada d\u00eda<\/strong>.<\/p><h2 data-start=\"1501\" data-end=\"1534\">Ingredientes y composici\u00f3n<\/h2><p data-start=\"1536\" data-end=\"1689\">La dieta Trimology combina prebi\u00f3ticos, probi\u00f3ticos y fibras naturales para restablecer el equilibrio del microbioma y apoyar el metabolismo.<\/p><table class=\"w-fit min-w-(--thread-content-width)\" data-start=\"53\" data-end=\"994\"><thead data-start=\"53\" data-end=\"186\"><tr data-start=\"53\" data-end=\"186\"><th class=\"\" data-start=\"53\" data-end=\"94\" data-col-size=\"sm\"><strong data-start=\"55\" data-end=\"69\">Ingrediente<\/strong><\/th><th class=\"\" data-start=\"94\" data-end=\"186\" data-col-size=\"md\"><strong data-start=\"96\" data-end=\"135\">Funci\u00f3n principal del producto<\/strong><\/th><\/tr><\/thead><tbody data-start=\"320\" data-end=\"994\"><tr data-start=\"320\" data-end=\"454\"><td data-start=\"320\" data-end=\"360\" data-col-size=\"sm\">Almid\u00f3n resistente de tipo 2 (RS2)<\/td><td data-col-size=\"md\" data-start=\"360\" data-end=\"454\">Alimenta las bacterias intestinales buenas y favorece un metabolismo sano<\/td><\/tr><tr data-start=\"455\" data-end=\"588\"><td data-start=\"455\" data-end=\"495\" data-col-size=\"sm\">Ra\u00edz de achicoria (inulina)<\/td><td data-col-size=\"md\" data-start=\"495\" data-end=\"588\">Fibra prebi\u00f3tica que estimula el crecimiento de bacterias beneficiosas<\/td><\/tr><tr data-start=\"589\" data-end=\"723\"><td data-start=\"589\" data-end=\"629\" data-col-size=\"sm\"><em data-start=\"591\" data-end=\"614\">Clostridium butyricum<\/em><\/td><td data-col-size=\"md\" data-start=\"629\" data-end=\"723\">Refuerza la barrera intestinal y mejora la digesti\u00f3n<\/td><\/tr><tr data-start=\"724\" data-end=\"858\"><td data-start=\"724\" data-end=\"764\" data-col-size=\"sm\"><em data-start=\"726\" data-end=\"751\">Akkermansia muciniphila<\/em><\/td><td data-col-size=\"md\" data-start=\"764\" data-end=\"858\">Ayuda a regular el apetito y a mejorar la composici\u00f3n corporal<\/td><\/tr><tr data-start=\"859\" data-end=\"994\"><td data-start=\"859\" data-end=\"899\" data-col-size=\"sm\"><em data-start=\"861\" data-end=\"887\">Bifidobacterium infantis<\/em><\/td><td data-col-size=\"md\" data-start=\"899\" data-end=\"994\">Favorece la digesti\u00f3n y la absorci\u00f3n de nutrientes<\/td><\/tr><\/tbody><\/table><h2 data-start=\"2248\" data-end=\"2286\">Posolog\u00eda y modo de empleo<\/h2><p data-start=\"2288\" data-end=\"2390\">Para optimizar los efectos de la dieta Trimology, le recomendamos que siga esta rutina diaria:<\/p><ul><li data-start=\"74\" data-end=\"149\"><p data-start=\"53\" data-end=\"134\">Toma <strong data-start=\"61\" data-end=\"82\">1 c\u00e1psula al d\u00eda<\/strong>, preferiblemente por la ma\u00f1ana con un gran vaso de agua<\/p><\/li><li data-start=\"74\" data-end=\"149\"><p data-start=\"53\" data-end=\"134\">Seguir utilizando para <strong data-start=\"169\" data-end=\"186\">De 60 a 90 d\u00edas<\/strong> para resultados visibles<\/p><\/li><li data-start=\"74\" data-end=\"149\"><p data-start=\"53\" data-end=\"134\">Integre el complemento en su <strong data-start=\"249\" data-end=\"272\">rutina diaria<\/strong><\/p><\/li><\/ul><h2 data-start=\"2608\" data-end=\"2640\">Indicaciones de uso<\/h2><p data-start=\"2642\" data-end=\"2754\">La dieta Trimology est\u00e1 dise\u00f1ada para adultos que desean <strong>adelgazar de forma natural<\/strong> y mejorar su metabolismo.<\/p><ul><li data-start=\"2756\" data-end=\"3024\"><p data-start=\"63\" data-end=\"123\">Adultos que buscan un apoyo metab\u00f3lico natural<\/p><\/li><li data-start=\"2756\" data-end=\"3024\"><p data-start=\"63\" data-end=\"123\">Personas con antojos frecuentes o digesti\u00f3n lenta<\/p><\/li><li data-start=\"2756\" data-end=\"3024\"><p data-start=\"63\" data-end=\"123\">Personas que desean reducir la inflamaci\u00f3n intestinal asociada al sobrepeso<\/p><\/li><li data-start=\"2756\" data-end=\"3024\"><p data-start=\"63\" data-end=\"123\">Uso diario como parte de un estilo de vida saludable<\/p><\/li><\/ul><p data-start=\"3026\" data-end=\"3180\">\u2139\ufe0f <strong data-start=\"3029\" data-end=\"3044\">Informaci\u00f3n importante:<\/strong> AlisPharmacy no <strong>no proporciona asesoramiento m\u00e9dico<\/strong>. Este producto no sustituye el consejo y el tratamiento de un profesional de la salud.<\/p><h2 data-start=\"3187\" data-end=\"3219\"><img fetchpriority=\"high\" decoding=\"async\" class=\"aligncenter wp-image-87 size-large\" title=\"trimolog\u00eda\" src=\"https:\/\/alispharmacy.com\/wp-content\/uploads\/2026\/02\/trimology--1024x330.jpg\" alt=\"trimolog\u00eda\" width=\"800\" height=\"258\" srcset=\"https:\/\/alispharmacy.com\/wp-content\/uploads\/2026\/02\/trimology--1024x330.jpg 1024w, https:\/\/alispharmacy.com\/wp-content\/uploads\/2026\/02\/trimology--300x97.jpg 300w, https:\/\/alispharmacy.com\/wp-content\/uploads\/2026\/02\/trimology--768x248.jpg 768w, https:\/\/alispharmacy.com\/wp-content\/uploads\/2026\/02\/trimology--1536x495.jpg 1536w, https:\/\/alispharmacy.com\/wp-content\/uploads\/2026\/02\/trimology--600x194.jpg 600w, https:\/\/alispharmacy.com\/wp-content\/uploads\/2026\/02\/trimology-.jpg 1603w\" sizes=\"(max-width: 800px) 100vw, 800px\" \/><\/h2><h2 data-start=\"3187\" data-end=\"3219\">Precauciones de uso<\/h2><p data-start=\"3221\" data-end=\"3306\">Aunque <strong>La dieta Trimology es natural<\/strong>, Deben tomarse ciertas precauciones:<\/p><ul><li data-start=\"3308\" data-end=\"3551\"><p data-start=\"53\" data-end=\"95\">No superar la dosis recomendada<\/p><\/li><li data-start=\"3308\" data-end=\"3551\"><p data-start=\"53\" data-end=\"95\">No recomendado para mujeres embarazadas o en periodo de lactancia sin consejo m\u00e9dico<\/p><\/li><li data-start=\"3308\" data-end=\"3551\"><p data-start=\"53\" data-end=\"95\">Consultar a un profesional en caso de enfermedad cr\u00f3nica o tratamiento m\u00e9dico<\/p><\/li><li data-start=\"3308\" data-end=\"3551\"><p data-start=\"53\" data-end=\"95\">Conservar en un lugar fresco y seco<\/p><\/li><\/ul><h2 data-start=\"3558\" data-end=\"3593\">Posibles efectos secundarios<\/h2><p data-start=\"3595\" data-end=\"3724\">La dieta Trimology es <strong>generalmente bien tolerado<\/strong>, Sin embargo, algunas personas pueden experimentar ajustes digestivos temporales:<\/p><ul><li><p data-start=\"55\" data-end=\"89\">Gases o hinchaz\u00f3n leves<\/p><\/li><li><p data-start=\"55\" data-end=\"89\">Adaptaci\u00f3n digestiva durante las primeras semanas<\/p><\/li><\/ul><p data-start=\"3816\" data-end=\"3944\">\u2757 En caso de reacci\u00f3n al\u00e9rgica grave o s\u00edntomas persistentes, interrumpa su uso y consulte a un profesional sanitario.<\/p><h2 data-start=\"3951\" data-end=\"3986\">Posibles beneficios esperados<\/h2><p data-start=\"3988\" data-end=\"4031\">\u26a1 El uso regular puede traer:<\/p><ul><li data-start=\"4033\" data-end=\"4283\"><p data-start=\"56\" data-end=\"110\">\ud83c\udf6b <strong data-start=\"59\" data-end=\"110\">Reducci\u00f3n de los antojos de az\u00facar y snacks<\/strong><\/p><\/li><li data-start=\"4033\" data-end=\"4283\"><p data-start=\"56\" data-end=\"110\">\ud83d\udcc9 <strong data-start=\"115\" data-end=\"156\">P\u00e9rdida de peso progresiva y duradera<\/strong><\/p><\/li><li data-start=\"4033\" data-end=\"4283\"><p data-start=\"56\" data-end=\"110\">\ud83c\udf3f <strong data-start=\"161\" data-end=\"210\">Mejor digesti\u00f3n y menos hinchaz\u00f3n<\/strong><\/p><\/li><li data-start=\"4033\" data-end=\"4283\"><p data-start=\"56\" data-end=\"110\">\ud83e\udde0 <strong data-start=\"215\" data-end=\"265\">Energ\u00eda m\u00e1s estable y mejor concentraci\u00f3n<\/strong><\/p><\/li><li data-start=\"4033\" data-end=\"4283\"><p data-start=\"56\" data-end=\"110\">\ud83d\ude0a <strong data-start=\"270\" data-end=\"320\">Una sensaci\u00f3n general de ligereza y bienestar<\/strong><\/p><\/li><\/ul><h2 data-start=\"4290\" data-end=\"4313\"><img decoding=\"async\" class=\"aligncenter wp-image-88 size-large\" src=\"https:\/\/alispharmacy.com\/wp-content\/uploads\/2026\/02\/Trymology-2-1024x385.jpg\" alt=\"trimolog\u00eda\" width=\"800\" height=\"301\" srcset=\"https:\/\/alispharmacy.com\/wp-content\/uploads\/2026\/02\/Trymology-2-1024x385.jpg 1024w, https:\/\/alispharmacy.com\/wp-content\/uploads\/2026\/02\/Trymology-2-300x113.jpg 300w, https:\/\/alispharmacy.com\/wp-content\/uploads\/2026\/02\/Trymology-2-768x289.jpg 768w, https:\/\/alispharmacy.com\/wp-content\/uploads\/2026\/02\/Trymology-2-1536x578.jpg 1536w, https:\/\/alispharmacy.com\/wp-content\/uploads\/2026\/02\/Trymology-2-600x226.jpg 600w, https:\/\/alispharmacy.com\/wp-content\/uploads\/2026\/02\/Trymology-2.jpg 2010w\" sizes=\"(max-width: 800px) 100vw, 800px\" \/><\/h2><h2 data-start=\"4290\" data-end=\"4313\">Comentarios de los clientes<\/h2><p data-start=\"4315\" data-end=\"4475\">\u2b50 \u00abTras varios meses de uso, he notado una p\u00e9rdida de peso constante y menos antojos de az\u00facar, adem\u00e1s de sentirme con m\u00e1s energ\u00eda cada ma\u00f1ana.\u00bb<\/p><p data-start=\"4477\" data-end=\"4572\">\u2b50 \u00abEste producto ha mejorado realmente mi digesti\u00f3n y me ha permitido perder peso de forma sostenible.\u00bb<\/p><p data-start=\"4574\" data-end=\"4717\">\u2b50 \u00abAl tomar Trimology diet todos los d\u00edas, he notado una gran diferencia en mi metabolismo y en el control de las porciones.\u00bb<\/p><p data-start=\"4719\" data-end=\"4768\">Los resultados pueden variar de una persona a otra.<\/p><h2 data-start=\"4719\" data-end=\"4768\">Precios y ofertas<\/h2><p data-start=\"70\" data-end=\"112\"><strong data-start=\"70\" data-end=\"112\">Aproveche los descuentos especiales:<\/strong><\/p><p data-start=\"114\" data-end=\"163\">\ud83c\udff7\ufe0f <strong data-start=\"118\" data-end=\"135\">1 caja :<\/strong> <del data-start=\"136\" data-end=\"147\">69,90 \u20ac<\/del> \u2192 <strong data-start=\"150\" data-end=\"161\">66,90 \u20ac<\/strong><\/p><p data-start=\"165\" data-end=\"223\">\ud83c\udff7\ufe0f <strong data-start=\"169\" data-end=\"195\">Paquete de 3 cajas:<\/strong> <del data-start=\"196\" data-end=\"207\">69,90 \u20ac<\/del> \u2192 <strong data-start=\"210\" data-end=\"221\">49,99 \u20ac<\/strong><\/p><p data-start=\"225\" data-end=\"283\">\ud83c\udff7\ufe0f <strong data-start=\"229\" data-end=\"255\">Paquete de 6 cajas:<\/strong> <del data-start=\"256\" data-end=\"267\">69,90 \u20ac<\/del> \u2192 <strong data-start=\"270\" data-end=\"281\">41,50 \u20ac<\/strong><\/p><p data-start=\"285\" data-end=\"349\">\ud83c\udf89 <strong data-start=\"288\" data-end=\"349\">No espere m\u00e1s, \u00a1las ofertas son por tiempo limitado!<\/strong><\/p><h2 data-start=\"4775\" data-end=\"4807\">Preguntas m\u00e1s frecuentes (FAQ)<\/h2><p data-start=\"4809\" data-end=\"4865\">\u2753 <strong>\u00bfLa dieta Trimology es segura para todos?<\/strong><\/p><p data-start=\"4866\" data-end=\"5074\">S\u00ed, est\u00e1 formulado con ingredientes naturales y en general se tolera bien. No obstante, las mujeres embarazadas y en periodo de lactancia y las personas que est\u00e9n siguiendo un tratamiento deben consultar a un m\u00e9dico antes de utilizarlo.<\/p><p data-start=\"5076\" data-end=\"5127\">\u2753 <strong>\u00bfCu\u00e1nto tiempo se tarda en ver resultados?<\/strong><\/p><p data-start=\"5128\" data-end=\"5271\">Los primeros cambios suelen aparecer entre 4 y 6 semanas. Se recomienda utilizarlo entre 60 y 90 d\u00edas para obtener resultados \u00f3ptimos.<\/p><p data-start=\"5273\" data-end=\"5328\">\u2753 <strong>\u00bfPuede combinarse con otros suplementos?<\/strong><\/p><p data-start=\"5329\" data-end=\"5416\">S\u00ed, pero es aconsejable consultar las interacciones con un profesional de la salud.<\/p><p data-start=\"5418\" data-end=\"5459\">\u2753 <strong>\u00bfTiene efectos secundarios?<\/strong><\/p><p data-start=\"5460\" data-end=\"5533\">Son poco frecuentes y leves, como gases o hinchaz\u00f3n temporal.<\/p><p data-start=\"5535\" data-end=\"5585\">\u2753 <strong>\u00bfSustituye a la dieta o al deporte?<\/strong><\/p><p data-start=\"5586\" data-end=\"5709\">No. Favorece el metabolismo, pero debe combinarse con una dieta equilibrada y actividad f\u00edsica regular.<\/p>\t\t\t\t\t\t\t\t<\/div>\n\t\t\t\t<div class=\"elementor-element elementor-element-a28e509 elementor-arrows-yes elementor-pagination-type-bullets elementor-review--has-separator elementor--star-style-star_fontawesome elementor-widget elementor-widget-reviews\" data-id=\"a28e509\" data-element_type=\"widget\" data-e-type=\"widget\" data-settings=\"{&quot;slides_per_view&quot;:&quot;3&quot;,&quot;slides_to_scroll&quot;:&quot;1&quot;,&quot;show_arrows&quot;:&quot;yes&quot;,&quot;pagination&quot;:&quot;bullets&quot;,&quot;speed&quot;:500,&quot;autoplay&quot;:&quot;yes&quot;,&quot;autoplay_speed&quot;:5000,&quot;loop&quot;:&quot;yes&quot;,&quot;pause_on_hover&quot;:&quot;yes&quot;,&quot;pause_on_interaction&quot;:&quot;yes&quot;,&quot;space_between&quot;:{&quot;unit&quot;:&quot;px&quot;,&quot;size&quot;:10,&quot;sizes&quot;:[]},&quot;space_between_tablet&quot;:{&quot;unit&quot;:&quot;px&quot;,&quot;size&quot;:10,&quot;sizes&quot;:[]},&quot;space_between_mobile&quot;:{&quot;unit&quot;:&quot;px&quot;,&quot;size&quot;:10,&quot;sizes&quot;:[]}}\" data-widget_type=\"reviews.default\">\n\t\t\t\t\t\t\t\t\t\t<div class=\"elementor-main-swiper swiper\" role=\"region\" aria-roledescription=\"carousel\" aria-label=\"Diapositivas\">\n\t\t\t\t<div class=\"swiper-wrapper\">\n\t\t\t\t\t\t\t\t\t\t\t<div class=\"swiper-slide\" role=\"group\" aria-roledescription=\"slide\">\n\t\t\t\t\t\t\t\t\t<div class=\"elementor-testimonial elementor-repeater-item-dfff9b0\">\n\t\t\t\t\t\t\t<div class=\"elementor-testimonial__header\">\n\t\t\t\t\t\t\t\t\t\t\t<div class=\"elementor-testimonial__image\">\n\t\t\t\t\t\t\t<img decoding=\"async\" src=\"https:\/\/alispharmacy.com\/wp-content\/uploads\/2026\/02\/Lisa.png\" alt=\"Lisa\">\n\t\t\t\t\t\t\t\t\t\t\t\t\t<\/div>\n\t\t\t\t\t\t\t\t\t\t<cite class=\"elementor-testimonial__cite\"><span class=\"elementor-testimonial__name\">Lisa<\/span><div class=\"elementor-star-rating\"><i class=\"elementor-star-full\">\ue934<\/i><i class=\"elementor-star-full\">\ue934<\/i><i class=\"elementor-star-full\">\ue934<\/i><i class=\"elementor-star-full\">\ue934<\/i><i class=\"elementor-star-full\">\ue934<\/i><\/div><\/cite>\t\t\t\t\t<div class=\"elementor-testimonial__icon elementor-icon elementor-icon-\" aria-label=\"Seguir leyendo\"><\/div>\t\t\t\t<\/div>\n\t\t\t\t\t\t\t\t\t\t<div class=\"elementor-testimonial__content\">\n\t\t\t\t\t<div class=\"elementor-testimonial__text\">\n\t\t\t\t\t\tLa hinchaz\u00f3n, el cansancio, los antojos... Me sent\u00eda como si arrastrara una niebla inexplicable. \u00bfPero ahora? Me siento m\u00e1s ligera. Como comida de verdad sin hincharme como un globo. He planeado mis primeras vacaciones en la playa en ocho a\u00f1os y no me llevo pareo.\t\t\t\t\t<\/div>\n\t\t\t\t<\/div>\n\t\t\t\t\t<\/div>\n\t\t\t\t\t\t\t\t<\/div>\n\t\t\t\t\t\t\t\t\t\t\t<div class=\"swiper-slide\" role=\"group\" aria-roledescription=\"slide\">\n\t\t\t\t\t\t\t\t\t<div class=\"elementor-testimonial elementor-repeater-item-cab4446\">\n\t\t\t\t\t\t\t<div class=\"elementor-testimonial__header\">\n\t\t\t\t\t\t\t\t\t\t\t<div class=\"elementor-testimonial__image\">\n\t\t\t\t\t\t\t<img decoding=\"async\" src=\"https:\/\/alispharmacy.com\/wp-content\/uploads\/2026\/02\/Marie.png\" alt=\"Marie\">\n\t\t\t\t\t\t\t\t\t\t\t\t\t<\/div>\n\t\t\t\t\t\t\t\t\t\t<cite class=\"elementor-testimonial__cite\"><span class=\"elementor-testimonial__name\">Marie<\/span><div class=\"elementor-star-rating\"><i class=\"elementor-star-full\">\ue934<\/i><i class=\"elementor-star-full\">\ue934<\/i><i class=\"elementor-star-full\">\ue934<\/i><i class=\"elementor-star-full\">\ue934<\/i><i class=\"elementor-star-full\">\ue934<\/i><\/div><\/cite>\t\t\t\t\t<div class=\"elementor-testimonial__icon elementor-icon elementor-icon-\" aria-label=\"Seguir leyendo\"><\/div>\t\t\t\t<\/div>\n\t\t\t\t\t\t\t\t\t\t<div class=\"elementor-testimonial__content\">\n\t\t\t\t\t<div class=\"elementor-testimonial__text\">\n\t\t\t\t\t\tLa menopausia me afect\u00f3 mucho. Ya nada funcionaba. Pero despu\u00e9s de 8 semanas, he perdido 10 kilos, duermo toda la noche y mis sofocos pr\u00e1cticamente han desaparecido.\t\t\t\t\t<\/div>\n\t\t\t\t<\/div>\n\t\t\t\t\t<\/div>\n\t\t\t\t\t\t\t\t<\/div>\n\t\t\t\t\t\t\t\t\t\t\t<div class=\"swiper-slide\" role=\"group\" aria-roledescription=\"slide\">\n\t\t\t\t\t\t\t\t\t<div class=\"elementor-testimonial elementor-repeater-item-4e7958c\">\n\t\t\t\t\t\t\t<div class=\"elementor-testimonial__header\">\n\t\t\t\t\t\t\t\t\t\t\t<div class=\"elementor-testimonial__image\">\n\t\t\t\t\t\t\t<img decoding=\"async\" src=\"https:\/\/alispharmacy.com\/wp-content\/uploads\/2026\/02\/Jessica.png\" alt=\"Jessica\">\n\t\t\t\t\t\t\t\t\t\t\t\t\t<\/div>\n\t\t\t\t\t\t\t\t\t\t<cite class=\"elementor-testimonial__cite\"><span class=\"elementor-testimonial__name\">Jessica<\/span><div class=\"elementor-star-rating\"><i class=\"elementor-star-full\">\ue934<\/i><i class=\"elementor-star-full\">\ue934<\/i><i class=\"elementor-star-full\">\ue934<\/i><i class=\"elementor-star-full\">\ue934<\/i><i class=\"elementor-star-full\">\ue934<\/i><\/div><\/cite>\t\t\t\t\t<div class=\"elementor-testimonial__icon elementor-icon elementor-icon-\" aria-label=\"Seguir leyendo\"><\/div>\t\t\t\t<\/div>\n\t\t\t\t\t\t\t\t\t\t<div class=\"elementor-testimonial__content\">\n\t\t\t\t\t<div class=\"elementor-testimonial__text\">\n\t\t\t\t\t\tTres hijos. Un trabajo a jornada completa. No hay tiempo para dietas complicadas. \u00bfPero esto? S\u00f3lo una c\u00e1psula. Cero esfuerzo. 9 kilos menos... y por fin tengo energ\u00eda para jugar con mis hijos despu\u00e9s del trabajo.\t\t\t\t\t<\/div>\n\t\t\t\t<\/div>\n\t\t\t\t\t<\/div>\n\t\t\t\t\t\t\t\t<\/div>\n\t\t\t\t\t\t\t\t\t<\/div>\n\t\t\t\t\t\t\t\t\t\t\t\t\t\t\t<div class=\"elementor-swiper-button elementor-swiper-button-prev\" role=\"button\" tabindex=\"0\" aria-label=\"Anterior\">\n\t\t\t\t\t\t\t<svg aria-hidden=\"true\" class=\"e-font-icon-svg e-eicon-chevron-left\" viewbox=\"0 0 1000 1000\" xmlns=\"http:\/\/www.w3.org\/2000\/svg\"><path d=\"M646 125C629 125 613 133 604 142L308 442C296 454 292 471 292 487 292 504 296 521 308 533L604 854C617 867 629 875 646 875 663 875 679 871 692 858 704 846 713 829 713 812 713 796 708 779 692 767L438 487 692 225C700 217 708 204 708 187 708 171 704 154 692 142 675 129 663 125 646 125Z\"><\/path><\/svg>\t\t\t\t\t\t<\/div>\n\t\t\t\t\t\t<div class=\"elementor-swiper-button elementor-swiper-button-next\" role=\"button\" tabindex=\"0\" aria-label=\"Siguiente\">\n\t\t\t\t\t\t\t<svg aria-hidden=\"true\" class=\"e-font-icon-svg e-eicon-chevron-right\" viewbox=\"0 0 1000 1000\" xmlns=\"http:\/\/www.w3.org\/2000\/svg\"><path d=\"M696 533C708 521 713 504 713 487 713 471 708 454 696 446L400 146C388 133 375 125 354 125 338 125 325 129 313 142 300 154 292 171 292 187 292 204 296 221 308 233L563 492 304 771C292 783 288 800 288 817 288 833 296 850 308 863 321 871 338 875 354 875 371 875 388 867 400 854L696 533Z\"><\/path><\/svg>\t\t\t\t\t\t<\/div>\n\t\t\t\t\t\t\t\t\t\t\t\t\t\t\t\t<div class=\"swiper-pagination\"><\/div>\n\t\t\t\t\t\t\t\t\t\t\t\t<\/div>\n\t\t\t\t\t\t\t\t<\/div>\n\t\t\t\t\t<\/div>\n\t\t\t\t<\/div>\n\t\t\t\t<\/div>","protected":false},"excerpt":{"rendered":"<p data-start=\"0\" data-end=\"334\"><strong>Dieta Trimology<\/strong>\u00a0es un <strong>complemento natural<\/strong> que le ayuda a perder peso gradualmente y a mejorar su metabolismo. Su f\u00f3rmula combina <strong>prebi\u00f3ticos<\/strong>, <strong>probi\u00f3ticos y fibras naturales<\/strong> para favorecer la digesti\u00f3n y regular el apetito. Ideal para quienes buscan un <strong>m\u00e9todo eficaz<\/strong> para mantenerse en forma.<\/p>\n<p data-start=\"62\" data-end=\"106\">\u2705 Ayuda a quemar grasa de forma natural<\/p>\n<p data-start=\"108\" data-end=\"155\">\u2705 Reduce los antojos de az\u00facar y aperitivos.<\/p>\n<p data-start=\"157\" data-end=\"212\">\u2705 Mejora la digesti\u00f3n y proporciona energ\u00eda estable<\/p>\n<p data-start=\"489\" data-end=\"528\" data-is-last-node=\"\" data-is-only-node=\"\">\ud83c\udff7\ufe0f <strong>\u00a1Consigue hasta 65 % de descuento!<\/strong><\/p>","protected":false},"featured_media":89,"template":"","meta":[],"product_brand":[],"product_cat":[19,17],"product_tag":[],"class_list":{"0":"post-86","1":"product","2":"type-product","3":"status-publish","4":"has-post-thumbnail","6":"product_cat-perte-de-poids","7":"product_cat-sante","9":"first","10":"instock","11":"sale","12":"shipping-taxable","13":"product-type-external"},"_links":{"self":[{"href":"https:\/\/alispharmacy.com\/es\/wp-json\/wp\/v2\/product\/86","targetHints":{"allow":["GET"]}}],"collection":[{"href":"https:\/\/alispharmacy.com\/es\/wp-json\/wp\/v2\/product"}],"about":[{"href":"https:\/\/alispharmacy.com\/es\/wp-json\/wp\/v2\/types\/product"}],"version-history":[{"count":22,"href":"https:\/\/alispharmacy.com\/es\/wp-json\/wp\/v2\/product\/86\/revisions"}],"predecessor-version":[{"id":311,"href":"https:\/\/alispharmacy.com\/es\/wp-json\/wp\/v2\/product\/86\/revisions\/311"}],"wp:featuredmedia":[{"embeddable":true,"href":"https:\/\/alispharmacy.com\/es\/wp-json\/wp\/v2\/media\/89"}],"wp:attachment":[{"href":"https:\/\/alispharmacy.com\/es\/wp-json\/wp\/v2\/media?parent=86"}],"wp:term":[{"taxonomy":"product_brand","embeddable":true,"href":"https:\/\/alispharmacy.com\/es\/wp-json\/wp\/v2\/product_brand?post=86"},{"taxonomy":"product_cat","embeddable":true,"href":"https:\/\/alispharmacy.com\/es\/wp-json\/wp\/v2\/product_cat?post=86"},{"taxonomy":"product_tag","embeddable":true,"href":"https:\/\/alispharmacy.com\/es\/wp-json\/wp\/v2\/product_tag?post=86"}],"curies":[{"name":"wp","href":"https:\/\/api.w.org\/{rel}","templated":true}]}}